{"id":6335,"date":"2025-05-27T02:42:36","date_gmt":"2025-05-27T02:42:36","guid":{"rendered":"https:\/\/sinoextrud.com\/product\/aluminum-tube-suppliers\/"},"modified":"2025-06-24T06:10:47","modified_gmt":"2025-06-24T06:10:47","slug":"alumiiniputken-toimittajat","status":"publish","type":"product","link":"https:\/\/sinoextrud.com\/fi\/product\/aluminum-tube-suppliers\/","title":{"rendered":"Alumiiniputken toimittajat"},"content":{"rendered":"<h2>Tuotteiden tiedot<\/h2>\n<table class=\"custom-table\">\n<tr>\n<td class=\"label\">Malli NO.:<\/td>\n<td> alumiiniputken toimittajat suorakulmio\/neli\u00f6<\/td>\n<\/tr>\n<tr>\n<td class=\"label\">Tyyppi:<\/td>\n<td> yleiset putket ja tangot<\/td>\n<\/tr>\n<tr>\n<td class=\"label\">Pintak\u00e4sittely:<\/td>\n<td> jauhemaalaus, jossa on 80-120 micorn firm. Tai r\u00e4\u00e4t\u00e4l\u00f6ity<\/td>\n<\/tr>\n<tr>\n<td class=\"label\">Koko:<\/td>\n<td> 200*200mm, 3.0mm paksuus.<\/td>\n<\/tr>\n<tr>\n<td class=\"label\">Takuu:<\/td>\n<td> 10~20 vuotta sis\u00e4tiloissa<\/td>\n<\/tr>\n<tr>\n<td class=\"label\">Tekniset tiedot:<\/td>\n<td> 5.8m<\/td>\n<\/tr>\n<tr>\n<td class=\"label\">Materiaali:<\/td>\n<td> 6063-T5<\/td>\n<\/tr>\n<tr>\n<td class=\"label\">MOQ:<\/td>\n<td> 2000kg kullekin tuotteelle<\/td>\n<\/tr>\n<tr>\n<td class=\"label\">Markkinat:<\/td>\n<td> vientimarkkinat<\/td>\n<\/tr>\n<tr>\n<td class=\"label\">HS-koodi:<\/td>\n<td> 76042100<\/td>\n<\/tr>\n<tr>\n<td class=\"label\">Muoto:<\/td>\n<td> neli\u00f6n muoto<\/td>\n<\/tr>\n<tr>\n<td class=\"label\">Satama:<\/td>\n<td> Shenzhen, Guangzhou, Foshan<\/td>\n<\/tr>\n<tr>\n<td class=\"label\">Syv\u00e4 prosessi:<\/td>\n<td> suulakepuristus, poraus, hitsaus, r\u00e4\u00e4t\u00e4l\u00f6inti<\/td>\n<\/tr>\n<tr>\n<td class=\"label\">Kuljetuspaketti:<\/td>\n<td> PE-yritys kutakin kappaletta kohti, kaksinkertainen kpl yhdess\u00e4 nipussa.<\/td>\n<\/tr>\n<tr>\n<td class=\"label\">Alkuper\u00e4:<\/td>\n<td> Foshan, Kiina<\/td>\n<\/tr>\n<\/table>\n<h2>Tuotantopohjamme<\/h2>\n<h3>Tehtaan panoraama<\/h3>\n<p><img decoding=\"async\" src=\"\/wp-content\/uploads\/factory-01.webp\"\/><\/p>\n<h3>Alumiini Bar Manufacturing Workshop<\/h3>\n<p><img decoding=\"async\" src=\"\/wp-content\/uploads\/factory-02.webp\"\/><\/p>\n<p><img decoding=\"async\" src=\"\/wp-content\/uploads\/factory-03.webp\"\/><\/p>\n<h3>Muotin varastointi Varasto<\/h3>\n<p><img decoding=\"async\" src=\"\/wp-content\/uploads\/factory-04.webp\"\/><\/p>\n<h3>43 Alumiini ekstruusiolinjat (500\u00e2 5500 tonnia)<\/h3>\n<p><img decoding=\"async\" src=\"\/wp-content\/uploads\/factory-05.webp\"\/><\/p>\n<p><img decoding=\"async\" src=\"\/wp-content\/uploads\/factory-06.webp\"\/><\/p>\n<p><img decoding=\"async\" src=\"\/wp-content\/uploads\/factory-07.webp\"\/><\/p>\n<h3>Jauhemaalaus ty\u00f6paja<\/h3>\n<p><img decoding=\"async\" src=\"\/wp-content\/uploads\/factory-09.webp\"\/><\/p>\n<h3>Anodisointi ty\u00f6paja<\/h3>\n<p><img decoding=\"async\" src=\"\/wp-content\/uploads\/factory-10.webp\"\/><\/p>\n<h3>Syv\u00e4k\u00e4sittelyn ty\u00f6paja<\/h3>\n<p><img decoding=\"async\" src=\"\/wp-content\/uploads\/factory-11.webp\"\/><\/p>\n<h3>CNC-tarkkuuskoneistus ty\u00f6paja<\/h3>\n<p><img decoding=\"async\" src=\"\/wp-content\/uploads\/factory-11.5.webp\"\/><\/p>\n<h3>Valmiiden tuotteiden ja vientivarasto<\/h3>\n<p><img decoding=\"async\" src=\"\/wp-content\/uploads\/factory-12.webp\"\/><\/p>\n<p><img decoding=\"async\" src=\"\/wp-content\/uploads\/factory-13.webp\"\/><\/p>\n<p><img decoding=\"async\" src=\"\/wp-content\/uploads\/factory-14.webp\"\/><\/p>\n<h2>FAQ<\/h2>\n<p><p><b>1.Mit\u00e4 alumiiniputken toimittajat tarjoavat?<\/b><\/p>\n<p>Alumiiniputkien toimittajat tarjoavat laajan valikoiman vakio- ja r\u00e4\u00e4t\u00e4l\u00f6ityj\u00e4 alumiiniputkiratkaisuja, joissa on erilaisia muotoja, kokoja, seoksia ja pintak\u00e4sittelyj\u00e4 teolliseen ja kaupalliseen k\u00e4ytt\u00f6\u00f6n.<br \/>\n<\/p><br \/>\n<br \/>\n<p><b>2.Mitk\u00e4 ovat t\u00e4rkeimm\u00e4t edut ty\u00f6skentelyst\u00e4 ammattimaisten alumiiniputkitoimittajien kanssa?<\/b><\/p>\n<p>Ammattimaiset alumiiniputkitoimittajat tarjoavat tasaista tuotelaatua, kilpailukykyist\u00e4 hinnoittelua, nopeaa toimitusta ja teknist\u00e4 tukea r\u00e4\u00e4t\u00e4l\u00f6ityihin sovellustarpeisiin.<br \/>\n<\/p><br \/>\n<br \/>\n<p><b>3.Miksi valita alumiiniputket erikoistuneelta toimittajalta?<\/b><\/p>\n<p>Erikoistuneet alumiiniputkitoimittajat varmistavat tarkan puristamisen, metalliseoksen valinnan ja viimeistelyvaihtoehdot suorituskyvyn, kest\u00e4vyyden ja suunnitteluvaatimusten t\u00e4ytt\u00e4miseksi.<br \/>\n<\/p><br \/>\n<br \/>\n<p><b>4.Can alumiiniputken toimittajat tarjoavat r\u00e4\u00e4t\u00e4l\u00f6ityj\u00e4 ratkaisuja?<\/b><\/p>\n<p>Kyll\u00e4, luotettavat toimittajat voivat valmistaa r\u00e4\u00e4t\u00e4l\u00f6ityj\u00e4 alumiiniputkia tietyill\u00e4 halkaisijoilla, sein\u00e4m\u00e4npaksuuksilla, pituuksilla ja viimeistelyill\u00e4 ainutlaatuisiin teollisuussovelluksiin.<br \/>\n<\/p><br \/>\n<br \/>\n<p><b>5.Do alumiiniputkien toimittajat tarjoavat anodisoituja tai p\u00e4\u00e4llystettyj\u00e4 viimeistelyj\u00e4?<\/b><\/p>\n<p>Useimmat alumiiniputkitoimittajat tarjoavat anodisointia, jauhemaalausta ja viimeistelyvaihtoehtoja korroosionkest\u00e4vyyden, ulkon\u00e4\u00f6n ja k\u00e4ytt\u00f6i\u00e4n parantamiseksi.<br \/>\n<\/p><br \/>\n<br \/>\n<p><b>6.Ovatko alumiiniputkien toimittajat kykenevi\u00e4 k\u00e4sittelem\u00e4\u00e4n irtotilauksia?<\/b><\/p>\n<p>Kyll\u00e4, luotettavat alumiiniputkitoimittajat ovat varustettuja hallitsemaan laajamittaista tuotantoa ja irtotilauksia OEM-, teollisuus- ja rakennusprojekteja varten.<br \/>\n<\/p><br \/>\n<br \/>\n<p><b>7.How valita oikea alumiiniputken toimittaja?<\/b><\/p>\n<p>Etsi toimittajia, joilla on laatusertifikaatit, laaja tuotevalikoima, r\u00e4\u00e4t\u00e4l\u00f6intivalmiudet, kilpailukykyinen hinnoittelu ja vahva asiakastuki.<br \/>\n<\/p><br \/><\/p>","protected":false},"featured_media":6334,"template":"","categories":[60],"class_list":["post-6335","product","type-product","status-publish","has-post-thumbnail","hentry","category-general-tubes-and-bars"],"meta_box":{"hilight_text_group":{"product_hilight_text":"<li>Reliable supply of high-quality aluminum tubes in various sizes and alloys<\/li>\r\r\n<li>Competitive pricing with stable bulk order fulfillment<\/li>\r\r\n<li>Custom cutting, machining, and surface treatment services available<\/li>\r\r\n<li>Fast lead times and efficient logistics for global delivery<\/li>\r\r\n<li>Technical support and OEM solutions for industrial applications<\/li>","product_chanpin_blog":"<ul>\r\r\n<li><a href=\"https:\/\/sinoextrud.com\/t-slot-v-slot-differences\/\" target=\"_blank\">t slot vs v slot<\/a><\/li>\r\r\n<li><a href=\"https:\/\/sinoextrud.com\/what-is-4040-aluminium-extrud\/\" target=\"_blank\">4040 aluminium extrusion<\/a><\/li>\r\r\n<li><a href=\"https:\/\/sinoextrud.com\/what-is-4040-aluminium-extrud\/\" target=\"_blank\">aluminum extrusions for industrial racks<\/a><\/li>\r\r\n<li><a href=\"https:\/\/sinoextrud.com\/powder-coating-aluminium-process\/\" target=\"_blank\">powder coating aluminium<\/a><\/li>\r\r\n<li><a href=\"https:\/\/sinoextrud.com\/what-is-an-aluminium-strip-ceiling\/\" target=\"_blank\">aluminium strip ceiling<\/a><\/li>\r\r\n<li><a href=\"https:\/\/sinoextrud.com\/what-is-a-heat-sink\/\" target=\"_blank\">what is a heat sink<\/a><\/li>\r\r\n<\/ul>","product_chanpin_chanpin":"<li><a href=\"https:\/\/sinoextrud.com\/product\/square-extruded-aluminum\/\" target=\"_blank\">Square Extruded Aluminum<\/a><\/li>\r\n<li><a href=\"https:\/\/sinoextrud.com\/product\/square-tube-standard-aluminium-sections\/\" target=\"_blank\">Square Tube Standard Aluminium Sections<\/a><\/li>\r\n<li><a href=\"https:\/\/sinoextrud.com\/product\/extruded-aluminum-tubing-shapes\/\" target=\"_blank\">Extruded Aluminum Tubing Shapes<\/a><\/li>\r\n<li><a href=\"https:\/\/sinoextrud.com\/product\/aluminum-triangle-tube-profile\/\" target=\"_blank\">Aluminum Triangle Tube Profile<\/a><\/li>\r\n<li><a href=\"https:\/\/sinoextrud.com\/product\/aluminum-tube-suppliers\/\" target=\"_blank\">Aluminum Tube Suppliers<\/a><\/li>\r\n<li><a href=\"https:\/\/sinoextrud.com\/product\/quarter-round-aluminum-extrusion\/\" target=\"_blank\">Quarter Round Aluminum Extrusion<\/a><\/li>\r\n<li><a href=\"https:\/\/sinoextrud.com\/product\/extruded-aluminum-bar\/\" target=\"_blank\">Extruded Aluminum Bar<\/a><\/li>\r\n<li><a href=\"https:\/\/sinoextrud.com\/product\/aluminium-profile-10x10\/\" target=\"_blank\">Aluminium Profile 10\u00c3\u201410<\/a><\/li>\r\n<li><a href=\"https:\/\/sinoextrud.com\/product\/aluminium-square-tubes\/\" target=\"_blank\">Aluminium Square tubes<\/a><\/li>\r\n<li><a href=\"https:\/\/sinoextrud.com\/product\/aluminum-windows-and-doors-for-nigeria\/\" target=\"_blank\">Aluminum windows And Doors For Nigeria<\/a><\/li>\r\n<li><a href=\"https:\/\/sinoextrud.com\/product\/china-factory-wholesale-6063-aluminum-fence-panels\/\" target=\"_blank\">China Factory Wholesale 6063 Aluminum Fence Panels<\/a><\/li>"},"feature_list":[]},"_links":{"self":[{"href":"https:\/\/sinoextrud.com\/fi\/wp-json\/wp\/v2\/product\/6335","targetHints":{"allow":["GET"]}}],"collection":[{"href":"https:\/\/sinoextrud.com\/fi\/wp-json\/wp\/v2\/product"}],"about":[{"href":"https:\/\/sinoextrud.com\/fi\/wp-json\/wp\/v2\/types\/product"}],"wp:featuredmedia":[{"embeddable":true,"href":"https:\/\/sinoextrud.com\/fi\/wp-json\/wp\/v2\/media\/6334"}],"wp:attachment":[{"href":"https:\/\/sinoextrud.com\/fi\/wp-json\/wp\/v2\/media?parent=6335"}],"wp:term":[{"taxonomy":"category","embeddable":true,"href":"https:\/\/sinoextrud.com\/fi\/wp-json\/wp\/v2\/categories?post=6335"}],"curies":[{"name":"wp","href":"https:\/\/api.w.org\/{rel}","templated":true}]}}