{"id":6320,"date":"2025-05-26T10:00:53","date_gmt":"2025-05-26T10:00:53","guid":{"rendered":"https:\/\/sinoextrud.com\/product\/aluminum-rectangular-extrusion\/"},"modified":"2025-06-24T06:10:42","modified_gmt":"2025-06-24T06:10:42","slug":"suorakaiteen-muotoinen-suulakepuristettu-alumiini","status":"publish","type":"product","link":"https:\/\/sinoextrud.com\/fi\/product\/aluminum-rectangular-extrusion\/","title":{"rendered":"Alumiini suorakulmainen suulakepuristus"},"content":{"rendered":"<h2>Tuotteiden tiedot<\/h2>\n<table class=\"custom-table\">\n<tr>\n<td class=\"label\">Malli NO.:<\/td>\n<td>6061 6063 6082<\/td>\n<\/tr>\n<tr>\n<td class=\"label\">Temperamentti:<\/td>\n<td>T3 - T8<\/td>\n<\/tr>\n<tr>\n<td class=\"label\">Pintak\u00e4sittely:<\/td>\n<td>myllyn viimeistely, r\u00e4\u00e4t\u00e4l\u00f6ity pinnoite saatavilla.<\/td>\n<\/tr>\n<tr>\n<td class=\"label\">Seos:<\/td>\n<td>Metalliseos<\/td>\n<\/tr>\n<tr>\n<td class=\"label\">Tavaramerkki:<\/td>\n<td>OEM<\/td>\n<\/tr>\n<tr>\n<td class=\"label\">Alkuper\u00e4:<\/td>\n<td>Guangdong Kiina<\/td>\n<\/tr>\n<tr>\n<td class=\"label\">Muoto:<\/td>\n<td>neli\u00f6putki<\/td>\n<\/tr>\n<tr>\n<td class=\"label\">Prosessi:<\/td>\n<td>Puristaminen<\/td>\n<\/tr>\n<tr>\n<td class=\"label\">Sovellus:<\/td>\n<td>ilmailu-, ilmailu- ja avaruusteollisuus, autoteollisuus, koneenvalmistus, merenkulku ja kemianteollisuus.<\/td>\n<\/tr>\n<tr>\n<td class=\"label\">Koko:<\/td>\n<td>25*25 mm<\/td>\n<\/tr>\n<tr>\n<td class=\"label\">HS-koodi:<\/td>\n<td>7604299000<\/td>\n<\/tr>\n<tr>\n<td class=\"label\">Sein\u00e4m\u00e4n paksuus:<\/td>\n<td>1,0-1,4 mm. R\u00e4\u00e4t\u00e4l\u00f6ity saatavilla<\/td>\n<\/tr>\n<tr>\n<td class=\"label\">Huomautuksia:<\/td>\n<td>Seoksen, karkaisun tai spesifikaation erityisvaatimuksista voidaan keskustella pyynn\u00f6st\u00e4si.<\/td>\n<\/tr>\n<\/table>\n<h2>Tuotantopohjamme<\/h2>\n<h3>Tehtaan panoraama<\/h3>\n<p><img decoding=\"async\" src=\"\/wp-content\/uploads\/factory-01.webp\"\/><\/p>\n<h3>Alumiini Bar Manufacturing Workshop<\/h3>\n<p><img decoding=\"async\" src=\"\/wp-content\/uploads\/factory-02.webp\"\/><\/p>\n<p><img decoding=\"async\" src=\"\/wp-content\/uploads\/factory-03.webp\"\/><\/p>\n<h3>Muotin varastointi Varasto<\/h3>\n<p><img decoding=\"async\" src=\"\/wp-content\/uploads\/factory-04.webp\"\/><\/p>\n<h3>43 Alumiini ekstruusiolinjat (500\u00e2 5500 tonnia)<\/h3>\n<p><img decoding=\"async\" src=\"\/wp-content\/uploads\/factory-05.webp\"\/><\/p>\n<p><img decoding=\"async\" src=\"\/wp-content\/uploads\/factory-06.webp\"\/><\/p>\n<p><img decoding=\"async\" src=\"\/wp-content\/uploads\/factory-07.webp\"\/><\/p>\n<h3>Jauhemaalaus ty\u00f6paja<\/h3>\n<p><img decoding=\"async\" src=\"\/wp-content\/uploads\/factory-09.webp\"\/><\/p>\n<h3>Anodisointi ty\u00f6paja<\/h3>\n<p><img decoding=\"async\" src=\"\/wp-content\/uploads\/factory-10.webp\"\/><\/p>\n<h3>Syv\u00e4k\u00e4sittelyn ty\u00f6paja<\/h3>\n<p><img decoding=\"async\" src=\"\/wp-content\/uploads\/factory-11.webp\"\/><\/p>\n<h3>CNC-tarkkuuskoneistus ty\u00f6paja<\/h3>\n<p><img decoding=\"async\" src=\"\/wp-content\/uploads\/factory-11.5.webp\"\/><\/p>\n<h3>Valmiiden tuotteiden ja vientivarasto<\/h3>\n<p><img decoding=\"async\" src=\"\/wp-content\/uploads\/factory-12.webp\"\/><\/p>\n<p><img decoding=\"async\" src=\"\/wp-content\/uploads\/factory-13.webp\"\/><\/p>\n<p><img decoding=\"async\" src=\"\/wp-content\/uploads\/factory-14.webp\"\/><\/p>\n<h2>FAQ<\/h2>\n<p><p><b>1.What on alumiini suorakulmainen suulakepuristus k\u00e4ytet\u00e4\u00e4n?<\/b><\/p>\n<p>Suorakulmaista alumiinipuristetta k\u00e4ytet\u00e4\u00e4n yleisesti rakentamisessa, kehystyksess\u00e4, kuljetuksessa ja koneissa sen suuren lujuuden ja rakenteellisen tehokkuuden vuoksi.<br \/>\n<\/p><br \/>\n<br \/>\n<p><b>2.Mitk\u00e4 ovat alumiinin suorakulmaisen suulakepuristimen t\u00e4rkeimm\u00e4t edut?<\/b><\/p>\n<p>Suorakulmainen alumiinipursotus tarjoaa erinomaisen lujuus-painosuhteen, korroosionkest\u00e4vyyden ja mittatarkkuuden monipuolisiin teollisiin sovelluksiin.<br \/>\n<\/p><br \/>\n<br \/>\n<p><b>3.Miksi valita suorakulmaiset alumiiniprofiilit ter\u00e4ksen sijaan?<\/b><\/p>\n<p>Suorakulmaiset alumiiniprofiilit ovat kevyempi\u00e4, korroosionkest\u00e4v\u00e4mpi\u00e4 ja helpommin ty\u00f6stett\u00e4vi\u00e4 kuin ter\u00e4s, mik\u00e4 alentaa asennus- ja yll\u00e4pitokustannuksia.<br \/>\n<\/p><br \/>\n<br \/>\n<p><b>4.Can alumiini suorakulmainen puristekappaleet voidaan r\u00e4\u00e4t\u00e4l\u00f6id\u00e4?<\/b><\/p>\n<p>Kyll\u00e4, suorakaiteen muotoiset alumiiniprofiilit voidaan r\u00e4\u00e4t\u00e4l\u00f6id\u00e4 leveyden, korkeuden, sein\u00e4m\u00e4n paksuuden ja pintak\u00e4sittelyn suhteen projektin erityistarpeiden mukaan.<br \/>\n<\/p><br \/>\n<br \/>\n<p><b>5.Mit\u00e4 pintak\u00e4sittelyj\u00e4 on saatavana suorakaiteen muotoisille alumiiniprofiileille?<\/b><\/p>\n<p>Saatavilla oleviin pintak\u00e4sittelyihin kuuluvat anodisointi, jauhemaalaus ja jyrsint\u00e4k\u00e4sittely, jotka parantavat kest\u00e4vyytt\u00e4, korroosiosuojaa ja visuaalista houkuttelevuutta.<br \/>\n<\/p><br \/>\n<br \/>\n<p><b>6.Soveltuvatko suorakaiteen muotoiset alumiiniprofiilit ulkok\u00e4ytt\u00f6\u00f6n?<\/b><\/p>\n<p>Kyll\u00e4, anodisoidut tai pinnoitetut alumiiniset suorakulmaiset profiilit kest\u00e4v\u00e4t pitk\u00e4\u00e4n s\u00e4\u00e4t\u00e4, UV-s\u00e4teit\u00e4 ja ymp\u00e4rist\u00f6olosuhteita.<br \/>\n<\/p><br \/>\n<br \/>\n<p><b>7.Miten alumiiniset suorakaiteen muotoiset profiilit tukevat kest\u00e4v\u00e4\u00e4 suunnittelua?<\/b><\/p>\n<p>Alumiini on t\u00e4ysin kierr\u00e4tett\u00e4v\u00e4\u00e4 ja kevytt\u00e4, joten suorakaiteen muotoiset profiilit ovat ymp\u00e4rist\u00f6yst\u00e4v\u00e4llinen ratkaisu energiatehokkaisiin ja ymp\u00e4rist\u00f6tietoisiin hankkeisiin.<br \/>\n<\/p><br \/><\/p>","protected":false},"featured_media":6319,"template":"","categories":[60],"class_list":["post-6320","product","type-product","status-publish","has-post-thumbnail","hentry","category-general-tubes-and-bars"],"meta_box":{"hilight_text_group":{"product_hilight_text":"<li>Rectangular shape offers high strength and structural stability<\/li>\r\r\n<li>Precision-extruded for consistent dimensions and quality<\/li>\r\r\n<li>Corrosion-resistant aluminum ideal for indoor and outdoor use<\/li>\r\r\n<li>Custom sizes, lengths, and finishes available<\/li>\r\r\n<li>Suitable for construction, framing, and industrial fabrication<\/li>","product_chanpin_chanpin":"<li><a href=\"https:\/\/sinoextrud.com\/product\/aluminium-extrusion-channel-profiles\/\" target=\"_blank\">Aluminium Extrusion Channel Profiles<\/a><\/li>\r\n<li><a href=\"https:\/\/sinoextrud.com\/product\/round-aluminum-extrusion-profiles\/\" target=\"_blank\">Round Aluminum Extrusion Profiles<\/a><\/li>\r\n<li><a href=\"https:\/\/sinoextrud.com\/product\/extruded-aluminum-stock-shapes\/\" target=\"_blank\">Extruded Aluminum Stock Shapes<\/a><\/li>\r\n<li><a href=\"https:\/\/sinoextrud.com\/product\/aluminium-tube-profiles\/\" target=\"_blank\">Aluminium Tube Profiles<\/a><\/li>\r\n<li><a href=\"https:\/\/sinoextrud.com\/product\/aluminum-rectangular-extrusion\/\" target=\"_blank\">Aluminum Rectangular Extrusion<\/a><\/li>\r\n<li><a href=\"https:\/\/sinoextrud.com\/product\/aluminum-channel\/\" target=\"_blank\">Aluminum Channel<\/a><\/li>\r\n<li><a href=\"https:\/\/sinoextrud.com\/product\/square-extruded-aluminum\/\" target=\"_blank\">Square Extruded Aluminum<\/a><\/li>\r\n<li><a href=\"https:\/\/sinoextrud.com\/product\/square-tube-standard-aluminium-sections\/\" target=\"_blank\">Square Tube Standard Aluminium Sections<\/a><\/li>\r\n<li><a href=\"https:\/\/sinoextrud.com\/product\/extruded-aluminum-tubing-shapes\/\" target=\"_blank\">Extruded Aluminum Tubing Shapes<\/a><\/li>\r\n<li><a href=\"https:\/\/sinoextrud.com\/product\/aluminum-extrusion-hard-anodizing-aluminum-profiles\/\" target=\"_blank\">Aluminum Extrusion Hard Anodizing Aluminum Profiles<\/a><\/li>\r\n<li><a href=\"https:\/\/sinoextrud.com\/product\/aluminum-angle-channel-bright-polished-mirror\/\" target=\"_blank\">Aluminum Angle Channel Bright Polished Mirror<\/a><\/li>"},"feature_list":[]},"_links":{"self":[{"href":"https:\/\/sinoextrud.com\/fi\/wp-json\/wp\/v2\/product\/6320","targetHints":{"allow":["GET"]}}],"collection":[{"href":"https:\/\/sinoextrud.com\/fi\/wp-json\/wp\/v2\/product"}],"about":[{"href":"https:\/\/sinoextrud.com\/fi\/wp-json\/wp\/v2\/types\/product"}],"wp:featuredmedia":[{"embeddable":true,"href":"https:\/\/sinoextrud.com\/fi\/wp-json\/wp\/v2\/media\/6319"}],"wp:attachment":[{"href":"https:\/\/sinoextrud.com\/fi\/wp-json\/wp\/v2\/media?parent=6320"}],"wp:term":[{"taxonomy":"category","embeddable":true,"href":"https:\/\/sinoextrud.com\/fi\/wp-json\/wp\/v2\/categories?post=6320"}],"curies":[{"name":"wp","href":"https:\/\/api.w.org\/{rel}","templated":true}]}}