{"id":6314,"date":"2025-05-26T09:53:04","date_gmt":"2025-05-26T09:53:04","guid":{"rendered":"https:\/\/sinoextrud.com\/product\/round-aluminum-extrusion-profiles\/"},"modified":"2025-06-24T06:10:42","modified_gmt":"2025-06-24T06:10:42","slug":"pyoreat-alumiiniprofiilit","status":"publish","type":"product","link":"https:\/\/sinoextrud.com\/fi\/product\/round-aluminum-extrusion-profiles\/","title":{"rendered":"Py\u00f6re\u00e4 alumiini suulakepuristus profiilit"},"content":{"rendered":"<h2>Tuotteiden tiedot<\/h2>\n<table class=\"custom-table\">\n<tr>\n<td class=\"label\">Kohde<\/td>\n<td>Suulakepuristettu alumiiniputki, suulakepuristettu alumiiniputki, suulakepuristettu alumiinipy\u00f6r\u00e4putki,suulakepuristettu alumiinipy\u00f6r\u00e4putki<\/td>\n<\/tr>\n<tr>\n<td class=\"label\">Materiaali<\/td>\n<td>6000-sarjan alumiini (6063, 6061, 6463, 6082).<\/td>\n<\/tr>\n<tr>\n<td class=\"label\">Temper<\/td>\n<td>T5-T8<\/td>\n<\/tr>\n<tr>\n<td class=\"label\">Koko \/ paksuus<\/td>\n<td>Yleiset profiilit paksuus 0,8-5,0 mm tai r\u00e4\u00e4t\u00e4l\u00f6ityj\u00e4, pituus 3m-6m tai r\u00e4\u00e4t\u00e4l\u00f6ityj\u00e4 saatavilla; Anodisoida suojakalvon paksuus 8 ~ 20 um, jauhemaalaus 40 ~ 120 um.<\/td>\n<\/tr>\n<tr>\n<td class=\"label\">Muoto<\/td>\n<td>neli\u00f6, py\u00f6re\u00e4, suorakulmainen, kolmio jne. tai r\u00e4\u00e4t\u00e4l\u00f6ityj\u00e4<\/td>\n<\/tr>\n<tr>\n<td class=\"label\">Hakemus<\/td>\n<td>Huonekaluissa, ikkunoissa ja ovissa, sisustuksessa, teollisuudessa, rakentamisessa jne.<\/td>\n<\/tr>\n<tr>\n<td class=\"label\">Pintak\u00e4sittely<\/td>\n<td>jauhemaalaus, PVDF, anodisoitu, puukuvio, elektroforeesi, harjattu, kiillotus jne.<\/td>\n<\/tr>\n<tr>\n<td class=\"label\">V\u00e4rit<\/td>\n<td>Ref jauhemaalaus v\u00e4ri arkki ja r\u00e4\u00e4t\u00e4l\u00f6ity v\u00e4ri saatavilla<\/td>\n<\/tr>\n<tr>\n<td class=\"label\">Syv\u00e4 prosessi<\/td>\n<td>CNC, poraus, jyrsint\u00e4, leikkaus, hitsaus, taivutus, kokoonpano<\/td>\n<\/tr>\n<tr>\n<td class=\"label\">MOQ<\/td>\n<td>200 kg kutakin tuotetta kohti<\/td>\n<\/tr>\n<tr>\n<td class=\"label\">Pakkaustiedot<\/td>\n<td>(1) Sis\u00e4ll\u00e4: pakattu muoviseen suojakalvoon tai muoviseen suojapussiin.<br \/>(2) Ulkopuolella: Vedenpit\u00e4v\u00e4 k\u00e4sity\u00f6paperi<\/td>\n<\/tr>\n<tr>\n<td class=\"label\">Toimitusaika<\/td>\n<td>(1) Muottien kehitt\u00e4minen ja n\u00e4ytteiden testaus: 10-15 p\u00e4iv\u00e4\u00e4<br \/>(2) Massatuotanto valmis: 20-30 p\u00e4iv\u00e4\u00e4 sen j\u00e4lkeen, kun ostaja on vahvistanut n\u00e4ytteen<\/td>\n<\/tr>\n<tr>\n<td class=\"label\">FOB-satama<\/td>\n<td>Guangzhou, Foshan, Shenzhen<\/td>\n<\/tr>\n<tr>\n<td class=\"label\">maksuehdot<\/td>\n<td>T \/ T, 30% ennakkomaksu ja saldo on maksettava ennen l\u00e4hetyst\u00e4.<\/td>\n<\/tr>\n<tr>\n<td class=\"label\">selvitysk\u00e4site<\/td>\n<td>Maksu lopullisen todellisen painon tai teoreettisen painon mukaan.<\/td>\n<\/tr>\n<tr>\n<td class=\"label\">tuotantokapasiteetti<\/td>\n<td>2400-3000 metrist\u00e4 tonnia kuukaudessa<\/td>\n<\/tr>\n<tr>\n<td class=\"label\">K\u00e4sittely<\/td>\n<td>Kysely - N\u00e4yte tai CAD-piirustus (asiakkaiden toimittama) - CAD-piirustus (yrityksemme) - Piirustuksen vahvistus - Muotin valmistus - N\u00e4ytteen mukauttaminen - Massatuotanto - Tarkastus<\/td>\n<td>Toimitus<\/td>\n<\/tr>\n<tr>\n<td class=\"label\">Sertifiointi saatavilla:<\/td>\n<td>ISO: 9001, SONCAP, BV-sertifikaatti tai asiakkaiden sertifikaatti saatavilla<\/td>\n<\/tr>\n<tr>\n<td class=\"label\">Takuu<\/td>\n<td>Pinnan v\u00e4ri voi olla vakaa 10 ~ 20 vuotta sis\u00e4k\u00e4yt\u00f6ss\u00e4<\/td>\n<\/tr>\n<\/table>\n<h2>Tuotantopohjamme<\/h2>\n<h3>Tehtaan panoraama<\/h3>\n<p><img decoding=\"async\" src=\"\/wp-content\/uploads\/factory-01.webp\"\/><\/p>\n<h3>Alumiini Bar Manufacturing Workshop<\/h3>\n<p><img decoding=\"async\" src=\"\/wp-content\/uploads\/factory-02.webp\"\/><\/p>\n<p><img decoding=\"async\" src=\"\/wp-content\/uploads\/factory-03.webp\"\/><\/p>\n<h3>Muotin varastointi Varasto<\/h3>\n<p><img decoding=\"async\" src=\"\/wp-content\/uploads\/factory-04.webp\"\/><\/p>\n<h3>43 Alumiini ekstruusiolinjat (500\u00e2 5500 tonnia)<\/h3>\n<p><img decoding=\"async\" src=\"\/wp-content\/uploads\/factory-05.webp\"\/><\/p>\n<p><img decoding=\"async\" src=\"\/wp-content\/uploads\/factory-06.webp\"\/><\/p>\n<p><img decoding=\"async\" src=\"\/wp-content\/uploads\/factory-07.webp\"\/><\/p>\n<h3>Jauhemaalaus ty\u00f6paja<\/h3>\n<p><img decoding=\"async\" src=\"\/wp-content\/uploads\/factory-09.webp\"\/><\/p>\n<h3>Anodisointi ty\u00f6paja<\/h3>\n<p><img decoding=\"async\" src=\"\/wp-content\/uploads\/factory-10.webp\"\/><\/p>\n<h3>Syv\u00e4k\u00e4sittelyn ty\u00f6paja<\/h3>\n<p><img decoding=\"async\" src=\"\/wp-content\/uploads\/factory-11.webp\"\/><\/p>\n<h3>CNC-tarkkuuskoneistus ty\u00f6paja<\/h3>\n<p><img decoding=\"async\" src=\"\/wp-content\/uploads\/factory-11.5.webp\"\/><\/p>\n<h3>Valmiiden tuotteiden ja vientivarasto<\/h3>\n<p><img decoding=\"async\" src=\"\/wp-content\/uploads\/factory-12.webp\"\/><\/p>\n<p><img decoding=\"async\" src=\"\/wp-content\/uploads\/factory-13.webp\"\/><\/p>\n<p><img decoding=\"async\" src=\"\/wp-content\/uploads\/factory-14.webp\"\/><\/p>\n<h2>FAQ<\/h2>\n<p><p><b>1.Mit\u00e4 py\u00f6reit\u00e4 alumiiniprofiileja k\u00e4ytet\u00e4\u00e4n?<\/b><\/p>\n<p>Py\u00f6reit\u00e4 suulakepuristettuja alumiiniprofiileja k\u00e4ytet\u00e4\u00e4n yleisesti rakenteellisissa kehyksiss\u00e4, autoteollisuuden komponenteissa, n\u00e4ytt\u00f6j\u00e4rjestelmiss\u00e4 ja arkkitehtonisissa sovelluksissa niiden lujuuden ja esteettisyyden vuoksi.<br \/>\n<\/p><br \/>\n<br \/>\n<p><b>2.Mitk\u00e4 ovat py\u00f6reiden alumiiniprofiilien t\u00e4rkeimm\u00e4t edut?<\/b><\/p>\n<p>Py\u00f6re\u00e4t suulakepuristetut alumiiniprofiilit tarjoavat kevyen lujuuden, erinomaisen korroosionkest\u00e4vyyden ja yhten\u00e4isen muodon sek\u00e4 toiminnallisiin ett\u00e4 koristeellisiin tarkoituksiin.<br \/>\n<\/p><br \/>\n<br \/>\n<p><b>3.Miksi valita py\u00f6re\u00e4t alumiiniprofiilit muiden muotojen sijaan?<\/b><\/p>\n<p>Py\u00f6re\u00e4t alumiiniprofiilit tarjoavat sile\u00e4t kaaret, paremman aerodynamiikan ja tasaisen j\u00e4nnityksen jakautumisen, joten ne ovat ihanteellisia suunnittelu- ja muotoilusovelluksiin.<br \/>\n<\/p><br \/>\n<br \/>\n<p><b>4.Can py\u00f6re\u00e4 alumiini suulakepuristus profiilit voidaan r\u00e4\u00e4t\u00e4l\u00f6id\u00e4?<\/b><\/p>\n<p>Kyll\u00e4, py\u00f6reit\u00e4 alumiiniprofiileja voidaan r\u00e4\u00e4t\u00e4l\u00f6id\u00e4 halkaisijaltaan, sein\u00e4m\u00e4n paksuudeltaan, seostyypilt\u00e4\u00e4n ja pintak\u00e4sittelylt\u00e4\u00e4n projektin erityisvaatimusten mukaisesti.<br \/>\n<\/p><br \/>\n<br \/>\n<p><b>5.Mit\u00e4 pintak\u00e4sittelyj\u00e4 on saatavana py\u00f6reille alumiiniprofiileille?<\/b><\/p>\n<p>Saatavilla olevat viimeistelyt ovat anodisointi, jauhemaalaus ja jyrsint\u00e4k\u00e4sittely, jotka parantavat korroosionkest\u00e4vyytt\u00e4, kest\u00e4vyytt\u00e4 ja visuaalista laatua.<br \/>\n<\/p><br \/>\n<br \/>\n<p><b>6.Ovatko py\u00f6re\u00e4t alumiiniprofiilit sopivia ulkotiloihin?<\/b><\/p>\n<p>Kyll\u00e4, anodisoidut tai jauhemaalatut pinnat, py\u00f6re\u00e4t alumiiniprofiilit kest\u00e4v\u00e4t hyvin s\u00e4\u00e4t\u00e4, UV-altistusta ja korroosiota.<br \/>\n<\/p><br \/><\/p>","protected":false},"featured_media":6313,"template":"","categories":[60],"class_list":["post-6314","product","type-product","status-publish","has-post-thumbnail","hentry","category-general-tubes-and-bars"],"meta_box":{"hilight_text_group":{"product_hilight_text":"<li>High-precision round profiles suitable for mechanical and structural use<\/li>\r\r\n<li>Made from quality aluminum alloy for strength and corrosion resistance<\/li>\r\r\n<li>Lightweight design reduces transportation and installation costs<\/li>\r\r\n<li>Available in multiple diameters and wall thicknesses<\/li>\r\r\n<li>Supports anodizing, powder coating, and custom surface finishes<\/li>","product_chanpin_chanpin":"<li><a href=\"https:\/\/sinoextrud.com\/product\/large-diameter-aluminum-pipe-for-sale\/\" target=\"_blank\">Large Diameter Aluminum Pipe For Sale<\/a><\/li>\r\n<li><a href=\"https:\/\/sinoextrud.com\/product\/aluminum-oval-tubing-with-competitive-price\/\" target=\"_blank\">Aluminum Oval Tubing With Competitive Price<\/a><\/li>\r\n<li><a href=\"https:\/\/sinoextrud.com\/product\/anodized-aluminum-alloy-pipe-supplier\/\" target=\"_blank\">Anodized Aluminum Alloy Pipe Supplier<\/a><\/li>\r\n<li><a href=\"https:\/\/sinoextrud.com\/product\/aluminium-extrusion-channel-profiles\/\" target=\"_blank\">Aluminium Extrusion Channel Profiles<\/a><\/li>\r\n<li><a href=\"https:\/\/sinoextrud.com\/product\/round-aluminum-extrusion-profiles\/\" target=\"_blank\">Round Aluminum Extrusion Profiles<\/a><\/li>\r\n<li><a href=\"https:\/\/sinoextrud.com\/product\/extruded-aluminum-stock-shapes\/\" target=\"_blank\">Extruded Aluminum Stock Shapes<\/a><\/li>\r\n<li><a href=\"https:\/\/sinoextrud.com\/product\/aluminium-tube-profiles\/\" target=\"_blank\">Aluminium Tube Profiles<\/a><\/li>\r\n<li><a href=\"https:\/\/sinoextrud.com\/product\/aluminum-rectangular-extrusion\/\" target=\"_blank\">Aluminum Rectangular Extrusion<\/a><\/li>\r\n<li><a href=\"https:\/\/sinoextrud.com\/product\/aluminum-channel\/\" target=\"_blank\">Aluminum Channel<\/a><\/li>\r\n<li><a href=\"https:\/\/sinoextrud.com\/product\/extruded-aluminium-square-tube\/\" target=\"_blank\">Extruded Aluminium Square Tube<\/a><\/li>\r\n<li><a href=\"https:\/\/sinoextrud.com\/product\/aluminium-extrusion-3003-6082-7003-7075-aluminum-profile\/\" target=\"_blank\">Aluminium Extrusion 3003 6082 7003 7075 Aluminum Profile<\/a><\/li>"},"feature_list":[]},"_links":{"self":[{"href":"https:\/\/sinoextrud.com\/fi\/wp-json\/wp\/v2\/product\/6314","targetHints":{"allow":["GET"]}}],"collection":[{"href":"https:\/\/sinoextrud.com\/fi\/wp-json\/wp\/v2\/product"}],"about":[{"href":"https:\/\/sinoextrud.com\/fi\/wp-json\/wp\/v2\/types\/product"}],"wp:featuredmedia":[{"embeddable":true,"href":"https:\/\/sinoextrud.com\/fi\/wp-json\/wp\/v2\/media\/6313"}],"wp:attachment":[{"href":"https:\/\/sinoextrud.com\/fi\/wp-json\/wp\/v2\/media?parent=6314"}],"wp:term":[{"taxonomy":"category","embeddable":true,"href":"https:\/\/sinoextrud.com\/fi\/wp-json\/wp\/v2\/categories?post=6314"}],"curies":[{"name":"wp","href":"https:\/\/api.w.org\/{rel}","templated":true}]}}