{"id":6312,"date":"2025-05-26T09:45:24","date_gmt":"2025-05-26T09:45:24","guid":{"rendered":"https:\/\/sinoextrud.com\/product\/aluminium-extrusion-channel-profiles\/"},"modified":"2025-06-24T06:10:42","modified_gmt":"2025-06-24T06:10:42","slug":"alumiinin-suulakepuristetut-kanavaprofiilit","status":"publish","type":"product","link":"https:\/\/sinoextrud.com\/fi\/product\/aluminium-extrusion-channel-profiles\/","title":{"rendered":"Alumiiniset suulakepuristekanavaprofiilit"},"content":{"rendered":"<h2>Tuotteiden tiedot<\/h2>\n<table class=\"custom-table\">\n<tr>\n<td class=\"label\">Kohde:<\/td>\n<td>Alumiiniset suulakepuristekanavaprofiilit<\/td>\n<\/tr>\n<tr>\n<td class=\"label\">Seos:<\/td>\n<td>6063\/6061\/661\/6005\/6060\\ (Erikoisseokset voidaan valmistaa vaatimustesi mukaan.)<\/td>\n<\/tr>\n<tr>\n<td class=\"label\">Temperamentti:<\/td>\n<td>T5-T8<\/td>\n<\/tr>\n<tr>\n<td class=\"label\">Standardi:<\/td>\n<td>Kiina GB korkean tarkkuuden standardi.<\/td>\n<\/tr>\n<tr>\n<td class=\"label\">Paksuus:<\/td>\n<td>Vaatimustesi perusteella.<\/td>\n<\/tr>\n<tr>\n<td class=\"label\">Pituus:<\/td>\n<td>5,8 m soveltuu lastaukseen ja toimitukseen. Ja voimme tuottaa mink\u00e4 tahansa pituuden haluat.<\/td>\n<\/tr>\n<tr>\n<td class=\"label\">MOQ:<\/td>\n<td>Yleens\u00e4 10~12 tonnia 1*20GP:lle ja 20~23 tonnia 1*40HQ:lle.<\/td>\n<\/tr>\n<tr>\n<td class=\"label\">Pintak\u00e4sittely:<\/td>\n<td>Jyrsint\u00e4k\u00e4sittely, anodisointi, jauhemaalaus, puunsuikaleet, kiillotus, harjaus, elektroforeesi.<\/td>\n<\/tr>\n<tr>\n<td class=\"label\">Color We Can Do:<\/td>\n<td>Hopea, musta, valkoinen, pronssi, samppanja, vihre\u00e4, harmaa, kullankeltainen, nikkeli tai r\u00e4\u00e4t\u00e4l\u00f6ity.<\/td>\n<\/tr>\n<tr>\n<td class=\"label\">Kalvon paksuus:<\/td>\n<td>Anodisoitu: R\u00e4\u00e4t\u00e4l\u00f6ity. Normaali paksuus: \u22658 um.<\/td>\n<\/tr>\n<tr>\n<td class=\"label\">Jauhemaalaus:<\/td>\n<td>R\u00e4\u00e4t\u00e4l\u00f6ity. Normaali paksuus: 40-120 um.<br \/>Elektroforeesikompleksikalvo: Normaali paksuus: 16 um.<br \/>Puuv\u00e4ri: R\u00e4\u00e4t\u00e4l\u00f6ity. Normaali paksuus: 60-120 um.<\/td>\n<\/tr>\n<tr>\n<td class=\"label\">Puujyv\u00e4 Materiaali:<\/td>\n<td>a). Maahantuotu italialainen MENPHIS-siirtopainopaperi.<br \/>b). Korkealaatuinen Kiinan siirtopainopaperin tuotemerkki.<br \/>c). Eri hinnat.<\/td>\n<\/tr>\n<tr>\n<td class=\"label\">Kemiallinen koostumus ja suorituskyky:<\/td>\n<td>T\u00e4yt\u00e4nt\u00f6\u00f6npano ja t\u00e4ytt\u00e4v\u00e4t Kiinan GB korkean tarkkuuden tason.<\/td>\n<\/tr>\n<tr>\n<td class=\"label\">Koneistus:<\/td>\n<td>Leikkaus, l\u00e4vistys, poraus, taivutus, hitsaus, mylly, CNC jne.<\/td>\n<\/tr>\n<tr>\n<td class=\"label\">Pakkaus:<\/td>\n<td>1. Muovikalvo ja voimapaperi.<br \/>2. Kunkin profiilikappaleen suojakalvo on tarvittaessa my\u00f6s ok.<br \/>3.catons, puukehys tai kuormalava tarpeen mukaan<\/td>\n<\/tr>\n<\/table>\n<h2>Tuotantopohjamme<\/h2>\n<h3>Tehtaan panoraama<\/h3>\n<p><img decoding=\"async\" src=\"\/wp-content\/uploads\/factory-01.webp\"\/><\/p>\n<h3>Alumiini Bar Manufacturing Workshop<\/h3>\n<p><img decoding=\"async\" src=\"\/wp-content\/uploads\/factory-02.webp\"\/><\/p>\n<p><img decoding=\"async\" src=\"\/wp-content\/uploads\/factory-03.webp\"\/><\/p>\n<h3>Muotin varastointi Varasto<\/h3>\n<p><img decoding=\"async\" src=\"\/wp-content\/uploads\/factory-04.webp\"\/><\/p>\n<h3>43 alumiinin ekstruusiolinjat (500-5500 tonnia)<\/h3>\n<p><img decoding=\"async\" src=\"\/wp-content\/uploads\/factory-05.webp\"\/><\/p>\n<p><img decoding=\"async\" src=\"\/wp-content\/uploads\/factory-06.webp\"\/><\/p>\n<p><img decoding=\"async\" src=\"\/wp-content\/uploads\/factory-07.webp\"\/><\/p>\n<h3>Jauhemaalaus ty\u00f6paja<\/h3>\n<p><img decoding=\"async\" src=\"\/wp-content\/uploads\/factory-09.webp\"\/><\/p>\n<h3>Anodisointi ty\u00f6paja<\/h3>\n<p><img decoding=\"async\" src=\"\/wp-content\/uploads\/factory-10.webp\"\/><\/p>\n<h3>Syv\u00e4k\u00e4sittelyn ty\u00f6paja<\/h3>\n<p><img decoding=\"async\" src=\"\/wp-content\/uploads\/factory-11.webp\"\/><\/p>\n<h3>CNC-tarkkuuskoneistus ty\u00f6paja<\/h3>\n<p><img decoding=\"async\" src=\"\/wp-content\/uploads\/factory-11.5.webp\"\/><\/p>\n<h3>Valmiiden tuotteiden ja vientivarasto<\/h3>\n<p><img decoding=\"async\" src=\"\/wp-content\/uploads\/factory-12.webp\"\/><\/p>\n<p><img decoding=\"async\" src=\"\/wp-content\/uploads\/factory-13.webp\"\/><\/p>\n<p><img decoding=\"async\" src=\"\/wp-content\/uploads\/factory-14.webp\"\/><\/p>\n<h2>FAQ<\/h2>\n<p><p><b>1.Mihin alumiinisia suulakepuristettuja kanavaprofiileja k\u00e4ytet\u00e4\u00e4n?<\/b><\/p>\n<p>Alumiinipuristekanavaprofiileja k\u00e4ytet\u00e4\u00e4n laajalti rakentamisessa, kehystyksess\u00e4, LED-koteloissa ja arkkitehtuurisovelluksissa niiden lujuuden ja monipuolisuuden ansiosta.<br \/>\n<\/p><br \/>\n<br \/>\n<p><b>2.Mitk\u00e4 ovat alumiinipuristekanavaprofiilien t\u00e4rkeimm\u00e4t edut?<\/b><\/p>\n<p>Alumiinikanavaprofiilit ovat kevyit\u00e4, kest\u00e4vi\u00e4, korroosionkest\u00e4vi\u00e4 ja helposti asennettavia, joten ne soveltuvat erinomaisesti rakenteellisiin ja koristeellisiin k\u00e4ytt\u00f6tarkoituksiin.<br \/>\n<\/p><br \/>\n<br \/>\n<p><b>3.Miksi valita kanavaprofiileihin alumiinipursotus muiden materiaalien sijaan?<\/b><\/p>\n<p>Alumiinipuristus tarjoaa tasaisen muodon, korkean lujuus-painosuhteen ja erinomaisen ty\u00f6stett\u00e4vyyden verrattuna ter\u00e4s- tai muovivaihtoehtoihin.<br \/>\n<\/p><br \/>\n<br \/>\n<p><b>4.Can alumiini suulakepuristus kanavaprofiilit voidaan r\u00e4\u00e4t\u00e4l\u00f6id\u00e4?<\/b><\/p>\n<p>Kyll\u00e4, alumiinikanavaprofiilit voidaan r\u00e4\u00e4t\u00e4l\u00f6id\u00e4 leveyden, syvyyden, sein\u00e4m\u00e4n paksuuden ja pintak\u00e4sittelyn osalta vastaamaan projektin erityisvaatimuksia.<br \/>\n<\/p><br \/>\n<br \/>\n<p><b>5.Mit\u00e4 pintak\u00e4sittelyj\u00e4 alumiinikanavaprofiileihin on saatavana?<\/b><\/p>\n<p>Yleisi\u00e4 pintak\u00e4sittelyj\u00e4 ovat anodisointi, jauhemaalaus ja jyrsint\u00e4k\u00e4sittely, jotka parantavat ulkon\u00e4k\u00f6\u00e4, korroosiosuojaa ja kulutuskest\u00e4vyytt\u00e4.<br \/>\n<\/p><br \/>\n<br \/>\n<p><b>6.Soveltuvatko alumiiniset kanavaprofiilit ulkok\u00e4ytt\u00f6\u00f6n?<\/b><\/p>\n<p>Kyll\u00e4, anodisoidut tai pinnoitetut alumiiniprofiilit tarjoavat erinomaisen s\u00e4\u00e4n- ja UV-kest\u00e4vyyden ulkok\u00e4ytt\u00f6\u00f6n.<br \/>\n<\/p><br \/>\n<br \/>\n<p><b>7.Miten alumiinikanavaprofiilit tukevat nykyaikaista suunnittelua ja rakentamista?<\/b><\/p>\n<p>Alumiiniset suulakepuristekanavat tarjoavat tyylikk\u00e4it\u00e4 linjoja, rakenteellista tukea ja joustavia suunnitteluvaihtoehtoja, joten ne soveltuvat erinomaisesti sek\u00e4 toiminnallisiin ett\u00e4 esteettisiin rakennusosiin.<br \/>\n<\/p><br \/><\/p>","protected":false},"featured_media":6311,"template":"","categories":[60],"class_list":["post-6312","product","type-product","status-publish","has-post-thumbnail","hentry","category-general-tubes-and-bars"],"meta_box":{"hilight_text_group":{"product_hilight_text":"<li>Precision-extruded for consistent dimensions and structural integrity<\/li>\r\r\n<li>Available in a wide range of sizes and channel types<\/li>\r\r\n<li>Lightweight, durable, and easy to machine or fabricate<\/li>\r\r\n<li>Surface options include anodizing, powder coating, and mill finish<\/li>\r\r\n<li>Ideal for construction, framing, and industrial assembly applications<\/li>","product_chanpin_chanpin":"<li><a href=\"https:\/\/sinoextrud.com\/product\/extruded-aluminum-pipe\/\" target=\"_blank\">Extruded Aluminum Pipe<\/a><\/li>\r\n<li><a href=\"https:\/\/sinoextrud.com\/product\/large-diameter-aluminum-pipe-for-sale\/\" target=\"_blank\">Large Diameter Aluminum Pipe For Sale<\/a><\/li>\r\n<li><a href=\"https:\/\/sinoextrud.com\/product\/aluminum-oval-tubing-with-competitive-price\/\" target=\"_blank\">Aluminum Oval Tubing With Competitive Price<\/a><\/li>\r\n<li><a href=\"https:\/\/sinoextrud.com\/product\/anodized-aluminum-alloy-pipe-supplier\/\" target=\"_blank\">Anodized Aluminum Alloy Pipe Supplier<\/a><\/li>\r\n<li><a href=\"https:\/\/sinoextrud.com\/product\/aluminium-extrusion-channel-profiles\/\" target=\"_blank\">Aluminium Extrusion Channel Profiles<\/a><\/li>\r\n<li><a href=\"https:\/\/sinoextrud.com\/product\/round-aluminum-extrusion-profiles\/\" target=\"_blank\">Round Aluminum Extrusion Profiles<\/a><\/li>\r\n<li><a href=\"https:\/\/sinoextrud.com\/product\/extruded-aluminum-stock-shapes\/\" target=\"_blank\">Extruded Aluminum Stock Shapes<\/a><\/li>\r\n<li><a href=\"https:\/\/sinoextrud.com\/product\/aluminium-tube-profiles\/\" target=\"_blank\">Aluminium Tube Profiles<\/a><\/li>\r\n<li><a href=\"https:\/\/sinoextrud.com\/product\/aluminum-rectangular-extrusion\/\" target=\"_blank\">Aluminum Rectangular Extrusion<\/a><\/li>\r\n<li><a href=\"https:\/\/sinoextrud.com\/product\/aluminium-profile-lock\/\" target=\"_blank\">Aluminium Profile Lock<\/a><\/li>\r\n<li><a href=\"https:\/\/sinoextrud.com\/product\/eco-friendly-water-borne-fluorocarbon-spraying-decorative-aluminum-profile-for-outdoor-project\/\" target=\"_blank\">ECO-Friendly Water-borne Fluorocarbon Spraying Decorative Aluminum Profile For Outdoor Project<\/a><\/li>"},"feature_list":[]},"_links":{"self":[{"href":"https:\/\/sinoextrud.com\/fi\/wp-json\/wp\/v2\/product\/6312","targetHints":{"allow":["GET"]}}],"collection":[{"href":"https:\/\/sinoextrud.com\/fi\/wp-json\/wp\/v2\/product"}],"about":[{"href":"https:\/\/sinoextrud.com\/fi\/wp-json\/wp\/v2\/types\/product"}],"wp:featuredmedia":[{"embeddable":true,"href":"https:\/\/sinoextrud.com\/fi\/wp-json\/wp\/v2\/media\/6311"}],"wp:attachment":[{"href":"https:\/\/sinoextrud.com\/fi\/wp-json\/wp\/v2\/media?parent=6312"}],"wp:term":[{"taxonomy":"category","embeddable":true,"href":"https:\/\/sinoextrud.com\/fi\/wp-json\/wp\/v2\/categories?post=6312"}],"curies":[{"name":"wp","href":"https:\/\/api.w.org\/{rel}","templated":true}]}}