{"id":6286,"date":"2025-05-26T08:58:23","date_gmt":"2025-05-26T08:58:23","guid":{"rendered":"https:\/\/sinoextrud.com\/product\/round-aluminium-profile\/"},"modified":"2025-06-24T04:00:18","modified_gmt":"2025-06-24T04:00:18","slug":"pyorea-alumiiniprofiili","status":"publish","type":"product","link":"https:\/\/sinoextrud.com\/fi\/product\/round-aluminium-profile\/","title":{"rendered":"Py\u00f6re\u00e4 alumiiniprofiili"},"content":{"rendered":"<h2>Tuotteiden tiedot<\/h2>\n<table class=\"custom-table\">\n<tr>\n<td class=\"label\">Kohde<\/td>\n<td>Py\u00f6re\u00e4 alumiiniprofiili<\/td>\n<\/tr>\n<tr>\n<td class=\"label\">Temper<\/td>\n<td>T5-T8<\/td>\n<\/tr>\n<tr>\n<td class=\"label\">Prosessin kulku<\/td>\n<td>Muotin kehitt\u00e4minen-Alumiinip\u00f6lkkyjen l\u00e4mmitt\u00e4minen yl\u00f6sp\u00e4in-muovaus raaka-alumiinilla - anodisoitu jauhepinnoitettu<\/td>\n<\/tr>\n<tr>\n<td class=\"label\">Ominaisuus<\/td>\n<td>1.Neat ja kauniit hienot viivat pinnalla.<\/td>\n<\/tr>\n<tr>\n<td class=\"label\">Hakemus<\/td>\n<td>Teollisuus, rakentaminen<\/td>\n<\/tr>\n<tr>\n<td class=\"label\">Muoto<\/td>\n<td>R\u00e4\u00e4t\u00e4l\u00f6inti, Solided<\/td>\n<\/tr>\n<tr>\n<td class=\"label\">Pintak\u00e4sittely<\/td>\n<td>Jyrsitty, anodisoitu, tehopinnoitus, hiekkapuhallus, elektroforeesi, harjaus, kiillotus,<\/td>\n<\/tr>\n<tr>\n<td class=\"label\">V\u00e4ri<\/td>\n<td>Hopea, musta, kulta, samppanja, pronssi, punainen, sininen;<br \/>voimme r\u00e4\u00e4t\u00e4l\u00f6id\u00e4 v\u00e4rej\u00e4 asiakkaiden n\u00e4ytteiden perusteella<\/td>\n<\/tr>\n<tr>\n<td class=\"label\">Syv\u00e4prosessointi<\/td>\n<td>Leikkaus, poraus, ty\u00f6st\u00f6, l\u00e4vistys, taivutus, napauttaminen jne.<\/td>\n<\/tr>\n<tr>\n<td class=\"label\">Takuu<\/td>\n<td>ISO: 9001, SONCAP , BV-sertifikaatti, TUV, SGS tai asiakkaiden sertifikaatti saatavilla<\/td>\n<\/tr>\n<tr>\n<td class=\"label\">MOQ<\/td>\n<td>200KG<\/td>\n<\/tr>\n<tr>\n<td class=\"label\">Toimitusaika<\/td>\n<td>Muotin kehitt\u00e4minen ja n\u00e4ytteen muotoilu kest\u00e4\u00e4 12-15 p\u00e4iv\u00e4\u00e4, ja tuotannon kesto on 15-25 p\u00e4iv\u00e4\u00e4 ostajan talletuksen vastaanottamisen j\u00e4lkeen.<\/td>\n<\/tr>\n<tr>\n<td class=\"label\">Ilmainen n\u00e4yte<\/td>\n<td>1-3 p\u00e4iv\u00e4\u00e4 voidaan l\u00e4hett\u00e4\u00e4<\/td>\n<\/tr>\n<\/table>\n<h2>Tuotantopohjamme<\/h2>\n<h3>Tehtaan panoraama<\/h3>\n<p><img decoding=\"async\" src=\"\/wp-content\/uploads\/factory-01.webp\"\/><\/p>\n<h3>Alumiini Bar Manufacturing Workshop<\/h3>\n<p><img decoding=\"async\" src=\"\/wp-content\/uploads\/factory-02.webp\"\/><\/p>\n<p><img decoding=\"async\" src=\"\/wp-content\/uploads\/factory-03.webp\"\/><\/p>\n<h3>Muotin varastointi Varasto<\/h3>\n<p><img decoding=\"async\" src=\"\/wp-content\/uploads\/factory-04.webp\"\/><\/p>\n<h3>43 alumiinin ekstruusiolinjat (500-5500 tonnia)<\/h3>\n<p><img decoding=\"async\" src=\"\/wp-content\/uploads\/factory-05.webp\"\/><\/p>\n<p><img decoding=\"async\" src=\"\/wp-content\/uploads\/factory-06.webp\"\/><\/p>\n<p><img decoding=\"async\" src=\"\/wp-content\/uploads\/factory-07.webp\"\/><\/p>\n<h3>Jauhemaalaus ty\u00f6paja<\/h3>\n<p><img decoding=\"async\" src=\"\/wp-content\/uploads\/factory-09.webp\"\/><\/p>\n<h3>Anodisointi ty\u00f6paja<\/h3>\n<p><img decoding=\"async\" src=\"\/wp-content\/uploads\/factory-10.webp\"\/><\/p>\n<h3>Syv\u00e4k\u00e4sittelyn ty\u00f6paja<\/h3>\n<p><img decoding=\"async\" src=\"\/wp-content\/uploads\/factory-11.webp\"\/><\/p>\n<h3>CNC-tarkkuuskoneistus ty\u00f6paja<\/h3>\n<p><img decoding=\"async\" src=\"\/wp-content\/uploads\/factory-11.5.webp\"\/><\/p>\n<h3>Valmiiden tuotteiden ja vientivarasto<\/h3>\n<p><img decoding=\"async\" src=\"\/wp-content\/uploads\/factory-12.webp\"\/><\/p>\n<p><img decoding=\"async\" src=\"\/wp-content\/uploads\/factory-13.webp\"\/><\/p>\n<p><img decoding=\"async\" src=\"\/wp-content\/uploads\/factory-14.webp\"\/><\/p>\n<h2>FAQ<\/h2>\n<p><p><b>1.Mihin py\u00f6re\u00e4\u00e4 alumiiniprofiilia k\u00e4ytet\u00e4\u00e4n?<\/b><\/p>\n<p>Py\u00f6re\u00e4\u00e4 alumiiniprofiilia k\u00e4ytet\u00e4\u00e4n yleisesti rakennus-, huonekalu-, valaistus- ja teollisuussovelluksissa sen lujuuden, muodon ja monipuolisuuden ansiosta.<br \/>\n<\/p><br \/>\n<br \/>\n<p><b>2.Mitk\u00e4 ovat py\u00f6reiden alumiiniprofiilien t\u00e4rkeimm\u00e4t edut?<\/b><\/p>\n<p>Py\u00f6re\u00e4t alumiiniprofiilit ovat kevyit\u00e4, lujia, korroosionkest\u00e4vi\u00e4 ja helposti valmistettavia, joten ne soveltuvat erinomaisesti rakenteellisiin ja esteettisiin sovelluksiin.<br \/>\n<\/p><br \/>\n<br \/>\n<p><b>3.Miksi valita py\u00f6re\u00e4t alumiiniprofiilit muiden muotojen sijaan?<\/b><\/p>\n<p>Py\u00f6re\u00e4t alumiiniprofiilit tarjoavat paremman aerodynamiikan, tasaisen lujuusjakauman ja selke\u00e4n, modernin ulkon\u00e4\u00f6n erilaisiin suunnittelutarpeisiin.<br \/>\n<\/p><br \/>\n<br \/>\n<p><b>4.Voiko py\u00f6reit\u00e4 alumiiniprofiileja r\u00e4\u00e4t\u00e4l\u00f6id\u00e4?<\/b><\/p>\n<p>Kyll\u00e4, py\u00f6reit\u00e4 alumiiniprofiileja voidaan valmistaa eri halkaisijoilla, sein\u00e4m\u00e4paksuuksilla ja pintak\u00e4sittelyill\u00e4 erityisten sovellusvaatimusten t\u00e4ytt\u00e4miseksi.<br \/>\n<\/p><br \/>\n<br \/>\n<p><b>5.Mit\u00e4 pintak\u00e4sittelyj\u00e4 py\u00f6reille alumiiniprofiileille on saatavilla?<\/b><\/p>\n<p>Saatavilla oleviin k\u00e4sittelyihin kuuluvat anodisointi, jauhemaalaus ja kiillotus, jotka parantavat korroosionkest\u00e4vyytt\u00e4 ja pinnan ulkon\u00e4k\u00f6\u00e4.<br \/>\n<\/p><br \/>\n<br \/>\n<p><b>6.Soveltuvatko py\u00f6re\u00e4t alumiiniprofiilit ulkok\u00e4ytt\u00f6\u00f6n?<\/b><\/p>\n<p>Kyll\u00e4, oikein pintak\u00e4siteltyin\u00e4 py\u00f6re\u00e4t alumiiniprofiilit kest\u00e4v\u00e4t hyvin s\u00e4\u00e4t\u00e4, kosteutta ja UV-altistusta, joten ne soveltuvat erinomaisesti ulkotiloihin.<br \/>\n<\/p><br \/>\n<br \/>\n<p><b>7.Miten py\u00f6re\u00e4t alumiiniprofiilit tukevat kest\u00e4v\u00e4\u00e4 suunnittelua?<\/b><\/p>\n<p>Alumiini on 100% kierr\u00e4tett\u00e4v\u00e4\u00e4 ja energiatehokasta, ja py\u00f6re\u00e4t profiilit v\u00e4hent\u00e4v\u00e4t materiaalin k\u00e4ytt\u00f6\u00e4 s\u00e4ilytt\u00e4en samalla lujuuden, mik\u00e4 tukee ymp\u00e4rist\u00f6yst\u00e4v\u00e4llist\u00e4 rakentamista.<br \/>\n<\/p><br \/><\/p>","protected":false},"featured_media":6285,"template":"","categories":[60],"class_list":["post-6286","product","type-product","status-publish","has-post-thumbnail","hentry","category-general-tubes-and-bars"],"meta_box":{"hilight_text_group":{"product_hilight_text":"<li>High-strength round aluminum profiles suitable for structural applications<\/li>\r\r\n<li>Lightweight and corrosion-resistant, ideal for indoor and outdoor use<\/li>\r\r\n<li>Available in various diameters and wall thicknesses for flexible design<\/li>\r\r\n<li>Supports anodizing, powder coating, and other surface treatments<\/li>\r\r\n<li>Custom cutting and fabrication services available for bulk orders<\/li>","product_chanpin_chanpin":"<li><a href=\"https:\/\/sinoextrud.com\/product\/oem-aluminum-extrusion-profile-for-windows-and-doors\/\" target=\"_blank\">OEM Aluminum Extrusion Profile for Windows and Doors<\/a><\/li>\r\n<li><a href=\"https:\/\/sinoextrud.com\/product\/aluminium-tube-suppliers-offer-extruded-aluminium-square-tube-profile-with-anodized-powder-coating-surface-treatment\/\" target=\"_blank\">Aluminium Tube Suppliers Offer Extruded Aluminium Square Tube Profile With Anodized Powder Coating Surface Treatment<\/a><\/li>\r\n<li><a href=\"https:\/\/sinoextrud.com\/product\/oem-aluminum-channel-tube-and-pipe-extrusions-profile-for-constuction\/\" target=\"_blank\">OEM Aluminum Channel Tube And Pipe Extrusions Profile For Constuction<\/a><\/li>\r\n<li><a href=\"https:\/\/sinoextrud.com\/product\/aluminium-curtain-guide-rail\/\" target=\"_blank\">Aluminium Curtain Guide Rail<\/a><\/li>\r\n<li><a href=\"https:\/\/sinoextrud.com\/product\/round-aluminium-profile\/\" target=\"_blank\">Round Aluminium Profile<\/a><\/li>\r\n<li><a href=\"https:\/\/sinoextrud.com\/product\/aluminium-tube\/\" target=\"_blank\">Aluminium Tube<\/a><\/li>\r\n<li><a href=\"https:\/\/sinoextrud.com\/product\/extruded-aluminium-profile-for-triangle-and-rectangle-pipe-with-6063-alloy-anodized-mill-finish-surface\/\" target=\"_blank\">Extruded Aluminium Profile For Triangle And Rectangle Pipe With 6063 Alloy Anodized Mill Finish Surface<\/a><\/li>\r\n<li><a href=\"https:\/\/sinoextrud.com\/product\/aluminium-hollow-tube\/\" target=\"_blank\">Aluminium Hollow Tube<\/a><\/li>\r\n<li><a href=\"https:\/\/sinoextrud.com\/product\/customized-6063-extruded-aluminum-flat-bar\/\" target=\"_blank\">Customized 6063 Extruded Aluminum Flat Bar<\/a><\/li>\r\n<li><a href=\"https:\/\/sinoextrud.com\/product\/round-aluminium-profile\/\" target=\"_blank\">Round Aluminium Profile<\/a><\/li>\r\n<li><a href=\"https:\/\/sinoextrud.com\/product\/6061-extruded-aluminum\/\" target=\"_blank\">6061 Extruded Aluminum<\/a><\/li>"},"feature_list":[]},"_links":{"self":[{"href":"https:\/\/sinoextrud.com\/fi\/wp-json\/wp\/v2\/product\/6286","targetHints":{"allow":["GET"]}}],"collection":[{"href":"https:\/\/sinoextrud.com\/fi\/wp-json\/wp\/v2\/product"}],"about":[{"href":"https:\/\/sinoextrud.com\/fi\/wp-json\/wp\/v2\/types\/product"}],"wp:featuredmedia":[{"embeddable":true,"href":"https:\/\/sinoextrud.com\/fi\/wp-json\/wp\/v2\/media\/6285"}],"wp:attachment":[{"href":"https:\/\/sinoextrud.com\/fi\/wp-json\/wp\/v2\/media?parent=6286"}],"wp:term":[{"taxonomy":"category","embeddable":true,"href":"https:\/\/sinoextrud.com\/fi\/wp-json\/wp\/v2\/categories?post=6286"}],"curies":[{"name":"wp","href":"https:\/\/api.w.org\/{rel}","templated":true}]}}