{"id":6282,"date":"2025-05-26T08:53:43","date_gmt":"2025-05-26T08:53:43","guid":{"rendered":"https:\/\/sinoextrud.com\/product\/oem-aluminum-channel-tube-and-pipe-extrusions-profile-for-constuction\/"},"modified":"2025-06-24T04:00:08","modified_gmt":"2025-06-24T04:00:08","slug":"oem-alumiini-kanava-putki-ja-putki-puristetut-profiilit-profiilin-rakentamiseen","status":"publish","type":"product","link":"https:\/\/sinoextrud.com\/fi\/product\/oem-aluminum-channel-tube-and-pipe-extrusions-profile-for-constuction\/","title":{"rendered":"OEM alumiini kanavaputki ja putki ekstruusiot profiili rakentamiseen"},"content":{"rendered":"<h2>Tuotteiden tiedot<\/h2>\n<table class=\"custom-table\">\n<tr>\n<td class=\"label\">Tekniset tiedot:<\/td>\n<td>   6063-T52, QQA-200\/9, ASTM A429; 6061-T6, QQA-200\/8, ASTM B221.  <\/td>\n<\/tr>\n<tr>\n<td class=\"label\">Sovellukset:<\/td>\n<td> runkorakenteet, tukipylv\u00e4\u00e4t, portit, aidat, kaiteet, suojakaiteet jne. <\/td>\n<\/tr>\n<tr>\n<td class=\"label\">Ty\u00f6stett\u00e4vyys:<\/td>\n<td> Helppo hitsata, leikata ja ty\u00f6st\u00e4\u00e4<\/td>\n<\/tr>\n<tr>\n<td class=\"label\">Mekaaniset ominaisuudet:<\/td>\n<td> (6061) Brinell = 95, vetolujuus = 45 000 +\/-, my\u00f6t\u00f6lujuus = 40 000 +\/- ; (6063) Brinell = 60, vetolujuus = 27 000 +\/-, my\u00f6t\u00f6lujuus = 21 000 +\/-. <\/td>\n<\/tr>\n<tr>\n<td class=\"label\">Saatavilla olevat varastokoot:<\/td>\n<td> 6061 - 2ft, 4ft, 6ft, 8ft, 12ft, 24ft; 6063 - 2ft, 4ft, 6ft, 8ft, 10ft, 21ft; tai mittojen mukaan leikattuina<\/td>\n<\/tr>\n<\/table>\n<h2>Tuotantopohjamme<\/h2>\n<h3>Tehtaan panoraama<\/h3>\n<p><img decoding=\"async\" src=\"\/wp-content\/uploads\/factory-01.webp\"\/><\/p>\n<h3>Alumiini Bar Manufacturing Workshop<\/h3>\n<p><img decoding=\"async\" src=\"\/wp-content\/uploads\/factory-02.webp\"\/><\/p>\n<p><img decoding=\"async\" src=\"\/wp-content\/uploads\/factory-03.webp\"\/><\/p>\n<h3>Muotin varastointi Varasto<\/h3>\n<p><img decoding=\"async\" src=\"\/wp-content\/uploads\/factory-04.webp\"\/><\/p>\n<h3>43 Alumiini ekstruusiolinjat (500\u00e2 5500 tonnia)<\/h3>\n<p><img decoding=\"async\" src=\"\/wp-content\/uploads\/factory-05.webp\"\/><\/p>\n<p><img decoding=\"async\" src=\"\/wp-content\/uploads\/factory-06.webp\"\/><\/p>\n<p><img decoding=\"async\" src=\"\/wp-content\/uploads\/factory-07.webp\"\/><\/p>\n<h3>Jauhemaalaus ty\u00f6paja<\/h3>\n<p><img decoding=\"async\" src=\"\/wp-content\/uploads\/factory-09.webp\"\/><\/p>\n<h3>Anodisointi ty\u00f6paja<\/h3>\n<p><img decoding=\"async\" src=\"\/wp-content\/uploads\/factory-10.webp\"\/><\/p>\n<h3>Syv\u00e4k\u00e4sittelyn ty\u00f6paja<\/h3>\n<p><img decoding=\"async\" src=\"\/wp-content\/uploads\/factory-11.webp\"\/><\/p>\n<h3>CNC-tarkkuuskoneistus ty\u00f6paja<\/h3>\n<p><img decoding=\"async\" src=\"\/wp-content\/uploads\/factory-11.5.webp\"\/><\/p>\n<h3>Valmiiden tuotteiden ja vientivarasto<\/h3>\n<p><img decoding=\"async\" src=\"\/wp-content\/uploads\/factory-12.webp\"\/><\/p>\n<p><img decoding=\"async\" src=\"\/wp-content\/uploads\/factory-13.webp\"\/><\/p>\n<p><img decoding=\"async\" src=\"\/wp-content\/uploads\/factory-14.webp\"\/><\/p>\n<h2>FAQ<\/h2>\n<p><p><b>1.Mitk\u00e4 ovat OEM-alumiinikanavaputken ja putkipuristusten edut rakentamiseen?<\/b><\/p>\n<p>OEM-alumiinikanavaputket ja -putket tarjoavat kevytt\u00e4 lujuutta, korroosionkest\u00e4vyytt\u00e4 ja suunnittelun joustavuutta, joten ne sopivat erinomaisesti nykyaikaisiin rakennussovelluksiin.<br \/>\n<\/p><br \/>\n<br \/>\n<p><b>2.How OEM alumiiniprofiilit parantaa rakentamisen tehokkuutta?<\/b><\/p>\n<p>OEM-alumiiniprofiilit ovat tarkkuuspuristettuja, mik\u00e4 mahdollistaa helpon asennuksen, pienemm\u00e4n materiaalih\u00e4vikin ja nopeamman kokoonpanon rakennusty\u00f6mailla.<br \/>\n<\/p><br \/>\n<br \/>\n<p><b>3.Can alumiini kanava putket ja putket voidaan r\u00e4\u00e4t\u00e4l\u00f6id\u00e4 rakennushankkeisiin?<\/b><\/p>\n<p>Kyll\u00e4, OEM-alumiiniprofiileja voidaan r\u00e4\u00e4t\u00e4l\u00f6id\u00e4 mittojen, muotojen ja sein\u00e4m\u00e4n paksuuden osalta vastaamaan erityisi\u00e4 rakenteellisia ja arkkitehtonisia tarpeita.<br \/>\n<\/p><br \/>\n<br \/>\n<p><b>4.Miksi alumiinia suositaan ter\u00e4ksen sijasta rakennusprofiileissa?<\/b><\/p>\n<p>Alumiini on kevyemp\u00e4\u00e4, korroosionkest\u00e4v\u00e4mp\u00e4\u00e4 ja helpompi ty\u00f6st\u00e4\u00e4 kuin ter\u00e4s, mik\u00e4 v\u00e4hent\u00e4\u00e4 rakennushankkeiden kuljetus- ja ty\u00f6voimakustannuksia.<br \/>\n<\/p><br \/>\n<br \/>\n<p><b>5.Mit\u00e4 pintak\u00e4sittelyj\u00e4 on saatavana alumiinisille kanaville ja putkipuristuksille?<\/b><\/p>\n<p>Yleisi\u00e4 pintak\u00e4sittelyj\u00e4 ovat anodisointi ja jauhemaalaus, jotka parantavat kest\u00e4vyytt\u00e4, korroosionkest\u00e4vyytt\u00e4 ja ulkon\u00e4k\u00f6\u00e4.<br \/>\n<\/p><br \/>\n<br \/>\n<p><b>6.Ovatko OEM-alumiiniprofiilit soveltuvat sek\u00e4 sis\u00e4- ett\u00e4 ulkok\u00e4ytt\u00f6\u00f6n?<\/b><\/p>\n<p>Kyll\u00e4, pintak\u00e4sitellyt OEM-alumiinikanavaputket ja -putket soveltuvat erinomaisen s\u00e4\u00e4nkest\u00e4vyytens\u00e4 ansiosta sis\u00e4- ja ulkorakentamiseen.<br \/>\n<\/p><br \/>\n<br \/>\n<p><b>7.Why valita OEM alumiini puristamiseen toimittajat rakentamisen tarpeisiin?<\/b><\/p>\n<p>OEM-toimittajat tarjoavat r\u00e4\u00e4t\u00e4l\u00f6ityj\u00e4 ratkaisuja, tasaista laatua ja tehtaan suoraa hinnoittelua, mik\u00e4 takaa luotettavan suorituskyvyn ja kustannustehokkuuden rakennussovelluksissa.<br \/>\n<\/p><br \/><\/p>","protected":false},"featured_media":6281,"template":"","categories":[60],"class_list":["post-6282","product","type-product","status-publish","has-post-thumbnail","hentry","category-general-tubes-and-bars"],"meta_box":{"hilight_text_group":{"product_hilight_text":"<li>Specifically designed for construction use with strong structural integrity<\/li>\r\r\n<li>OEM customization available to meet diverse building requirements<\/li>\r\r\n<li>High-precision aluminum profiles for easy installation and secondary processing<\/li>\r\r\n<li>Corrosion-resistant finish suitable for various outdoor environments<\/li>\r\r\n<li>Reliable bulk production capacity ensures stable and timely supply<\/li>","product_chanpin_chanpin":"<li><a href=\"https:\/\/sinoextrud.com\/product\/aluminium-gate-fence\/\" target=\"_blank\">Aluminium gate fence<\/a><\/li>\r\n<li><a href=\"https:\/\/sinoextrud.com\/product\/aluminum-windows-and-doors\/\" target=\"_blank\">Aluminum Windows And Doors<\/a><\/li>\r\n<li><a href=\"https:\/\/sinoextrud.com\/product\/oem-aluminum-extrusion-profile-for-windows-and-doors\/\" target=\"_blank\">OEM Aluminum Extrusion Profile for Windows and Doors<\/a><\/li>\r\n<li><a href=\"https:\/\/sinoextrud.com\/product\/aluminium-tube-suppliers-offer-extruded-aluminium-square-tube-profile-with-anodized-powder-coating-surface-treatment\/\" target=\"_blank\">Aluminium Tube Suppliers Offer Extruded Aluminium Square Tube Profile With Anodized Powder Coating Surface Treatment<\/a><\/li>\r\n<li><a href=\"https:\/\/sinoextrud.com\/product\/oem-aluminum-channel-tube-and-pipe-extrusions-profile-for-constuction\/\" target=\"_blank\">OEM Aluminum Channel Tube And Pipe Extrusions Profile For Constuction<\/a><\/li>\r\n<li><a href=\"https:\/\/sinoextrud.com\/product\/aluminium-curtain-guide-rail\/\" target=\"_blank\">Aluminium Curtain Guide Rail<\/a><\/li>\r\n<li><a href=\"https:\/\/sinoextrud.com\/product\/round-aluminium-profile\/\" target=\"_blank\">Round Aluminium Profile<\/a><\/li>\r\n<li><a href=\"https:\/\/sinoextrud.com\/product\/aluminium-tube\/\" target=\"_blank\">Aluminium Tube<\/a><\/li>\r\n<li><a href=\"https:\/\/sinoextrud.com\/product\/extruded-aluminium-profile-for-triangle-and-rectangle-pipe-with-6063-alloy-anodized-mill-finish-surface\/\" target=\"_blank\">Extruded Aluminium Profile For Triangle And Rectangle Pipe With 6063 Alloy Anodized Mill Finish Surface<\/a><\/li>\r\n<li><a href=\"https:\/\/sinoextrud.com\/product\/aluminium-alloy-profile-for-cleaning-room-with-good-quality-manufacturer-china\/\" target=\"_blank\">Aluminium Alloy Profile For Cleaning Room With Good Quality Manufacturer China<\/a><\/li>\r\n<li><a href=\"https:\/\/sinoextrud.com\/product\/aluminum-wood-grain-handrail\/\" target=\"_blank\">Aluminum Wood Grain Handrail<\/a><\/li>"},"feature_list":[]},"_links":{"self":[{"href":"https:\/\/sinoextrud.com\/fi\/wp-json\/wp\/v2\/product\/6282","targetHints":{"allow":["GET"]}}],"collection":[{"href":"https:\/\/sinoextrud.com\/fi\/wp-json\/wp\/v2\/product"}],"about":[{"href":"https:\/\/sinoextrud.com\/fi\/wp-json\/wp\/v2\/types\/product"}],"wp:featuredmedia":[{"embeddable":true,"href":"https:\/\/sinoextrud.com\/fi\/wp-json\/wp\/v2\/media\/6281"}],"wp:attachment":[{"href":"https:\/\/sinoextrud.com\/fi\/wp-json\/wp\/v2\/media?parent=6282"}],"wp:term":[{"taxonomy":"category","embeddable":true,"href":"https:\/\/sinoextrud.com\/fi\/wp-json\/wp\/v2\/categories?post=6282"}],"curies":[{"name":"wp","href":"https:\/\/api.w.org\/{rel}","templated":true}]}}