{"id":6278,"date":"2025-05-26T07:34:52","date_gmt":"2025-05-26T07:34:52","guid":{"rendered":"https:\/\/sinoextrud.com\/product\/oem-aluminum-extrusion-profile-for-windows-and-doors\/"},"modified":"2025-06-24T03:59:58","modified_gmt":"2025-06-24T03:59:58","slug":"oem-alumiini-suulakepuristusprofiili-ikkunat-ja-ovet","status":"publish","type":"product","link":"https:\/\/sinoextrud.com\/fi\/product\/oem-aluminum-extrusion-profile-for-windows-and-doors\/","title":{"rendered":"OEM alumiini suulakepuristusprofiili ikkunat ja ovet"},"content":{"rendered":"<h2>Tuotteiden tiedot<\/h2>\n<table class=\"custom-table\">\n<tr>\n<td class=\"label\">K\u00e4ytt\u00f6<\/td>\n<td>alumiini lasiovet ja ikkunatarvikkeet toimistoon<\/td>\n<\/tr>\n<tr>\n<td class=\"label\">Nimitys:<\/td>\n<td>6 tai muu sarja kysynn\u00e4n mukaan<\/td>\n<\/tr>\n<tr>\n<td class=\"label\">pituus<\/td>\n<td>R\u00e4\u00e4t\u00e4l\u00f6ity<\/td>\n<\/tr>\n<tr>\n<td class=\"label\">paksuus<\/td>\n<td>R\u00e4\u00e4t\u00e4l\u00f6ity<\/td>\n<\/tr>\n<tr>\n<td class=\"label\">Kuvaus<\/td>\n<td>alumiiniprofiili, alumiini suulakepuristus, alumiiniputki, alumiiniseos, alumiini ovet ja ikkunat, alumiini ikkuna, alumiini liukuovi, alumiini rakennusmateriaalia<\/td>\n<\/tr>\n<tr>\n<td class=\"label\">Pintak\u00e4sittely<\/td>\n<td>myllyn viimeistely (ilman k\u00e4sittely\u00e4), kiillotettu, anodisointi, tehopinnoitus, puunjyv\u00e4maalaus, hiekkapuhallus, elektroforeesi jne.<\/td>\n<\/tr>\n<tr>\n<td class=\"label\">Mitta<\/td>\n<td>valinnainen<\/td>\n<\/tr>\n<tr>\n<td class=\"label\">Pakkaus<\/td>\n<td>Voimapaperi, kartonkilaatikko, suojavaahto, l\u00e4mp\u00f6sidottu muovikalvo jne. kysynn\u00e4n mukaan.<\/td>\n<\/tr>\n<tr>\n<td class=\"label\">Todistukset<\/td>\n<td>ISO 9001.CE, SGS,<\/td>\n<\/tr>\n<tr>\n<td class=\"label\">V\u00e4ri<\/td>\n<td>Hopea, musta, hopea, pronssi, samppanja, puunjyv\u00e4 ja niin edelleen.<\/td>\n<\/tr>\n<tr>\n<td class=\"label\">Muoto<\/td>\n<td>Saatavana erilaisia muotoja, parametreja ja v\u00e4rej\u00e4<\/td>\n<\/tr>\n<tr>\n<td class=\"label\">Toimituksen tiedot<\/td>\n<td>10-20 p\u00e4iv\u00e4\u00e4 \/ riippuu m\u00e4\u00e4r\u00e4st\u00e4 ja piirustuksista<\/td>\n<\/tr>\n<tr>\n<td class=\"label\">Laatu<\/td>\n<td>Laatu on kansainv\u00e4lisen standardin mukainen.<\/td>\n<\/tr>\n<tr>\n<td class=\"label\">Suunnittelu<\/td>\n<td>OEM tai ODM on saatavana, pls l\u00e4het\u00e4 meille piirustuksesi<\/td>\n<\/tr>\n<tr>\n<td class=\"label\">Ominaisuus<\/td>\n<td>Korkea korroosionkest\u00e4vyys, s\u00e4\u00e4nkest\u00e4vyys, l\u00e4mm\u00f6nkest\u00e4vyys, alkalinkest\u00e4vyys.<\/td>\n<\/tr>\n<\/table>\n<h2>Tuotantopohjamme<\/h2>\n<h3>Tehtaan panoraama<\/h3>\n<p><img decoding=\"async\" src=\"\/wp-content\/uploads\/factory-01.webp\"\/><\/p>\n<h3>Alumiini Bar Manufacturing Workshop<\/h3>\n<p><img decoding=\"async\" src=\"\/wp-content\/uploads\/factory-02.webp\"\/><\/p>\n<p><img decoding=\"async\" src=\"\/wp-content\/uploads\/factory-03.webp\"\/><\/p>\n<h3>Muotin varastointi Varasto<\/h3>\n<p><img decoding=\"async\" src=\"\/wp-content\/uploads\/factory-04.webp\"\/><\/p>\n<h3>43 Alumiini ekstruusiolinjat (500\u00e2 5500 tonnia)<\/h3>\n<p><img decoding=\"async\" src=\"\/wp-content\/uploads\/factory-05.webp\"\/><\/p>\n<p><img decoding=\"async\" src=\"\/wp-content\/uploads\/factory-06.webp\"\/><\/p>\n<p><img decoding=\"async\" src=\"\/wp-content\/uploads\/factory-07.webp\"\/><\/p>\n<h3>Jauhemaalaus ty\u00f6paja<\/h3>\n<p><img decoding=\"async\" src=\"\/wp-content\/uploads\/factory-09.webp\"\/><\/p>\n<h3>Anodisointi ty\u00f6paja<\/h3>\n<p><img decoding=\"async\" src=\"\/wp-content\/uploads\/factory-10.webp\"\/><\/p>\n<h3>Syv\u00e4k\u00e4sittelyn ty\u00f6paja<\/h3>\n<p><img decoding=\"async\" src=\"\/wp-content\/uploads\/factory-11.webp\"\/><\/p>\n<h3>CNC-tarkkuuskoneistus ty\u00f6paja<\/h3>\n<p><img decoding=\"async\" src=\"\/wp-content\/uploads\/factory-11.5.webp\"\/><\/p>\n<h3>Valmiiden tuotteiden ja vientivarasto<\/h3>\n<p><img decoding=\"async\" src=\"\/wp-content\/uploads\/factory-12.webp\"\/><\/p>\n<p><img decoding=\"async\" src=\"\/wp-content\/uploads\/factory-13.webp\"\/><\/p>\n<p><img decoding=\"async\" src=\"\/wp-content\/uploads\/factory-14.webp\"\/><\/p>\n<h2>FAQ<\/h2>\n<p><p><b>1.Mitk\u00e4 ovat OEM-alumiiniprofiilien edut ikkunoille ja oville?<\/b><\/p>\n<p>OEM-alumiiniprofiilit tarjoavat suuren lujuuden, korroosionkest\u00e4vyyden ja tarkat mitat, joten ne sopivat erinomaisesti kest\u00e4viin ja energiatehokkaisiin ikkuna- ja ovij\u00e4rjestelmiin.<br \/>\n<\/p><br \/>\n<br \/>\n<p><b>2.Can OEM alumiini profiileja voidaan r\u00e4\u00e4t\u00e4l\u00f6id\u00e4 tiettyj\u00e4 ikkunoiden ja ovien malleja?<\/b><\/p>\n<p>Kyll\u00e4, OEM-alumiiniprofiilit voidaan t\u00e4ysin r\u00e4\u00e4t\u00e4l\u00f6id\u00e4 muodon, koon ja pintak\u00e4sittelyn osalta vastaamaan ainutlaatuisia arkkitehtonisia ja toiminnallisia vaatimuksia.<br \/>\n<\/p><br \/>\n<br \/>\n<p><b>3.Mit\u00e4 pintak\u00e4sittelyj\u00e4 alumiiniprofiileihin on saatavana?<\/b><\/p>\n<p>Yleisi\u00e4 pintak\u00e4sittelyj\u00e4 ovat anodisointi, jauhemaalaus ja elektroforeesi, jotka parantavat korroosionkest\u00e4vyytt\u00e4, esteettisyytt\u00e4 ja pitk\u00e4ik\u00e4isyytt\u00e4.<br \/>\n<\/p><br \/>\n<br \/>\n<p><b>4.Miksi valita alumiiniprofiilit oviin ja ikkunoihin?<\/b><\/p>\n<p>Alumiiniprofiilit ovat kevyit\u00e4, ymp\u00e4rist\u00f6yst\u00e4v\u00e4llisi\u00e4 ja tarjoavat erinomaisen l\u00e4mm\u00f6neristyksen ja rakenteellisen eheyden, mik\u00e4 sopii erinomaisesti nykyaikaisiin rakennussovelluksiin.<br \/>\n<\/p><br \/>\n<br \/>\n<p><b>5.Ovatko OEM-alumiiniprofiilit sopivia ankariin s\u00e4\u00e4olosuhteisiin?<\/b><\/p>\n<p>Kyll\u00e4, OEM-alumiiniprofiilit on suunniteltu kest\u00e4m\u00e4\u00e4n \u00e4\u00e4rimm\u00e4isi\u00e4 s\u00e4\u00e4olosuhteita niiden korkean korroosionkest\u00e4vyyden ja kest\u00e4vyyden ansiosta.<br \/>\n<\/p><br \/>\n<br \/>\n<p><b>6.How OEM alumiini suulakepuristus parantaa valmistuksen tehokkuutta?<\/b><\/p>\n<p>OEM-alumiiniprofiilit ovat tarkkuuspuristettuja, mik\u00e4 v\u00e4hent\u00e4\u00e4 ty\u00f6st\u00f6aikaa, parantaa kokoonpanon tehokkuutta ja varmistaa tasaisen laadun.<br \/>\n<\/p><br \/>\n<br \/>\n<p><b>7.Onko OEM-alumiini-ikkuna- ja oviprofiileja saatavana suoraan tehtaalta?<\/b><\/p>\n<p>Kyll\u00e4, monet valmistajat tarjoavat suoraa toimitusta tehtaalta, mik\u00e4 takaa kilpailukykyisen hinnoittelun, laadunvalvonnan ja nopeammat toimitusajat.<br \/>\n<\/p><br \/><\/p>","protected":false},"featured_media":6277,"template":"","categories":[59],"class_list":["post-6278","product","type-product","status-publish","has-post-thumbnail","hentry","category-aluminum-window-door-system"],"meta_box":{"hilight_text_group":{"product_hilight_text":"<li>Customizable dimensions and structures to meet diverse project needs<\/li>\r\r\n<li>High-strength aluminum alloy, corrosion-resistant for various climates<\/li>\r\r\n<li>Multiple surface finishes (anodizing, electrophoresis, powder coating) for durability and aesthetics<\/li>\r\r\n<li>Factory direct supply for shorter lead times and reduced procurement costs<\/li>\r\r\n<li>Precision extrusion ensures easy installation and excellent sealing performance<\/li>","product_chanpin_chanpin":"<li><a href=\"https:\/\/sinoextrud.com\/product\/aluminium-mosquito-net-windows-and-door\/\" target=\"_blank\">Aluminium Mosquito Net Windows And Door<\/a><\/li>\r\n<li><a href=\"https:\/\/sinoextrud.com\/product\/aluminum-profile-doors\/\" target=\"_blank\">Aluminum Profile Doors<\/a><\/li>\r\n<li><a href=\"https:\/\/sinoextrud.com\/product\/aluminium-gate-fence\/\" target=\"_blank\">Aluminium gate fence<\/a><\/li>\r\n<li><a href=\"https:\/\/sinoextrud.com\/product\/aluminum-windows-and-doors\/\" target=\"_blank\">Aluminum Windows And Doors<\/a><\/li>\r\n<li><a href=\"https:\/\/sinoextrud.com\/product\/oem-aluminum-extrusion-profile-for-windows-and-doors\/\" target=\"_blank\">OEM Aluminum Extrusion Profile for Windows and Doors<\/a><\/li>\r\n<li><a href=\"https:\/\/sinoextrud.com\/product\/aluminium-tube-suppliers-offer-extruded-aluminium-square-tube-profile-with-anodized-powder-coating-surface-treatment\/\" target=\"_blank\">Aluminium Tube Suppliers Offer Extruded Aluminium Square Tube Profile With Anodized Powder Coating Surface Treatment<\/a><\/li>\r\n<li><a href=\"https:\/\/sinoextrud.com\/product\/oem-aluminum-channel-tube-and-pipe-extrusions-profile-for-constuction\/\" target=\"_blank\">OEM Aluminum Channel Tube And Pipe Extrusions Profile For Constuction<\/a><\/li>\r\n<li><a href=\"https:\/\/sinoextrud.com\/product\/aluminium-curtain-guide-rail\/\" target=\"_blank\">Aluminium Curtain Guide Rail<\/a><\/li>\r\n<li><a href=\"https:\/\/sinoextrud.com\/product\/round-aluminium-profile\/\" target=\"_blank\">Round Aluminium Profile<\/a><\/li>\r\n<li><a href=\"https:\/\/sinoextrud.com\/product\/extruded-aluminum-triangle-electrical-instrument-shell-housing\/\" target=\"_blank\">Extruded Aluminum Triangle Electrical Instrument Shell Housing<\/a><\/li>\r\n<li><a href=\"https:\/\/sinoextrud.com\/product\/aluminum-mirror-frame-extrusions\/\" target=\"_blank\">Aluminum Mirror Frame Extrusions<\/a><\/li>"},"feature_list":[]},"_links":{"self":[{"href":"https:\/\/sinoextrud.com\/fi\/wp-json\/wp\/v2\/product\/6278","targetHints":{"allow":["GET"]}}],"collection":[{"href":"https:\/\/sinoextrud.com\/fi\/wp-json\/wp\/v2\/product"}],"about":[{"href":"https:\/\/sinoextrud.com\/fi\/wp-json\/wp\/v2\/types\/product"}],"wp:featuredmedia":[{"embeddable":true,"href":"https:\/\/sinoextrud.com\/fi\/wp-json\/wp\/v2\/media\/6277"}],"wp:attachment":[{"href":"https:\/\/sinoextrud.com\/fi\/wp-json\/wp\/v2\/media?parent=6278"}],"wp:term":[{"taxonomy":"category","embeddable":true,"href":"https:\/\/sinoextrud.com\/fi\/wp-json\/wp\/v2\/categories?post=6278"}],"curies":[{"name":"wp","href":"https:\/\/api.w.org\/{rel}","templated":true}]}}