{"id":6274,"date":"2025-05-26T07:28:37","date_gmt":"2025-05-26T07:28:37","guid":{"rendered":"https:\/\/sinoextrud.com\/product\/aluminium-gate-fence\/"},"modified":"2025-06-24T03:59:43","modified_gmt":"2025-06-24T03:59:43","slug":"alumiini-portti-aita","status":"publish","type":"product","link":"https:\/\/sinoextrud.com\/fi\/product\/aluminium-gate-fence\/","title":{"rendered":"Alumiininen portti aita"},"content":{"rendered":"<h2>Tuotteiden tiedot<\/h2>\n<table class=\"custom-table\">\n<tr>\n<td class=\"label\">Tuotteen nimi<\/td>\n<td>Alumiininen portti aita<\/td>\n<\/tr>\n<tr>\n<td class=\"label\">Alumiiniseos<\/td>\n<td>1000-sarja, 200-sarja, 3000-sarja, 5000-sarja, 6000-sarja, 7000-sarja.<\/td>\n<\/tr>\n<tr>\n<td class=\"label\">Temper<\/td>\n<td>T3-T8<\/td>\n<\/tr>\n<tr>\n<td class=\"label\">Muoto<\/td>\n<td>r\u00e4\u00e4t\u00e4l\u00f6inti<\/td>\n<\/tr>\n<tr>\n<td class=\"label\">V\u00e4ri<\/td>\n<td>r\u00e4\u00e4t\u00e4l\u00f6inti<\/td>\n<\/tr>\n<tr>\n<td class=\"label\">Pintak\u00e4sittely<\/td>\n<td>viimeistelty, anodisoitu, puukuvioitu, tehopinnoitus, hiekkapuhallus, elektroforeesi, harjaus, kiillotus jne.<\/td>\n<\/tr>\n<tr>\n<td class=\"label\">CNC-syv\u00e4k\u00e4sittely<\/td>\n<td>leikkaaminen, poraaminen, koneistaminen, l\u00e4vist\u00e4minen, taivuttaminen, napauttaminen jne.<\/td>\n<\/tr>\n<tr>\n<td class=\"label\">Sertifikaatit<\/td>\n<td>CE, ISO, SGS, TUV, ROHS<\/td>\n<\/tr>\n<tr>\n<td class=\"label\">N\u00e4ytteet<\/td>\n<td>ilmainen n\u00e4yte. 1-3 p\u00e4iv\u00e4\u00e4 toimitetaan sinulle.<\/td>\n<\/tr>\n<tr>\n<td class=\"label\">MOQ<\/td>\n<td>200 kg kutakin profiilia kohti<\/td>\n<\/tr>\n<tr>\n<td class=\"label\">Toimitusaika<\/td>\n<td>Muotin kehitt\u00e4minen ja n\u00e4ytteen muotoilu kest\u00e4\u00e4 12-15 p\u00e4iv\u00e4\u00e4, sitten tuotannon kesto on 15-25 p\u00e4iv\u00e4\u00e4 ostajan talletuksen vastaanottamisen j\u00e4lkeen.<\/td>\n<\/tr>\n<tr>\n<td class=\"label\">Maksuehdot<\/td>\n<td>30% talletus ennen tuotantoa ja saldo ennen l\u00e4hetyst\u00e4.<br \/>jne.<\/td>\n<\/tr>\n<\/table>\n<h2>Tuotantopohjamme<\/h2>\n<h3>Tehtaan panoraama<\/h3>\n<p><img decoding=\"async\" src=\"\/wp-content\/uploads\/factory-01.webp\"\/><\/p>\n<h3>Alumiini Bar Manufacturing Workshop<\/h3>\n<p><img decoding=\"async\" src=\"\/wp-content\/uploads\/factory-02.webp\"\/><\/p>\n<p><img decoding=\"async\" src=\"\/wp-content\/uploads\/factory-03.webp\"\/><\/p>\n<h3>Muotin varastointi Varasto<\/h3>\n<p><img decoding=\"async\" src=\"\/wp-content\/uploads\/factory-04.webp\"\/><\/p>\n<h3>43 Alumiini ekstruusiolinjat (500\u00e2 5500 tonnia)<\/h3>\n<p><img decoding=\"async\" src=\"\/wp-content\/uploads\/factory-05.webp\"\/><\/p>\n<p><img decoding=\"async\" src=\"\/wp-content\/uploads\/factory-06.webp\"\/><\/p>\n<p><img decoding=\"async\" src=\"\/wp-content\/uploads\/factory-07.webp\"\/><\/p>\n<h3>Jauhemaalaus ty\u00f6paja<\/h3>\n<p><img decoding=\"async\" src=\"\/wp-content\/uploads\/factory-09.webp\"\/><\/p>\n<h3>Anodisointi ty\u00f6paja<\/h3>\n<p><img decoding=\"async\" src=\"\/wp-content\/uploads\/factory-10.webp\"\/><\/p>\n<h3>Syv\u00e4k\u00e4sittelyn ty\u00f6paja<\/h3>\n<p><img decoding=\"async\" src=\"\/wp-content\/uploads\/factory-11.webp\"\/><\/p>\n<h3>CNC-tarkkuuskoneistus ty\u00f6paja<\/h3>\n<p><img decoding=\"async\" src=\"\/wp-content\/uploads\/factory-11.5.webp\"\/><\/p>\n<h3>Valmiiden tuotteiden ja vientivarasto<\/h3>\n<p><img decoding=\"async\" src=\"\/wp-content\/uploads\/factory-12.webp\"\/><\/p>\n<p><img decoding=\"async\" src=\"\/wp-content\/uploads\/factory-13.webp\"\/><\/p>\n<p><img decoding=\"async\" src=\"\/wp-content\/uploads\/factory-14.webp\"\/><\/p>\n<h2>FAQ<\/h2>\n<p><p><b>1.Mik\u00e4 on alumiininen porttiaita?<\/b><\/p>\n<p>Alumiininen porttiaita on korkealaatuisesta alumiiniseoksesta valmistettu tukeva estej\u00e4rjestelm\u00e4, joka on suunniteltu turvaamaan kiinteist\u00f6n rajat kevyell\u00e4 kest\u00e4vyydell\u00e4.<br \/>\n<\/p><br \/>\n<br \/>\n<p><b>2.Miksi valita alumiininen porttiaita?<\/b><\/p>\n<p>Alumiininen porttiaita tarjoaa ylivoimaisen korroosionkest\u00e4vyyden, v\u00e4h\u00e4isen huollon ja tyylikk\u00e4\u00e4n modernin estetiikan verrattuna rauta- tai ter\u00e4svaihtoehtoihin.<br \/>\n<\/p><br \/>\n<br \/>\n<p><b>3.Miten korroosionkest\u00e4vyys hy\u00f6dytt\u00e4\u00e4 alumiinista valmistettua porttiaitaa?<\/b><\/p>\n<p>Korroosionkest\u00e4v\u00e4t alumiiniset porttiaitapaneelit kest\u00e4v\u00e4t sadetta, suolaista ilmaa ja UV-s\u00e4teily\u00e4, mik\u00e4 takaa pitk\u00e4aikaisen toimivuuden ilman ruostumista tai lahoamista.<br \/>\n<\/p><br \/>\n<br \/>\n<p><b>4.Ovatko alumiiniset porttiaidat v\u00e4h\u00e4n huoltoa vaativia?<\/b><\/p>\n<p>Kyll\u00e4, alumiiniset porttiaidat vaativat vain satunnaista puhdistusta ja tarkastusta, jotta niiden viimeistely ja rakenteellinen eheys s\u00e4ilyisiv\u00e4t ajan my\u00f6t\u00e4.<br \/>\n<\/p><br \/>\n<br \/>\n<p><b>5.Can alumiini portti aidat voidaan r\u00e4\u00e4t\u00e4l\u00f6id\u00e4?<\/b><\/p>\n<p>Alumiiniset porttiaidat tukevat r\u00e4\u00e4t\u00e4l\u00f6ityj\u00e4 korkeuksia, leveyksi\u00e4, jauhemaalin v\u00e4rej\u00e4 ja koristeellisia kuvioita, jotka sopivat mihin tahansa arkkitehtoniseen tyyliin.<br \/>\n<\/p><br \/>\n<br \/>\n<p><b>6.Miten alumiininen porttiaita parantaa turvallisuutta?<\/b><\/p>\n<p>Alumiininen porttiaita tarjoaa vankan suojauksen, jossa on vahvistetut pylv\u00e4\u00e4t, lukittavat portit ja peukaloinnin kest\u00e4v\u00e4t laitteistot.<br \/>\n<\/p><br \/>\n<br \/>\n<p><b>7.Mit\u00e4 suunnitteluvaihtoehtoja alumiiniporttiaidoille on saatavana?<\/b><\/p>\n<p>Alumiinisten porttiaitojen suunnitteluvaihtoehtoja ovat s\u00e4le-, poimu-, ristikko- ja paneelimallit sek\u00e4 integroidut valaistus- ja automaatio-ominaisuudet.<br \/>\n<\/p><br \/>\n<br \/>\n<p><b>8.Ovatko alumiiniset porttiaidat ymp\u00e4rist\u00f6yst\u00e4v\u00e4llisi\u00e4?<\/b><\/p>\n<p>Alumiiniset porttiaidat ovat t\u00e4ysin kierr\u00e4tett\u00e4vi\u00e4, niiden valmistamiseen tarvitaan v\u00e4hemm\u00e4n energiaa kuin ter\u00e4ksen ja ne edist\u00e4v\u00e4t kest\u00e4vi\u00e4 rakennusk\u00e4yt\u00e4nt\u00f6j\u00e4.<br \/>\n<\/p><br \/>\n<br \/>\n<p><b>9.Miten alumiiniset porttiaidat toimivat ankarassa s\u00e4\u00e4ss\u00e4?<\/b><\/p>\n<p>S\u00e4\u00e4nkest\u00e4v\u00e4t alumiiniset porttiaidat s\u00e4ilytt\u00e4v\u00e4t rakenteellisen lujuuden ja v\u00e4rin pysyvyyden \u00e4\u00e4rimm\u00e4isiss\u00e4 l\u00e4mp\u00f6tiloissa, tuulessa ja sateessa.<br \/>\n<\/p><br \/>\n<br \/>\n<p><b>10.Mist\u00e4 voin hankkia korkealaatuisia alumiinisia porttiaitaratkaisuja?<\/b><\/p>\n<p>Johtavat alumiinisten porttiaitaj\u00e4rjestelmien valmistajat tarjoavat ISO-sertifioituja tuotteita, maailmanlaajuisen jakelun ja kattavan teknisen tuen.<br \/>\n<\/p><br \/><\/p>","protected":false},"featured_media":6273,"template":"","categories":[59],"class_list":["post-6274","product","type-product","status-publish","has-post-thumbnail","hentry","category-aluminum-window-door-system"],"meta_box":{"hilight_text_group":{"product_hilight_text":"<li>Made from 6063-T5 aluminum alloy for high strength and corrosion resistance<\/li>\r\r\n<li>Hard-anodized or powder-coated surface for oxidation resistance and easy cleaning<\/li>\r\r\n<li>Modular design with customizable dimensions to suit various installation requirements<\/li>\r\r\n<li>Lightweight construction reduces shipping and installation costs<\/li>\r\r\n<li>Compatible with various locks and accessories for enhanced security<\/li>\r\r\n<li>Integrated drainage channels effectively prevent water accumulation and corrosion<\/li>\r\r\n<li>Certified to ISO and CE standards for reliable quality assurance<\/li>\r\r\n<li>Low maintenance costs with long service life, maximizing cost-effectiveness<\/li>","product_chanpin_chanpin":"<li><a href=\"https:\/\/sinoextrud.com\/product\/aluminum-profile-windows-extrusion-companies-in-china\/\" target=\"_blank\">aluminum profile windows extrusion companies in china<\/a><\/li>\r\n<li><a href=\"https:\/\/sinoextrud.com\/product\/thermal-break-aluminium-profiles\/\" target=\"_blank\">Thermal Break Aluminium Profiles<\/a><\/li>\r\n<li><a href=\"https:\/\/sinoextrud.com\/product\/aluminium-mosquito-net-windows-and-door\/\" target=\"_blank\">Aluminium Mosquito Net Windows And Door<\/a><\/li>\r\n<li><a href=\"https:\/\/sinoextrud.com\/product\/aluminum-profile-doors\/\" target=\"_blank\">Aluminum Profile Doors<\/a><\/li>\r\n<li><a href=\"https:\/\/sinoextrud.com\/product\/aluminium-gate-fence\/\" target=\"_blank\">Aluminium gate fence<\/a><\/li>\r\n<li><a href=\"https:\/\/sinoextrud.com\/product\/aluminum-windows-and-doors\/\" target=\"_blank\">Aluminum Windows And Doors<\/a><\/li>\r\n<li><a href=\"https:\/\/sinoextrud.com\/product\/oem-aluminum-extrusion-profile-for-windows-and-doors\/\" target=\"_blank\">OEM Aluminum Extrusion Profile for Windows and Doors<\/a><\/li>\r\n<li><a href=\"https:\/\/sinoextrud.com\/product\/aluminium-tube-suppliers-offer-extruded-aluminium-square-tube-profile-with-anodized-powder-coating-surface-treatment\/\" target=\"_blank\">Aluminium Tube Suppliers Offer Extruded Aluminium Square Tube Profile With Anodized Powder Coating Surface Treatment<\/a><\/li>\r\n<li><a href=\"https:\/\/sinoextrud.com\/product\/oem-aluminum-channel-tube-and-pipe-extrusions-profile-for-constuction\/\" target=\"_blank\">OEM Aluminum Channel Tube And Pipe Extrusions Profile For Constuction<\/a><\/li>\r\n<li><a href=\"https:\/\/sinoextrud.com\/product\/round-t-slot-extrusion\/\" target=\"_blank\">Round T Slot Extrusion<\/a><\/li>\r\n<li><a href=\"https:\/\/sinoextrud.com\/product\/aluminium-window-frame-section\/\" target=\"_blank\">Aluminium Window Frame Section<\/a><\/li>"},"feature_list":[]},"_links":{"self":[{"href":"https:\/\/sinoextrud.com\/fi\/wp-json\/wp\/v2\/product\/6274","targetHints":{"allow":["GET"]}}],"collection":[{"href":"https:\/\/sinoextrud.com\/fi\/wp-json\/wp\/v2\/product"}],"about":[{"href":"https:\/\/sinoextrud.com\/fi\/wp-json\/wp\/v2\/types\/product"}],"wp:featuredmedia":[{"embeddable":true,"href":"https:\/\/sinoextrud.com\/fi\/wp-json\/wp\/v2\/media\/6273"}],"wp:attachment":[{"href":"https:\/\/sinoextrud.com\/fi\/wp-json\/wp\/v2\/media?parent=6274"}],"wp:term":[{"taxonomy":"category","embeddable":true,"href":"https:\/\/sinoextrud.com\/fi\/wp-json\/wp\/v2\/categories?post=6274"}],"curies":[{"name":"wp","href":"https:\/\/api.w.org\/{rel}","templated":true}]}}