{"id":6270,"date":"2025-05-26T07:23:26","date_gmt":"2025-05-26T07:23:26","guid":{"rendered":"https:\/\/sinoextrud.com\/product\/aluminium-mosquito-net-windows-and-door\/"},"modified":"2025-06-24T03:59:15","modified_gmt":"2025-06-24T03:59:15","slug":"alumiiniset-hyttysverkko-ikkunat-ja-ovi","status":"publish","type":"product","link":"https:\/\/sinoextrud.com\/fi\/product\/aluminium-mosquito-net-windows-and-door\/","title":{"rendered":"Alumiiniset hyttysverkko-ikkunat ja -ovet"},"content":{"rendered":"<h2>Tuotteiden tiedot<\/h2>\n<table class=\"custom-table\">\n<tr>\n<td class=\"label\">Tuotenro.<\/td>\n<td>Alumiiniset hyttysverkko-ikkunat ja -ovet<\/td>\n<\/tr>\n<tr>\n<td class=\"label\">Nimi<\/td>\n<td>V\u00e4rit asiakkaiden tarpeisiin alumiini hyttysverkko ovi suunnittelu puutarha-<\/td>\n<\/tr>\n<tr>\n<td class=\"label\">Materiaali<\/td>\n<td>N\u00e4yt\u00f6n kehys - alumiiniseos 6063T5<\/td>\n<\/tr>\n<tr>\n<td class=\"label\">KOKO<\/td>\n<td>Kuten pyyd\u00e4tte<\/td>\n<\/tr>\n<tr>\n<td class=\"label\">Verkon v\u00e4ri<\/td>\n<td>Musta, harmaa<\/td>\n<\/tr>\n<tr>\n<td class=\"label\">N\u00e4yt\u00f6n kehyksen v\u00e4ri<\/td>\n<td>Valkoinen, harmaa, pronssinv\u00e4rinen, n\u00e4kym\u00e4t\u00f6n vihre\u00e4, tummanharmaa, j\u00e4ljitelty ter\u00e4s, keltainen puun v\u00e4ri, punainen puun v\u00e4ri jne. tai r\u00e4\u00e4t\u00e4l\u00f6ityj\u00e4.<\/td>\n<\/tr>\n<tr>\n<td class=\"label\">Ostotila<\/td>\n<td>Puolivalmisteet \/ kiinte\u00e4 koko<\/td>\n<\/tr>\n<tr>\n<td class=\"label\">T\u00e4rkeimm\u00e4t ominaisuudet<\/td>\n<td>K\u00e4ytt\u00e4j\u00e4yst\u00e4v\u00e4llinen, vankka ja moderni;<br \/>Koska lattialla ei ole ohjaimia, se on helppo puhdistaa ja kuljettaa.<br \/>Helppo asentaa ja irrottaa k\u00e4ytt\u00e4m\u00e4ll\u00e4 erityisi\u00e4 muoviklipsej\u00e4.<br \/>Mahdollisuus yhdist\u00e4\u00e4 useampi kuin yksi ovi, mik\u00e4 mahdollistaa huomattavan leveyden kattamisen.<br \/>Saatavana kaikkiin olemassa oleviin oviisi, yksi- tai parioviin.<br \/>Ihanteellinen suurille parvekkeille, verannoille, ranskalaisille oville, taitto-oville ja autotalliin jne.<br \/>Kaikki lis\u00e4varusteet voidaan toimittaa erikseen<\/td>\n<\/tr>\n<tr>\n<td class=\"label\">Pakkaus<\/td>\n<td>Sis\u00e4inen: k\u00e4\u00e4ritty kupla pussi<\/td>\n<\/tr>\n<tr>\n<td class=\"label\">Toimitusaika<\/td>\n<td>15 p\u00e4iv\u00e4\u00e4 maksun vastaanottamisen j\u00e4lkeen<\/td>\n<\/tr>\n<tr>\n<td class=\"label\">Toimituslauseke<\/td>\n<td>FOB FOSHAN ,GUANGZHOU ,SHENZHEN<\/td>\n<\/tr>\n<tr>\n<td class=\"label\">Maksuehdot<\/td>\n<td>Prepaid T\/T ja L\/C<\/td>\n<\/tr>\n<\/table>\n<h2>Tuotantopohjamme<\/h2>\n<h3>Tehtaan panoraama<\/h3>\n<p><img decoding=\"async\" src=\"\/wp-content\/uploads\/factory-01.webp\"\/><\/p>\n<h3>Alumiini Bar Manufacturing Workshop<\/h3>\n<p><img decoding=\"async\" src=\"\/wp-content\/uploads\/factory-02.webp\"\/><\/p>\n<p><img decoding=\"async\" src=\"\/wp-content\/uploads\/factory-03.webp\"\/><\/p>\n<h3>Muotin varastointi Varasto<\/h3>\n<p><img decoding=\"async\" src=\"\/wp-content\/uploads\/factory-04.webp\"\/><\/p>\n<h3>43 Alumiini ekstruusiolinjat (500\u00e2 5500 tonnia)<\/h3>\n<p><img decoding=\"async\" src=\"\/wp-content\/uploads\/factory-05.webp\"\/><\/p>\n<p><img decoding=\"async\" src=\"\/wp-content\/uploads\/factory-06.webp\"\/><\/p>\n<p><img decoding=\"async\" src=\"\/wp-content\/uploads\/factory-07.webp\"\/><\/p>\n<h3>Jauhemaalaus ty\u00f6paja<\/h3>\n<p><img decoding=\"async\" src=\"\/wp-content\/uploads\/factory-09.webp\"\/><\/p>\n<h3>Anodisointi ty\u00f6paja<\/h3>\n<p><img decoding=\"async\" src=\"\/wp-content\/uploads\/factory-10.webp\"\/><\/p>\n<h3>Syv\u00e4k\u00e4sittelyn ty\u00f6paja<\/h3>\n<p><img decoding=\"async\" src=\"\/wp-content\/uploads\/factory-11.webp\"\/><\/p>\n<h3>CNC-tarkkuuskoneistus ty\u00f6paja<\/h3>\n<p><img decoding=\"async\" src=\"\/wp-content\/uploads\/factory-11.5.webp\"\/><\/p>\n<h3>Valmiiden tuotteiden ja vientivarasto<\/h3>\n<p><img decoding=\"async\" src=\"\/wp-content\/uploads\/factory-12.webp\"\/><\/p>\n<p><img decoding=\"async\" src=\"\/wp-content\/uploads\/factory-13.webp\"\/><\/p>\n<p><img decoding=\"async\" src=\"\/wp-content\/uploads\/factory-14.webp\"\/><\/p>\n<h2>FAQ<\/h2>\n<p><p><b>1.Mik\u00e4 on alumiininen hyttysverkkoikkuna ja -ovi?<\/b><\/p>\n<p>Alumiininen hyttysverkko-ikkuna ja -ovi on kest\u00e4v\u00e4, korroosionkest\u00e4v\u00e4 kehysj\u00e4rjestelm\u00e4, jossa on integroitu hienoverkkoinen hy\u00f6nteissuoja ja tuuletus.<br \/>\n<\/p><br \/>\n<br \/>\n<p><b>2.Miksi valita alumiininen hyttysverkkoikkuna ja -ovi?<\/b><\/p>\n<p>Alumiiniset hyttysverkko-ikkunat ja -ovet yhdist\u00e4v\u00e4t kevyen lujuuden, ruostumattomuuden ja helppok\u00e4ytt\u00f6isyyden sek\u00e4 tehokkaan hyttys- ja tuholaistorjunnan.<br \/>\n<\/p><br \/>\n<br \/>\n<p><b>3.Miten alumiininen hyttysverkkoikkuna ja -ovi parantaa ilmavirtaa?<\/b><\/p>\n<p>Alumiinisten hyttysverkkoikkunoiden ja -ovien hieno verkko mahdollistaa maksimaalisen ilmavirran ja est\u00e4\u00e4 samalla hy\u00f6nteisten p\u00e4\u00e4syn sis\u00e4\u00e4n, mik\u00e4 parantaa sis\u00e4ilman laatua.<br \/>\n<\/p><br \/>\n<br \/>\n<p><b>4.Ovatko alumiiniset hyttysverkko-ikkuna- ja ovikehykset v\u00e4h\u00e4n huoltoa?<\/b><\/p>\n<p>Kyll\u00e4, alumiiniset hyttysverkko-ikkunat ja -ovet vaativat vain kehysten ja ikkunoiden ajoittaista puhdistusta korroosionkest\u00e4vyyden ja moitteettoman toiminnan yll\u00e4pit\u00e4miseksi.<br \/>\n<\/p><br \/>\n<br \/>\n<p><b>5.Can alumiini hyttysverkko ikkuna ja ovi n\u00e4yt\u00f6t voidaan r\u00e4\u00e4t\u00e4l\u00f6id\u00e4?<\/b><\/p>\n<p>Alumiiniset hyttysverkko-ikkuna- ja ovisuojat tukevat r\u00e4\u00e4t\u00e4l\u00f6ityj\u00e4 verkkotiheyksi\u00e4, kehysten v\u00e4rej\u00e4 ja kokoja, jotka sopivat mihin tahansa ikkuna- tai oviaukkoon.<br \/>\n<\/p><br \/>\n<br \/>\n<p><b>6.Miten alumiiniset hyttysverkko-ikkunoiden ja ovien kehykset toimivat ankarissa ilmasto-olosuhteissa?<\/b><\/p>\n<p>S\u00e4\u00e4nkest\u00e4v\u00e4t alumiiniset hyttysverkko-ikkunat ja -ovet kest\u00e4v\u00e4t UV-altistusta, suolaista ilmaa ja kosteutta v\u00e4\u00e4ntym\u00e4tt\u00e4 tai haalistumatta.<br \/>\n<\/p><br \/>\n<br \/>\n<p><b>7.What turvallisuusominaisuudet ovat olemassa alumiini Mosquito Net ikkuna ja ovi?<\/b><\/p>\n<p>Vahvistetut alumiiniset hyttysverkko-ikkuna- ja ovikehykset voivat sis\u00e4lt\u00e4\u00e4 monipistelukot ja vahvistetun verkon, mik\u00e4 lis\u00e4\u00e4 turvallisuutta ja mielenrauhaa.<br \/>\n<\/p><br \/>\n<br \/>\n<p><b>8.Do Alumiiniset hyttysverkko-ikkuna- ja ovij\u00e4rjestelm\u00e4t tukevat helppoa asennusta?<\/b><\/p>\n<p>Alumiinisissa hyttysverkko-ikkuna- ja ovisarjoissa on valmiiksi poratut kehykset ja sis\u00e4\u00e4nrakennettava verkko, joka mahdollistaa nopean DIY- tai ammattilaisasennuksen.<br \/>\n<\/p><br \/>\n<br \/>\n<p><b>9.Kuinka ymp\u00e4rist\u00f6yst\u00e4v\u00e4llisi\u00e4 ovat alumiiniset hyttysverkko-ikkuna- ja ovituotteet?<\/b><\/p>\n<p>Alumiiniset hyttysverkko-ikkunat ja -ovet ovat t\u00e4ysin kierr\u00e4tett\u00e4viss\u00e4, niiden valmistus on energiatehokasta ja ne edist\u00e4v\u00e4t kest\u00e4vi\u00e4 rakennusk\u00e4yt\u00e4nt\u00f6j\u00e4.<br \/>\n<\/p><br \/>\n<br \/>\n<p><b>10.Mist\u00e4 voin hankkia laadukkaita alumiinisia hyttysverkko-ikkuna- ja oviratkaisuja?<\/b><\/p>\n<p>Johtavat alumiinisten hyttysverkkoikkunoiden ja -ovien valmistajat tarjoavat ISO-sertifioituja tuotteita, maailmanlaajuisen jakelun ja erityisen teknisen tuen.<br \/>\n<\/p><br \/><\/p>","protected":false},"featured_media":6269,"template":"","categories":[59],"class_list":["post-6270","product","type-product","status-publish","has-post-thumbnail","hentry","category-aluminum-window-door-system"],"meta_box":{"hilight_text_group":{"product_hilight_text":"<li>Multi-chamber thermal break design for superior insulation and reduced energy costs<\/li>\r\r\n<li>High-strength 6063-T5 alloy construction ensuring structural rigidity<\/li>\r\r\n<li>Precision extrusion with \u00c2\u00b10.1 mm tolerance for seamless assembly<\/li>\r\r\n<li>Customizable profiles and lengths to suit diverse architectural requirements<\/li>\r\r\n<li>Optional finishes (anodized, powder-coated) for corrosion protection and aesthetics<\/li>\r\r\n<li>Integrated drainage and condensation channels for reliable water management<\/li>\r\r\n<li>Compliant with international thermal performance standards (EN, ASTM)<\/li>\r\r\n<li>RoHS-compliant and fully recyclable for sustainable building practices<\/li>","product_chanpin_chanpin":"<li><a href=\"https:\/\/sinoextrud.com\/product\/aluminum-casement-window-double-hung-single-hung-jalousie-security-door-and-window\/\" target=\"_blank\">aluminum casement window Double Hung Single Hung Jalousie Security Door And Window<\/a><\/li>\r\n<li><a href=\"https:\/\/sinoextrud.com\/product\/aluminum-window\/\" target=\"_blank\">Aluminum Window<\/a><\/li>\r\n<li><a href=\"https:\/\/sinoextrud.com\/product\/aluminum-profile-windows-extrusion-companies-in-china\/\" target=\"_blank\">aluminum profile windows extrusion companies in china<\/a><\/li>\r\n<li><a href=\"https:\/\/sinoextrud.com\/product\/thermal-break-aluminium-profiles\/\" target=\"_blank\">Thermal Break Aluminium Profiles<\/a><\/li>\r\n<li><a href=\"https:\/\/sinoextrud.com\/product\/aluminium-mosquito-net-windows-and-door\/\" target=\"_blank\">Aluminium Mosquito Net Windows And Door<\/a><\/li>\r\n<li><a href=\"https:\/\/sinoextrud.com\/product\/aluminum-profile-doors\/\" target=\"_blank\">Aluminum Profile Doors<\/a><\/li>\r\n<li><a href=\"https:\/\/sinoextrud.com\/product\/aluminium-gate-fence\/\" target=\"_blank\">Aluminium gate fence<\/a><\/li>\r\n<li><a href=\"https:\/\/sinoextrud.com\/product\/aluminum-windows-and-doors\/\" target=\"_blank\">Aluminum Windows And Doors<\/a><\/li>\r\n<li><a href=\"https:\/\/sinoextrud.com\/product\/oem-aluminum-extrusion-profile-for-windows-and-doors\/\" target=\"_blank\">OEM Aluminum Extrusion Profile for Windows and Doors<\/a><\/li>\r\n<li><a href=\"https:\/\/sinoextrud.com\/product\/aluminium-enclosure\/\" target=\"_blank\">Aluminium Enclosure<\/a><\/li>\r\n<li><a href=\"https:\/\/sinoextrud.com\/product\/aluminum-hydraulic-oil-tank\/\" target=\"_blank\">Aluminum Hydraulic Oil Tank<\/a><\/li>"},"feature_list":[]},"_links":{"self":[{"href":"https:\/\/sinoextrud.com\/fi\/wp-json\/wp\/v2\/product\/6270","targetHints":{"allow":["GET"]}}],"collection":[{"href":"https:\/\/sinoextrud.com\/fi\/wp-json\/wp\/v2\/product"}],"about":[{"href":"https:\/\/sinoextrud.com\/fi\/wp-json\/wp\/v2\/types\/product"}],"wp:featuredmedia":[{"embeddable":true,"href":"https:\/\/sinoextrud.com\/fi\/wp-json\/wp\/v2\/media\/6269"}],"wp:attachment":[{"href":"https:\/\/sinoextrud.com\/fi\/wp-json\/wp\/v2\/media?parent=6270"}],"wp:term":[{"taxonomy":"category","embeddable":true,"href":"https:\/\/sinoextrud.com\/fi\/wp-json\/wp\/v2\/categories?post=6270"}],"curies":[{"name":"wp","href":"https:\/\/api.w.org\/{rel}","templated":true}]}}