{"id":6268,"date":"2025-05-26T07:20:44","date_gmt":"2025-05-26T07:20:44","guid":{"rendered":"https:\/\/sinoextrud.com\/product\/thermal-break-aluminium-profiles\/"},"modified":"2025-06-24T03:59:01","modified_gmt":"2025-06-24T03:59:01","slug":"lampokatkon-alumiiniprofiilit","status":"publish","type":"product","link":"https:\/\/sinoextrud.com\/fi\/product\/thermal-break-aluminium-profiles\/","title":{"rendered":"L\u00e4mp\u00f6katkon alumiiniprofiilit"},"content":{"rendered":"<h2>Tuotteiden tiedot<\/h2>\n<table class=\"custom-table\">\n<tr>\n<td class=\"label\">Otsikko<\/td>\n<td>L\u00e4mp\u00f6eristetyt alumiiniprofiilit<\/td>\n<\/tr>\n<tr>\n<td class=\"label\">Materiaali<\/td>\n<td>Alumiiniseos (6063, 6061, 6463, 6005, 6082)<\/td>\n<\/tr>\n<tr>\n<td class=\"label\">Temper<\/td>\n<td>T5<\/td>\n<\/tr>\n<tr>\n<td class=\"label\">Koko<\/td>\n<td>Piirustuksen mukaan<\/td>\n<\/tr>\n<tr>\n<td class=\"label\">Pintak\u00e4sittely<\/td>\n<td>Anodisoitu, hiekkapuhallettu, kiillotus, elektroforeesi, tehopinnoitus<\/td>\n<\/tr>\n<tr>\n<td class=\"label\">V\u00e4ri<\/td>\n<td>R\u00e4\u00e4t\u00e4l\u00f6ity on saatavilla<\/td>\n<\/tr>\n<tr>\n<td class=\"label\">Todistus<\/td>\n<td>TUV, ASTM, GB<\/td>\n<\/tr>\n<tr>\n<td class=\"label\">Osoitteesta<\/td>\n<td>Guangdong, Kiina<\/td>\n<\/tr>\n<\/table>\n<h2>Tuotantopohjamme<\/h2>\n<h3>Tehtaan panoraama<\/h3>\n<p><img decoding=\"async\" src=\"\/wp-content\/uploads\/factory-01.webp\"\/><\/p>\n<h3>Alumiini Bar Manufacturing Workshop<\/h3>\n<p><img decoding=\"async\" src=\"\/wp-content\/uploads\/factory-02.webp\"\/><\/p>\n<p><img decoding=\"async\" src=\"\/wp-content\/uploads\/factory-03.webp\"\/><\/p>\n<h3>Muotin varastointi Varasto<\/h3>\n<p><img decoding=\"async\" src=\"\/wp-content\/uploads\/factory-04.webp\"\/><\/p>\n<h3>43 Alumiini ekstruusiolinjat (500\u00e2 5500 tonnia)<\/h3>\n<p><img decoding=\"async\" src=\"\/wp-content\/uploads\/factory-05.webp\"\/><\/p>\n<p><img decoding=\"async\" src=\"\/wp-content\/uploads\/factory-06.webp\"\/><\/p>\n<p><img decoding=\"async\" src=\"\/wp-content\/uploads\/factory-07.webp\"\/><\/p>\n<h3>Jauhemaalaus ty\u00f6paja<\/h3>\n<p><img decoding=\"async\" src=\"\/wp-content\/uploads\/factory-09.webp\"\/><\/p>\n<h3>Anodisointi ty\u00f6paja<\/h3>\n<p><img decoding=\"async\" src=\"\/wp-content\/uploads\/factory-10.webp\"\/><\/p>\n<h3>Syv\u00e4k\u00e4sittelyn ty\u00f6paja<\/h3>\n<p><img decoding=\"async\" src=\"\/wp-content\/uploads\/factory-11.webp\"\/><\/p>\n<h3>CNC-tarkkuuskoneistus ty\u00f6paja<\/h3>\n<p><img decoding=\"async\" src=\"\/wp-content\/uploads\/factory-11.5.webp\"\/><\/p>\n<h3>Valmiiden tuotteiden ja vientivarasto<\/h3>\n<p><img decoding=\"async\" src=\"\/wp-content\/uploads\/factory-12.webp\"\/><\/p>\n<p><img decoding=\"async\" src=\"\/wp-content\/uploads\/factory-13.webp\"\/><\/p>\n<p><img decoding=\"async\" src=\"\/wp-content\/uploads\/factory-14.webp\"\/><\/p>\n<h2>FAQ<\/h2>\n<p><p><b>1.Mit\u00e4 ovat l\u00e4mp\u00f6katkon alumiiniprofiilit?<\/b><\/p>\n<p>Thermal Break -alumiiniprofiilit ovat suulakepuristettuja alumiiniprofiileja, joissa on ei-johtava polymeerisulku, joka v\u00e4hent\u00e4\u00e4 l\u00e4mm\u00f6nsiirtoa ja parantaa rakennuksen eristyst\u00e4.<br \/>\n<\/p><br \/>\n<br \/>\n<p><b>2.Miten Thermal Break -alumiiniprofiilit parantavat energiatehokkuutta?<\/b><\/p>\n<p>Integroimalla l\u00e4mp\u00f6eristyssulku n\u00e4m\u00e4 profiilit minimoivat l\u00e4mp\u00f6sillat, alentavat U-arvoja ja auttavat saavuttamaan energians\u00e4\u00e4st\u00f6tavoitteet ja vihre\u00e4n rakentamisen standardit.<br \/>\n<\/p><br \/>\n<br \/>\n<p><b>3.Mitk\u00e4 sovellukset hy\u00f6tyv\u00e4t Thermal Break -alumiiniprofiileista?<\/b><\/p>\n<p>Thermal Break -alumiiniprofiilit sopivat erinomaisesti ikkunoihin, oviin, verhoseiniin, julkisivuihin ja kattoikkunoihin, joissa l\u00e4mp\u00f6tehokkuus ja kondenssin hallinta ovat kriittisi\u00e4.<br \/>\n<\/p><br \/>\n<br \/>\n<p><b>4.Miksi valita Thermal Break -alumiiniprofiilit tavallisen alumiinin sijaan?<\/b><\/p>\n<p>L\u00e4mp\u00f6eristetyt alumiiniprofiilit tarjoavat paremman eristyksen, v\u00e4hent\u00e4v\u00e4t l\u00e4mmitys- ja j\u00e4\u00e4hdytyskustannuksia ja est\u00e4v\u00e4t sis\u00e4tilojen tiivistymist\u00e4 verrattuna l\u00e4mp\u00f6erist\u00e4m\u00e4tt\u00f6miin profiileihin.<br \/>\n<\/p><br \/>\n<br \/>\n<p><b>5.Can Thermal Break Alumiiniprofiilit voidaan r\u00e4\u00e4t\u00e4l\u00f6id\u00e4?<\/b><\/p>\n<p>Kyll\u00e4, Thermal Break -alumiiniprofiilit tukevat r\u00e4\u00e4t\u00e4l\u00f6ityj\u00e4 poikkileikkauksia, katkaisumateriaalityyppej\u00e4, pintak\u00e4sittelyj\u00e4 ja pituuksia erityisten arkkitehtonisten ja suorituskykyvaatimusten t\u00e4ytt\u00e4miseksi.<br \/>\n<\/p><br \/>\n<br \/>\n<p><b>6.Mit\u00e4 materiaaleja k\u00e4ytet\u00e4\u00e4n Thermal Break -alumiiniprofiileissa?<\/b><\/p>\n<p>N\u00e4iss\u00e4 profiileissa yhdistyv\u00e4t lujat alumiiniseokset (esim. 6063-T6) ja kest\u00e4v\u00e4t PA66- tai lasikuituvahvisteiset polyamidil\u00e4mp\u00f6eristeet, jotka takaavat optimaalisen lujuuden ja eristyksen.<br \/>\n<\/p><br \/>\n<br \/>\n<p><b>7.Miten Thermal Break -alumiiniprofiilien asennus toimii?<\/b><\/p>\n<p>Asennukseen kuuluu suulakepuristettujen profiilien kohdistaminen, kiinnitt\u00e4minen mekaanisilla kiinnikkeill\u00e4 ja l\u00e4mp\u00f6sulkukomponenttien liimaaminen jatkuvan eristyksen yll\u00e4pit\u00e4miseksi.<br \/>\n<\/p><br \/>\n<br \/>\n<p><b>8.Ovatko Thermal Break -alumiiniprofiilit kest\u00e4vi\u00e4?<\/b><\/p>\n<p>Thermal Break -alumiiniprofiilit ovat t\u00e4ysin kierr\u00e4tett\u00e4vi\u00e4, v\u00e4hent\u00e4v\u00e4t rakennusten energiankulutusta ja tukevat LEED-, BREEAM- ja muita kest\u00e4v\u00e4n rakentamisen sertifikaatteja.<br \/>\n<\/p><br \/>\n<br \/>\n<p><b>9.Mit\u00e4 huoltotoimenpiteit\u00e4 Thermal Break -alumiiniprofiilit vaativat?<\/b><\/p>\n<p>V\u00e4h\u00e4n huoltoa vaativat Thermal Break -alumiiniprofiilit tarvitsevat vain alumiinipintojen ajoittaista puhdistusta ja tiivisteiden tarkastusta s\u00e4ilytt\u00e4\u00e4kseen l\u00e4mp\u00f6tehokkuutensa.<br \/>\n<\/p><br \/>\n<br \/>\n<p><b>10.Mist\u00e4 voin hankkia korkealaatuisia Thermal Break -alumiiniprofiileja?<\/b><\/p>\n<p>Johtavat alumiinipuristimet toimittavat sertifioituja Thermal Break -alumiiniprofiileja ISO 9001-, EN 14024- ja AAMA-standardien mukaisesti sek\u00e4 teknist\u00e4 tukea ja maailmanlaajuista toimitusta.<br \/>\n<\/p><br \/><\/p>","protected":false},"featured_media":6267,"template":"","categories":[59],"class_list":["post-6268","product","type-product","status-publish","has-post-thumbnail","hentry","category-aluminum-window-door-system"],"meta_box":{"hilight_text_group":{"product_hilight_text":"<li>Multi-chamber thermal break design for superior insulation and reduced energy costs<\/li>\r\r\n<li>High-strength 6063-T5 alloy construction ensuring structural rigidity<\/li>\r\r\n<li>Precision extrusion with \u00c2\u00b10.1 mm tolerance for seamless assembly<\/li>\r\r\n<li>Customizable profiles and lengths to suit diverse architectural requirements<\/li>\r\r\n<li>Optional finishes (anodized, powder-coated) for corrosion protection and aesthetics<\/li>\r\r\n<li>Integrated drainage and condensation channels for reliable water management<\/li>\r\r\n<li>Compliant with international thermal performance standards (EN, ASTM)<\/li>\r\r\n<li>RoHS-compliant and fully recyclable for sustainable building practices<\/li>","product_chanpin_chanpin":"<li><a href=\"https:\/\/sinoextrud.com\/product\/aluminum-window-profile\/\" target=\"_blank\">Aluminum Window Profile<\/a><\/li>\r\n<li><a href=\"https:\/\/sinoextrud.com\/product\/aluminum-casement-window-double-hung-single-hung-jalousie-security-door-and-window\/\" target=\"_blank\">aluminum casement window Double Hung Single Hung Jalousie Security Door And Window<\/a><\/li>\r\n<li><a href=\"https:\/\/sinoextrud.com\/product\/aluminum-window\/\" target=\"_blank\">Aluminum Window<\/a><\/li>\r\n<li><a href=\"https:\/\/sinoextrud.com\/product\/aluminum-profile-windows-extrusion-companies-in-china\/\" target=\"_blank\">aluminum profile windows extrusion companies in china<\/a><\/li>\r\n<li><a href=\"https:\/\/sinoextrud.com\/product\/thermal-break-aluminium-profiles\/\" target=\"_blank\">Thermal Break Aluminium Profiles<\/a><\/li>\r\n<li><a href=\"https:\/\/sinoextrud.com\/product\/aluminium-mosquito-net-windows-and-door\/\" target=\"_blank\">Aluminium Mosquito Net Windows And Door<\/a><\/li>\r\n<li><a href=\"https:\/\/sinoextrud.com\/product\/aluminum-profile-doors\/\" target=\"_blank\">Aluminum Profile Doors<\/a><\/li>\r\n<li><a href=\"https:\/\/sinoextrud.com\/product\/aluminium-gate-fence\/\" target=\"_blank\">Aluminium gate fence<\/a><\/li>\r\n<li><a href=\"https:\/\/sinoextrud.com\/product\/aluminum-windows-and-doors\/\" target=\"_blank\">Aluminum Windows And Doors<\/a><\/li>\r\n<li><a href=\"https:\/\/sinoextrud.com\/product\/china-aluminum-extrusion-6061-6063-anodized-aluminum-pipe\/\" target=\"_blank\">China Aluminum Extrusion 6061 6063 Anodized Aluminum Pipe<\/a><\/li>\r\n<li><a href=\"https:\/\/sinoextrud.com\/product\/aluminium-extruded-sections\/\" target=\"_blank\">Aluminium Extruded Sections<\/a><\/li>"},"feature_list":[]},"_links":{"self":[{"href":"https:\/\/sinoextrud.com\/fi\/wp-json\/wp\/v2\/product\/6268","targetHints":{"allow":["GET"]}}],"collection":[{"href":"https:\/\/sinoextrud.com\/fi\/wp-json\/wp\/v2\/product"}],"about":[{"href":"https:\/\/sinoextrud.com\/fi\/wp-json\/wp\/v2\/types\/product"}],"wp:featuredmedia":[{"embeddable":true,"href":"https:\/\/sinoextrud.com\/fi\/wp-json\/wp\/v2\/media\/6267"}],"wp:attachment":[{"href":"https:\/\/sinoextrud.com\/fi\/wp-json\/wp\/v2\/media?parent=6268"}],"wp:term":[{"taxonomy":"category","embeddable":true,"href":"https:\/\/sinoextrud.com\/fi\/wp-json\/wp\/v2\/categories?post=6268"}],"curies":[{"name":"wp","href":"https:\/\/api.w.org\/{rel}","templated":true}]}}