{"id":6266,"date":"2025-05-26T07:16:30","date_gmt":"2025-05-26T07:16:30","guid":{"rendered":"https:\/\/sinoextrud.com\/product\/aluminum-profile-windows-extrusion-companies-in-china\/"},"modified":"2025-06-24T03:58:39","modified_gmt":"2025-06-24T03:58:39","slug":"alumiiniprofiili-ikkunat-suulakepuristus-yritykset-kiinassa","status":"publish","type":"product","link":"https:\/\/sinoextrud.com\/fi\/product\/aluminum-profile-windows-extrusion-companies-in-china\/","title":{"rendered":"alumiiniprofiili ikkunat suulakepuristus yritykset Kiinassa"},"content":{"rendered":"<h2>Tuotteiden tiedot<\/h2>\n<table class=\"custom-table\">\n<tr>\n<td class=\"label\">Malli NO.:<\/td>\n<td>6063 t5 alumiini profiilin ikkunat puristamiseen yritykset Kiinassa kuvia esittelyss\u00e4<\/td>\n<\/tr>\n<tr>\n<td class=\"label\">Tyyppi:<\/td>\n<td> alumiiniprofiiliset ikkunat<\/td>\n<\/tr>\n<tr>\n<td class=\"label\">Muoto:<\/td>\n<td> alumiinialan yritykset Kiinassa 80-sarja<\/td>\n<\/tr>\n<tr>\n<td class=\"label\">Pintak\u00e4sittely:<\/td>\n<td>Elektroforeesi kulta<\/td>\n<\/tr>\n<tr>\n<td class=\"label\">Seosaine:<\/td>\n<td>6063<\/td>\n<\/tr>\n<tr>\n<td class=\"label\">Sertifiointi:<\/td>\n<td>CE, ISO alumiini yritykset Kiinassa<\/td>\n<\/tr>\n<tr>\n<td class=\"label\">Kiillotettu alumiini Profiili:<\/td>\n<td>Kemiallinen kiillotus<\/td>\n<\/tr>\n<tr>\n<td class=\"label\">Tuotteen nimi:<\/td>\n<td>Alumiini ikkuna profiilit puristamalla myyt\u00e4v\u00e4n\u00e4<\/td>\n<\/tr>\n<tr>\n<td class=\"label\">Pintak\u00e4sittely:<\/td>\n<td>Anodisoitu, jauhemaalattu, puujyv\u00e4, jne.<\/td>\n<\/tr>\n<tr>\n<td class=\"label\">V\u00e4ri:<\/td>\n<td>R\u00e4\u00e4t\u00e4l\u00f6ity<\/td>\n<\/tr>\n<tr>\n<td class=\"label\">Materiaali:<\/td>\n<td>Alumiiniseos<\/td>\n<\/tr>\n<tr>\n<td class=\"label\">Alumiini Tyyppi:<\/td>\n<td>6063-T5<\/td>\n<\/tr>\n<tr>\n<td class=\"label\">Tavaramerkki:<\/td>\n<td> Sinoextrud<\/td>\n<\/tr>\n<tr>\n<td class=\"label\">Alkuper\u00e4:<\/td>\n<td> Guangdong<\/td>\n<\/tr>\n<tr>\n<td class=\"label\">HS-koodi:<\/td>\n<td>76042100<\/td>\n<\/tr>\n<\/table>\n<h2>Tuotantopohjamme<\/h2>\n<h3>Tehtaan panoraama<\/h3>\n<p><img decoding=\"async\" src=\"\/wp-content\/uploads\/factory-01.webp\"\/><\/p>\n<h3>Alumiini Bar Manufacturing Workshop<\/h3>\n<p><img decoding=\"async\" src=\"\/wp-content\/uploads\/factory-02.webp\"\/><\/p>\n<\/p>\n<p><img decoding=\"async\" src=\"\/wp-content\/uploads\/factory-03.webp\"\/><\/p>\n<h3>Muotin varastointi Varasto<\/h3>\n<p><img decoding=\"async\" src=\"\/wp-content\/uploads\/factory-04.webp\"\/><\/p>\n<h3>43 Alumiini ekstruusiolinjat (500\u00e2 5500 tonnia)<\/h3>\n<p><img decoding=\"async\" src=\"\/wp-content\/uploads\/factory-05.webp\"\/><\/p>\n<p><img decoding=\"async\" src=\"\/wp-content\/uploads\/factory-06.webp\"\/><\/p>\n<p><img decoding=\"async\" src=\"\/wp-content\/uploads\/factory-07.webp\"\/><\/p>\n<h3>Jauhemaalaus ty\u00f6paja<\/h3>\n<p><img decoding=\"async\" src=\"\/wp-content\/uploads\/factory-09.webp\"\/><\/p>\n<h3>Anodisointi ty\u00f6paja<\/h3>\n<p><img decoding=\"async\" src=\"\/wp-content\/uploads\/factory-10.webp\"\/><\/p>\n<h3>Syv\u00e4k\u00e4sittelyn ty\u00f6paja<\/h3>\n<p><img decoding=\"async\" src=\"\/wp-content\/uploads\/factory-11.webp\"\/><\/p>\n<h3>CNC-tarkkuuskoneistus ty\u00f6paja<\/h3>\n<p><img decoding=\"async\" src=\"\/wp-content\/uploads\/factory-11.5.webp\"\/><\/p>\n<h3>Valmiiden tuotteiden ja vientivarasto<\/h3>\n<p><img decoding=\"async\" src=\"\/wp-content\/uploads\/factory-12.webp\"\/><\/p>\n<p><img decoding=\"async\" src=\"\/wp-content\/uploads\/factory-13.webp\"\/><\/p>\n<p><img decoding=\"async\" src=\"\/wp-content\/uploads\/factory-14.webp\"\/><\/p>\n<h2>FAQ<\/h2>\n<p><b>1.What ovat alumiiniprofiili ikkunat suulakepuristus yritykset Kiinassa kuvia esittely?<\/b><\/p>\n<p>Ne ovat johtavia kiinalaisia valmistajia, jotka ovat erikoistuneet ikkunaprofiilien tarkkuusalumiinipuristamiseen ja esittelev\u00e4t tuotevalikoimiaan korkean resoluution kuvaesittelyill\u00e4.\n<\/p>\n<p><\/p>\n<p><b>2.Miksi valita alumiiniprofiili ikkunat puristamiseen yritykset Kiinassa kuvia esittely?<\/b><\/p>\n<p>Niiss\u00e4 yhdistyv\u00e4t edistyksellinen puristustekniikka, kilpailukykyinen hinnoittelu ja yksityiskohtaiset kuvaesitykset, jotka mahdollistavat selke\u00e4n tuotevisualisoinnin ja laadunvarmistuksen.\n<\/p>\n<p><\/p>\n<p><b>3.How alumiiniprofiili ikkunat suulakepuristus yritykset Kiinassa k\u00e4ytt\u00e4\u00e4 kuvaesityksi\u00e4?<\/b><\/p>\n<p>N\u00e4m\u00e4 yritykset luovat ammattimaisia visuaalisia luetteloita, joissa on ajantasaisia kuvia, jotka korostavat suulakepuristusprofiileja, pintak\u00e4sittelyj\u00e4 ja asennusesimerkkej\u00e4.\n<\/p>\n<p><\/p>\n<p><b>4.Mit\u00e4 etuja kiinalaiset alumiiniprofiili ikkunoiden suulakepuristusyritykset tarjoavat?<\/b><\/p>\n<p>Ne tarjoavat nopeaa prototyyppien valmistusta, laajamittaista tuotantokapasiteettia ja kattavia kuvaesittelyj\u00e4 eritelmien ja suunnittelun hyv\u00e4ksynn\u00e4n sujuvoittamiseksi.\n<\/p>\n<p><\/p>\n<p><b>5.Voinko mukauttaa alumiiniprofiiliikkunoita kuvien esittelyn avulla kiinalaisista ekstruudereista?<\/b><\/p>\n<p>Kyll\u00e4, useimmat alumiiniprofiiliikkunoiden suulakepuristusyritykset Kiinassa tarjoavat r\u00e4\u00e4t\u00e4l\u00f6ityj\u00e4 muotoja, viimeistelyj\u00e4 ja kommentoituja kuvaesityksi\u00e4, jotka sopivat kaikkiin arkkitehtonisiin vaatimuksiin.\n<\/p>\n<p><\/p>\n<p><b>6.Miten kuvien esitt\u00e4minen parantaa tilaamista kiinalaisilta suulakepuristusyrityksilt\u00e4?<\/b><\/p>\n<p>Yksityiskohtaiset kuvaesitykset v\u00e4hent\u00e4v\u00e4t viestint\u00e4virheit\u00e4, nopeuttavat tarjousten tekemist\u00e4 ja varmistavat, ett\u00e4 alumiiniprofiiliikkunat vastaavat t\u00e4sm\u00e4llisi\u00e4 eritelmi\u00e4 ennen tuotantoa.\n<\/p>\n<p><\/p>\n<p><b>7.Mit\u00e4 laatustandardeja alumiiniprofiilien ikkunoiden suulakepuristusyritykset Kiinassa noudattavat?<\/b><\/p>\n<p>Kiinan parhaat suulakepuristusyritykset noudattavat ISO 9001-, CE- ja ASTM-standardeja ja liitt\u00e4v\u00e4t sertifioituja testiraportteja kuvaesitysten rinnalle avoimuuden vuoksi.\n<\/p>\n<p><\/p>\n<p><b>8.Are alumiiniprofiili ikkunat suulakepuristus yritykset Kiinassa kustannustehokas?<\/b><\/p>\n<p>Kiinalaiset suulakepuristusyritykset hy\u00f6dynt\u00e4v\u00e4t mittakaavaetuja tarjotakseen kilpailukykyisi\u00e4 alumiiniprofiiliikkunoiden hintoja, joita t\u00e4ydennet\u00e4\u00e4n ilmaisilla kuvaesittelyill\u00e4 suunnittelun vahvistamiseksi.\n<\/p>\n<p><\/p>\n<p><b>9.How arvioin alumiiniprofiili ikkunat suulakepuristus yritykset Kiinassa?<\/b><\/p>\n<p>Tutustu heid\u00e4n alumiiniprofiili ikkunoiden puristamiseen portfolio, tarkastaa ter\u00e4v\u00e4piirto kuva esityksi\u00e4, tarkista asiakkaiden suosittelut, ja tarkistaa sertifioinnit.\n<\/p>\n<p><\/p>\n<p><b>10.Mist\u00e4 l\u00f6yd\u00e4n kuvaesityksi\u00e4 alumiiniprofiilien ikkunoiden puristamiseen erikoistuneilta yrityksilt\u00e4 Kiinassa?<\/b><\/p>\n<p>K\u00e4y johtavien kiinalaisten suulakepuristimien virallisilla verkkosivustoilla tai tuoteluetteloissa ja lataa kattavat kuvaesittelyt ja tekniset tietolehdet.\n<\/p>\n<p><\/p>","protected":false},"featured_media":6265,"template":"","categories":[59],"class_list":["post-6266","product","type-product","status-publish","has-post-thumbnail","hentry","category-aluminum-window-door-system"],"meta_box":{"hilight_text_group":{"product_hilight_text":"<li>Over 20 years of extrusion expertise with annual capacity of 50,000 tons, ensuring stable supply<\/li>\r\r\n<li>Advanced CNC machining and anodizing lines to deliver precise window profiles with diverse finishes<\/li>\r\r\n<li>Comprehensive picture presentations and digital catalogs showcasing profiles, applications, and installations<\/li>\r\r\n<li>Customized design services with 3D renderings and physical samples to meet specific project needs<\/li>\r\r\n<li>ISO 9001, CE, and GAI-Labs certified for consistent quality and global compliance<\/li>\r\r\n<li>Strong OEM\/ODM capabilities supported by a dedicated R&D team for innovative extrusion solutions<\/li>\r\r\n<li>Global export experience to 50+ countries with reliable logistics partners and on-time delivery<\/li>\r\r\n<li>Full after-sales support including technical consultation, installation guidance, and spare parts supply<\/li>","product_chanpin_chanpin":"<li><a href=\"https:\/\/sinoextrud.com\/product\/aluminum-window-frame\/\" target=\"_blank\">Aluminum Window Frame<\/a><\/li>\r\n<li><a href=\"https:\/\/sinoextrud.com\/product\/aluminum-window-profile\/\" target=\"_blank\">Aluminum Window Profile<\/a><\/li>\r\n<li><a href=\"https:\/\/sinoextrud.com\/product\/aluminum-casement-window-double-hung-single-hung-jalousie-security-door-and-window\/\" target=\"_blank\">aluminum casement window Double Hung Single Hung Jalousie Security Door And Window<\/a><\/li>\r\n<li><a href=\"https:\/\/sinoextrud.com\/product\/aluminum-window\/\" target=\"_blank\">Aluminum Window<\/a><\/li>\r\n<li><a href=\"https:\/\/sinoextrud.com\/product\/aluminum-profile-windows-extrusion-companies-in-china\/\" target=\"_blank\">aluminum profile windows extrusion companies in china<\/a><\/li>\r\n<li><a href=\"https:\/\/sinoextrud.com\/product\/thermal-break-aluminium-profiles\/\" target=\"_blank\">Thermal Break Aluminium Profiles<\/a><\/li>\r\n<li><a href=\"https:\/\/sinoextrud.com\/product\/aluminium-mosquito-net-windows-and-door\/\" target=\"_blank\">Aluminium Mosquito Net Windows And Door<\/a><\/li>\r\n<li><a href=\"https:\/\/sinoextrud.com\/product\/aluminum-profile-doors\/\" target=\"_blank\">Aluminum Profile Doors<\/a><\/li>\r\n<li><a href=\"https:\/\/sinoextrud.com\/product\/aluminium-gate-fence\/\" target=\"_blank\">Aluminium gate fence<\/a><\/li>\r\n<li><a href=\"https:\/\/sinoextrud.com\/product\/aluminium-profile-workbench\/\" target=\"_blank\">Aluminium Profile Workbench<\/a><\/li>\r\n<li><a href=\"https:\/\/sinoextrud.com\/product\/anodized-extrusion-precise-round-square-aluminum-tube\/\" target=\"_blank\">Anodized Extrusion Precise Round Square Aluminum Tube<\/a><\/li>"},"feature_list":[]},"_links":{"self":[{"href":"https:\/\/sinoextrud.com\/fi\/wp-json\/wp\/v2\/product\/6266","targetHints":{"allow":["GET"]}}],"collection":[{"href":"https:\/\/sinoextrud.com\/fi\/wp-json\/wp\/v2\/product"}],"about":[{"href":"https:\/\/sinoextrud.com\/fi\/wp-json\/wp\/v2\/types\/product"}],"wp:featuredmedia":[{"embeddable":true,"href":"https:\/\/sinoextrud.com\/fi\/wp-json\/wp\/v2\/media\/6265"}],"wp:attachment":[{"href":"https:\/\/sinoextrud.com\/fi\/wp-json\/wp\/v2\/media?parent=6266"}],"wp:term":[{"taxonomy":"category","embeddable":true,"href":"https:\/\/sinoextrud.com\/fi\/wp-json\/wp\/v2\/categories?post=6266"}],"curies":[{"name":"wp","href":"https:\/\/api.w.org\/{rel}","templated":true}]}}