{"id":6262,"date":"2025-05-26T07:07:44","date_gmt":"2025-05-26T07:07:44","guid":{"rendered":"https:\/\/sinoextrud.com\/product\/aluminum-casement-window-double-hung-single-hung-jalousie-security-door-and-window\/"},"modified":"2025-06-24T03:56:58","modified_gmt":"2025-06-24T03:56:58","slug":"alumiini-ikkuna-kaksinkertainen-ripustettu-yksi-ripustettu-jalousie-turvallisuus-ovi-ja-ikkuna","status":"publish","type":"product","link":"https:\/\/sinoextrud.com\/fi\/product\/aluminum-casement-window-double-hung-single-hung-jalousie-security-door-and-window\/","title":{"rendered":"alumiini casement ikkuna Double Hung Single Hung Jalousie turvallisuus ovi ja ikkuna"},"content":{"rendered":"<h2>Tuotteiden tiedot<\/h2>\n<table class=\"custom-table\">\n<tr>\n<td class=\"label\">Kohde:<\/td>\n<td>alumiini casement ikkuna Double Hung Single Hung Jalousie turvallisuus ovi ja ikkuna<\/td>\n<\/tr>\n<tr>\n<td class=\"label\">Temperamentti:<\/td>\n<td>6063-T5<\/td>\n<\/tr>\n<tr>\n<td class=\"label\">Muoto:<\/td>\n<td>muokata<\/td>\n<\/tr>\n<tr>\n<td class=\"label\">Suvaitsevaisuus:<\/td>\n<td>\u00b10,5%<\/td>\n<\/tr>\n<tr>\n<td class=\"label\">Standardi:<\/td>\n<td>keski- ja korkea laatu<\/td>\n<\/tr>\n<tr>\n<td class=\"label\">Toimitusaika:<\/td>\n<td>25-30 p\u00e4iv\u00e4\u00e4<\/td>\n<\/tr>\n<tr>\n<td class=\"label\">Maksuehto:<\/td>\n<td>T \/ T (30% talletus), L \/ C<\/td>\n<\/tr>\n<tr>\n<td class=\"label\">Satama:<\/td>\n<td>Guangzhou, Shenzhen<\/td>\n<\/tr>\n<tr>\n<td class=\"label\">Luokka:<\/td>\n<td>6000-sarja 6063<\/td>\n<\/tr>\n<tr>\n<td class=\"label\">Alkuper\u00e4paikka:<\/td>\n<td>Foshan, Guangdong<\/td>\n<\/tr>\n<tr>\n<td class=\"label\">Seos tai ei:<\/td>\n<td>Alunimun-seos<\/td>\n<\/tr>\n<tr>\n<td class=\"label\">Tuotemerkki:<\/td>\n<td> Sinoextrud<\/td>\n<\/tr>\n<tr>\n<td class=\"label\">Pintak\u00e4sittely:<\/td>\n<td>jauhemaalaus, elektroforeesi, puun jyv\u00e4, anodisoitu, harjattu, kiillotus<\/td>\n<\/tr>\n<tr>\n<td class=\"label\">MOQ:<\/td>\n<td>200KG<\/td>\n<\/tr>\n<tr>\n<td class=\"label\">K\u00e4sittelypalvelu:<\/td>\n<td>Taivutus, purku, hitsaus, l\u00e4vistys, leikkaus<\/td>\n<\/tr>\n<tr>\n<td class=\"label\">Pituus::<\/td>\n<td>1-9m tai r\u00e4\u00e4t\u00e4l\u00f6ity<\/td>\n<\/tr>\n<tr>\n<td class=\"label\">Kuukausittainen tuotanto:<\/td>\n<td>2400tons -3000tons<\/td>\n<\/tr>\n<\/table>\n<h2>Tuotantopohjamme<\/h2>\n<h3>Tehtaan panoraama<\/h3>\n<p><img decoding=\"async\" src=\"\/wp-content\/uploads\/factory-01.webp\"\/><\/p>\n<h3>Alumiini Bar Manufacturing Workshop<\/h3>\n<p><img decoding=\"async\" src=\"\/wp-content\/uploads\/factory-02.webp\"\/><\/p>\n<\/p>\n<p><img decoding=\"async\" src=\"\/wp-content\/uploads\/factory-03.webp\"\/><\/p>\n<h3>Muotin varastointi Varasto<\/h3>\n<p><img decoding=\"async\" src=\"\/wp-content\/uploads\/factory-04.webp\"\/><\/p>\n<h3>43 alumiinin ekstruusiolinjat (500-5500 tonnia)<\/h3>\n<p><img decoding=\"async\" src=\"\/wp-content\/uploads\/factory-05.webp\"\/><\/p>\n<p><img decoding=\"async\" src=\"\/wp-content\/uploads\/factory-06.webp\"\/><\/p>\n<p><img decoding=\"async\" src=\"\/wp-content\/uploads\/factory-07.webp\"\/><\/p>\n<h3>Jauhemaalaus ty\u00f6paja<\/h3>\n<p><img decoding=\"async\" src=\"\/wp-content\/uploads\/factory-09.webp\"\/><\/p>\n<h3>Anodisointi ty\u00f6paja<\/h3>\n<p><img decoding=\"async\" src=\"\/wp-content\/uploads\/factory-10.webp\"\/><\/p>\n<h3>Syv\u00e4k\u00e4sittelyn ty\u00f6paja<\/h3>\n<p><img decoding=\"async\" src=\"\/wp-content\/uploads\/factory-11.webp\"\/><\/p>\n<h3>CNC-tarkkuuskoneistus ty\u00f6paja<\/h3>\n<p><img decoding=\"async\" src=\"\/wp-content\/uploads\/factory-11.5.webp\"\/><\/p>\n<h3>Valmiiden tuotteiden ja vientivarasto<\/h3>\n<p><img decoding=\"async\" src=\"\/wp-content\/uploads\/factory-12.webp\"\/><\/p>\n<p><img decoding=\"async\" src=\"\/wp-content\/uploads\/factory-13.webp\"\/><\/p>\n<p><img decoding=\"async\" src=\"\/wp-content\/uploads\/factory-14.webp\"\/><\/p>\n<h2>FAQ<\/h2>\n<p><b>1.What on alumiini Casement ikkuna?<\/b><\/p>\n<p>Alumiinirippuikkuna on kest\u00e4v\u00e4st\u00e4 alumiinikehyksest\u00e4 valmistettu sivusaranoitu ikkuna, joka tarjoaa esteett\u00f6m\u00e4t n\u00e4kym\u00e4t, helpon k\u00e4yt\u00f6n ja modernin estetiikan.\n<\/p>\n<p><\/p>\n<p><b>2.Mitk\u00e4 ovat alumiinisen Casement-ikkunan edut?<\/b><\/p>\n<p>Alumiiniset karmiikkunat tarjoavat energiatehokkuutta, korroosionkest\u00e4vyytt\u00e4, tiiviit\u00e4 tiivisteit\u00e4 ja v\u00e4h\u00e4n huoltoa vaativaa suorituskyky\u00e4, mik\u00e4 takaa pitk\u00e4aikaisen arvon.\n<\/p>\n<p><\/p>\n<p><b>3.Mik\u00e4 on kaksoiskoristeinen alumiini-ikkuna?<\/b><\/p>\n<p>Alumiinisessa kaksoisikkunassa on kaksi alumiinikehyksess\u00e4 olevaa, pystysuoraan liukuvaa, avattavaa ikkunanpuitteita, jotka mahdollistavat monipuolisen tuuletuksen ja helpon puhdistuksen.\n<\/p>\n<p><\/p>\n<p><b>4.Miksi valita kaksoisikkuna?<\/b><\/p>\n<p>Kaksoisikkunat tarjoavat kaksipuitteisen toiminnan, erinomaisen ilmavirran hallinnan, perinteisen tyylin ja yhteensopivuuden alumiinirungon kanssa, mik\u00e4 takaa lujuuden ja kest\u00e4vyyden.\n<\/p>\n<p><\/p>\n<p><b>5.What on Single Hung alumiini ikkuna?<\/b><\/p>\n<p>Alumiiniripustusikkunassa on yksi kiinte\u00e4 yl\u00e4- ja yksi liikkuva alaikkuna alumiiniprofiileista, jotka tarjoavat kustannustehokkaan ilmanvaihdon ja klassisen muotoilun.\n<\/p>\n<p><\/p>\n<p><b>6.Miten Single Hung Window -ikkunaa verrataan Double Hung Window -ikkunaan?<\/b><\/p>\n<p>Yksiripustetut ikkunat ovat edullisempia, niiss\u00e4 k\u00e4ytet\u00e4\u00e4n yksinkertaisempia alumiinikehyksi\u00e4 ja ne tarjoavat luotettavan ilmanvaihdon, kun taas kaksiripustetut ikkunat lis\u00e4\u00e4v\u00e4t siivousmukavuutta ja ilmavirran joustavuutta.\n<\/p>\n<p><\/p>\n<p><b>7.Mik\u00e4 on Jalousie-ikkuna?<\/b><\/p>\n<p>Jalousie-ikkuna koostuu alumiinikanavissa olevista rinnakkaisista lasis\u00e4leik\u00f6ist\u00e4, jotka kallistuvat auki yhdess\u00e4 maksimoidakseen ilmavirran ja antaakseen trooppisen tyylin charmia.\n<\/p>\n<p><\/p>\n<p><b>8.Mitk\u00e4 ovat Jalousie-ikkunan edut?<\/b><\/p>\n<p>Jalousie-ikkunat tarjoavat s\u00e4\u00e4dett\u00e4v\u00e4n ilmanvaihdon, tyylikk\u00e4\u00e4n alumiinikehyksen, laajakulmaisen ilmavirran ja nopean toiminnan l\u00e4mpim\u00e4n ilmaston sovelluksiin.\n<\/p>\n<p><\/p>\n<p><b>9.Mik\u00e4 m\u00e4\u00e4rittelee turvaoven ja -ikkunan?<\/b><\/p>\n<p>Turvaovissa ja -ikkunoissa on vahvistetut alumiinikehykset, monipistelukot, iskunkest\u00e4v\u00e4 lasi ja integroidut s\u00e4leik\u00f6t, jotka suojaavat tunkeutumiselta.\n<\/p>\n<p><\/p>\n<p><b>10.Miten turvaovet ja -ikkunat sopivat yhteen karmi- ja ripustustyylien kanssa?<\/b><\/p>\n<p>Turvaovet ja -ikkunat voidaan yhdist\u00e4\u00e4 alumiinisiin Casement-ikkunoihin, Double Hung-, Single Hung- ja Jalousie-tyyleihin k\u00e4ytt\u00e4m\u00e4ll\u00e4 yhteensopivia alumiiniprofiileja ja korkeatasoisia turvalaitteita.\n<\/p>\n<p><\/p>","protected":false},"featured_media":6261,"template":"","categories":[59],"class_list":["post-6262","product","type-product","status-publish","has-post-thumbnail","hentry","category-aluminum-window-door-system"],"meta_box":{"hilight_text_group":{"product_hilight_text":"<li>Constructed from premium 6063-T5 aluminum alloy for superior strength and corrosion resistance<\/li>\r\r\n<li>Versatile product range: casement, double-hung, single-hung, jalousie, and security door\/window options<\/li>\r\r\n<li>Precision-engineered frames with \u00c2\u00b10.1 mm tolerance for seamless integration and airtight sealing<\/li>\r\r\n<li>Optional thermal break and multi-chamber design to enhance insulation and lower energy costs<\/li>\r\r\n<li>Customizable finishes (anodized, powder-coated) and color matching for architectural harmony<\/li>\r\r\n<li>Heavy-duty multi-point locking systems for enhanced security and compliance with industry standards<\/li>\r\r\n<li>Integrated drainage and ventilation channels to prevent water accumulation and maintain performance<\/li>\r\r\n<li>Pre-drilled mounting holes and snap-fit accessories for rapid, error-free installation<\/li>\r\r\n<li>Low-maintenance hardware with corrosion-proof components for long-term reliability<\/li>\r\r\n<li>RoHS-compliant and fully recyclable for sustainable building projects<\/li>","product_chanpin_chanpin":"<li><a href=\"https:\/\/sinoextrud.com\/product\/aluminum-door-frame-profile\/\" target=\"_blank\">Aluminum Door Frame Profile<\/a><\/li>\r\n<li><a href=\"https:\/\/sinoextrud.com\/product\/sliding-window-aluminum-window-track\/\" target=\"_blank\">Sliding Window Aluminum Window Track<\/a><\/li>\r\n<li><a href=\"https:\/\/sinoextrud.com\/product\/aluminum-window-frame\/\" target=\"_blank\">Aluminum Window Frame<\/a><\/li>\r\n<li><a href=\"https:\/\/sinoextrud.com\/product\/aluminum-window-profile\/\" target=\"_blank\">Aluminum Window Profile<\/a><\/li>\r\n<li><a href=\"https:\/\/sinoextrud.com\/product\/aluminum-casement-window-double-hung-single-hung-jalousie-security-door-and-window\/\" target=\"_blank\">aluminum casement window Double Hung Single Hung Jalousie Security Door And Window<\/a><\/li>\r\n<li><a href=\"https:\/\/sinoextrud.com\/product\/aluminum-window\/\" target=\"_blank\">Aluminum Window<\/a><\/li>\r\n<li><a href=\"https:\/\/sinoextrud.com\/product\/aluminum-profile-windows-extrusion-companies-in-china\/\" target=\"_blank\">aluminum profile windows extrusion companies in china<\/a><\/li>\r\n<li><a href=\"https:\/\/sinoextrud.com\/product\/thermal-break-aluminium-profiles\/\" target=\"_blank\">Thermal Break Aluminium Profiles<\/a><\/li>\r\n<li><a href=\"https:\/\/sinoextrud.com\/product\/aluminium-mosquito-net-windows-and-door\/\" target=\"_blank\">Aluminium Mosquito Net Windows And Door<\/a><\/li>\r\n<li><a href=\"https:\/\/sinoextrud.com\/product\/extruded-aluminium-profile-tube-pipe-with-oval-trigle-square-round-shape-manufacturer-price\/\" target=\"_blank\">Extruded Aluminium Profile Tube Pipe With Oval Trigle Square Round Shape Manufacturer Price<\/a><\/li>\r\n<li><a href=\"https:\/\/sinoextrud.com\/product\/custom-finishing-aluminum-extrusion-profile-fabrication-and-cnc-machining\/\" target=\"_blank\">Custom Finishing Aluminum Extrusion Profile Fabrication and CNC Machining<\/a><\/li>"},"feature_list":[]},"_links":{"self":[{"href":"https:\/\/sinoextrud.com\/fi\/wp-json\/wp\/v2\/product\/6262","targetHints":{"allow":["GET"]}}],"collection":[{"href":"https:\/\/sinoextrud.com\/fi\/wp-json\/wp\/v2\/product"}],"about":[{"href":"https:\/\/sinoextrud.com\/fi\/wp-json\/wp\/v2\/types\/product"}],"wp:featuredmedia":[{"embeddable":true,"href":"https:\/\/sinoextrud.com\/fi\/wp-json\/wp\/v2\/media\/6261"}],"wp:attachment":[{"href":"https:\/\/sinoextrud.com\/fi\/wp-json\/wp\/v2\/media?parent=6262"}],"wp:term":[{"taxonomy":"category","embeddable":true,"href":"https:\/\/sinoextrud.com\/fi\/wp-json\/wp\/v2\/categories?post=6262"}],"curies":[{"name":"wp","href":"https:\/\/api.w.org\/{rel}","templated":true}]}}