{"id":6260,"date":"2025-05-26T07:05:06","date_gmt":"2025-05-26T07:05:06","guid":{"rendered":"https:\/\/sinoextrud.com\/product\/aluminum-window-profile\/"},"modified":"2025-06-24T03:56:31","modified_gmt":"2025-06-24T03:56:31","slug":"alumiininen-ikkunaprofiili","status":"publish","type":"product","link":"https:\/\/sinoextrud.com\/fi\/product\/aluminum-window-profile\/","title":{"rendered":"Alumiini ikkuna profiili"},"content":{"rendered":"<h2>Tuotteiden tiedot<\/h2>\n<table class=\"custom-table\">\n<tr>\n<td class=\"label\">Kohde<\/td>\n<td>Alumiininen ikkunaprofiili<\/td>\n<\/tr>\n<tr>\n<td class=\"label\">Materiaali<\/td>\n<td>Seos 6063 T5 Kansallinen standardi<\/td>\n<\/tr>\n<tr>\n<td class=\"label\">Hakemus<\/td>\n<td>Alumiiniset ikkunat ja ovet<\/td>\n<\/tr>\n<tr>\n<td class=\"label\">Todistus<\/td>\n<td>ISO9001, ISO14001<\/td>\n<\/tr>\n<tr>\n<td class=\"label\">Toimintakyky<\/td>\n<td>Vuotuinen tuotanto yli 30 000 tonnia<\/td>\n<\/tr>\n<tr>\n<td class=\"label\">V\u00e4ri<\/td>\n<td>R\u00e4\u00e4t\u00e4l\u00f6ity saatavilla<\/td>\n<\/tr>\n<tr>\n<td class=\"label\">Pituus<\/td>\n<td>1-9 metri\u00e4 tai r\u00e4\u00e4t\u00e4l\u00f6ity<\/td>\n<\/tr>\n<tr>\n<td class=\"label\">Paksuus<\/td>\n<td>R\u00e4\u00e4t\u00e4l\u00f6ity<\/td>\n<\/tr>\n<tr>\n<td class=\"label\">Pinnan viimeistely<\/td>\n<td>anodisointi, jauhemaalaus, puun rakeinen siirto, elektroforeesi jne.<\/td>\n<\/tr>\n<tr>\n<td class=\"label\">Hakemus<\/td>\n<td>alumiininen ikkuna- ja oviosa, verhosein\u00e4<\/td>\n<\/tr>\n<tr>\n<td class=\"label\">Lastausportti<\/td>\n<td>Foshan, Shenzhen, Guangzhou<\/td>\n<\/tr>\n<tr>\n<td class=\"label\">Maksu<\/td>\n<td>T \/ T, 30% ennakkomaksu, kun taas saldo on maksettava ennen toimitusta.<\/td>\n<\/tr>\n<tr>\n<td class=\"label\">Paketti<\/td>\n<td>1.Inside: pakattu muovisella suojakalvolla jokaisen profiilin suojaamiseksi.<br \/>2.Outside: pakattu vedenpit\u00e4v\u00e4\u00e4n k\u00e4sity\u00f6paperiin<\/td>\n<\/tr>\n<tr>\n<td class=\"label\">Toimitus<\/td>\n<td>25-30 p\u00e4iv\u00e4\u00e4 k\u00e4sirahan maksamisesta<\/td>\n<\/tr>\n<tr>\n<td class=\"label\">J\u00e4rjestysj\u00e4rjestys<\/td>\n<td>1. Vahvista piirustukset, pintak\u00e4sittely ja hinta;<br \/>2. Maksa muottimaksu ja aloitamme muottien valmistuksen;<br \/>3. L\u00e4het\u00e4mme n\u00e4ytteit\u00e4 sinulle vahvistusta varten;<br \/>4. Tee 30%-talletuksen maksu, aloita tuotanto;<\/td>\n<\/tr>\n<\/table>\n<h2>Tuotantopohjamme<\/h2>\n<h3>Tehtaan panoraama<\/h3>\n<p><img decoding=\"async\" src=\"\/wp-content\/uploads\/factory-01.webp\"\/><\/p>\n<h3>Alumiini Bar Manufacturing Workshop<\/h3>\n<p><img decoding=\"async\" src=\"\/wp-content\/uploads\/factory-02.webp\"\/><\/p>\n<p><img decoding=\"async\" src=\"\/wp-content\/uploads\/factory-03.webp\"\/><\/p>\n<h3>Muotin varastointi Varasto<\/h3>\n<p><img decoding=\"async\" src=\"\/wp-content\/uploads\/factory-04.webp\"\/><\/p>\n<h3>43 Alumiini ekstruusiolinjat (500\u00e2 5500 tonnia)<\/h3>\n<p><img decoding=\"async\" src=\"\/wp-content\/uploads\/factory-05.webp\"\/><\/p>\n<p><img decoding=\"async\" src=\"\/wp-content\/uploads\/factory-06.webp\"\/><\/p>\n<p><img decoding=\"async\" src=\"\/wp-content\/uploads\/factory-07.webp\"\/><\/p>\n<h3>Jauhemaalaus ty\u00f6paja<\/h3>\n<p><img decoding=\"async\" src=\"\/wp-content\/uploads\/factory-09.webp\"\/><\/p>\n<h3>Anodisointi ty\u00f6paja<\/h3>\n<p><img decoding=\"async\" src=\"\/wp-content\/uploads\/factory-10.webp\"\/><\/p>\n<h3>Syv\u00e4k\u00e4sittelyn ty\u00f6paja<\/h3>\n<p><img decoding=\"async\" src=\"\/wp-content\/uploads\/factory-11.webp\"\/><\/p>\n<h3>CNC-tarkkuuskoneistus ty\u00f6paja<\/h3>\n<p><img decoding=\"async\" src=\"\/wp-content\/uploads\/factory-11.5.webp\"\/><\/p>\n<h3>Valmiiden tuotteiden ja vientivarasto<\/h3>\n<p><img decoding=\"async\" src=\"\/wp-content\/uploads\/factory-12.webp\"\/><\/p>\n<p><img decoding=\"async\" src=\"\/wp-content\/uploads\/factory-13.webp\"\/><\/p>\n<p><img decoding=\"async\" src=\"\/wp-content\/uploads\/factory-14.webp\"\/><\/p>\n<h2>FAQ<\/h2>\n<p><p><b>1.Mik\u00e4 on alumiininen ikkunaprofiili?<\/b><\/p>\n<p>Alumiininen ikkunaprofiili on korkealuokkaisesta alumiiniseoksesta valmistettu tarkkuuspuristettu kehyskomponentti, joka on suunniteltu tukemaan lasilevyj\u00e4 ja luomaan kest\u00e4vi\u00e4 ikkunakokoonpanoja.<br \/>\n<\/p><br \/>\n<br \/>\n<p><b>2.Miksi valita alumiininen ikkunaprofiili nykyaikaiseen rakentamiseen?<\/b><\/p>\n<p>Alumiininen ikkunaprofiili tarjoaa tyylikk\u00e4\u00e4n estetiikan, korkean lujuus-painosuhteen ja erinomaisen mittasuhteen nykyaikaiseen arkkitehtoniseen suunnitteluun.<br \/>\n<\/p><br \/>\n<br \/>\n<p><b>3.Miten alumiininen ikkunaprofiili parantaa l\u00e4mp\u00f6tehoa?<\/b><\/p>\n<p>L\u00e4mp\u00f6eristetyt alumiiniset ikkunaprofiilit sis\u00e4lt\u00e4v\u00e4t eristysesteet, jotka v\u00e4hent\u00e4v\u00e4t l\u00e4mm\u00f6nsiirtoa, parantavat energiatehokkuutta ja alentavat k\u00e4ytt\u00f6kustannuksia.<br \/>\n<\/p><br \/>\n<br \/>\n<p><b>4.Are alumiini ikkuna profiilit korroosionkest\u00e4v\u00e4?<\/b><\/p>\n<p>Alumiiniset ikkunaprofiilit kest\u00e4v\u00e4t ruostetta, UV-altistumista ja s\u00e4\u00e4nkest\u00e4vyytt\u00e4, mik\u00e4 takaa pitk\u00e4aikaisen suorituskyvyn rannikko- ja kosteissa ymp\u00e4rist\u00f6iss\u00e4.<br \/>\n<\/p><br \/>\n<br \/>\n<p><b>5.Can alumiini ikkuna profiilit voidaan r\u00e4\u00e4t\u00e4l\u00f6id\u00e4?<\/b><\/p>\n<p>Kyll\u00e4, alumiiniset ikkunaprofiilit tukevat r\u00e4\u00e4t\u00e4l\u00f6ityj\u00e4 suulakepuristusmuotoja, jauhemaalipintoja, anodisointia ja v\u00e4risovitusta, jotka sopivat mihin tahansa arkkitehtoniseen tyyliin.<br \/>\n<\/p><br \/>\n<br \/>\n<p><b>6.Mit\u00e4 huoltoa vaaditaan alumiinisille ikkunaprofiileille?<\/b><\/p>\n<p>V\u00e4h\u00e4n huoltoa vaativat alumiiniset ikkunaprofiilit tarvitsevat vain ajoittaista puhdistusta ja tarkastusta kest\u00e4vien tehdasmaalattujen pinnoitteiden ansiosta, jotka est\u00e4v\u00e4t lahoamista.<br \/>\n<\/p><br \/>\n<br \/>\n<p><b>7.Do alumiini ikkunaprofiilit parantaa turvallisuutta?<\/b><\/p>\n<p>Vahvistetut alumiiniset ikkunaprofiilit sopivat monipistelukitusj\u00e4rjestelmiin ja laminoidulle lasille, mik\u00e4 takaa erinomaisen vastustuskyvyn murtautumista vastaan.<br \/>\n<\/p><br \/>\n<br \/>\n<p><b>8.Miten alumiiniset ikkunaprofiilit edist\u00e4v\u00e4t kest\u00e4vyytt\u00e4?<\/b><\/p>\n<p>Kierr\u00e4tett\u00e4v\u00e4t alumiiniset ikkunaprofiilit v\u00e4hent\u00e4v\u00e4t ymp\u00e4rist\u00f6vaikutuksia, k\u00e4ytt\u00e4v\u00e4t v\u00e4hemm\u00e4n energiaa tuotannossa ja tukevat LEEDin kaltaisia vihre\u00e4n rakentamisen sertifikaatteja.<br \/>\n<\/p><br \/>\n<br \/>\n<p><b>9.Mit\u00e4 muotoiluvaihtoehtoja on saatavana alumiinisille ikkunaprofiileille?<\/b><\/p>\n<p>Alumiiniset ikkunaprofiilit tarjoavat vaihtoehtoja, kuten ohuet n\u00e4kym\u00e4linjat, integroidut valumakanavat ja piilotetut laitteistot, jotka takaavat selke\u00e4n ja modernin estetiikan.<br \/>\n<\/p><br \/>\n<br \/>\n<p><b>10.Mist\u00e4 voin hankkia korkealaatuisia alumiinisia ikkunaprofiileja?<\/b><\/p>\n<p>Johtavat suulakepuristustoimittajat tarjoavat sertifioituja alumiinisia ikkunaprofiileja ISO- ja EN-standardien, maailmanlaajuisen jakelun ja asiantuntevan teknisen tuen avulla.<br \/>\n<\/p><br \/><\/p>","protected":false},"featured_media":6259,"template":"","categories":[59],"class_list":["post-6260","product","type-product","status-publish","has-post-thumbnail","hentry","category-aluminum-window-door-system"],"meta_box":{"hilight_text_group":{"product_hilight_text":"<li>Made from 6063-T5 aluminum alloy for high strength and corrosion resistance<\/li>\r\r\n<li>Precision-extruded with \u00c2\u00b10.1 mm tolerance for seamless assembly<\/li>\r\r\n<li>Optional thermal break feature to enhance insulation and reduce energy costs<\/li>\r\r\n<li>Multiple finish options (anodized, powder-coated) for aesthetic versatility<\/li>\r\r\n<li>Integrated drainage and ventilation channels to prevent water buildup<\/li>\r\r\n<li>Standardized profile compatible with common glazing beads and seals<\/li>\r\r\n<li>Pre-drilled mounting holes for quick, error-free installation<\/li>\r\r\n<li>Lightweight yet durable construction lowers shipping and handling expenses<\/li>","product_chanpin_chanpin":"<li><a href=\"https:\/\/sinoextrud.com\/product\/extruded-aluminum-sliding-channel\/\" target=\"_blank\">Extruded Aluminum Sliding Channel<\/a><\/li>\r\n<li><a href=\"https:\/\/sinoextrud.com\/product\/aluminum-door-frame-profile\/\" target=\"_blank\">Aluminum Door Frame Profile<\/a><\/li>\r\n<li><a href=\"https:\/\/sinoextrud.com\/product\/sliding-window-aluminum-window-track\/\" target=\"_blank\">Sliding Window Aluminum Window Track<\/a><\/li>\r\n<li><a href=\"https:\/\/sinoextrud.com\/product\/aluminum-window-frame\/\" target=\"_blank\">Aluminum Window Frame<\/a><\/li>\r\n<li><a href=\"https:\/\/sinoextrud.com\/product\/aluminum-window-profile\/\" target=\"_blank\">Aluminum Window Profile<\/a><\/li>\r\n<li><a href=\"https:\/\/sinoextrud.com\/product\/aluminum-casement-window-double-hung-single-hung-jalousie-security-door-and-window\/\" target=\"_blank\">aluminum casement window Double Hung Single Hung Jalousie Security Door And Window<\/a><\/li>\r\n<li><a href=\"https:\/\/sinoextrud.com\/product\/aluminum-window\/\" target=\"_blank\">Aluminum Window<\/a><\/li>\r\n<li><a href=\"https:\/\/sinoextrud.com\/product\/aluminum-profile-windows-extrusion-companies-in-china\/\" target=\"_blank\">aluminum profile windows extrusion companies in china<\/a><\/li>\r\n<li><a href=\"https:\/\/sinoextrud.com\/product\/thermal-break-aluminium-profiles\/\" target=\"_blank\">Thermal Break Aluminium Profiles<\/a><\/li>\r\n<li><a href=\"https:\/\/sinoextrud.com\/product\/aluminum-profile-cnc-machining\/\" target=\"_blank\">Aluminum Profile CNC Machining<\/a><\/li>\r\n<li><a href=\"https:\/\/sinoextrud.com\/product\/aluminum-extrusion-aluminum-fence-panel-profile\/\" target=\"_blank\">Aluminum Extrusion Aluminum Fence Panel Profile<\/a><\/li>"},"feature_list":[]},"_links":{"self":[{"href":"https:\/\/sinoextrud.com\/fi\/wp-json\/wp\/v2\/product\/6260","targetHints":{"allow":["GET"]}}],"collection":[{"href":"https:\/\/sinoextrud.com\/fi\/wp-json\/wp\/v2\/product"}],"about":[{"href":"https:\/\/sinoextrud.com\/fi\/wp-json\/wp\/v2\/types\/product"}],"wp:featuredmedia":[{"embeddable":true,"href":"https:\/\/sinoextrud.com\/fi\/wp-json\/wp\/v2\/media\/6259"}],"wp:attachment":[{"href":"https:\/\/sinoextrud.com\/fi\/wp-json\/wp\/v2\/media?parent=6260"}],"wp:term":[{"taxonomy":"category","embeddable":true,"href":"https:\/\/sinoextrud.com\/fi\/wp-json\/wp\/v2\/categories?post=6260"}],"curies":[{"name":"wp","href":"https:\/\/api.w.org\/{rel}","templated":true}]}}