{"id":6256,"date":"2025-05-26T06:56:48","date_gmt":"2025-05-26T06:56:48","guid":{"rendered":"https:\/\/sinoextrud.com\/product\/sliding-window-aluminum-window-track\/"},"modified":"2025-06-24T03:56:01","modified_gmt":"2025-06-24T03:56:01","slug":"liukuikkuna-alumiininen-ikkunakisko","status":"publish","type":"product","link":"https:\/\/sinoextrud.com\/fi\/product\/sliding-window-aluminum-window-track\/","title":{"rendered":"Liukuva ikkuna alumiininen ikkunarata"},"content":{"rendered":"<h2>Tuotteiden tiedot<\/h2>\n<table class=\"custom-table\">\n<tr>\n<td class=\"label\">Kohde<\/td>\n<td>Liukuva ikkuna alumiininen ikkunarata<\/td>\n<\/tr>\n<tr>\n<td class=\"label\">Luokka<\/td>\n<td>6000-sarja<\/td>\n<\/tr>\n<tr>\n<td class=\"label\">Temper<\/td>\n<td>T3-T8<\/td>\n<\/tr>\n<tr>\n<td class=\"label\">Hakemus<\/td>\n<td>Koristeet, robottikehys, ty\u00f6pisteet jne.<\/td>\n<\/tr>\n<tr>\n<td class=\"label\">Muoto<\/td>\n<td>liukuikkuna alumiininen ikkunakisko<\/td>\n<\/tr>\n<tr>\n<td class=\"label\">Metalliseos tai ei<\/td>\n<td>Onko seos<\/td>\n<\/tr>\n<tr>\n<td class=\"label\">Tuotteen nimi<\/td>\n<td>alumiiniprofiilit ikkunoita ja ovia varten<\/td>\n<\/tr>\n<tr>\n<td class=\"label\">Pintak\u00e4sittely<\/td>\n<td>Anodisointi<\/td>\n<\/tr>\n<tr>\n<td class=\"label\">V\u00e4ri<\/td>\n<td>Hopea, pronssi, musta, kulta, sininen, harmaa, samppanja jne.<\/td>\n<\/tr>\n<tr>\n<td class=\"label\">Materiaali<\/td>\n<td>Seos 6063\/6061\/661\/6005\/6060 T5\/T6<\/td>\n<\/tr>\n<tr>\n<td class=\"label\">Pituus<\/td>\n<td>Vaatimuksesi mukaan<\/td>\n<\/tr>\n<tr>\n<td class=\"label\">Sertifiointi<\/td>\n<td>ISO9001:2008<\/td>\n<\/tr>\n<tr>\n<td class=\"label\">MOQ<\/td>\n<td>1Kg<\/td>\n<\/tr>\n<tr>\n<td class=\"label\">Koko<\/td>\n<td>Piirustukset<\/td>\n<\/tr>\n<tr>\n<td class=\"label\">Maksuehto<\/td>\n<td>T\/T<\/td>\n<\/tr>\n<\/table>\n<h2>Tuotantopohjamme<\/h2>\n<h3>Tehtaan panoraama<\/h3>\n<p><img decoding=\"async\" src=\"\/wp-content\/uploads\/factory-01.webp\"\/><\/p>\n<h3>Alumiini Bar Manufacturing Workshop<\/h3>\n<p><img decoding=\"async\" src=\"\/wp-content\/uploads\/factory-02.webp\"\/><\/p>\n<p><img decoding=\"async\" src=\"\/wp-content\/uploads\/factory-03.webp\"\/><\/p>\n<h3>Muotin varastointi Varasto<\/h3>\n<p><img decoding=\"async\" src=\"\/wp-content\/uploads\/factory-04.webp\"\/><\/p>\n<h3>43 alumiinin ekstruusiolinjat (500-5500 tonnia)<\/h3>\n<p><img decoding=\"async\" src=\"\/wp-content\/uploads\/factory-05.webp\"\/><\/p>\n<p><img decoding=\"async\" src=\"\/wp-content\/uploads\/factory-06.webp\"\/><\/p>\n<p><img decoding=\"async\" src=\"\/wp-content\/uploads\/factory-07.webp\"\/><\/p>\n<h3>Jauhemaalaus ty\u00f6paja<\/h3>\n<p><img decoding=\"async\" src=\"\/wp-content\/uploads\/factory-09.webp\"\/><\/p>\n<h3>Anodisointi ty\u00f6paja<\/h3>\n<p><img decoding=\"async\" src=\"\/wp-content\/uploads\/factory-10.webp\"\/><\/p>\n<h3>Syv\u00e4k\u00e4sittelyn ty\u00f6paja<\/h3>\n<p><img decoding=\"async\" src=\"\/wp-content\/uploads\/factory-11.webp\"\/><\/p>\n<h3>CNC-tarkkuuskoneistus ty\u00f6paja<\/h3>\n<p><img decoding=\"async\" src=\"\/wp-content\/uploads\/factory-11.5.webp\"\/><\/p>\n<h3>Valmiiden tuotteiden ja vientivarasto<\/h3>\n<p><img decoding=\"async\" src=\"\/wp-content\/uploads\/factory-12.webp\"\/><\/p>\n<p><img decoding=\"async\" src=\"\/wp-content\/uploads\/factory-13.webp\"\/><\/p>\n<p><img decoding=\"async\" src=\"\/wp-content\/uploads\/factory-14.webp\"\/><\/p>\n<h2>FAQ<\/h2>\n<p><p><b>1.Mik\u00e4 on liukuikkuna alumiininen ikkunarata?<\/b><\/p>\n<p>Liukuikkunan alumiininen ikkunakisko on tarkkuuspuristettu kanava, joka ohjaa ja tukee liukuikkunoiden liukuikkunoita sujuvan ja luotettavan toiminnan varmistamiseksi.<br \/>\n<\/p><br \/>\n<br \/>\n<p><b>2.Miksi valita liukuikkunan alumiininen ikkunarata?<\/b><\/p>\n<p>Liukuikkunan alumiiniset ikkunakiskot tarjoavat ylivoimaisen kest\u00e4vyyden, korroosionkest\u00e4vyyden ja alhaisen kitkan suorituskyvyn verrattuna muovi- tai ter\u00e4skiskoihin.<br \/>\n<\/p><br \/>\n<br \/>\n<p><b>3.Miten liukuikkunan alumiininen ikkunakisko parantaa ikkunan toimintaa?<\/b><\/p>\n<p>Liukuikkunan alumiinisen ikkunakiskon matalakitkainen pinta ja tiukat toleranssit takaavat vaivattoman liukumisen ja v\u00e4hent\u00e4v\u00e4t rullien kulumista.<br \/>\n<\/p><br \/>\n<br \/>\n<p><b>4.Can liukuva ikkuna alumiini ikkuna raidat voidaan r\u00e4\u00e4t\u00e4l\u00f6id\u00e4?<\/b><\/p>\n<p>Kyll\u00e4, liukuikkunan alumiiniset ikkunakiskot voidaan r\u00e4\u00e4t\u00e4l\u00f6id\u00e4 erilaisilla poikkileikkauksilla, aukkokuvioilla ja anodisoidulla viimeistelyll\u00e4, jotta ne sopivat mihin tahansa ikkunaj\u00e4rjestelm\u00e4\u00e4n.<br \/>\n<\/p><br \/>\n<br \/>\n<p><b>5.Mit\u00e4 huoltoa tarvitaan liukuikkunan alumiiniseen ikkunakiskoon?<\/b><\/p>\n<p>Liukuikkunan alumiiniset ikkunakiskot vaativat vain v\u00e4h\u00e4n huoltoa - s\u00e4\u00e4nn\u00f6llinen puhdistus ja kevyt voitelu pit\u00e4v\u00e4t kiskon vapaana roskista ja varmistavat tasaisen liukumisen.<br \/>\n<\/p><br \/>\n<br \/>\n<p><b>6.Miten korroosionkest\u00e4vyys hy\u00f6dytt\u00e4\u00e4 liukuikkunan alumiinisia ikkunakiskoja?<\/b><\/p>\n<p>Korroosionkest\u00e4v\u00e4t liukuikkunan alumiiniset ikkunakiskot kest\u00e4v\u00e4t kosteutta ja suolaista ilmaa, mik\u00e4 pident\u00e4\u00e4 k\u00e4ytt\u00f6ik\u00e4\u00e4 rannikolla ja kosteissa ymp\u00e4rist\u00f6iss\u00e4.<br \/>\n<\/p><br \/>\n<br \/>\n<p><b>7.Are liukuva ikkuna alumiini ikkuna kiskot energiatehokas?<\/b><\/p>\n<p>Liukuikkunan alumiiniset ikkunakiskot voivat integroida l\u00e4mp\u00f6katkoslevyj\u00e4, jotka parantavat eristyst\u00e4 ja v\u00e4hent\u00e4v\u00e4t l\u00e4mm\u00f6nsiirtoa ikkunakokoonpanoissa.<br \/>\n<\/p><br \/>\n<br \/>\n<p><b>8.What kuormituskapasiteetti voi Sliding Window alumiini ikkuna kiskot tukea?<\/b><\/p>\n<p>Eritt\u00e4in lujat liukuikkunoiden alumiiniset ikkunakiskot on suunniteltu tukemaan raskaita lasiovia ja suuria ikkunapaneeleita taipumatta tai taipumatta.<br \/>\n<\/p><br \/>\n<br \/>\n<p><b>9.Miss\u00e4 liukuikkunan alumiinisia ikkunakiskoja k\u00e4ytet\u00e4\u00e4n yleisesti?<\/b><\/p>\n<p>Liukuikkunan alumiiniset ikkunakiskot sopivat erinomaisesti asuintilojen terasseille, kaupallisiin myym\u00e4l\u00f6iden julkisivuihin, parvekekoteloihin ja raskaisiin arkkitehtonisiin ikkunoihin.<br \/>\n<\/p><br \/>\n<br \/>\n<p><b>10.Mist\u00e4 voin hankkia laadukkaita liukuikkunan alumiinisia ikkunakiskoja?<\/b><\/p>\n<p>Johtavat suulakepuristustoimittajat tarjoavat sertifioituja liukuikkunan alumiinisia ikkunakiskoja, joilla on ISO-laadunvarmistus, maailmanlaajuinen jakelu ja tekninen tuki.<br \/>\n<\/p><br \/><\/p>","protected":false},"featured_media":6255,"template":"","categories":[59],"class_list":["post-6256","product","type-product","status-publish","has-post-thumbnail","hentry","category-aluminum-window-door-system"],"meta_box":{"hilight_text_group":{"product_hilight_text":"<li>High-precision extruded aluminum track for smooth sliding and reduced operational noise<\/li>\r\r\n<li>Durable hard-anodized finish resists corrosion and wear in diverse environments<\/li>\r\r\n<li>Standardized profile compatible with multiple sliding window systems for easy integration<\/li>\r\r\n<li>Integrated drainage channels prevent water accumulation and maintain track cleanliness<\/li>\r\r\n<li>Low-friction design with optional self-lubricating inserts for minimal maintenance<\/li>\r\r\n<li>Lightweight 6063-T6 construction combines strength with ease of handling<\/li>\r\r\n<li>Customizable lengths and groove dimensions to suit various project requirements<\/li>\r\r\n<li>RoHS-compliant and fully recyclable for sustainable building practices<\/li>","product_chanpin_chanpin":"<li><a href=\"https:\/\/sinoextrud.com\/product\/aluminum-casement-door\/\" target=\"_blank\">Aluminum Casement Door<\/a><\/li>\r\n<li><a href=\"https:\/\/sinoextrud.com\/product\/6063t6-aluminium-profile-corner\/\" target=\"_blank\">6063T6 Aluminium Profile Corner<\/a><\/li>\r\n<li><a href=\"https:\/\/sinoextrud.com\/product\/extruded-aluminum-sliding-channel\/\" target=\"_blank\">Extruded Aluminum Sliding Channel<\/a><\/li>\r\n<li><a href=\"https:\/\/sinoextrud.com\/product\/aluminum-door-frame-profile\/\" target=\"_blank\">Aluminum Door Frame Profile<\/a><\/li>\r\n<li><a href=\"https:\/\/sinoextrud.com\/product\/sliding-window-aluminum-window-track\/\" target=\"_blank\">Sliding Window Aluminum Window Track<\/a><\/li>\r\n<li><a href=\"https:\/\/sinoextrud.com\/product\/aluminum-window-frame\/\" target=\"_blank\">Aluminum Window Frame<\/a><\/li>\r\n<li><a href=\"https:\/\/sinoextrud.com\/product\/aluminum-window-profile\/\" target=\"_blank\">Aluminum Window Profile<\/a><\/li>\r\n<li><a href=\"https:\/\/sinoextrud.com\/product\/aluminum-casement-window-double-hung-single-hung-jalousie-security-door-and-window\/\" target=\"_blank\">aluminum casement window Double Hung Single Hung Jalousie Security Door And Window<\/a><\/li>\r\n<li><a href=\"https:\/\/sinoextrud.com\/product\/aluminum-window\/\" target=\"_blank\">Aluminum Window<\/a><\/li>\r\n<li><a href=\"https:\/\/sinoextrud.com\/product\/aluminum-extrusion-gate-barrier-arm-aluminum-profile\/\" target=\"_blank\">Aluminum Extrusion Gate Barrier Arm Aluminum Profile<\/a><\/li>\r\n<li><a href=\"https:\/\/sinoextrud.com\/product\/t-aluminum-profile\/\" target=\"_blank\">T Aluminum Profile<\/a><\/li>"},"feature_list":[]},"_links":{"self":[{"href":"https:\/\/sinoextrud.com\/fi\/wp-json\/wp\/v2\/product\/6256","targetHints":{"allow":["GET"]}}],"collection":[{"href":"https:\/\/sinoextrud.com\/fi\/wp-json\/wp\/v2\/product"}],"about":[{"href":"https:\/\/sinoextrud.com\/fi\/wp-json\/wp\/v2\/types\/product"}],"wp:featuredmedia":[{"embeddable":true,"href":"https:\/\/sinoextrud.com\/fi\/wp-json\/wp\/v2\/media\/6255"}],"wp:attachment":[{"href":"https:\/\/sinoextrud.com\/fi\/wp-json\/wp\/v2\/media?parent=6256"}],"wp:term":[{"taxonomy":"category","embeddable":true,"href":"https:\/\/sinoextrud.com\/fi\/wp-json\/wp\/v2\/categories?post=6256"}],"curies":[{"name":"wp","href":"https:\/\/api.w.org\/{rel}","templated":true}]}}