{"id":6254,"date":"2025-05-26T06:54:55","date_gmt":"2025-05-26T06:54:55","guid":{"rendered":"https:\/\/sinoextrud.com\/product\/aluminum-door-frame-profile\/"},"modified":"2025-06-24T03:55:59","modified_gmt":"2025-06-24T03:55:59","slug":"alumiininen-ovenkarmiprofiili","status":"publish","type":"product","link":"https:\/\/sinoextrud.com\/fi\/product\/aluminum-door-frame-profile\/","title":{"rendered":"Alumiininen ovikehys profiili"},"content":{"rendered":"<h2>Tuotteiden tiedot<\/h2>\n<table class=\"custom-table\">\n<tr>\n<td class=\"label\">Tuotteen nimi<\/td>\n<td>Alumiininen ovi Fram profiili<\/td>\n<\/tr>\n<tr>\n<td class=\"label\">Materiaali<\/td>\n<td>6063,6061.<\/td>\n<\/tr>\n<tr>\n<td class=\"label\">Temper<\/td>\n<td>T3-T8<\/td>\n<\/tr>\n<tr>\n<td class=\"label\">V\u00e4ri<\/td>\n<td>Anodisoitu hopea, puunjyv\u00e4 tai muu r\u00e4\u00e4t\u00e4l\u00f6ity v\u00e4ri<\/td>\n<\/tr>\n<tr>\n<td class=\"label\">Tyypillinen Applycation<\/td>\n<td>Ikkuna ja ovi<\/td>\n<\/tr>\n<tr>\n<td class=\"label\">CNC-prosessi<\/td>\n<td>Tukee CNC-jyrsint\u00e4\u00e4, l\u00e4vistyst\u00e4, porausta, napauttamista, taivuttamista<\/td>\n<\/tr>\n<tr>\n<td class=\"label\">MOQ<\/td>\n<td>200KG<\/td>\n<\/tr>\n<tr>\n<td class=\"label\">Pintak\u00e4sittely<\/td>\n<td>Puuv\u00e4ri, anodisoitu, jauhemaalaus, elektroforeesi, PVDF-pinnoite, harjattu jne.<\/td>\n<\/tr>\n<tr>\n<td class=\"label\">Sertifikaatit<\/td>\n<td>ISO9001, ISO4001, CQM, SGS, CE, BV jne.<\/td>\n<\/tr>\n<tr>\n<td class=\"label\">Alkuper\u00e4paikka<\/td>\n<td>Guangdong,Kiina<\/td>\n<\/tr>\n<\/table>\n<h2>Tuotantopohjamme<\/h2>\n<h3>Tehtaan panoraama<\/h3>\n<p><img decoding=\"async\" src=\"\/wp-content\/uploads\/factory-01.webp\"\/><\/p>\n<h3>Alumiini Bar Manufacturing Workshop<\/h3>\n<p><img decoding=\"async\" src=\"\/wp-content\/uploads\/factory-02.webp\"\/><\/p>\n<p><img decoding=\"async\" src=\"\/wp-content\/uploads\/factory-03.webp\"\/><\/p>\n<h3>Muotin varastointi Varasto<\/h3>\n<p><img decoding=\"async\" src=\"\/wp-content\/uploads\/factory-04.webp\"\/><\/p>\n<h3>43 Alumiini ekstruusiolinjat (500\u00e2 5500 tonnia)<\/h3>\n<p><img decoding=\"async\" src=\"\/wp-content\/uploads\/factory-05.webp\"\/><\/p>\n<p><img decoding=\"async\" src=\"\/wp-content\/uploads\/factory-06.webp\"\/><\/p>\n<p><img decoding=\"async\" src=\"\/wp-content\/uploads\/factory-07.webp\"\/><\/p>\n<h3>Jauhemaalaus ty\u00f6paja<\/h3>\n<p><img decoding=\"async\" src=\"\/wp-content\/uploads\/factory-09.webp\"\/><\/p>\n<h3>Anodisointi ty\u00f6paja<\/h3>\n<p><img decoding=\"async\" src=\"\/wp-content\/uploads\/factory-10.webp\"\/><\/p>\n<h3>Syv\u00e4k\u00e4sittelyn ty\u00f6paja<\/h3>\n<p><img decoding=\"async\" src=\"\/wp-content\/uploads\/factory-11.webp\"\/><\/p>\n<h3>CNC-tarkkuuskoneistus ty\u00f6paja<\/h3>\n<p><img decoding=\"async\" src=\"\/wp-content\/uploads\/factory-11.5.webp\"\/><\/p>\n<h3>Valmiiden tuotteiden ja vientivarasto<\/h3>\n<p><img decoding=\"async\" src=\"\/wp-content\/uploads\/factory-12.webp\"\/><\/p>\n<p><img decoding=\"async\" src=\"\/wp-content\/uploads\/factory-13.webp\"\/><\/p>\n<p><img decoding=\"async\" src=\"\/wp-content\/uploads\/factory-14.webp\"\/><\/p>\n<h2>FAQ<\/h2>\n<p><p><b>1.Mik\u00e4 on alumiininen ovikehysprofiili?<\/b><\/p>\n<p>Alumiininen ovikehysprofiili on tarkkuuspuristettu alumiiniprofiili, joka on suunniteltu muodostamaan sis\u00e4- ja ulko-ovien rakennekehys.<br \/>\n<\/p><br \/>\n<br \/>\n<p><b>2.Miksi valita alumiininen ovikehysprofiili?<\/b><\/p>\n<p>Alumiiniset ovikehysprofiilit ovat poikkeuksellisen kest\u00e4vi\u00e4, kevytrakenteisia ja korroosionkest\u00e4vyydelt\u00e4\u00e4n erinomaisia verrattuna ter\u00e4s- tai puukehyksiin.<br \/>\n<\/p><br \/>\n<br \/>\n<p><b>3.Miten alumiininen ovikehysprofiili parantaa energiatehokkuutta?<\/b><\/p>\n<p>Energiatehokkaat alumiiniset ovikehysprofiilit sis\u00e4lt\u00e4v\u00e4t l\u00e4mp\u00f6katkotekniikkaa ja monikammiorakenteita l\u00e4mm\u00f6nsiirron minimoimiseksi ja energiakustannusten v\u00e4hent\u00e4miseksi.<br \/>\n<\/p><br \/>\n<br \/>\n<p><b>4.Are alumiini ovikehysprofiilit muokattavissa?<\/b><\/p>\n<p>Kyll\u00e4, alumiiniset ovikehysprofiilit voidaan suulakepuristaa erilaisilla poikkileikkauksilla, viimeistelyill\u00e4 ja anodisoidulla tai jauhemaalilla p\u00e4\u00e4llystetyill\u00e4 v\u00e4reill\u00e4, jotka sopivat mihin tahansa arkkitehtoniseen tyyliin.<br \/>\n<\/p><br \/>\n<br \/>\n<p><b>5.Mit\u00e4 asennusetuja alumiiniset ovikehysprofiilit tarjoavat?<\/b><\/p>\n<p>Alumiinisissa ovikehysprofiileissa on tarkat toleranssit ja integroidut tiivistyskanavat nopeaa ja tarkkaa asennusta sek\u00e4 ilmatiivist\u00e4 tiivistyst\u00e4 varten.<br \/>\n<\/p><br \/>\n<br \/>\n<p><b>6.Miten alumiiniset ovikehysprofiilit toimivat vaativissa ymp\u00e4rist\u00f6iss\u00e4?<\/b><\/p>\n<p>S\u00e4\u00e4nkest\u00e4v\u00e4t alumiiniset karmiprofiilit kest\u00e4v\u00e4t UV-altistusta, kosteutta ja \u00e4\u00e4rimm\u00e4isi\u00e4 l\u00e4mp\u00f6tiloja v\u00e4\u00e4ntym\u00e4tt\u00e4 tai haalistumatta.<br \/>\n<\/p><br \/>\n<br \/>\n<p><b>7.Can alumiininen ovikehys profiilit parantaa turvallisuutta?<\/b><\/p>\n<p>Kyll\u00e4, vahvistetut alumiiniset ovikehysprofiilit tukevat monipistelukitusj\u00e4rjestelmi\u00e4 ja vankkoja laitteistoja oven turvallisuuden parantamiseksi.<br \/>\n<\/p><br \/>\n<br \/>\n<p><b>8.Mit\u00e4 huoltoa vaaditaan alumiinisille ovikehysprofiileille?<\/b><\/p>\n<p>V\u00e4h\u00e4n huoltoa vaativat alumiiniset ovenkarmiprofiilit vaativat vain s\u00e4\u00e4nn\u00f6llist\u00e4 puhdistusta ja tarkastusta, ja ne kest\u00e4v\u00e4t ruostumista ja lahoamista ajan my\u00f6t\u00e4.<br \/>\n<\/p><br \/>\n<br \/>\n<p><b>9.Are alumiini ovenkarmiprofiilit ymp\u00e4rist\u00f6yst\u00e4v\u00e4llisi\u00e4?<\/b><\/p>\n<p>Kierr\u00e4tett\u00e4v\u00e4t alumiiniset ovikehysprofiilit v\u00e4hent\u00e4v\u00e4t ymp\u00e4rist\u00f6vaikutuksia ja tukevat kest\u00e4v\u00e4n rakentamisen sertifikaatteja, kuten LEED.<br \/>\n<\/p><br \/>\n<br \/>\n<p><b>10.Mist\u00e4 voin hankkia laadukkaita alumiinisia ovenkarmiprofiileja?<\/b><\/p>\n<p>Johtavat alumiinisten ovikehysprofiilien valmistajat tarjoavat ISO-sertifioituja tuotteita, maailmanlaajuista jakelua ja teknist\u00e4 tukea ovikehysratkaisuihin.<br \/>\n<\/p><br \/><\/p>","protected":false},"featured_media":6253,"template":"","categories":[59],"class_list":["post-6254","product","type-product","status-publish","has-post-thumbnail","hentry","category-aluminum-window-door-system"],"meta_box":{"hilight_text_group":{"product_hilight_text":"<li>Constructed from 6063-T5 aluminum alloy for superior strength and rigidity<\/li>\r\r\n<li>Precision-milled profiles with tolerances down to \u00c2\u00b10.1 mm for perfect fit<\/li>\r\r\n<li>Integrated thermal break option to enhance energy efficiency and reduce condensation<\/li>\r\r\n<li>Customizable finishes (anodized, powder-coated) for corrosion resistance and aesthetic matching<\/li>\r\r\n<li>Standardized groove design compatible with glazing beads and weather seals<\/li>\r\r\n<li>Pre-drilled mounting holes and snap-in corner connectors for fast, error-free installation<\/li>\r\r\n<li>Lightweight construction (2.70 g\/cm3) lowers shipping cost and eases handling<\/li>\r\r\n<li>RoHS-compliant and fully recyclable for sustainable building projects<\/li>","product_chanpin_chanpin":"<li><a href=\"https:\/\/sinoextrud.com\/product\/aluminum-extrusion-aerospace-grade-2024-aluminum-alloy-tubes\/\" target=\"_blank\">Aluminum Extrusion Aerospace-Grade 2024 Aluminum Alloy Tubes<\/a><\/li>\r\n<li><a href=\"https:\/\/sinoextrud.com\/product\/aluminum-casement-door\/\" target=\"_blank\">Aluminum Casement Door<\/a><\/li>\r\n<li><a href=\"https:\/\/sinoextrud.com\/product\/6063t6-aluminium-profile-corner\/\" target=\"_blank\">6063T6 Aluminium Profile Corner<\/a><\/li>\r\n<li><a href=\"https:\/\/sinoextrud.com\/product\/extruded-aluminum-sliding-channel\/\" target=\"_blank\">Extruded Aluminum Sliding Channel<\/a><\/li>\r\n<li><a href=\"https:\/\/sinoextrud.com\/product\/aluminum-door-frame-profile\/\" target=\"_blank\">Aluminum Door Frame Profile<\/a><\/li>\r\n<li><a href=\"https:\/\/sinoextrud.com\/product\/sliding-window-aluminum-window-track\/\" target=\"_blank\">Sliding Window Aluminum Window Track<\/a><\/li>\r\n<li><a href=\"https:\/\/sinoextrud.com\/product\/aluminum-window-frame\/\" target=\"_blank\">Aluminum Window Frame<\/a><\/li>\r\n<li><a href=\"https:\/\/sinoextrud.com\/product\/aluminum-window-profile\/\" target=\"_blank\">Aluminum Window Profile<\/a><\/li>\r\n<li><a href=\"https:\/\/sinoextrud.com\/product\/aluminum-casement-window-double-hung-single-hung-jalousie-security-door-and-window\/\" target=\"_blank\">aluminum casement window Double Hung Single Hung Jalousie Security Door And Window<\/a><\/li>\r\n<li><a href=\"https:\/\/sinoextrud.com\/product\/flat-aluminum-extrusions\/\" target=\"_blank\">Flat Aluminum Extrusions<\/a><\/li>\r\n<li><a href=\"https:\/\/sinoextrud.com\/product\/extruded-aluminium-round-tube\/\" target=\"_blank\">Extruded Aluminium Round Tube<\/a><\/li>"},"feature_list":[]},"_links":{"self":[{"href":"https:\/\/sinoextrud.com\/fi\/wp-json\/wp\/v2\/product\/6254","targetHints":{"allow":["GET"]}}],"collection":[{"href":"https:\/\/sinoextrud.com\/fi\/wp-json\/wp\/v2\/product"}],"about":[{"href":"https:\/\/sinoextrud.com\/fi\/wp-json\/wp\/v2\/types\/product"}],"wp:featuredmedia":[{"embeddable":true,"href":"https:\/\/sinoextrud.com\/fi\/wp-json\/wp\/v2\/media\/6253"}],"wp:attachment":[{"href":"https:\/\/sinoextrud.com\/fi\/wp-json\/wp\/v2\/media?parent=6254"}],"wp:term":[{"taxonomy":"category","embeddable":true,"href":"https:\/\/sinoextrud.com\/fi\/wp-json\/wp\/v2\/categories?post=6254"}],"curies":[{"name":"wp","href":"https:\/\/api.w.org\/{rel}","templated":true}]}}