{"id":6252,"date":"2025-05-26T06:52:58","date_gmt":"2025-05-26T06:52:58","guid":{"rendered":"https:\/\/sinoextrud.com\/product\/extruded-aluminum-sliding-channel\/"},"modified":"2025-06-24T03:55:56","modified_gmt":"2025-06-24T03:55:56","slug":"suulakepuristettu-alumiininen-liukukanava","status":"publish","type":"product","link":"https:\/\/sinoextrud.com\/fi\/product\/extruded-aluminum-sliding-channel\/","title":{"rendered":"Suulakepuristettu alumiininen liukukanava"},"content":{"rendered":"<h2>Tuotteiden tiedot<\/h2>\n<table class=\"custom-table\">\n<tr>\n<td class=\"label\">Nimi<\/td>\n<td>Suulakepuristettu alumiininen liukukanava<\/td>\n<\/tr>\n<tr>\n<td class=\"label\">Luokka<\/td>\n<td>Alumiiniprofiilit<\/td>\n<\/tr>\n<tr>\n<td class=\"label\">Tyyppi<\/td>\n<td>Saatavana on raskas tai kevyt tyyppi<\/td>\n<\/tr>\n<tr>\n<td class=\"label\">Materiaali<\/td>\n<td>6061 on laajalti k\u00e4ytetty. 6063, 6463, 6005, 6082 on my\u00f6s saatavilla.<\/td>\n<\/tr>\n<tr>\n<td class=\"label\">Temper<\/td>\n<td>T5-T8<\/td>\n<\/tr>\n<tr>\n<td class=\"label\">Pituus<\/td>\n<td>1-9M tai r\u00e4\u00e4t\u00e4l\u00f6inti<\/td>\n<\/tr>\n<tr>\n<td class=\"label\">Koko (mm)<\/td>\n<td>Piirustuksen mukaan<\/td>\n<\/tr>\n<tr>\n<td class=\"label\">Muoto<\/td>\n<td>Yhden hengen \/ Kahden hengen \/ Kolmen hengen<\/td>\n<\/tr>\n<tr>\n<td class=\"label\">Pintak\u00e4sittely<\/td>\n<td>Myllyvalmis, anodisoitu, hiekkapuhallus, elektroforeesi, tehopinnoitus jne.<\/td>\n<\/tr>\n<tr>\n<td class=\"label\">V\u00e4ri<\/td>\n<td>Hopea, musta, valkoinen, punainen, keltainen, samppanja tai r\u00e4\u00e4t\u00e4l\u00f6ity v\u00e4ri.<\/td>\n<\/tr>\n<tr>\n<td class=\"label\">Standardi<\/td>\n<td>ASTM, GB, DIN<\/td>\n<\/tr>\n<tr>\n<td class=\"label\">Osoitteesta<\/td>\n<td>Guangdong, Kiina<\/td>\n<\/tr>\n<tr>\n<td class=\"label\">Hakemus<\/td>\n<td>Ikkuna ja ovi sek\u00e4 kisko, liukukisko, ura teollisuudessa<\/td>\n<\/tr>\n<\/table>\n<h2>Tuotantopohjamme<\/h2>\n<h3>Tehtaan panoraama<\/h3>\n<p><img decoding=\"async\" src=\"\/wp-content\/uploads\/factory-01.webp\"\/><\/p>\n<h3>Alumiini Bar Manufacturing Workshop<\/h3>\n<p><img decoding=\"async\" src=\"\/wp-content\/uploads\/factory-02.webp\"\/><\/p>\n<p><img decoding=\"async\" src=\"\/wp-content\/uploads\/factory-03.webp\"\/><\/p>\n<h3>Muotin varastointi Varasto<\/h3>\n<p><img decoding=\"async\" src=\"\/wp-content\/uploads\/factory-04.webp\"\/><\/p>\n<h3>43 alumiinin ekstruusiolinjat (500-5500 tonnia)<\/h3>\n<p><img decoding=\"async\" src=\"\/wp-content\/uploads\/factory-05.webp\"\/><\/p>\n<p><img decoding=\"async\" src=\"\/wp-content\/uploads\/factory-06.webp\"\/><\/p>\n<p><img decoding=\"async\" src=\"\/wp-content\/uploads\/factory-07.webp\"\/><\/p>\n<h3>Jauhemaalaus ty\u00f6paja<\/h3>\n<p><img decoding=\"async\" src=\"\/wp-content\/uploads\/factory-09.webp\"\/><\/p>\n<h3>Anodisointi ty\u00f6paja<\/h3>\n<p><img decoding=\"async\" src=\"\/wp-content\/uploads\/factory-10.webp\"\/><\/p>\n<h3>Syv\u00e4k\u00e4sittelyn ty\u00f6paja<\/h3>\n<p><img decoding=\"async\" src=\"\/wp-content\/uploads\/factory-11.webp\"\/><\/p>\n<h3>CNC-tarkkuuskoneistus ty\u00f6paja<\/h3>\n<p><img decoding=\"async\" src=\"\/wp-content\/uploads\/factory-11.5.webp\"\/><\/p>\n<h3>Valmiiden tuotteiden ja vientivarasto<\/h3>\n<p><img decoding=\"async\" src=\"\/wp-content\/uploads\/factory-12.webp\"\/><\/p>\n<p><img decoding=\"async\" src=\"\/wp-content\/uploads\/factory-13.webp\"\/><\/p>\n<p><img decoding=\"async\" src=\"\/wp-content\/uploads\/factory-14.webp\"\/><\/p>\n<h2>FAQ<\/h2>\n<p><p><b>1.Mik\u00e4 on suulakepuristettu alumiininen liukukanava?<\/b><\/p>\n<p>Suulakepuristettu alumiininen liukukanava on tarkkaan suunniteltu alumiininen kiskoj\u00e4rjestelm\u00e4, joka on suunniteltu sileisiin ja kest\u00e4viin liukusovelluksiin ovissa, ikkunoissa ja paneeleissa.<br \/>\n<\/p><br \/>\n<br \/>\n<p><b>2.Mitk\u00e4 ovat suulakepuristetun alumiinisen liukukanavan t\u00e4rkeimm\u00e4t ominaisuudet?<\/b><\/p>\n<p>T\u00e4rkeimpi\u00e4 ominaisuuksia ovat eritt\u00e4in luja puristaminen, korroosionkest\u00e4vyys, tiukat mittatoleranssit, r\u00e4\u00e4t\u00e4l\u00f6it\u00e4v\u00e4t pituudet ja v\u00e4h\u00e4n kitkaa aiheuttavat liukupinnat.<br \/>\n<\/p><br \/>\n<br \/>\n<p><b>3.Miten suulakepuristettu alumiininen liukukanava parantaa suorituskyky\u00e4?<\/b><\/p>\n<p>Suulakepuristetut alumiiniset liukukanavat takaavat tasaisen, pehme\u00e4n liikkeen, v\u00e4hent\u00e4v\u00e4t rullien kulumista ja parantavat raskaiden liukupaneelien kantavuutta.<br \/>\n<\/p><br \/>\n<br \/>\n<p><b>4.Miksi valita suulakepuristetut alumiiniset liukukanavat muovi- tai ter\u00e4svaihtoehtojen sijaan?<\/b><\/p>\n<p>Suulakepuristetut alumiiniset liukukanavat tarjoavat ylivoimaisen lujuus-painosuhteen, luonnollisen korroosionkest\u00e4vyyden, paremman l\u00e4mp\u00f6stabiilisuuden ja kierr\u00e4tett\u00e4v\u00e4n materiaalin edut.<br \/>\n<\/p><br \/>\n<br \/>\n<p><b>5.Can suulakepuristettua alumiinia liukukanavat voidaan anodisoida tai p\u00e4\u00e4llyst\u00e4\u00e4?<\/b><\/p>\n<p>Kyll\u00e4, suulakepuristetut alumiiniset liukukanavat tukevat anodisointia, pulverimaalausta ja r\u00e4\u00e4t\u00e4l\u00f6ityj\u00e4 pintak\u00e4sittelyj\u00e4, jotka parantavat esteettisyytt\u00e4, naarmuuntumattomuutta ja pitk\u00e4aikaiskest\u00e4vyytt\u00e4.<br \/>\n<\/p><br \/>\n<br \/>\n<p><b>6.What sovellukset hy\u00f6tyv\u00e4t suulakepuristettua alumiinia liukukanavat?<\/b><\/p>\n<p>Suulakepuristetut alumiiniset liukukanavat sopivat erinomaisesti asuin- ja kaupallisiin liukuoviin, lasiseiniin, kaappien laatikoihin ja teollisuuden koneiden suojiin.<br \/>\n<\/p><br \/>\n<br \/>\n<p><b>7.Miten asennat suulakepuristetun alumiinisen liukukanavan?<\/b><\/p>\n<p>Asennus edellytt\u00e4\u00e4 kanavan kiinnitt\u00e4mist\u00e4 asennuspintaan ruuveilla tai liimalla, rullien tai ohjainten kohdistamista ja s\u00e4\u00e4t\u00e4mist\u00e4 tasaisen liukutoiminnan aikaansaamiseksi.<br \/>\n<\/p><br \/>\n<br \/>\n<p><b>8.Are suulakepuristettua alumiinia liukukanavat huoltovapaa?<\/b><\/p>\n<p>Suulakepuristetun alumiinin liukukanavien huolto on minimaalista - liukuelementtien s\u00e4\u00e4nn\u00f6llinen puhdistus ja voitelu varmistavat optimaalisen suorituskyvyn ja pitk\u00e4ik\u00e4isyyden.<br \/>\n<\/p><br \/>\n<br \/>\n<p><b>9.Mit\u00e4 r\u00e4\u00e4t\u00e4l\u00f6intivaihtoehtoja on saatavana suulakepuristettua alumiinia liukukanavat?<\/b><\/p>\n<p>Valmistajat tarjoavat r\u00e4\u00e4t\u00e4l\u00f6ityj\u00e4 poikkileikkauksia, aukkokokoonpanoja, reik\u00e4kuvioita ja pituusleikkauksia r\u00e4\u00e4t\u00e4l\u00f6ityj\u00e4 alumiinista valmistettuja liukukanavaratkaisuja varten.<br \/>\n<\/p><br \/>\n<br \/>\n<p><b>10.Mist\u00e4 voin hankkia korkealaatuisia suulakepuristettua alumiinia liukukanavia?<\/b><\/p>\n<p>Johtavat suulakepuristetoimittajat tarjoavat sertifioituja suulakepuristettuja alumiinisia liukukanavia, joilla on ISO-laadunvarmistus, maailmanlaajuinen toimitus ja tekninen tuki.<br \/>\n<\/p><br \/><\/p>","protected":false},"featured_media":6251,"template":"","categories":[59],"class_list":["post-6252","product","type-product","status-publish","has-post-thumbnail","hentry","category-aluminum-window-door-system"],"meta_box":{"hilight_text_group":{"product_hilight_text":"<li>High-precision extrusion for uniform sliding action and minimal friction<\/li>\r\r\n<li>Hard-anodized surface for enhanced wear resistance and corrosion protection<\/li>\r\r\n<li>Customizable channel dimensions and profiles to fit diverse application needs<\/li>\r\r\n<li>Integrated drainage slots to prevent debris build-up and ensure smooth operation<\/li>\r\r\n<li>Lightweight 6061-T6 aluminum construction for strength-to-weight optimization<\/li>\r\r\n<li>Compatible with standard bearings and sliders for easy assembly<\/li>\r\r\n<li>Low maintenance with self-lubricating track options available<\/li>\r\r\n<li>RoHS-compliant and fully recyclable for sustainable manufacturing<\/li>","product_chanpin_chanpin":"<li><a href=\"https:\/\/sinoextrud.com\/product\/extruded-aluminum-alloy-profile-for-glass-floor-channel\/\" target=\"_blank\">Extruded Aluminum Alloy Profile For Glass Floor Channel<\/a><\/li>\r\n<li><a href=\"https:\/\/sinoextrud.com\/product\/aluminum-extrusion-aerospace-grade-2024-aluminum-alloy-tubes\/\" target=\"_blank\">Aluminum Extrusion Aerospace-Grade 2024 Aluminum Alloy Tubes<\/a><\/li>\r\n<li><a href=\"https:\/\/sinoextrud.com\/product\/aluminum-casement-door\/\" target=\"_blank\">Aluminum Casement Door<\/a><\/li>\r\n<li><a href=\"https:\/\/sinoextrud.com\/product\/6063t6-aluminium-profile-corner\/\" target=\"_blank\">6063T6 Aluminium Profile Corner<\/a><\/li>\r\n<li><a href=\"https:\/\/sinoextrud.com\/product\/extruded-aluminum-sliding-channel\/\" target=\"_blank\">Extruded Aluminum Sliding Channel<\/a><\/li>\r\n<li><a href=\"https:\/\/sinoextrud.com\/product\/aluminum-door-frame-profile\/\" target=\"_blank\">Aluminum Door Frame Profile<\/a><\/li>\r\n<li><a href=\"https:\/\/sinoextrud.com\/product\/sliding-window-aluminum-window-track\/\" target=\"_blank\">Sliding Window Aluminum Window Track<\/a><\/li>\r\n<li><a href=\"https:\/\/sinoextrud.com\/product\/aluminum-window-frame\/\" target=\"_blank\">Aluminum Window Frame<\/a><\/li>\r\n<li><a href=\"https:\/\/sinoextrud.com\/product\/aluminum-window-profile\/\" target=\"_blank\">Aluminum Window Profile<\/a><\/li>\r\n<li><a href=\"https:\/\/sinoextrud.com\/product\/customized-aluminum-porch-railing\/\" target=\"_blank\">Customized Aluminum Porch Railing<\/a><\/li>\r\n<li><a href=\"https:\/\/sinoextrud.com\/product\/high-quality-aluminium-extrusion-profile-for-curtain-wall\/\" target=\"_blank\">High Quality Aluminium Extrusion Profile for Curtain Wall<\/a><\/li>"},"feature_list":[]},"_links":{"self":[{"href":"https:\/\/sinoextrud.com\/fi\/wp-json\/wp\/v2\/product\/6252","targetHints":{"allow":["GET"]}}],"collection":[{"href":"https:\/\/sinoextrud.com\/fi\/wp-json\/wp\/v2\/product"}],"about":[{"href":"https:\/\/sinoextrud.com\/fi\/wp-json\/wp\/v2\/types\/product"}],"wp:featuredmedia":[{"embeddable":true,"href":"https:\/\/sinoextrud.com\/fi\/wp-json\/wp\/v2\/media\/6251"}],"wp:attachment":[{"href":"https:\/\/sinoextrud.com\/fi\/wp-json\/wp\/v2\/media?parent=6252"}],"wp:term":[{"taxonomy":"category","embeddable":true,"href":"https:\/\/sinoextrud.com\/fi\/wp-json\/wp\/v2\/categories?post=6252"}],"curies":[{"name":"wp","href":"https:\/\/api.w.org\/{rel}","templated":true}]}}