{"id":6250,"date":"2025-05-26T06:33:58","date_gmt":"2025-05-26T06:33:58","guid":{"rendered":"https:\/\/sinoextrud.com\/product\/6063t6-aluminium-profile-corner\/"},"modified":"2025-06-24T03:55:46","modified_gmt":"2025-06-24T03:55:46","slug":"6063t6-alumiiniprofiilin-kulma","status":"publish","type":"product","link":"https:\/\/sinoextrud.com\/fi\/product\/6063t6-aluminium-profile-corner\/","title":{"rendered":"6063T6 Alumiiniprofiilin kulma"},"content":{"rendered":"<h2>Tuotteiden tiedot<\/h2>\n<table class=\"custom-table\">\n<tr>\n<td class=\"label\">Tuotteen nimi<\/td>\n<td>Triangle Corner Alumiini osa, Corner Alumiini Profile, Alumium Corner Profile, 6063T6 Alumiini Profile Corner, 6063T6 Alumiini Profile Corner<\/td>\n<\/tr>\n<tr>\n<td class=\"label\">Materiaali<\/td>\n<td>Alumiiniseos 6063,6005, 6005A,6061,6082,6463<\/td>\n<\/tr>\n<tr>\n<td class=\"label\">Temper<\/td>\n<td>T3-T8 alumiiniprofiilin kulmaan<\/td>\n<\/tr>\n<tr>\n<td class=\"label\">Valmis<\/td>\n<td>Mill viimeistely, anodisointi, jauhemaalaus, PVDF, puunjyv\u00e4, harja, jne.<\/td>\n<\/tr>\n<tr>\n<td class=\"label\">Coler<\/td>\n<td>Hopea, musta, samppanja, pronssi, valkoinen, RAL-v\u00e4rit, kulta, puun v\u00e4ri jne.<\/td>\n<\/tr>\n<tr>\n<td class=\"label\">MOQ<\/td>\n<td>200KGS<\/td>\n<\/tr>\n<tr>\n<td class=\"label\">Hakemus<\/td>\n<td>Rakentaminen, teollisuus, energia, liikenne jne.<\/td>\n<\/tr>\n<tr>\n<td class=\"label\">Valmistuspalvelu<\/td>\n<td>L\u00e4vistys, poraus, hitsaus, taivutus, CNC-konepalvelu voidaan tarjota tarvittaessa.<\/td>\n<\/tr>\n<\/table>\n<h2>Tuotantopohjamme<\/h2>\n<h3>Tehtaan panoraama<\/h3>\n<p><img decoding=\"async\" src=\"\/wp-content\/uploads\/factory-01.webp\"\/><\/p>\n<h3>Alumiini Bar Manufacturing Workshop<\/h3>\n<p><img decoding=\"async\" src=\"\/wp-content\/uploads\/factory-02.webp\"\/><\/p>\n<p><img decoding=\"async\" src=\"\/wp-content\/uploads\/factory-03.webp\"\/><\/p>\n<h3>Muotin varastointi Varasto<\/h3>\n<p><img decoding=\"async\" src=\"\/wp-content\/uploads\/factory-04.webp\"\/><\/p>\n<h3>43 Alumiini ekstruusiolinjat (500\u00e2 5500 tonnia)<\/h3>\n<p><img decoding=\"async\" src=\"\/wp-content\/uploads\/factory-05.webp\"\/><\/p>\n<p><img decoding=\"async\" src=\"\/wp-content\/uploads\/factory-06.webp\"\/><\/p>\n<p><img decoding=\"async\" src=\"\/wp-content\/uploads\/factory-07.webp\"\/><\/p>\n<h3>Jauhemaalaus ty\u00f6paja<\/h3>\n<p><img decoding=\"async\" src=\"\/wp-content\/uploads\/factory-09.webp\"\/><\/p>\n<h3>Anodisointi ty\u00f6paja<\/h3>\n<p><img decoding=\"async\" src=\"\/wp-content\/uploads\/factory-10.webp\"\/><\/p>\n<h3>Syv\u00e4k\u00e4sittelyn ty\u00f6paja<\/h3>\n<p><img decoding=\"async\" src=\"\/wp-content\/uploads\/factory-11.webp\"\/><\/p>\n<h3>CNC-tarkkuuskoneistus ty\u00f6paja<\/h3>\n<p><img decoding=\"async\" src=\"\/wp-content\/uploads\/factory-11.5.webp\"\/><\/p>\n<h3>Valmiiden tuotteiden ja vientivarasto<\/h3>\n<p><img decoding=\"async\" src=\"\/wp-content\/uploads\/factory-12.webp\"\/><\/p>\n<p><img decoding=\"async\" src=\"\/wp-content\/uploads\/factory-13.webp\"\/><\/p>\n<p><img decoding=\"async\" src=\"\/wp-content\/uploads\/factory-14.webp\"\/><\/p>\n<h2>FAQ<\/h2>\n<p><p><b>1.Mik\u00e4 on 6063T6 alumiiniprofiilin kulma?<\/b><\/p>\n<p>6063T6-alumiiniprofiilikulma on 6063-T6-alumiiniseoksesta valmistettu tarkkuuspuristettu kulmaprofiili, joka on suunniteltu tukeviin kehys- ja reunustussovelluksiin.<br \/>\n<\/p><br \/>\n<br \/>\n<p><b>2.Miksi valita 6063T6 alumiiniprofiilin kulma kehyst\u00e4miseen?<\/b><\/p>\n<p>6063T6 Alumiiniprofiilikulmat tarjoavat erinomaisen lujuus-painosuhteen, joka takaa kevyen mutta kest\u00e4v\u00e4n rakenteellisen tuen arkkitehtonisissa ja teollisissa kehyksiss\u00e4.<br \/>\n<\/p><br \/>\n<br \/>\n<p><b>3.Miten 6063T6 Alumiiniprofiilin kulman korroosionkest\u00e4vyys toimii?<\/b><\/p>\n<p>6063T6-alumiiniprofiilikulmilla on erinomainen korroosionkest\u00e4vyys, joten ne soveltuvat erinomaisesti sis\u00e4- ja ulkotiloihin ilman pinnan pilaantumista.<br \/>\n<\/p><br \/>\n<br \/>\n<p><b>4.Can 6063T6 Alumiiniprofiilin kulma voidaan anodisoida?<\/b><\/p>\n<p>Kyll\u00e4, 6063T6-alumiiniprofiilin kulmat voidaan anodisoida tai pulverimaalata pinnan kovuuden, esteettisyyden ja pitk\u00e4aikaisen s\u00e4\u00e4nkest\u00e4vyyden parantamiseksi.<br \/>\n<\/p><br \/>\n<br \/>\n<p><b>5.Mik\u00e4 valmistusprosessi tuottaa 6063T6 alumiiniprofiilin kulmat?<\/b><\/p>\n<p>6063T6-alumiiniprofiilikulmat valmistetaan korkean tarkkuuden alumiinipuristamalla, mik\u00e4 takaa yhdenmukaiset poikkileikkaukset ja tiukat mittatoleranssit.<br \/>\n<\/p><br \/>\n<br \/>\n<p><b>6.Mitk\u00e4 ovat 6063T6 alumiiniprofiilin kulman t\u00e4rkeimm\u00e4t edut?<\/b><\/p>\n<p>T\u00e4rkeimpi\u00e4 etuja ovat hyv\u00e4 ty\u00f6stett\u00e4vyys, erinomainen hitsattavuus, tasainen viimeistely ja kyky muodostaa monimutkaisia kulmageometrioita minimaalisella j\u00e4lkik\u00e4sittelyll\u00e4.<br \/>\n<\/p><br \/>\n<br \/>\n<p><b>7.Miten 6063T6 Alumiiniprofiilikulman l\u00e4mp\u00f6kyky hy\u00f6dytt\u00e4\u00e4 sovelluksia?<\/b><\/p>\n<p>6063T6 Alumiiniprofiilikulmilla on hyv\u00e4 l\u00e4mm\u00f6njohtavuus ja vakaus, joten ne soveltuvat elektroniikan ja lasitusj\u00e4rjestelmien l\u00e4mp\u00f6\u00e4 luovuttaviin kehyksiin.<br \/>\n<\/p><br \/>\n<br \/>\n<p><b>8.Are 6063T6 Alumiiniprofiilin kulmat ymp\u00e4rist\u00f6yst\u00e4v\u00e4llisi\u00e4?<\/b><\/p>\n<p>Kyll\u00e4, 6063T6-alumiiniprofiilikulmat ovat t\u00e4ysin kierr\u00e4tett\u00e4vi\u00e4, mik\u00e4 v\u00e4hent\u00e4\u00e4 ymp\u00e4rist\u00f6vaikutuksia ja tukee kest\u00e4vi\u00e4 rakennus- ja tuotantok\u00e4yt\u00e4nt\u00f6j\u00e4.<br \/>\n<\/p><br \/>\n<br \/>\n<p><b>9.Mit\u00e4 r\u00e4\u00e4t\u00e4l\u00f6intivaihtoehtoja on olemassa 6063T6 Alumiiniprofiilikulmalle?<\/b><\/p>\n<p>Valmistajat tarjoavat r\u00e4\u00e4t\u00e4l\u00f6ityj\u00e4 pituuksia, kulmakulmia, aukkomalleja ja pintak\u00e4sittelyj\u00e4 6063T6-alumiiniprofiilikulmille projektin erityisvaatimusten t\u00e4ytt\u00e4miseksi.<br \/>\n<\/p><br \/>\n<br \/>\n<p><b>10.Mist\u00e4 voin hankkia laadukkaita 6063T6 Alumiiniprofiilin kulmia?<\/b><\/p>\n<p>Johtavat alumiinipuristustuotteiden toimittajat tarjoavat sertifioituja 6063T6 alumiiniprofiilin kulmia, joilla on ISO-laadunvarmistus ja maailmanlaajuinen jakelu luotettavaa toimitusta varten.<br \/>\n<\/p><br \/><\/p>","protected":false},"featured_media":6249,"template":"","categories":[59],"class_list":["post-6250","product","type-product","status-publish","has-post-thumbnail","hentry","category-aluminum-window-door-system"],"meta_box":{"hilight_text_group":{"product_hilight_text":"<li>Made from 6063-T6 aluminum alloy with tensile strength \u2265220 MPa for robust structural support<\/li>\r\r\n<li>Angle accuracy of 90\u00b0 \u00b1 0.1\u00b0 ensures precise assembly without secondary machining<\/li>\r\r\n<li>Optional anodized or powder-coated finishes for superior corrosion and wear resistance<\/li>\r\r\n<li>Standardized T-slot design compatible with a wide range of connectors and accessories<\/li>\r\r\n<li>Lightweight construction at 2.70 g\/cm3 reduces overall weight for easier handling and transport<\/li>\r\r\n<li>Customizable lengths and cross-sections to meet diverse project requirements<\/li>\r\r\n<li>Eco-friendly and fully recyclable, compliant with RoHS and REACH regulations<\/li>\r\r\n<li>Comprehensive in-process QC, including dimensional checks and hardness tests for consistent quality<\/li>","product_chanpin_chanpin":"<li><a href=\"https:\/\/sinoextrud.com\/product\/aluminium-extrusion-frameless-glass-railing-aluminum-profiles\/\" target=\"_blank\">Aluminium Extrusion Frameless Glass Railing Aluminum Profiles<\/a><\/li>\r\n<li><a href=\"https:\/\/sinoextrud.com\/product\/extruded-aluminum-alloy-profile-for-glass-floor-channel\/\" target=\"_blank\">Extruded Aluminum Alloy Profile For Glass Floor Channel<\/a><\/li>\r\n<li><a href=\"https:\/\/sinoextrud.com\/product\/aluminum-extrusion-aerospace-grade-2024-aluminum-alloy-tubes\/\" target=\"_blank\">Aluminum Extrusion Aerospace-Grade 2024 Aluminum Alloy Tubes<\/a><\/li>\r\n<li><a href=\"https:\/\/sinoextrud.com\/product\/aluminum-casement-door\/\" target=\"_blank\">Aluminum Casement Door<\/a><\/li>\r\n<li><a href=\"https:\/\/sinoextrud.com\/product\/6063t6-aluminium-profile-corner\/\" target=\"_blank\">6063T6 Aluminium Profile Corner<\/a><\/li>\r\n<li><a href=\"https:\/\/sinoextrud.com\/product\/extruded-aluminum-sliding-channel\/\" target=\"_blank\">Extruded Aluminum Sliding Channel<\/a><\/li>\r\n<li><a href=\"https:\/\/sinoextrud.com\/product\/aluminum-door-frame-profile\/\" target=\"_blank\">Aluminum Door Frame Profile<\/a><\/li>\r\n<li><a href=\"https:\/\/sinoextrud.com\/product\/sliding-window-aluminum-window-track\/\" target=\"_blank\">Sliding Window Aluminum Window Track<\/a><\/li>\r\n<li><a href=\"https:\/\/sinoextrud.com\/product\/aluminum-window-frame\/\" target=\"_blank\">Aluminum Window Frame<\/a><\/li>\r\n<li><a href=\"https:\/\/sinoextrud.com\/product\/aluminum-extrusion-brackets\/\" target=\"_blank\">Aluminum Extrusion Brackets<\/a><\/li>\r\n<li><a href=\"https:\/\/sinoextrud.com\/product\/extruded-aluminum-slide\/\" target=\"_blank\">Extruded Aluminum Slide<\/a><\/li>"},"feature_list":[]},"_links":{"self":[{"href":"https:\/\/sinoextrud.com\/fi\/wp-json\/wp\/v2\/product\/6250","targetHints":{"allow":["GET"]}}],"collection":[{"href":"https:\/\/sinoextrud.com\/fi\/wp-json\/wp\/v2\/product"}],"about":[{"href":"https:\/\/sinoextrud.com\/fi\/wp-json\/wp\/v2\/types\/product"}],"wp:featuredmedia":[{"embeddable":true,"href":"https:\/\/sinoextrud.com\/fi\/wp-json\/wp\/v2\/media\/6249"}],"wp:attachment":[{"href":"https:\/\/sinoextrud.com\/fi\/wp-json\/wp\/v2\/media?parent=6250"}],"wp:term":[{"taxonomy":"category","embeddable":true,"href":"https:\/\/sinoextrud.com\/fi\/wp-json\/wp\/v2\/categories?post=6250"}],"curies":[{"name":"wp","href":"https:\/\/api.w.org\/{rel}","templated":true}]}}