{"id":6248,"date":"2025-05-26T06:31:29","date_gmt":"2025-05-26T06:31:29","guid":{"rendered":"https:\/\/sinoextrud.com\/product\/aluminum-casement-door\/"},"modified":"2025-06-24T03:55:41","modified_gmt":"2025-06-24T03:55:41","slug":"alumiini-saranaovi","status":"publish","type":"product","link":"https:\/\/sinoextrud.com\/fi\/product\/aluminum-casement-door\/","title":{"rendered":"Alumiini Casement ovi"},"content":{"rendered":"<h2>Tuotteiden tiedot<\/h2>\n<table class=\"custom-table\">\n<tr>\n<td class=\"label\">Tuotteen nimi<\/td>\n<td>Alumiininen saranaovi<\/td>\n<\/tr>\n<tr>\n<td class=\"label\">Materiaali<\/td>\n<td>6063, 6061, 6463, 6082 Alumiiniseos alumiiniseos<\/td>\n<\/tr>\n<tr>\n<td class=\"label\">V\u00e4ri<\/td>\n<td>R\u00e4\u00e4t\u00e4l\u00f6ity<\/td>\n<\/tr>\n<tr>\n<td class=\"label\">Standardi<\/td>\n<td>GB2008<\/td>\n<\/tr>\n<tr>\n<td class=\"label\">Luokka<\/td>\n<td>6000-sarja<\/td>\n<\/tr>\n<tr>\n<td class=\"label\">Paksuus<\/td>\n<td>R\u00e4\u00e4t\u00e4l\u00f6ity<\/td>\n<\/tr>\n<tr>\n<td class=\"label\">K\u00e4ytt\u00f6<\/td>\n<td>Koristelu<\/td>\n<\/tr>\n<tr>\n<td class=\"label\">Temper<\/td>\n<td>T3-T8<\/td>\n<\/tr>\n<tr>\n<td class=\"label\">Pituus<\/td>\n<td>R\u00e4\u00e4t\u00e4l\u00f6ity<\/td>\n<\/tr>\n<tr>\n<td class=\"label\">Pintak\u00e4sittely<\/td>\n<td>Jauhemaalaus, Mill Finish, PVDF, anodisoitu, puunjyv\u00e4, kiillotettu, harjattu jne.<\/td>\n<\/tr>\n<tr>\n<td class=\"label\">Orgin<\/td>\n<td>KIINA<\/td>\n<\/tr>\n<tr>\n<td class=\"label\">Onko seos vai ei<\/td>\n<td>Onko seos<\/td>\n<\/tr>\n<tr>\n<td class=\"label\">Satama<\/td>\n<td>Guangzhou, Shenzhen, Foshan<\/td>\n<\/tr>\n<\/table>\n<h2>Tuotantopohjamme<\/h2>\n<h3>Tehtaan panoraama<\/h3>\n<p><img decoding=\"async\" src=\"\/wp-content\/uploads\/factory-01.webp\"\/><\/p>\n<h3>Alumiini Bar Manufacturing Workshop<\/h3>\n<p><img decoding=\"async\" src=\"\/wp-content\/uploads\/factory-02.webp\"\/><\/p>\n<p><img decoding=\"async\" src=\"\/wp-content\/uploads\/factory-03.webp\"\/><\/p>\n<h3>Muotin varastointi Varasto<\/h3>\n<p><img decoding=\"async\" src=\"\/wp-content\/uploads\/factory-04.webp\"\/><\/p>\n<h3>43 Alumiini ekstruusiolinjat (500\u00e2 5500 tonnia)<\/h3>\n<p><img decoding=\"async\" src=\"\/wp-content\/uploads\/factory-05.webp\"\/><\/p>\n<p><img decoding=\"async\" src=\"\/wp-content\/uploads\/factory-06.webp\"\/><\/p>\n<p><img decoding=\"async\" src=\"\/wp-content\/uploads\/factory-07.webp\"\/><\/p>\n<h3>Jauhemaalaus ty\u00f6paja<\/h3>\n<p><img decoding=\"async\" src=\"\/wp-content\/uploads\/factory-09.webp\"\/><\/p>\n<h3>Anodisointi ty\u00f6paja<\/h3>\n<p><img decoding=\"async\" src=\"\/wp-content\/uploads\/factory-10.webp\"\/><\/p>\n<h3>Syv\u00e4k\u00e4sittelyn ty\u00f6paja<\/h3>\n<p><img decoding=\"async\" src=\"\/wp-content\/uploads\/factory-11.webp\"\/><\/p>\n<h3>CNC-tarkkuuskoneistus ty\u00f6paja<\/h3>\n<p><img decoding=\"async\" src=\"\/wp-content\/uploads\/factory-11.5.webp\"\/><\/p>\n<h3>Valmiiden tuotteiden ja vientivarasto<\/h3>\n<p><img decoding=\"async\" src=\"\/wp-content\/uploads\/factory-12.webp\"\/><\/p>\n<p><img decoding=\"async\" src=\"\/wp-content\/uploads\/factory-13.webp\"\/><\/p>\n<p><img decoding=\"async\" src=\"\/wp-content\/uploads\/factory-14.webp\"\/><\/p>\n<h2>FAQ<\/h2>\n<p><p><b>1.What on alumiini Casement Door?<\/b><\/p>\n<p>Alumiininen saranaovi on lujasta alumiinista valmistettu sivusaranoitu ovij\u00e4rjestelm\u00e4, joka tarjoaa tyylik\u00e4st\u00e4 modernia estetiikkaa ja luotettavaa suorituskyky\u00e4.<br \/>\n<\/p><br \/>\n<br \/>\n<p><b>2.Miksi valita alumiini Casement Door?<\/b><\/p>\n<p>Alumiiniovet ovat perinteisiin materiaaleihin verrattuna eritt\u00e4in kest\u00e4vi\u00e4, v\u00e4h\u00e4n huoltoa vaativia ja pitk\u00e4aikaisesti korroosionkest\u00e4vi\u00e4.<br \/>\n<\/p><br \/>\n<br \/>\n<p><b>3.Miten alumiininen karmiovi parantaa energiatehokkuutta?<\/b><\/p>\n<p>Energiatehokkaissa alumiiniikkunoissa on monikammioiset profiilit ja l\u00e4mp\u00f6katkotekniikka, jotka v\u00e4hent\u00e4v\u00e4t l\u00e4mm\u00f6nsiirtoa ja pienent\u00e4v\u00e4t s\u00e4hk\u00f6laskuja.<br \/>\n<\/p><br \/>\n<br \/>\n<p><b>4.Are alumiini Casement ovet turvallinen?<\/b><\/p>\n<p>Alumiinisissa Casement-ovissa on monipistelukitusmekanismi ja vahvistetut kehykset, jotka lis\u00e4\u00e4v\u00e4t turvallisuutta ja mielenrauhaa.<br \/>\n<\/p><br \/>\n<br \/>\n<p><b>5.Mit\u00e4 suunnitteluvaihtoehtoja on saatavana alumiinioviin?<\/b><\/p>\n<p>Alumiiniset Casement-ovet tarjoavat r\u00e4\u00e4t\u00e4l\u00f6it\u00e4viss\u00e4 olevia pintak\u00e4sittelyj\u00e4, pulverimaalausv\u00e4rej\u00e4, laitteistotyylej\u00e4 ja lasivaihtoehtoja r\u00e4\u00e4t\u00e4l\u00f6ity\u00e4 arkkitehtonista vetovoimaa varten.<br \/>\n<\/p><br \/>\n<br \/>\n<p><b>6.How alumiini Casement ovet toimivat ankarissa ilmasto-olosuhteissa?<\/b><\/p>\n<p>S\u00e4\u00e4nkest\u00e4v\u00e4t alumiiniikkunat kest\u00e4v\u00e4t \u00e4\u00e4rimm\u00e4isi\u00e4 l\u00e4mp\u00f6tiloja, UV-s\u00e4teily\u00e4 ja rankkasateita v\u00e4\u00e4ntym\u00e4tt\u00e4 tai haalistumatta.<br \/>\n<\/p><br \/>\n<br \/>\n<p><b>7.Can alumiini Casement ovet parantaa sis\u00e4ilman mukavuutta?<\/b><\/p>\n<p>Kyll\u00e4, alumiinirippuovien tiiviit tiivisteet ja edistykselliset tiivisteet est\u00e4v\u00e4t vedot, melun ja kosteuden ja luovat mukavamman asuintilan.<br \/>\n<\/p><br \/>\n<br \/>\n<p><b>8.What huolto on tarpeen alumiini Casement ovet?<\/b><\/p>\n<p>V\u00e4h\u00e4n huoltoa vaativat alumiiniset saranaovet tarvitsevat vain saranoiden s\u00e4\u00e4nn\u00f6llisen puhdistuksen ja voitelun s\u00e4ilytt\u00e4\u00e4kseen optimaalisen toimintansa ja ulkon\u00e4k\u00f6ns\u00e4.<br \/>\n<\/p><br \/>\n<br \/>\n<p><b>9.Miten alumiiniovet edist\u00e4v\u00e4t kest\u00e4v\u00e4\u00e4 rakentamista?<\/b><\/p>\n<p>Kierr\u00e4tett\u00e4v\u00e4t alumiiniovet v\u00e4hent\u00e4v\u00e4t ymp\u00e4rist\u00f6vaikutuksia, tukevat vihre\u00e4n rakentamisen sertifikaatteja ja v\u00e4hent\u00e4v\u00e4t elinkaaren aikaista energiankulutusta.<br \/>\n<\/p><br \/>\n<br \/>\n<p><b>10.Mihin voin asentaa alumiiniset kasarmiovet?<\/b><\/p>\n<p>Monipuoliset alumiiniset saranaovet sopivat erinomaisesti asuntojen terasseille, kaupallisten myym\u00e4l\u00f6iden julkisivuihin, parvekkeille ja nykyaikaisen rakentamisen sis\u00e4tilojen v\u00e4liseiniin.<br \/>\n<\/p><br \/><\/p>","protected":false},"featured_media":6247,"template":"","categories":[59],"class_list":["post-6248","product","type-product","status-publish","has-post-thumbnail","hentry","category-aluminum-window-door-system"],"meta_box":{"hilight_text_group":{"product_hilight_text":"<li>Durable aluminum frame with corrosion-resistant finish for long service life<\/li>\r\r\n<li>Multi-point locking system for enhanced security in commercial applications<\/li>\r\r\n<li>Thermal break design to improve energy efficiency and reduce HVAC costs<\/li>\r\r\n<li>Customizable sizes and powder-coated color options to match architectural aesthetics<\/li>\r\r\n<li>High-performance weather seals for superior wind and water tightness<\/li>\r\r\n<li>Integrated insect screen option for improved ventilation without pests<\/li>\r\r\n<li>Easy installation with pre-drilled mounting holes and adjustable hinges<\/li>\r\r\n<li>Low-maintenance operation with smooth hardware and corrosion-proof components<\/li>","product_chanpin_chanpin":"<li><a href=\"https:\/\/sinoextrud.com\/product\/aluminium-window-extrusion-profile\/\" target=\"_blank\">Aluminium Window Extrusion Profile<\/a><\/li>\r\n<li><a href=\"https:\/\/sinoextrud.com\/product\/aluminium-extrusion-frameless-glass-railing-aluminum-profiles\/\" target=\"_blank\">Aluminium Extrusion Frameless Glass Railing Aluminum Profiles<\/a><\/li>\r\n<li><a href=\"https:\/\/sinoextrud.com\/product\/extruded-aluminum-alloy-profile-for-glass-floor-channel\/\" target=\"_blank\">Extruded Aluminum Alloy Profile For Glass Floor Channel<\/a><\/li>\r\n<li><a href=\"https:\/\/sinoextrud.com\/product\/aluminum-extrusion-aerospace-grade-2024-aluminum-alloy-tubes\/\" target=\"_blank\">Aluminum Extrusion Aerospace-Grade 2024 Aluminum Alloy Tubes<\/a><\/li>\r\n<li><a href=\"https:\/\/sinoextrud.com\/product\/aluminum-casement-door\/\" target=\"_blank\">Aluminum Casement Door<\/a><\/li>\r\n<li><a href=\"https:\/\/sinoextrud.com\/product\/6063t6-aluminium-profile-corner\/\" target=\"_blank\">6063T6 Aluminium Profile Corner<\/a><\/li>\r\n<li><a href=\"https:\/\/sinoextrud.com\/product\/extruded-aluminum-sliding-channel\/\" target=\"_blank\">Extruded Aluminum Sliding Channel<\/a><\/li>\r\n<li><a href=\"https:\/\/sinoextrud.com\/product\/aluminum-door-frame-profile\/\" target=\"_blank\">Aluminum Door Frame Profile<\/a><\/li>\r\n<li><a href=\"https:\/\/sinoextrud.com\/product\/sliding-window-aluminum-window-track\/\" target=\"_blank\">Sliding Window Aluminum Window Track<\/a><\/li>\r\n<li><a href=\"https:\/\/sinoextrud.com\/product\/aluminium-extrusion-curtain-wall-profile-with-powder-coated-surface-manufacturer-direct-selling\/\" target=\"_blank\">Aluminium Extrusion Curtain Wall Profile With Powder Coated Surface Manufacturer Direct Selling<\/a><\/li>\r\n<li><a href=\"https:\/\/sinoextrud.com\/product\/aluminum-sunshading-profile\/\" target=\"_blank\">Aluminum Sunshading Profile<\/a><\/li>"},"feature_list":[]},"_links":{"self":[{"href":"https:\/\/sinoextrud.com\/fi\/wp-json\/wp\/v2\/product\/6248","targetHints":{"allow":["GET"]}}],"collection":[{"href":"https:\/\/sinoextrud.com\/fi\/wp-json\/wp\/v2\/product"}],"about":[{"href":"https:\/\/sinoextrud.com\/fi\/wp-json\/wp\/v2\/types\/product"}],"wp:featuredmedia":[{"embeddable":true,"href":"https:\/\/sinoextrud.com\/fi\/wp-json\/wp\/v2\/media\/6247"}],"wp:attachment":[{"href":"https:\/\/sinoextrud.com\/fi\/wp-json\/wp\/v2\/media?parent=6248"}],"wp:term":[{"taxonomy":"category","embeddable":true,"href":"https:\/\/sinoextrud.com\/fi\/wp-json\/wp\/v2\/categories?post=6248"}],"curies":[{"name":"wp","href":"https:\/\/api.w.org\/{rel}","templated":true}]}}