{"id":6246,"date":"2025-05-26T06:26:43","date_gmt":"2025-05-26T06:26:43","guid":{"rendered":"https:\/\/sinoextrud.com\/product\/aluminum-extrusion-aerospace-grade-2024-aluminum-alloy-tubes\/"},"modified":"2025-06-24T03:55:38","modified_gmt":"2025-06-24T03:55:38","slug":"alumiini-suulakepuristus-ilmailu-ja-avaruusluokan-2024-alumiiniseos-putket","status":"publish","type":"product","link":"https:\/\/sinoextrud.com\/fi\/product\/aluminum-extrusion-aerospace-grade-2024-aluminum-alloy-tubes\/","title":{"rendered":"Alumiini suulakepuristus Aerospace-luokan 2024 alumiiniseos putket"},"content":{"rendered":"<h2>Tuotteiden tiedot<\/h2>\n<table class=\"custom-table\">\n<tr>\n<td class=\"label\">Nimi<\/td>\n<td>Alumiini suulakepuristus Aerospace-luokan 2024 alumiiniseos putket<\/td>\n<\/tr>\n<\/table>\n<h2>Tuotantopohjamme<\/h2>\n<h3>Tehtaan panoraama<\/h3>\n<p><img decoding=\"async\" src=\"\/wp-content\/uploads\/factory-01.webp\"\/><\/p>\n<h3>Alumiini Bar Manufacturing Workshop<\/h3>\n<p><img decoding=\"async\" src=\"\/wp-content\/uploads\/factory-02.webp\"\/><\/p>\n<p><img decoding=\"async\" src=\"\/wp-content\/uploads\/factory-03.webp\"\/><\/p>\n<h3>Muotin varastointi Varasto<\/h3>\n<p><img decoding=\"async\" src=\"\/wp-content\/uploads\/factory-04.webp\"\/><\/p>\n<h3>43 Alumiini ekstruusiolinjat (500\u00e2 5500 tonnia)<\/h3>\n<p><img decoding=\"async\" src=\"\/wp-content\/uploads\/factory-05.webp\"\/><\/p>\n<p><img decoding=\"async\" src=\"\/wp-content\/uploads\/factory-06.webp\"\/><\/p>\n<p><img decoding=\"async\" src=\"\/wp-content\/uploads\/factory-07.webp\"\/><\/p>\n<h3>Jauhemaalaus ty\u00f6paja<\/h3>\n<p><img decoding=\"async\" src=\"\/wp-content\/uploads\/factory-09.webp\"\/><\/p>\n<h3>Anodisointi ty\u00f6paja<\/h3>\n<p><img decoding=\"async\" src=\"\/wp-content\/uploads\/factory-10.webp\"\/><\/p>\n<h3>Syv\u00e4k\u00e4sittelyn ty\u00f6paja<\/h3>\n<p><img decoding=\"async\" src=\"\/wp-content\/uploads\/factory-11.webp\"\/><\/p>\n<h3>CNC-tarkkuuskoneistus ty\u00f6paja<\/h3>\n<p><img decoding=\"async\" src=\"\/wp-content\/uploads\/factory-11.5.webp\"\/><\/p>\n<h3>Valmiiden tuotteiden ja vientivarasto<\/h3>\n<p><img decoding=\"async\" src=\"\/wp-content\/uploads\/factory-12.webp\"\/><\/p>\n<p><img decoding=\"async\" src=\"\/wp-content\/uploads\/factory-13.webp\"\/><\/p>\n<p><img decoding=\"async\" src=\"\/wp-content\/uploads\/factory-14.webp\"\/><\/p>\n<h2>FAQ<\/h2>\n<p><p><b>1.What ovat Aerospace-luokan 2024 alumiiniseos putket alumiinin puristamiseen?<\/b><\/p>\n<p>Aerospace-luokan 2024-alumiiniseosputket ovat tarkkuusvalmisteisia alumiinipuristustuotteita, jotka tarjoavat korkean lujuus-painosuhteen kriittisiin ilmailu- ja puolustussovelluksiin.<br \/>\n<\/p><br \/>\n<br \/>\n<p><b>2.Mik\u00e4 tekee 2024 alumiiniseoksesta ihanteellisen ilmailu- ja avaruusluokan putkille?<\/b><\/p>\n<p>2024 Alumiiniseosputket tarjoavat poikkeuksellisen v\u00e4symiskest\u00e4vyyden, vetolujuuden ja murtumiskest\u00e4vyyden, mik\u00e4 erottaa ne ilmailu- ja avaruusluokan alumiinipuristuksessa.<br \/>\n<\/p><br \/>\n<br \/>\n<p><b>3.How alumiini suulakepuristus parantaa 2024 alumiiniseos putki suorituskyky\u00e4?<\/b><\/p>\n<p>Alumiinin suulakepuristaminen hienos\u00e4\u00e4t\u00e4\u00e4 raerakennetta Aerospace-luokan 2024-alumiiniseosputkissa, mik\u00e4 takaa tasaiset mekaaniset ominaisuudet ja erinomaisen mittatarkkuuden.<br \/>\n<\/p><br \/>\n<br \/>\n<p><b>4.Mitk\u00e4 ovat Aerospace-luokan 2024 alumiiniseosputkien t\u00e4rkeimm\u00e4t edut?<\/b><\/p>\n<p>Etuihin kuuluvat kevyt rakenne, korkea korroosionkest\u00e4vyys k\u00e4siteltyin\u00e4, erinomainen ty\u00f6stett\u00e4vyys ja luotettava suorituskyky \u00e4\u00e4riolosuhteissa.<br \/>\n<\/p><br \/>\n<br \/>\n<p><b>5.Can 2024 Alumiiniseosputket voidaan anodisoida tai pintak\u00e4sitelty?<\/b><\/p>\n<p>Kyll\u00e4, Aerospace-luokan 2024-alumiiniseosputket alumiinipuristusprosesseista tukevat anodisointia, alodiinia ja mukautettuja pinnoitteita kest\u00e4vyyden ja estetiikan parantamiseksi.<br \/>\n<\/p><br \/>\n<br \/>\n<p><b>6.What teollisuudenalat hy\u00f6tyv\u00e4t alumiini puristamiseen 2024 alumiiniseos putket?<\/b><\/p>\n<p>Aerospace-luokan 2024 alumiiniseosputkia k\u00e4ytet\u00e4\u00e4n laajalti lentokoneiden rakenneosissa, hydrauliikkaj\u00e4rjestelmiss\u00e4, UAV-rungoissa ja korkean suorituskyvyn kilpasovelluksissa.<br \/>\n<\/p><br \/>\n<br \/>\n<p><b>7.Miten suulakepuristusprosessi vaikuttaa putkien toleransseihin ja viimeistelyyn?<\/b><\/p>\n<p>Alumiinin suulakepuristus takaa tiukat toleranssit ja sile\u00e4t pinnat ilmailualan luokan 2024 alumiiniseosputkille, mik\u00e4 v\u00e4hent\u00e4\u00e4 j\u00e4lkity\u00f6st\u00f6- ja kokoonpanoaikaa.<br \/>\n<\/p><br \/>\n<br \/>\n<p><b>8.Ovatko ilmailu- ja avaruusluokan 2024 alumiiniseosputket kierr\u00e4tett\u00e4viss\u00e4?<\/b><\/p>\n<p>Kyll\u00e4, 2024 Alumiiniseosputket alumiinipursotuksesta ovat t\u00e4ysin kierr\u00e4tett\u00e4vi\u00e4, mik\u00e4 tukee kest\u00e4v\u00e4\u00e4 valmistusta ja v\u00e4hent\u00e4\u00e4 ymp\u00e4rist\u00f6vaikutuksia.<br \/>\n<\/p><br \/>\n<br \/>\n<p><b>9.Mit\u00e4 r\u00e4\u00e4t\u00e4l\u00f6intivaihtoehtoja on olemassa 2024 alumiiniseosputkille?<\/b><\/p>\n<p>Valmistajat tarjoavat r\u00e4\u00e4t\u00e4l\u00f6ityj\u00e4 halkaisijoita, sein\u00e4m\u00e4npaksuuksia, l\u00e4mp\u00f6k\u00e4sittelyj\u00e4 ja pituusleikkauksia Aerospace-luokan 2024-alumiiniseosputkille vastaamaan erityisi\u00e4 projektivaatimuksia.<br \/>\n<\/p><br \/>\n<br \/>\n<p><b>10.Mist\u00e4 voin hankkia sertifioituja Aerospace-luokan 2024-alumiiniseosputkia?<\/b><\/p>\n<p>Johtava alumiini puristamiseen toimittajat tarjoavat sertifioitu Aerospace-luokan 2024 alumiiniseos putket ISO ja AS9100 laatutakuut ja maailmanlaajuinen jakeluverkostot.<br \/>\n<\/p><br \/><\/p>","protected":false},"featured_media":6245,"template":"","categories":[58],"class_list":["post-6246","product","type-product","status-publish","has-post-thumbnail","hentry","category-aluminium-extrusion-profiles"],"meta_box":{"hilight_text_group":{"product_hilight_text":"<li>High tensile strength up to 472 MPa, ideal for aerospace structural applications<\/li>\r\r\n<li>Outstanding fatigue resistance under cyclic loads and high-vibration environments<\/li>\r\r\n<li>Precision extrusion with tolerances down to \u00c2\u00b10.05 mm for exact assembly fit<\/li>\r\r\n<li>Lightweight design at just 2.78 g\/cm3 to enable overall weight reduction<\/li>\r\r\n<li>Customizable surface finishes: anodizing, sandblasting, electrophoresis, and more<\/li>\r\r\n<li>Certified to AMS and MIL-SPEC standards for aerospace quality assurance<\/li>\r\r\n<li>Wide range of sizes available: diameters, wall thicknesses, and lengths tailored to needs<\/li>\r\r\n<li>Strict quality control with full-process inspection, ultrasonic testing, and stress-relief annealing<\/li>","product_chanpin_chanpin":"<li><a href=\"https:\/\/sinoextrud.com\/product\/aluminum-extrusion-6061-6082-automotive-bumper-beam\/\" target=\"_blank\">Aluminum Extrusion 6061 6082 Automotive Bumper Beam<\/a><\/li>\r\n<li><a href=\"https:\/\/sinoextrud.com\/product\/aluminium-window-extrusion-profile\/\" target=\"_blank\">Aluminium Window Extrusion Profile<\/a><\/li>\r\n<li><a href=\"https:\/\/sinoextrud.com\/product\/aluminium-extrusion-frameless-glass-railing-aluminum-profiles\/\" target=\"_blank\">Aluminium Extrusion Frameless Glass Railing Aluminum Profiles<\/a><\/li>\r\n<li><a href=\"https:\/\/sinoextrud.com\/product\/extruded-aluminum-alloy-profile-for-glass-floor-channel\/\" target=\"_blank\">Extruded Aluminum Alloy Profile For Glass Floor Channel<\/a><\/li>\r\n<li><a href=\"https:\/\/sinoextrud.com\/product\/aluminum-extrusion-aerospace-grade-2024-aluminum-alloy-tubes\/\" target=\"_blank\">Aluminum Extrusion Aerospace-Grade 2024 Aluminum Alloy Tubes<\/a><\/li>\r\n<li><a href=\"https:\/\/sinoextrud.com\/product\/aluminum-casement-door\/\" target=\"_blank\">Aluminum Casement Door<\/a><\/li>\r\n<li><a href=\"https:\/\/sinoextrud.com\/product\/6063t6-aluminium-profile-corner\/\" target=\"_blank\">6063T6 Aluminium Profile Corner<\/a><\/li>\r\n<li><a href=\"https:\/\/sinoextrud.com\/product\/extruded-aluminum-sliding-channel\/\" target=\"_blank\">Extruded Aluminum Sliding Channel<\/a><\/li>\r\n<li><a href=\"https:\/\/sinoextrud.com\/product\/aluminum-door-frame-profile\/\" target=\"_blank\">Aluminum Door Frame Profile<\/a><\/li>\r\n<li><a href=\"https:\/\/sinoextrud.com\/product\/extrusions-aluminum-structural-framing-kitchen-cabinet-doors-oem-anodized-champagne-selling-in-pakistan\/\" target=\"_blank\">extrusions aluminum structural framing kitchen cabinet doors OEM Anodized champagne selling in pakistan<\/a><\/li>\r\n<li><a href=\"https:\/\/sinoextrud.com\/product\/extruded-aluminum-cnc-part-with-precision-custom-cnc-machining\/\" target=\"_blank\">Extruded Aluminum CNC Part with Precision Custom CNC Machining<\/a><\/li>"},"feature_list":[]},"_links":{"self":[{"href":"https:\/\/sinoextrud.com\/fi\/wp-json\/wp\/v2\/product\/6246","targetHints":{"allow":["GET"]}}],"collection":[{"href":"https:\/\/sinoextrud.com\/fi\/wp-json\/wp\/v2\/product"}],"about":[{"href":"https:\/\/sinoextrud.com\/fi\/wp-json\/wp\/v2\/types\/product"}],"wp:featuredmedia":[{"embeddable":true,"href":"https:\/\/sinoextrud.com\/fi\/wp-json\/wp\/v2\/media\/6245"}],"wp:attachment":[{"href":"https:\/\/sinoextrud.com\/fi\/wp-json\/wp\/v2\/media?parent=6246"}],"wp:term":[{"taxonomy":"category","embeddable":true,"href":"https:\/\/sinoextrud.com\/fi\/wp-json\/wp\/v2\/categories?post=6246"}],"curies":[{"name":"wp","href":"https:\/\/api.w.org\/{rel}","templated":true}]}}