{"id":6234,"date":"2025-05-26T03:18:25","date_gmt":"2025-05-26T03:18:25","guid":{"rendered":"https:\/\/sinoextrud.com\/product\/aluminum-extrusion-minimalist-office-partition-aluminum-profiles\/"},"modified":"2025-06-24T03:55:26","modified_gmt":"2025-06-24T03:55:26","slug":"alumiini-suulakepuristetut-minimalistinen-toimisto-valiseina-alumiiniprofiileja","status":"publish","type":"product","link":"https:\/\/sinoextrud.com\/fi\/product\/aluminum-extrusion-minimalist-office-partition-aluminum-profiles\/","title":{"rendered":"Alumiini suulakepuristus Minimalistinen toimisto v\u00e4lisein\u00e4 alumiini profiilit"},"content":{"rendered":"<h2>Tuotteiden tiedot<\/h2>\n<table class=\"custom-table\">\n<tr>\n<td class=\"label\">Kohde<\/td>\n<td>Alumiini suulakepuristus Minimalistinen toimisto v\u00e4lisein\u00e4 alumiini profiilit<\/td>\n<\/tr>\n<tr>\n<td class=\"label\">Materiaali<\/td>\n<td>Ensiluokkainen alumiiniseos (6063-T5 tai vastaava)<\/td>\n<\/tr>\n<tr>\n<td class=\"label\">Pintak\u00e4sittely<\/td>\n<td>Anodisointi, pulverimaalaus, kiillotus tai harjaus (muokattavissa).<\/td>\n<\/tr>\n<tr>\n<td class=\"label\">Paksuus<\/td>\n<td>1.2mm - 3.0mm (sovelluksesta ja kuormitusvaatimuksista riippuen)<\/td>\n<\/tr>\n<tr>\n<td class=\"label\">Leveys<\/td>\n<td>20mm - 200mm (muokattavissa suunnittelutarpeiden mukaan)<\/td>\n<\/tr>\n<tr>\n<td class=\"label\">Korkeus<\/td>\n<td>Jopa 6 metri\u00e4 (voidaan r\u00e4\u00e4t\u00e4l\u00f6id\u00e4 projektin vaatimusten mukaan).<\/td>\n<\/tr>\n<tr>\n<td class=\"label\">Paino<\/td>\n<td>Kevyt, noin 2,7 g\/cm3 (vaihtelee profiilin koon ja paksuuden mukaan).<\/td>\n<\/tr>\n<tr>\n<td class=\"label\">V\u00e4rivaihtoehdot<\/td>\n<td>Hopea, musta, valkoinen, kulta, pronssi tai mukautetut RAL-v\u00e4rit.<\/td>\n<\/tr>\n<tr>\n<td class=\"label\">Viimeistely<\/td>\n<td>Matta, kiilt\u00e4v\u00e4 tai satiinipintainen (riippuen pintak\u00e4sittelyst\u00e4).<\/td>\n<\/tr>\n<tr>\n<td class=\"label\">Suvaitsevaisuus<\/td>\n<td>\u00b10,1 mm (tarkkuus suunniteltu t\u00e4ydellist\u00e4 istuvuutta ja kohdistusta varten).<\/td>\n<\/tr>\n<tr>\n<td class=\"label\">Palonkest\u00e4vyys<\/td>\n<td>Palamaton, t\u00e4ytt\u00e4\u00e4 paloturvallisuusstandardit.<\/td>\n<\/tr>\n<tr>\n<td class=\"label\">Korroosionkest\u00e4vyys<\/td>\n<td>Korkea ruosteen- ja korroosionkest\u00e4vyys, sopii sis\u00e4- ja ulkok\u00e4ytt\u00f6\u00f6n.<\/td>\n<\/tr>\n<tr>\n<td class=\"label\">Kuormituskapasiteetti<\/td>\n<td>Suuri rakenteellinen lujuus, joka pystyy kantamaan lis\u00e4kalusteita tai -paneeleita.<\/td>\n<\/tr>\n<tr>\n<td class=\"label\">Asennus<\/td>\n<td>Helppo asentaa modulaarisen rakenteen ansiosta, yhteensopiva vakioasennusj\u00e4rjestelmien kanssa.<\/td>\n<\/tr>\n<tr>\n<td class=\"label\">Sertifikaatit<\/td>\n<td>ISO 9001, ISO 14001, SGS ja muut kansainv\u00e4liset laatustandardit.<\/td>\n<\/tr>\n<tr>\n<td class=\"label\">Pakkaus<\/td>\n<td>Suojak\u00e4\u00e4reet, r\u00e4\u00e4t\u00e4l\u00f6idyt laatikot ja turvalliset merkinn\u00e4t turvallista kuljetusta varten.<\/td>\n<\/tr>\n<tr>\n<td class=\"label\">Sovellukset<\/td>\n<td>Toimistosein\u00e4t, modulaariset ty\u00f6pisteet, v\u00e4hitt\u00e4iskaupan n\u00e4yt\u00f6t ja koristeelliset kehykset.<\/td>\n<\/tr>\n<\/table>\n<h2>Tuotantopohjamme<\/h2>\n<h3>Tehtaan panoraama<\/h3>\n<p><img decoding=\"async\" src=\"\/wp-content\/uploads\/factory-01.webp\"\/><\/p>\n<h3>Alumiini Bar Manufacturing Workshop<\/h3>\n<p><img decoding=\"async\" src=\"\/wp-content\/uploads\/factory-02.webp\"\/><\/p>\n<p><img decoding=\"async\" src=\"\/wp-content\/uploads\/factory-03.webp\"\/><\/p>\n<h3>Muotin varastointi Varasto<\/h3>\n<p><img decoding=\"async\" src=\"\/wp-content\/uploads\/factory-04.webp\"\/><\/p>\n<h3>43 alumiinin ekstruusiolinjat (500-5500 tonnia)<\/h3>\n<p><img decoding=\"async\" src=\"\/wp-content\/uploads\/factory-05.webp\"\/><\/p>\n<p><img decoding=\"async\" src=\"\/wp-content\/uploads\/factory-06.webp\"\/><\/p>\n<p><img decoding=\"async\" src=\"\/wp-content\/uploads\/factory-07.webp\"\/><\/p>\n<h3>Jauhemaalaus ty\u00f6paja<\/h3>\n<p><img decoding=\"async\" src=\"\/wp-content\/uploads\/factory-09.webp\"\/><\/p>\n<h3>Anodisointi ty\u00f6paja<\/h3>\n<p><img decoding=\"async\" src=\"\/wp-content\/uploads\/factory-10.webp\"\/><\/p>\n<h3>Syv\u00e4k\u00e4sittelyn ty\u00f6paja<\/h3>\n<p><img decoding=\"async\" src=\"\/wp-content\/uploads\/factory-11.webp\"\/><\/p>\n<h3>CNC-tarkkuuskoneistus ty\u00f6paja<\/h3>\n<p><img decoding=\"async\" src=\"\/wp-content\/uploads\/factory-11.5.webp\"\/><\/p>\n<h3>Valmiiden tuotteiden ja vientivarasto<\/h3>\n<p><img decoding=\"async\" src=\"\/wp-content\/uploads\/factory-12.webp\"\/><\/p>\n<p><img decoding=\"async\" src=\"\/wp-content\/uploads\/factory-13.webp\"\/><\/p>\n<p><img decoding=\"async\" src=\"\/wp-content\/uploads\/factory-14.webp\"\/><\/p>\n<h2>FAQ<\/h2>\n<p><p><b>1.What ovat alumiinipursotuksen minimalistinen toimisto osio alumiiniprofiilit? <\/b><\/p>\n<p> N\u00e4m\u00e4 ovat tyylikk\u00e4it\u00e4, suulakepuristettuja alumiiniprofiileja, jotka on suunniteltu luomaan moderneja, minimalistisia toimistoseini\u00e4, jotka ovat kest\u00e4vi\u00e4 ja esteettisi\u00e4.<br \/>\n<\/p><br \/>\n<br \/>\n<p><b>2.Mitk\u00e4 ovat alumiiniprofiilien k\u00e4yt\u00f6n edut toimiston v\u00e4liseiniss\u00e4? <\/b><\/p>\n<p> Alumiiniprofiilit tarjoavat kevytt\u00e4 lujuutta, korroosionkest\u00e4vyytt\u00e4, helpon asennuksen ja selke\u00e4n, nykyaikaisen ulkon\u00e4\u00f6n, joka sopii erinomaisesti nykyaikaisiin toimistotiloihin.<br \/>\n<\/p><br \/>\n<br \/>\n<p><b>3.Miksi valita alumiiniprofiili minimalistisiin toimistoseiniin? <\/b><\/p>\n<p> Ekstruusio mahdollistaa tarkat, mukautettavat profiilimuodot, jotka takaavat rakenteellisen kest\u00e4vyyden s\u00e4ilytt\u00e4en samalla ohuet, minimalistiset mallit.<br \/>\n<\/p><br \/>\n<br \/>\n<p><b>4.Miss\u00e4 alumiinisia minimalistisia toimistosein\u00e4profiileja k\u00e4ytet\u00e4\u00e4n yleisesti? <\/b><\/p>\n<p> Niit\u00e4 k\u00e4ytet\u00e4\u00e4n yritysten toimistoissa, coworking-tiloissa, vastaanottotiloissa ja neuvotteluhuoneissa luomaan toimivia ja tyylikk\u00e4it\u00e4 v\u00e4liseini\u00e4.<br \/>\n<\/p><br \/>\n<br \/>\n<p><b>5.Ovatko alumiiniset toimistosein\u00e4profiilit helppoja asentaa? <\/b><\/p>\n<p> Kyll\u00e4, alumiiniprofiilit on suunniteltu nopeaan kokoonpanoon modulaaristen liittimien avulla, mik\u00e4 lyhent\u00e4\u00e4 asennusaikaa ja mahdollistaa joustavat tilakokoonpanot.<br \/>\n<\/p><br \/>\n<br \/>\n<p><b>6.Can alumiini v\u00e4lisein\u00e4profiilit voidaan r\u00e4\u00e4t\u00e4l\u00f6id\u00e4? <\/b><\/p>\n<p> Profiilien muotoa, kokoa, viimeistely\u00e4 ja v\u00e4ri\u00e4 voidaan r\u00e4\u00e4t\u00e4l\u00f6id\u00e4 siten, ett\u00e4 ne sopivat toimiston erityisiin suunnitteluvaatimuksiin ja br\u00e4ndiin.<br \/>\n<\/p><br \/>\n<br \/>\n<p><b>7.Mit\u00e4 pintak\u00e4sittelyj\u00e4 alumiinisiin toimistosein\u00e4profiileihin on saatavana? <\/b><\/p>\n<p> Viimeistelyvaihtoehtoja ovat anodisoitu, pulverimaalattu, harjattu ja maalattu kest\u00e4vyyden parantamiseksi ja sisustukseen sopivaksi.<br \/>\n<\/p><br \/>\n<br \/>\n<p><b>8.Parantavatko alumiiniset suulakepuristetut v\u00e4lisein\u00e4t toimiston akustiikkaa? <\/b><\/p>\n<p> Kun alumiinisein\u00e4t yhdistet\u00e4\u00e4n akustiikkalevyihin tai lasiin, ne auttavat v\u00e4hent\u00e4m\u00e4\u00e4n melua ja parantavat yksityisyytt\u00e4 ja keskittymist\u00e4 avokonttoreissa.<br \/>\n<\/p><br \/>\n<br \/>\n<p><b>9.Are alumiini toimiston v\u00e4lisein\u00e4n profiilit kest\u00e4v\u00e4t? <\/b><\/p>\n<p> Alumiini kest\u00e4\u00e4 erinomaisesti korroosiota, kulumista ja iskuja, mik\u00e4 takaa pitk\u00e4ik\u00e4iset toimistosein\u00e4t.<br \/>\n<\/p><br \/>\n<br \/>\n<p><b>10.Miten alumiiniprofiilien minimalistiset profiilit parantavat toimiston estetiikkaa? <\/b><\/p>\n<p> Niiden ohuet, selke\u00e4t linjat ja muokattavat viimeistelyt luovat modernin, tyylikk\u00e4\u00e4n ymp\u00e4rist\u00f6n, joka edist\u00e4\u00e4 tuottavuutta ja ammattimaista imagoa.<br \/>\n<\/p><br \/><\/p>","protected":false},"featured_media":6233,"template":"","categories":[58],"class_list":["post-6234","product","type-product","status-publish","has-post-thumbnail","hentry","category-aluminium-extrusion-profiles"],"meta_box":{"hilight_text_group":{"product_hilight_text":"<li>Sleek minimalist design complements modern office aesthetics<\/li>\r\r\n<li>Lightweight yet sturdy aluminum ensures durable partitions<\/li>\r\r\n<li>Easy to assemble and reconfigure for flexible office layouts<\/li>\r\r\n<li>Corrosion-resistant surface suitable for long-term indoor use<\/li>\r\r\n<li>Customizable profiles and finishes to match branding and design needs<\/li>","product_chanpin_chanpin":"<li><a href=\"https:\/\/sinoextrud.com\/product\/aluminum-extrusion-bathroom-mirror-cabinet-aluminum-profile\/\" target=\"_blank\">Aluminum Extrusion Bathroom Mirror Cabinet Aluminum Profile<\/a><\/li>\r\n<li><a href=\"https:\/\/sinoextrud.com\/product\/aluminum-extrusion-advertising-signs-aluminum-frame-profile\/\" target=\"_blank\">Aluminum Extrusion Advertising Signs Aluminum Frame Profile<\/a><\/li>\r\n<li><a href=\"https:\/\/sinoextrud.com\/product\/aluminum-extrusion-7003-7075-aluminum-profile-cnc\/\" target=\"_blank\">Aluminum Extrusion 7003 7075 Pilates Equipment Aluminum Profile CNC Precision Aluminum Profile<\/a><\/li>\r\n<li><a href=\"https:\/\/sinoextrud.com\/product\/aluminum-extrusion-cable-clamp-profile-cnc-custom-cable-cleat-aluminum-profile\/\" target=\"_blank\">Aluminum Extrusion Cable Clamp Profile CNC Custom Cable Cleat Aluminum Profile<\/a><\/li>\r\n<li><a href=\"https:\/\/sinoextrud.com\/product\/aluminum-extrusion-minimalist-office-partition-aluminum-profiles\/\" target=\"_blank\">Aluminum Extrusion Minimalist Office Partition Aluminum Profiles<\/a><\/li>\r\n<li><a href=\"https:\/\/sinoextrud.com\/product\/aluminum-extrusion-ultra-small-material-aluminum-frame-profile\/\" target=\"_blank\">Aluminum Extrusion Ultra-small Material Aluminum Frame Profile<\/a><\/li>\r\n<li><a href=\"https:\/\/sinoextrud.com\/product\/aluminum-extrusion-6061-6082-automotive-bumper-beam\/\" target=\"_blank\">Aluminum Extrusion 6061 6082 Automotive Bumper Beam<\/a><\/li>\r\n<li><a href=\"https:\/\/sinoextrud.com\/product\/aluminium-window-extrusion-profile\/\" target=\"_blank\">Aluminium Window Extrusion Profile<\/a><\/li>\r\n<li><a href=\"https:\/\/sinoextrud.com\/product\/aluminium-extrusion-frameless-glass-railing-aluminum-profiles\/\" target=\"_blank\">Aluminium Extrusion Frameless Glass Railing Aluminum Profiles<\/a><\/li>\r\n<li><a href=\"https:\/\/sinoextrud.com\/product\/aluminum-extruded-profile\/\" target=\"_blank\">Aluminum Extruded Profile<\/a><\/li>\r\n<li><a href=\"https:\/\/sinoextrud.com\/product\/aluminum-profile-system\/\" target=\"_blank\">Aluminum Profile System<\/a><\/li>"},"feature_list":[]},"_links":{"self":[{"href":"https:\/\/sinoextrud.com\/fi\/wp-json\/wp\/v2\/product\/6234","targetHints":{"allow":["GET"]}}],"collection":[{"href":"https:\/\/sinoextrud.com\/fi\/wp-json\/wp\/v2\/product"}],"about":[{"href":"https:\/\/sinoextrud.com\/fi\/wp-json\/wp\/v2\/types\/product"}],"wp:featuredmedia":[{"embeddable":true,"href":"https:\/\/sinoextrud.com\/fi\/wp-json\/wp\/v2\/media\/6233"}],"wp:attachment":[{"href":"https:\/\/sinoextrud.com\/fi\/wp-json\/wp\/v2\/media?parent=6234"}],"wp:term":[{"taxonomy":"category","embeddable":true,"href":"https:\/\/sinoextrud.com\/fi\/wp-json\/wp\/v2\/categories?post=6234"}],"curies":[{"name":"wp","href":"https:\/\/api.w.org\/{rel}","templated":true}]}}