{"id":6230,"date":"2025-05-26T03:12:26","date_gmt":"2025-05-26T03:12:26","guid":{"rendered":"https:\/\/sinoextrud.com\/?post_type=product&#038;p=6230"},"modified":"2025-06-24T03:55:22","modified_gmt":"2025-06-24T03:55:22","slug":"alumiini-suulakepuristus-7003-7075-alumiiniprofiili-cnc","status":"publish","type":"product","link":"https:\/\/sinoextrud.com\/fi\/product\/aluminum-extrusion-7003-7075-aluminum-profile-cnc\/","title":{"rendered":"Alumiini suulakepuristus 7003 7075 Pilates laitteet alumiiniprofiili CNC tarkkuus alumiini profiili"},"content":{"rendered":"<h2>Tuotteiden tiedot<\/h2>\n<table class=\"custom-table\">\n<tr>\n<td class=\"label\">Kohde<\/td>\n<td>Alumiini suulakepuristus 7003 7075 Pilates laitteet alumiiniprofiili CNC tarkkuus alumiini profiili<\/td>\n<\/tr>\n<tr>\n<td class=\"label\">Temper<\/td>\n<td>T3-T8<\/td>\n<\/tr>\n<tr>\n<td class=\"label\">Prosessin kulku<\/td>\n<td>Muotin kehitt\u00e4minen-Alumiini Billets-l\u00e4mmitys yl\u00f6s-muovaus raaka-alumiini-Alumiini ekstruusio-CNC ty\u00f6st\u00f6-Pintak\u00e4sittely-QC-pakkaus &amp; toimitus<\/td>\n<\/tr>\n<tr>\n<td class=\"label\">Hakemus<\/td>\n<td>lentokoneiden komponentit, rakenneosat ja huipputehokkaat laitteet<\/td>\n<\/tr>\n<tr>\n<td class=\"label\">Muoto<\/td>\n<td>Mukauttaminen<\/td>\n<\/tr>\n<tr>\n<td class=\"label\">Pintak\u00e4sittely<\/td>\n<td>Mylly viimeistelty, anodisoitu, tehopinnoite, hiekkapuhallus, elektroforeesi, harjattu, kiillotus jne.<\/td>\n<\/tr>\n<tr>\n<td class=\"label\">Syv\u00e4prosessointi<\/td>\n<td>Leikkaus, poraus, ty\u00f6st\u00f6, l\u00e4vistys, taivutus, napauttaminen jne.<\/td>\n<\/tr>\n<tr>\n<td class=\"label\">MOQ<\/td>\n<td>200 kg kutakin profiilia kohti<\/td>\n<\/tr>\n<tr>\n<td class=\"label\">Toimitusaika<\/td>\n<td>15-25 p\u00e4iv\u00e4\u00e4<\/td>\n<\/tr>\n<tr>\n<td class=\"label\">Ilmainen n\u00e4yte<\/td>\n<td>1-3 p\u00e4iv\u00e4\u00e4 voidaan l\u00e4hett\u00e4\u00e4<\/td>\n<\/tr>\n<tr>\n<td class=\"label\">ODM\/OEM<\/td>\n<td>Hyv\u00e4ksytt\u00e4v\u00e4<\/td>\n<\/tr>\n<\/table>\n<h2>Tuotantopohjamme<\/h2>\n<h3>Tehtaan panoraama<\/h3>\n<p><img decoding=\"async\" src=\"\/wp-content\/uploads\/factory-01.webp\"\/><\/p>\n<h3>Alumiini Bar Manufacturing Workshop<\/h3>\n<p><img decoding=\"async\" src=\"\/wp-content\/uploads\/factory-02.webp\"\/><\/p>\n<\/p>\n<p><img decoding=\"async\" src=\"\/wp-content\/uploads\/factory-03.webp\"\/><\/p>\n<h3>Muotin varastointi Varasto<\/h3>\n<p><img decoding=\"async\" src=\"\/wp-content\/uploads\/factory-04.webp\"\/><\/p>\n<h3>43 Alumiini ekstruusiolinjat (500\u00e2 5500 tonnia)<\/h3>\n<p><img decoding=\"async\" src=\"\/wp-content\/uploads\/factory-05.webp\"\/><\/p>\n<p><img decoding=\"async\" src=\"\/wp-content\/uploads\/factory-06.webp\"\/><\/p>\n<p><img decoding=\"async\" src=\"\/wp-content\/uploads\/factory-07.webp\"\/><\/p>\n<h3>Jauhemaalaus ty\u00f6paja<\/h3>\n<p><img decoding=\"async\" src=\"\/wp-content\/uploads\/factory-09.webp\"\/><\/p>\n<h3>Anodisointi ty\u00f6paja<\/h3>\n<p><img decoding=\"async\" src=\"\/wp-content\/uploads\/factory-10.webp\"\/><\/p>\n<h3>Syv\u00e4k\u00e4sittelyn ty\u00f6paja<\/h3>\n<p><img decoding=\"async\" src=\"\/wp-content\/uploads\/factory-11.webp\"\/><\/p>\n<h3>CNC-tarkkuuskoneistus ty\u00f6paja<\/h3>\n<p><img decoding=\"async\" src=\"\/wp-content\/uploads\/factory-11.5.webp\"\/><\/p>\n<h3>Valmiiden tuotteiden ja vientivarasto<\/h3>\n<p><img decoding=\"async\" src=\"\/wp-content\/uploads\/factory-12.webp\"\/><\/p>\n<p><img decoding=\"async\" src=\"\/wp-content\/uploads\/factory-13.webp\"\/><\/p>\n<p><img decoding=\"async\" src=\"\/wp-content\/uploads\/factory-14.webp\"\/><\/p>\n<h2>FAQ<\/h2>\n<p><b>1.What ovat alumiiniprofiilit 7003 ja 7075 Pilates-laitteiden alumiiniprofiilit? <\/b><\/p>\n<p> Ne ovat 7003- ja 7075-seoksista valmistettuja, eritt\u00e4in lujia suulakepuristettuja alumiiniprofiileja, jotka on suunniteltu erityisesti kest\u00e4vi\u00e4 ja kevyit\u00e4 Pilates-laitteiden runkoja varten.\n<\/p>\n<p><\/p>\n<p><b>2.Mit\u00e4 etuja 7003- ja 7075-alumiiniprofiilit tarjoavat Pilates-laitteille? <\/b><\/p>\n<p> N\u00e4m\u00e4 profiilit tarjoavat erinomaisen lujuus-painosuhteen, korroosionkest\u00e4vyyden ja korkean tarkkuuden, mik\u00e4 takaa tukevat mutta kevyet Pilates-laitteet.\n<\/p>\n<p><\/p>\n<p><b>3.Miksi valita 7003 ja 7075 alumiiniseokset CNC-tarkkuusprofiileihin? <\/b><\/p>\n<p> 7003- ja 7075-seokset tarjoavat erinomaisen ty\u00f6stett\u00e4vyyden ja mekaanisen lujuuden, joten ne soveltuvat erinomaisesti CNC-ty\u00f6st\u00f6\u00f6n ja kuntolaitteiden tarkkuuskomponentteihin.\n<\/p>\n<p><\/p>\n<p><b>4.Miten CNC-tarkkuusalumiiniprofiilit parantavat Pilates-laitteiden laatua? <\/b><\/p>\n<p> CNC-ty\u00f6st\u00f6 takaa tiukat toleranssit, tasaisen viimeistelyn ja tarkat mitat, mink\u00e4 ansiosta saadaan luotettavia ja suorituskykyisi\u00e4 Pilates-laitteiden osia.\n<\/p>\n<p><\/p>\n<p><b>5.Ovatko 7003- ja 7075-alumiiniprofiilit korroosionkest\u00e4vi\u00e4? <\/b><\/p>\n<p> Kyll\u00e4, molemmilla seoksilla on vahva korroosionkest\u00e4vyys, mik\u00e4 on t\u00e4rke\u00e4\u00e4 Pilates-laitteille, jotka altistuvat hielle ja kosteille ymp\u00e4rist\u00f6ille.\n<\/p>\n<p><\/p>\n<p><b>6.Voiko n\u00e4it\u00e4 alumiiniprofiileja r\u00e4\u00e4t\u00e4l\u00f6id\u00e4 Pilates-koneisiin? <\/b><\/p>\n<p> Ehdottomasti 7003- ja 7075-alumiiniprofiilit voidaan suulakepuristaa ja CNC-koneistaa tiettyihin muotoihin, kokoihin ja viimeistelyihin Pilates-laitteiden suunnitteluvaatimusten mukaisesti.\n<\/p>\n<p><\/p>\n<p><b>7.Mit\u00e4 pintak\u00e4sittelyj\u00e4 Pilates-alumiiniprofiileihin on saatavana? <\/b><\/p>\n<p> Viimeistelyt ovat anodisoituja, pulverimaalattuja, harjattuja ja kiillotettuja, mik\u00e4 parantaa kuntolaitteiden kest\u00e4vyytt\u00e4 ja esteettisyytt\u00e4.\n<\/p>\n<p><\/p>\n<p><b>8.Tarjoavatko 7003- ja 7075-alumiiniprofiilit kest\u00e4vyytt\u00e4 korkean rasituksen sovelluksissa? <\/b><\/p>\n<p> Kyll\u00e4, n\u00e4m\u00e4 seokset ovat tunnettuja korkeasta vetolujuudestaan ja v\u00e4symiskest\u00e4vyydest\u00e4\u00e4n, mik\u00e4 takaa pitk\u00e4aikaisen suorituskyvyn toistuvassa k\u00e4yt\u00f6ss\u00e4.\n<\/p>\n<p><\/p>\n<p><b>9.Miksi kevyt alumiini on t\u00e4rke\u00e4\u00e4 Pilates-laitteiden kehyksiss\u00e4? <\/b><\/p>\n<p> Kevyt alumiini v\u00e4hent\u00e4\u00e4 koneen kokonaispainoa, mik\u00e4 tekee Pilates-laitteista helpommin liikuteltavia ja miellytt\u00e4v\u00e4mpi\u00e4 k\u00e4ytt\u00e4jille harjoitusten aikana.\n<\/p>\n<p><\/p>\n<p><b>10.Miss\u00e4 7003- ja 7075-alumiiniprofiileja k\u00e4ytet\u00e4\u00e4n yleisesti Pilates-laitteiden ulkopuolella? <\/b><\/p>\n<p> N\u00e4it\u00e4 lujia seoksia k\u00e4ytet\u00e4\u00e4n laajalti ilmailu- ja avaruusteollisuudessa, autoteollisuudessa, urheiluv\u00e4lineiss\u00e4 ja hienomekaniikassa niiden poikkeuksellisten mekaanisten ominaisuuksien ansiosta.\n<\/p>\n<p><\/p>","protected":false},"featured_media":6229,"template":"","categories":[58],"class_list":["post-6230","product","type-product","status-publish","has-post-thumbnail","hentry","category-aluminium-extrusion-profiles"],"meta_box":{"hilight_text_group":{"product_hilight_text":"<li>High-strength 7003 and 7075 alloys ensure durability and load-bearing capacity<\/li>\r\r\n<li>CNC precision machining guarantees tight tolerances and smooth finishes<\/li>\r\r\n<li>Lightweight design improves portability without compromising stability<\/li>\r\r\n<li>Corrosion-resistant surface ideal for humid gym and fitness environments<\/li>\r\r\n<li>Custom profiles tailored for specialized Pilates equipment designs<\/li>","product_chanpin_chanpin":"<li><a href=\"https:\/\/sinoextrud.com\/product\/aluminum-extrusion-l-shaped-angle-aluminum-profile-in-china\/\" target=\"_blank\">Aluminum Extrusion L-shaped Angle Aluminum Profile in China<\/a><\/li>\r\n<li><a href=\"https:\/\/sinoextrud.com\/product\/aluminum-extrusion-1060-2024-3003-5082-6061-6082-7003-7005-7075-aluminum-alloy-profile\/\" target=\"_blank\">Aluminum Extrusion 1060 2024 3003 5082 6061 6082 7003 7005 7075 Aluminum Alloy Profile<\/a><\/li>\r\n<li><a href=\"https:\/\/sinoextrud.com\/product\/aluminum-extrusion-bathroom-mirror-cabinet-aluminum-profile\/\" target=\"_blank\">Aluminum Extrusion Bathroom Mirror Cabinet Aluminum Profile<\/a><\/li>\r\n<li><a href=\"https:\/\/sinoextrud.com\/product\/aluminum-extrusion-advertising-signs-aluminum-frame-profile\/\" target=\"_blank\">Aluminum Extrusion Advertising Signs Aluminum Frame Profile<\/a><\/li>\r\n<li><a href=\"https:\/\/sinoextrud.com\/product\/aluminum-extrusion-7003-7075-aluminum-profile-cnc\/\" target=\"_blank\">Aluminum Extrusion 7003 7075 Pilates Equipment Aluminum Profile CNC Precision Aluminum Profile<\/a><\/li>\r\n<li><a href=\"https:\/\/sinoextrud.com\/product\/aluminum-extrusion-cable-clamp-profile-cnc-custom-cable-cleat-aluminum-profile\/\" target=\"_blank\">Aluminum Extrusion Cable Clamp Profile CNC Custom Cable Cleat Aluminum Profile<\/a><\/li>\r\n<li><a href=\"https:\/\/sinoextrud.com\/product\/aluminum-extrusion-minimalist-office-partition-aluminum-profiles\/\" target=\"_blank\">Aluminum Extrusion Minimalist Office Partition Aluminum Profiles<\/a><\/li>\r\n<li><a href=\"https:\/\/sinoextrud.com\/product\/aluminum-extrusion-ultra-small-material-aluminum-frame-profile\/\" target=\"_blank\">Aluminum Extrusion Ultra-small Material Aluminum Frame Profile<\/a><\/li>\r\n<li><a href=\"https:\/\/sinoextrud.com\/product\/aluminum-extrusion-6061-6082-automotive-bumper-beam\/\" target=\"_blank\">Aluminum Extrusion 6061 6082 Automotive Bumper Beam<\/a><\/li>\r\n<li><a href=\"https:\/\/sinoextrud.com\/product\/aluminum-handrail-extrusions\/\" target=\"_blank\">Aluminum Handrail Extrusions<\/a><\/li>\r\n<li><a href=\"https:\/\/sinoextrud.com\/product\/aluminum-extrusion-u-channel-profiles\/\" target=\"_blank\">Aluminum Extrusion U Channel Profiles<\/a><\/li>"},"feature_list":[]},"_links":{"self":[{"href":"https:\/\/sinoextrud.com\/fi\/wp-json\/wp\/v2\/product\/6230","targetHints":{"allow":["GET"]}}],"collection":[{"href":"https:\/\/sinoextrud.com\/fi\/wp-json\/wp\/v2\/product"}],"about":[{"href":"https:\/\/sinoextrud.com\/fi\/wp-json\/wp\/v2\/types\/product"}],"wp:featuredmedia":[{"embeddable":true,"href":"https:\/\/sinoextrud.com\/fi\/wp-json\/wp\/v2\/media\/6229"}],"wp:attachment":[{"href":"https:\/\/sinoextrud.com\/fi\/wp-json\/wp\/v2\/media?parent=6230"}],"wp:term":[{"taxonomy":"category","embeddable":true,"href":"https:\/\/sinoextrud.com\/fi\/wp-json\/wp\/v2\/categories?post=6230"}],"curies":[{"name":"wp","href":"https:\/\/api.w.org\/{rel}","templated":true}]}}