{"id":6226,"date":"2025-05-26T03:05:08","date_gmt":"2025-05-26T03:05:08","guid":{"rendered":"https:\/\/sinoextrud.com\/product\/aluminum-extrusion-bathroom-mirror-cabinet-aluminum-profile\/"},"modified":"2025-06-24T03:55:17","modified_gmt":"2025-06-24T03:55:17","slug":"alumiini-suulakepuristus-kylpyhuoneen-peilikaappi-alumiiniprofiili","status":"publish","type":"product","link":"https:\/\/sinoextrud.com\/fi\/product\/aluminum-extrusion-bathroom-mirror-cabinet-aluminum-profile\/","title":{"rendered":"Alumiini suulakepuristus Kylpyhuoneen peili kaappi alumiiniprofiili"},"content":{"rendered":"<h2>Tuotteiden tiedot<\/h2>\n<table class=\"custom-table\">\n<tr>\n<td class=\"label\">Tuotteen nimi<\/td>\n<td>Alumiini suulakepuristus Kylpyhuoneen peili kaappi alumiiniprofiili<\/td>\n<\/tr>\n<tr>\n<td class=\"label\">Materiaali<\/td>\n<td>Korkealaatuinen alumiiniseos<\/td>\n<\/tr>\n<tr>\n<td class=\"label\">Mitat<\/td>\n<td>Mukautettavat mitat saatavana pyynn\u00f6st\u00e4<\/td>\n<\/tr>\n<tr>\n<td class=\"label\">Pintak\u00e4sittely<\/td>\n<td>Anodisointi, jauhemaalaus, harjattu viimeistely<\/td>\n<\/tr>\n<tr>\n<td class=\"label\">Korroosionkest\u00e4vyys<\/td>\n<td>Erinomainen korroosionkest\u00e4vyys anodisoidun pinnan ansiosta<\/td>\n<\/tr>\n<tr>\n<td class=\"label\">Suunnittelutyyli<\/td>\n<td>Moderni ja minimalistinen<\/td>\n<\/tr>\n<tr>\n<td class=\"label\">Sovellukset<\/td>\n<td>Kylpyhuoneen peilikaapit, asuin- ja liikek\u00e4ytt\u00f6\u00f6n tarkoitetut<\/td>\n<\/tr>\n<tr>\n<td class=\"label\">Mukauttamisvaihtoehdot<\/td>\n<td>ODM- ja OEM-palvelut saatavilla, mukaan lukien koon, v\u00e4rin ja muotoilun r\u00e4\u00e4t\u00e4l\u00f6inti.<\/td>\n<\/tr>\n<tr>\n<td class=\"label\">Laadunvarmistus<\/td>\n<td>Tiukat laadunvalvontatoimenpiteet ja kansainv\u00e4listen standardien noudattaminen<\/td>\n<\/tr>\n<tr>\n<td class=\"label\">Pakkaus<\/td>\n<td>Turvallinen pakkaus kuljetusvaurioiden est\u00e4miseksi<\/td>\n<\/tr>\n<tr>\n<td class=\"label\">CNC-ty\u00f6st\u00f6palvelut<\/td>\n<td>Saatavana tarkkaa r\u00e4\u00e4t\u00e4l\u00f6inti\u00e4 ja monimutkaisia malleja varten<\/td>\n<\/tr>\n<\/table>\n<h2>Tuotantopohjamme<\/h2>\n<h3>Tehtaan panoraama<\/h3>\n<p><img decoding=\"async\" src=\"\/wp-content\/uploads\/factory-01.webp\"\/><\/p>\n<h3>Alumiini Bar Manufacturing Workshop<\/h3>\n<p><img decoding=\"async\" src=\"\/wp-content\/uploads\/factory-02.webp\"\/><\/p>\n<\/p>\n<p><img decoding=\"async\" src=\"\/wp-content\/uploads\/factory-03.webp\"\/><\/p>\n<h3>Muotin varastointi Varasto<\/h3>\n<p><img decoding=\"async\" src=\"\/wp-content\/uploads\/factory-04.webp\"\/><\/p>\n<h3>43 alumiinin ekstruusiolinjat (500-5500 tonnia)<\/h3>\n<p><img decoding=\"async\" src=\"\/wp-content\/uploads\/factory-05.webp\"\/><\/p>\n<p><img decoding=\"async\" src=\"\/wp-content\/uploads\/factory-06.webp\"\/><\/p>\n<p><img decoding=\"async\" src=\"\/wp-content\/uploads\/factory-07.webp\"\/><\/p>\n<h3>Jauhemaalaus ty\u00f6paja<\/h3>\n<p><img decoding=\"async\" src=\"\/wp-content\/uploads\/factory-09.webp\"\/><\/p>\n<h3>Anodisointi ty\u00f6paja<\/h3>\n<p><img decoding=\"async\" src=\"\/wp-content\/uploads\/factory-10.webp\"\/><\/p>\n<h3>Syv\u00e4k\u00e4sittelyn ty\u00f6paja<\/h3>\n<p><img decoding=\"async\" src=\"\/wp-content\/uploads\/factory-11.webp\"\/><\/p>\n<h3>CNC-tarkkuuskoneistus ty\u00f6paja<\/h3>\n<p><img decoding=\"async\" src=\"\/wp-content\/uploads\/factory-11.5.webp\"\/><\/p>\n<h3>Valmiiden tuotteiden ja vientivarasto<\/h3>\n<p><img decoding=\"async\" src=\"\/wp-content\/uploads\/factory-12.webp\"\/><\/p>\n<p><img decoding=\"async\" src=\"\/wp-content\/uploads\/factory-13.webp\"\/><\/p>\n<p><img decoding=\"async\" src=\"\/wp-content\/uploads\/factory-14.webp\"\/><\/p>\n<h2>FAQ<\/h2>\n<p><b>1.Mik\u00e4 on alumiiniprofiili, joka on alumiiniprofiili kylpyhuoneen peilikaappi? <\/b><\/p>\n<p> Se on suulakepuristettu alumiiniprofiili, joka on suunniteltu erityisesti kylpyhuoneen peilikaappien kehyst\u00e4miseen ja tukemiseen ja joka tarjoaa kest\u00e4vyytt\u00e4 ja tyylikk\u00e4\u00e4n modernin ulkon\u00e4\u00f6n.\n<\/p>\n<p><\/p>\n<p><b>2.Mitk\u00e4 ovat alumiiniprofiilien k\u00e4yt\u00f6n edut kylpyhuoneen peilikaappeihin? <\/b><\/p>\n<p> Alumiiniprofiilit tarjoavat korroosionkest\u00e4vyytt\u00e4, kevytt\u00e4 lujuutta, tyylik\u00e4st\u00e4 estetiikkaa ja helppoa kokoonpanoa, mik\u00e4 on ihanteellista kosteisiin kylpyhuoneymp\u00e4rist\u00f6ihin.\n<\/p>\n<p><\/p>\n<p><b>3.Miksi valita alumiinipursotus peilikaapin kehyksi\u00e4 varten? <\/b><\/p>\n<p> Alumiinipuristus mahdollistaa tarkat ja puhtaat muodot, joissa on erinomainen pintak\u00e4sittely, mik\u00e4 takaa peilikaappien laadukkaan ja pitk\u00e4ik\u00e4isen rakenteen.\n<\/p>\n<p><\/p>\n<p><b>4.Are alumiini peili kaapin profiilit ruostumattomia? <\/b><\/p>\n<p> Kyll\u00e4, alumiiniprofiilit ovat luonnostaan korroosionkest\u00e4vi\u00e4, ja ne voidaan anodisoida tai jauhemaalata, jotta ne suojaavat paremmin kylpyhuoneen kosteissa olosuhteissa.\n<\/p>\n<p><\/p>\n<p><b>5.Miss\u00e4 k\u00e4ytet\u00e4\u00e4n alumiinia suulakepuristettuja peilikaappiprofiileja? <\/b><\/p>\n<p> N\u00e4it\u00e4 profiileja k\u00e4ytet\u00e4\u00e4n asuin- ja kaupallisissa kylpyhuoneen peilikaapeissa, l\u00e4\u00e4kekaapeissa, turhamaisuuspeileiss\u00e4 ja sein\u00e4\u00e4n asennettavissa s\u00e4ilytysyksik\u00f6iss\u00e4.\n<\/p>\n<p><\/p>\n<p><b>6.Voiko kylpyhuoneen peilikaapin alumiiniprofiileja r\u00e4\u00e4t\u00e4l\u00f6id\u00e4? <\/b><\/p>\n<p> Ne voidaan ehdottomasti puristaa eri muotoisina, viimeisteltyin\u00e4 ja mitoitukseltaan erilaisina, jotta ne sopivat erilaisiin kaappimalleihin ja asennustarpeisiin.\n<\/p>\n<p><\/p>\n<p><b>7.Mit\u00e4 pintak\u00e4sittelyj\u00e4 on saatavana alumiinisiin peilikaappiprofiileihin? <\/b><\/p>\n<p> Saatavilla on anodisoituja, mattapintaisia, harjattuja, kiillotettuja ja pulverimaalattuja vaihtoehtoja, jotka sopivat erilaisiin kylpyhuoneen sisustustyyleihin.\n<\/p>\n<p><\/p>\n<p><b>8.Are alumiini peili kaappi profiilit helppo asentaa? <\/b><\/p>\n<p> Kyll\u00e4, alumiiniprofiilit ovat kevyit\u00e4, helppoja leikata ja koota ja yhteensopivia tavanomaisten kaappien ja kalusteiden kanssa.\n<\/p>\n<p><\/p>\n<p><b>9.Parantavatko alumiiniprofiilit peilikaappien ulkon\u00e4k\u00f6\u00e4? <\/b><\/p>\n<p> Kyll\u00e4, niiden tyylik\u00e4s ja moderni muotoilu tuo kylpyhuoneen tiloihin ensiluokkaisen, minimalistisen ilmeen s\u00e4ilytt\u00e4en samalla toiminnallisuuden.\n<\/p>\n<p><\/p>\n<p><b>10.Miksi alumiiniprofiileja suositaan muovin tai ter\u00e4ksen sijaan kylpyhuoneen kaapeissa? <\/b><\/p>\n<p> Alumiiniprofiilit ovat lujempia kuin muovi ja korroosionkest\u00e4v\u00e4mpi\u00e4 kuin ter\u00e4s, joten ne ovat ihanteellinen valinta pitk\u00e4ik\u00e4isiin kylpyhuoneen peilikaappeihin.\n<\/p>\n<p><\/p>","protected":false},"featured_media":6225,"template":"","categories":[58],"class_list":["post-6226","product","type-product","status-publish","has-post-thumbnail","hentry","category-aluminium-extrusion-profiles"],"meta_box":{"hilight_text_group":{"product_hilight_text":"<li>Lightweight and durable aluminum ensures long-lasting cabinet support<\/li>\r\r\n<li>Corrosion-resistant finish ideal for humid bathroom environments<\/li>\r\r\n<li>Sleek, modern design enhances mirror cabinet aesthetics<\/li>\r\r\n<li>Customizable profiles to fit various mirror and cabinet sizes<\/li>\r\r\n<li>Easy to assemble and maintain, improving installation efficiency<\/li>","product_chanpin_chanpin":"<li><a href=\"https:\/\/sinoextrud.com\/product\/aluminium-extrusion-3003-6082-7003-7075-aluminum-profile\/\" target=\"_blank\">Aluminium Extrusion 3003 6082 7003 7075 Aluminum Profile<\/a><\/li>\r\n<li><a href=\"https:\/\/sinoextrud.com\/product\/aluminum-extruded-aluminum-roofing-profiles\/\" target=\"_blank\">Aluminum Extruded Aluminum Roofing Profiles<\/a><\/li>\r\n<li><a href=\"https:\/\/sinoextrud.com\/product\/aluminum-extrusion-l-shaped-angle-aluminum-profile-in-china\/\" target=\"_blank\">Aluminum Extrusion L-shaped Angle Aluminum Profile in China<\/a><\/li>\r\n<li><a href=\"https:\/\/sinoextrud.com\/product\/aluminum-extrusion-1060-2024-3003-5082-6061-6082-7003-7005-7075-aluminum-alloy-profile\/\" target=\"_blank\">Aluminum Extrusion 1060 2024 3003 5082 6061 6082 7003 7005 7075 Aluminum Alloy Profile<\/a><\/li>\r\n<li><a href=\"https:\/\/sinoextrud.com\/product\/aluminum-extrusion-bathroom-mirror-cabinet-aluminum-profile\/\" target=\"_blank\">Aluminum Extrusion Bathroom Mirror Cabinet Aluminum Profile<\/a><\/li>\r\n<li><a href=\"https:\/\/sinoextrud.com\/product\/aluminum-extrusion-advertising-signs-aluminum-frame-profile\/\" target=\"_blank\">Aluminum Extrusion Advertising Signs Aluminum Frame Profile<\/a><\/li>\r\n<li><a href=\"https:\/\/sinoextrud.com\/product\/aluminum-extrusion-7003-7075-aluminum-profile-cnc\/\" target=\"_blank\">Aluminum Extrusion 7003 7075 Pilates Equipment Aluminum Profile CNC Precision Aluminum Profile<\/a><\/li>\r\n<li><a href=\"https:\/\/sinoextrud.com\/product\/aluminum-extrusion-cable-clamp-profile-cnc-custom-cable-cleat-aluminum-profile\/\" target=\"_blank\">Aluminum Extrusion Cable Clamp Profile CNC Custom Cable Cleat Aluminum Profile<\/a><\/li>\r\n<li><a href=\"https:\/\/sinoextrud.com\/product\/aluminum-extrusion-minimalist-office-partition-aluminum-profiles\/\" target=\"_blank\">Aluminum Extrusion Minimalist Office Partition Aluminum Profiles<\/a><\/li>\r\n<li><a href=\"https:\/\/sinoextrud.com\/product\/heatsink-aluminum-profiles\/\" target=\"_blank\">Heatsink Aluminum Profiles<\/a><\/li>\r\n<li><a href=\"https:\/\/sinoextrud.com\/product\/aluminium-extrusion-profile\/\" target=\"_blank\">Aluminium Extrusion Profile<\/a><\/li>"},"feature_list":[]},"_links":{"self":[{"href":"https:\/\/sinoextrud.com\/fi\/wp-json\/wp\/v2\/product\/6226","targetHints":{"allow":["GET"]}}],"collection":[{"href":"https:\/\/sinoextrud.com\/fi\/wp-json\/wp\/v2\/product"}],"about":[{"href":"https:\/\/sinoextrud.com\/fi\/wp-json\/wp\/v2\/types\/product"}],"wp:featuredmedia":[{"embeddable":true,"href":"https:\/\/sinoextrud.com\/fi\/wp-json\/wp\/v2\/media\/6225"}],"wp:attachment":[{"href":"https:\/\/sinoextrud.com\/fi\/wp-json\/wp\/v2\/media?parent=6226"}],"wp:term":[{"taxonomy":"category","embeddable":true,"href":"https:\/\/sinoextrud.com\/fi\/wp-json\/wp\/v2\/categories?post=6226"}],"curies":[{"name":"wp","href":"https:\/\/api.w.org\/{rel}","templated":true}]}}