{"id":6216,"date":"2025-05-26T02:49:26","date_gmt":"2025-05-26T02:49:26","guid":{"rendered":"https:\/\/sinoextrud.com\/product\/aluminum-extrusion-6063-large-diameter-aluminum-tube\/"},"modified":"2025-06-24T03:55:06","modified_gmt":"2025-06-24T03:55:06","slug":"alumiini-suulakepuristus-6063-suuri-halkaisija-alumiiniputki","status":"publish","type":"product","link":"https:\/\/sinoextrud.com\/fi\/product\/aluminum-extrusion-6063-large-diameter-aluminum-tube\/","title":{"rendered":"Alumiini suulakepuristus 6063 suuri halkaisija alumiini putki"},"content":{"rendered":"<h2>Tuotteiden tiedot<\/h2>\n<table class=\"custom-table\">\n<tr>\n<td class=\"label\">Kohde<\/td>\n<td>alumiini suulakepuristus 6063 suuri halkaisija alumiiniputki<\/td>\n<\/tr>\n<tr>\n<td class=\"label\">Materiaali<\/td>\n<td>6063 alumiiniseos<\/td>\n<\/tr>\n<tr>\n<td class=\"label\">Halkaisijavaihtoehdot<\/td>\n<td>Mukautettavissa (esim. 50 mm, 100 mm, 150 mm jne.).<\/td>\n<\/tr>\n<tr>\n<td class=\"label\">Sein\u00e4m\u00e4n paksuus<\/td>\n<td>Mukautettavissa (esim. 2 mm, 3 mm, 5 mm jne.).<\/td>\n<\/tr>\n<tr>\n<td class=\"label\">Pituus<\/td>\n<td>Vakiopituudet (6 m) tai tilausty\u00f6n\u00e4<\/td>\n<\/tr>\n<tr>\n<td class=\"label\">Vetolujuus<\/td>\n<td>\u2265 240 MPa<\/td>\n<\/tr>\n<tr>\n<td class=\"label\">My\u00f6t\u00f6lujuus<\/td>\n<td>\u2265 160 MPa<\/td>\n<\/tr>\n<tr>\n<td class=\"label\">Venym\u00e4<\/td>\n<td>\u2265 10%<\/td>\n<\/tr>\n<tr>\n<td class=\"label\">Pinnan viimeistely<\/td>\n<td>Anodisoitu, jauhemaalattu, elektroforeesi, puukuvio, harjattu, kiillotus, mylly viimeistelyyn<\/td>\n<\/tr>\n<tr>\n<td class=\"label\">Korroosionkest\u00e4vyys<\/td>\n<td>Erinomainen luonnollisen oksidikerroksen ansiosta<\/td>\n<\/tr>\n<tr>\n<td class=\"label\">Paino<\/td>\n<td>Kevyt (paino riippuu mitoista)<\/td>\n<\/tr>\n<tr>\n<td class=\"label\">Temper<\/td>\n<td>T5, T6 (l\u00e4mp\u00f6k\u00e4sitelty lujuuden parantamiseksi)<\/td>\n<\/tr>\n<tr>\n<td class=\"label\">Standardinmukaisuus<\/td>\n<td>ISO 9001, RoHS<\/td>\n<\/tr>\n<tr>\n<td class=\"label\">Pakkaus<\/td>\n<td>K\u00e4\u00e4ritty ja pakattu tukeviin laatikoihin tai kuormalavoille.<\/td>\n<\/tr>\n<tr>\n<td class=\"label\">L\u00e4pimenoaika<\/td>\n<td>15-25 p\u00e4iv\u00e4\u00e4, tilauksen koosta riippuen<\/td>\n<\/tr>\n<tr>\n<td class=\"label\">Sovellukset<\/td>\n<td>Rakentaminen, kuljetus, koneet, huonekalut<\/td>\n<\/tr>\n<tr>\n<td class=\"label\">Syv\u00e4prosessointi<\/td>\n<td>Leikkaus, poraus, ty\u00f6st\u00f6, l\u00e4vistys, taivutus, napauttaminen jne.<\/td>\n<\/tr>\n<\/table>\n<h2>Tuotantopohjamme<\/h2>\n<h3>Tehtaan panoraama<\/h3>\n<p><img decoding=\"async\" src=\"\/wp-content\/uploads\/factory-01.webp\"\/><\/p>\n<h3>Alumiini Bar Manufacturing Workshop<\/h3>\n<p><img decoding=\"async\" src=\"\/wp-content\/uploads\/factory-02.webp\"\/><\/p>\n<p><img decoding=\"async\" src=\"\/wp-content\/uploads\/factory-03.webp\"\/><\/p>\n<h3>Muotin varastointi Varasto<\/h3>\n<p><img decoding=\"async\" src=\"\/wp-content\/uploads\/factory-04.webp\"\/><\/p>\n<h3>43 alumiinin ekstruusiolinjat (500-5500 tonnia)<\/h3>\n<p><img decoding=\"async\" src=\"\/wp-content\/uploads\/factory-05.webp\"\/><\/p>\n<p><img decoding=\"async\" src=\"\/wp-content\/uploads\/factory-06.webp\"\/><\/p>\n<p><img decoding=\"async\" src=\"\/wp-content\/uploads\/factory-07.webp\"\/><\/p>\n<h3>Jauhemaalaus ty\u00f6paja<\/h3>\n<p><img decoding=\"async\" src=\"\/wp-content\/uploads\/factory-09.webp\"\/><\/p>\n<h3>Anodisointi ty\u00f6paja<\/h3>\n<p><img decoding=\"async\" src=\"\/wp-content\/uploads\/factory-10.webp\"\/><\/p>\n<h3>Syv\u00e4k\u00e4sittelyn ty\u00f6paja<\/h3>\n<p><img decoding=\"async\" src=\"\/wp-content\/uploads\/factory-11.webp\"\/><\/p>\n<h3>CNC-tarkkuuskoneistus ty\u00f6paja<\/h3>\n<p><img decoding=\"async\" src=\"\/wp-content\/uploads\/factory-11.5.webp\"\/><\/p>\n<h3>Valmiiden tuotteiden ja vientivarasto<\/h3>\n<p><img decoding=\"async\" src=\"\/wp-content\/uploads\/factory-12.webp\"\/><\/p>\n<p><img decoding=\"async\" src=\"\/wp-content\/uploads\/factory-13.webp\"\/><\/p>\n<p><img decoding=\"async\" src=\"\/wp-content\/uploads\/factory-14.webp\"\/><\/p>\n<h2>FAQ<\/h2>\n<p><p><b>1.Mik\u00e4 on alumiinipursotus 6063 suuri halkaisijainen alumiiniputki? <\/b><\/p>\n<p> Se on 6063-seoksesta valmistettu ontto lieri\u00f6m\u00e4inen alumiiniprofiili, jolla on suuri halkaisija ja sile\u00e4 pinta ja jota k\u00e4ytet\u00e4\u00e4n rakenne- ja arkkitehtuurisovelluksissa.<br \/>\n<\/p><br \/>\n<br \/>\n<p><b>2.What ovat edut 6063 suuri halkaisija alumiiniputket? <\/b><\/p>\n<p> 6063-alumiiniputket tarjoavat erinomaisen korroosionkest\u00e4vyyden, hyv\u00e4n hitsattavuuden, sile\u00e4n pintak\u00e4sittelyn ja ovat ihanteellisia rakenteelliseen lujuuteen, jossa on esteettinen ulkon\u00e4k\u00f6.<br \/>\n<\/p><br \/>\n<br \/>\n<p><b>3.Miksi valita 6063 alumiiniseos suurille halkaisijaltaan putkille? <\/b><\/p>\n<p> 6063-seos tunnetaan korkeasta korroosionkest\u00e4vyydest\u00e4\u00e4n, kohtalaisesta lujuudestaan ja erinomaisesta pintak\u00e4sittelyst\u00e4\u00e4n, joten se sopii erinomaisesti arkkitehtuuri- ja ulkok\u00e4ytt\u00f6\u00f6n.<br \/>\n<\/p><br \/>\n<br \/>\n<p><b>4.Miss\u00e4 6063 suuril\u00e4pimittaisia alumiiniputkia k\u00e4ytet\u00e4\u00e4n yleisesti? <\/b><\/p>\n<p> Niit\u00e4 k\u00e4ytet\u00e4\u00e4n rakenteellisissa runkorakenteissa, arkkitehtonisissa pylv\u00e4iss\u00e4, laivasovelluksissa, kuljetusj\u00e4rjestelmiss\u00e4 ja teollisuuskoneissa.<br \/>\n<\/p><br \/>\n<br \/>\n<p><b>5.Is 6063 alumiiniputki sopii ulkok\u00e4ytt\u00f6\u00f6n? <\/b><\/p>\n<p> Kyll\u00e4, 6063-alumiini kest\u00e4\u00e4 erinomaisesti s\u00e4\u00e4n, UV-s\u00e4teilyn ja kosteuden vaikutusta, joten se sopii erinomaisesti rakenteellisiin ja koristeellisiin ulkok\u00e4ytt\u00f6ihin.<br \/>\n<\/p><br \/>\n<br \/>\n<p><b>6.Can suuri halkaisija alumiiniputket voidaan r\u00e4\u00e4t\u00e4l\u00f6id\u00e4? <\/b><\/p>\n<p> Niit\u00e4 voidaan ehdottomasti puristamalla valmistaa eri halkaisijoilla, sein\u00e4m\u00e4npaksuuksilla, pituuksilla ja viimeistelyill\u00e4 erityisten suunnittelu- ja teknisten vaatimusten mukaisesti.<br \/>\n<\/p><br \/>\n<br \/>\n<p><b>7.Mit\u00e4 pintak\u00e4sittelyj\u00e4 on saatavana 6063-alumiiniputkille? <\/b><\/p>\n<p> Saatavilla olevat pinnoitteet ovat myllypintainen, anodisoitu, pulverimaalattu ja harjattu, jotka tarjoavat sek\u00e4 suojaa ett\u00e4 esteettist\u00e4 lis\u00e4arvoa.<br \/>\n<\/p><br \/>\n<br \/>\n<p><b>8.Are 6063 alumiini suulakepuristus putket helppo valmistaa? <\/b><\/p>\n<p> Kyll\u00e4, 6063-alumiini on helppo leikata, porata, hitsata ja ty\u00f6st\u00e4\u00e4, joten se soveltuu erinomaisesti r\u00e4\u00e4t\u00e4l\u00f6ityyn valmistukseen ja kokoonpanoon.<br \/>\n<\/p><br \/>\n<br \/>\n<p><b>9.Do suuri halkaisija alumiiniputket tarjoavat rakenteellista lujuutta? <\/b><\/p>\n<p> Kyll\u00e4, huolimatta niiden kevyest\u00e4 luonteesta, halkaisijaltaan suuret 6063-alumiiniputket tarjoavat vahvan kantavuuden monenlaisiin rakenteellisiin sovelluksiin.<br \/>\n<\/p><br \/>\n<br \/>\n<p><b>10.How 6063 alumiini verrattuna muihin seoksiin suurten putkien osalta? <\/b><\/p>\n<p> 6063 tarjoaa paremman pinnanlaadun ja korroosionkest\u00e4vyyden kuin 6061, joten se on suositeltavin valinta n\u00e4kyviin arkkitehtonisiin ja koristeellisiin rakenteisiin.<br \/>\n<\/p><br \/><\/p>","protected":false},"featured_media":6215,"template":"","categories":[58],"class_list":["post-6216","product","type-product","status-publish","has-post-thumbnail","hentry","category-aluminium-extrusion-profiles"],"meta_box":{"hilight_text_group":{"product_hilight_text":"<li>Made from 6063 alloy with excellent corrosion resistance and surface finish<\/li>\r\r\n<li>Large diameter ideal for structural, architectural, and transportation uses<\/li>\r\r\n<li>Good weldability and machinability for easy fabrication<\/li>\r\r\n<li>Lightweight yet strong, reducing load without compromising strength<\/li>\r\r\n<li>Available in custom lengths and wall thicknesses for specific applications<\/li>","product_chanpin_chanpin":"<li><a href=\"https:\/\/sinoextrud.com\/product\/aluminum-extrusion-car-truck-aluminum-profile\/\" target=\"_blank\">Aluminum Extrusion Car & Truck Aluminum Profile<\/a><\/li>\r\n<li><a href=\"https:\/\/sinoextrud.com\/product\/aluminum-extrusion-aluminum-fence-panel-profile\/\" target=\"_blank\">Aluminum Extrusion Aluminum Fence Panel Profile<\/a><\/li>\r\n<li><a href=\"https:\/\/sinoextrud.com\/product\/aluminum-extrusion-sunflower-aluminum-profile\/\" target=\"_blank\">Aluminum Extrusion Sunflower Aluminum Profile<\/a><\/li>\r\n<li><a href=\"https:\/\/sinoextrud.com\/product\/aluminum-extrusion-aluminum-framing-profiles-for-sunroom\/\" target=\"_blank\">Aluminum Extrusion Aluminum Framing Profiles For Sunroom<\/a><\/li>\r\n<li><a href=\"https:\/\/sinoextrud.com\/product\/aluminum-extrusion-6063-large-diameter-aluminum-tube\/\" target=\"_blank\">Aluminum Extrusion 6063 Large Diameter Aluminum Tube<\/a><\/li>\r\n<li><a href=\"https:\/\/sinoextrud.com\/product\/aluminium-extrusion-3003-6082-7003-7075-aluminum-profile\/\" target=\"_blank\">Aluminium Extrusion 3003 6082 7003 7075 Aluminum Profile<\/a><\/li>\r\n<li><a href=\"https:\/\/sinoextrud.com\/product\/aluminum-extruded-aluminum-roofing-profiles\/\" target=\"_blank\">Aluminum Extruded Aluminum Roofing Profiles<\/a><\/li>\r\n<li><a href=\"https:\/\/sinoextrud.com\/product\/aluminum-extrusion-l-shaped-angle-aluminum-profile-in-china\/\" target=\"_blank\">Aluminum Extrusion L-shaped Angle Aluminum Profile in China<\/a><\/li>\r\n<li><a href=\"https:\/\/sinoextrud.com\/product\/aluminum-extrusion-1060-2024-3003-5082-6061-6082-7003-7005-7075-aluminum-alloy-profile\/\" target=\"_blank\">Aluminum Extrusion 1060 2024 3003 5082 6061 6082 7003 7005 7075 Aluminum Alloy Profile<\/a><\/li>\r\n<li><a href=\"https:\/\/sinoextrud.com\/product\/extruded-aluminum-flat-bar-6061-7075\/\" target=\"_blank\">Extruded Aluminum Flat Bar 6061 7075<\/a><\/li>\r\n<li><a href=\"https:\/\/sinoextrud.com\/product\/high-precision-aluminum-extrusion-profile-cnc-machining-accessory-parts\/\" target=\"_blank\">High Precision Aluminum extrusion Profile CNC Machining Accessory Parts<\/a><\/li>"},"feature_list":[]},"_links":{"self":[{"href":"https:\/\/sinoextrud.com\/fi\/wp-json\/wp\/v2\/product\/6216","targetHints":{"allow":["GET"]}}],"collection":[{"href":"https:\/\/sinoextrud.com\/fi\/wp-json\/wp\/v2\/product"}],"about":[{"href":"https:\/\/sinoextrud.com\/fi\/wp-json\/wp\/v2\/types\/product"}],"wp:featuredmedia":[{"embeddable":true,"href":"https:\/\/sinoextrud.com\/fi\/wp-json\/wp\/v2\/media\/6215"}],"wp:attachment":[{"href":"https:\/\/sinoextrud.com\/fi\/wp-json\/wp\/v2\/media?parent=6216"}],"wp:term":[{"taxonomy":"category","embeddable":true,"href":"https:\/\/sinoextrud.com\/fi\/wp-json\/wp\/v2\/categories?post=6216"}],"curies":[{"name":"wp","href":"https:\/\/api.w.org\/{rel}","templated":true}]}}