{"id":6214,"date":"2025-05-26T02:44:10","date_gmt":"2025-05-26T02:44:10","guid":{"rendered":"https:\/\/sinoextrud.com\/product\/aluminum-extrusion-aluminum-framing-profiles-for-sunroom\/"},"modified":"2025-06-24T03:55:05","modified_gmt":"2025-06-24T03:55:05","slug":"alumiini-suulakepuristus-alumiini-kehysprofiilit-aurinkohuoneeseen","status":"publish","type":"product","link":"https:\/\/sinoextrud.com\/fi\/product\/aluminum-extrusion-aluminum-framing-profiles-for-sunroom\/","title":{"rendered":"Alumiini suulakepuristus alumiini kehysprofiilit Sunroomille"},"content":{"rendered":"<h2>Tuotteiden tiedot<\/h2>\n<table class=\"custom-table\">\n<tr>\n<td class=\"label\">Kohde:<\/td>\n<td>alumiini suulakepuristus alumiini kehysprofiilit aurinkohuoneeseen<\/td>\n<\/tr>\n<tr>\n<td class=\"label\">Sovellus:<\/td>\n<td>Arkkitehtuuri, aurinkohuoneet<\/td>\n<\/tr>\n<tr>\n<td class=\"label\">Muoto:<\/td>\n<td>Mukauttaminen<\/td>\n<\/tr>\n<tr>\n<td class=\"label\">Prosessin kulku:<\/td>\n<td>Die-open-ekstruusio-pintak\u00e4sittely-CNC-koneistus<\/td>\n<\/tr>\n<tr>\n<td class=\"label\">Standardi:<\/td>\n<td>keski- ja korkea laatu<\/td>\n<\/tr>\n<tr>\n<td class=\"label\">Toimitusaika:<\/td>\n<td>25-30 p\u00e4iv\u00e4\u00e4<\/td>\n<\/tr>\n<tr>\n<td class=\"label\">Maksuehto:<\/td>\n<td>T \/ T (30% talletus), L \/ C<\/td>\n<\/tr>\n<tr>\n<td class=\"label\">Satama:<\/td>\n<td>Guangzhou, Shenzhen<\/td>\n<\/tr>\n<tr>\n<td class=\"label\">Materiaali:<\/td>\n<td>6063,6061 jne.<\/td>\n<\/tr>\n<tr>\n<td class=\"label\">Alkuper\u00e4paikka:<\/td>\n<td>Foshan, Guangdong<\/td>\n<\/tr>\n<tr>\n<td class=\"label\">Seos tai ei:<\/td>\n<td>Alumiiniseos<\/td>\n<\/tr>\n<tr>\n<td class=\"label\">Tuotemerkki:<\/td>\n<td>ZHL<\/td>\n<\/tr>\n<tr>\n<td class=\"label\">Pintak\u00e4sittely:<\/td>\n<td>jauhemaalaus, elektroforeesi, puun jyv\u00e4, anodisoitu, harjattu, kiillotus<\/td>\n<\/tr>\n<tr>\n<td class=\"label\">MOQ:<\/td>\n<td>200KG<\/td>\n<\/tr>\n<tr>\n<td class=\"label\">K\u00e4sittelypalvelu:<\/td>\n<td>Taivutus, purku, hitsaus, l\u00e4vistys, leikkaus<\/td>\n<\/tr>\n<tr>\n<td class=\"label\">Pituus:<\/td>\n<td>1-9M tai r\u00e4\u00e4t\u00e4l\u00f6ity<\/td>\n<\/tr>\n<\/table>\n<h2>Tuotantopohjamme<\/h2>\n<h3>Tehtaan panoraama<\/h3>\n<p><img decoding=\"async\" src=\"\/wp-content\/uploads\/factory-01.webp\"\/><\/p>\n<h3>Alumiini Bar Manufacturing Workshop<\/h3>\n<p><img decoding=\"async\" src=\"\/wp-content\/uploads\/factory-02.webp\"\/><\/p>\n<\/p>\n<p><img decoding=\"async\" src=\"\/wp-content\/uploads\/factory-03.webp\"\/><\/p>\n<h3>Muotin varastointi Varasto<\/h3>\n<p><img decoding=\"async\" src=\"\/wp-content\/uploads\/factory-04.webp\"\/><\/p>\n<h3>43 alumiinin ekstruusiolinjat (500-5500 tonnia)<\/h3>\n<p><img decoding=\"async\" src=\"\/wp-content\/uploads\/factory-05.webp\"\/><\/p>\n<p><img decoding=\"async\" src=\"\/wp-content\/uploads\/factory-06.webp\"\/><\/p>\n<p><img decoding=\"async\" src=\"\/wp-content\/uploads\/factory-07.webp\"\/><\/p>\n<h3>Jauhemaalaus ty\u00f6paja<\/h3>\n<p><img decoding=\"async\" src=\"\/wp-content\/uploads\/factory-09.webp\"\/><\/p>\n<h3>Anodisointi ty\u00f6paja<\/h3>\n<p><img decoding=\"async\" src=\"\/wp-content\/uploads\/factory-10.webp\"\/><\/p>\n<h3>Syv\u00e4k\u00e4sittelyn ty\u00f6paja<\/h3>\n<p><img decoding=\"async\" src=\"\/wp-content\/uploads\/factory-11.webp\"\/><\/p>\n<h3>CNC-tarkkuuskoneistus ty\u00f6paja<\/h3>\n<p><img decoding=\"async\" src=\"\/wp-content\/uploads\/factory-11.5.webp\"\/><\/p>\n<h3>Valmiiden tuotteiden ja vientivarasto<\/h3>\n<p><img decoding=\"async\" src=\"\/wp-content\/uploads\/factory-12.webp\"\/><\/p>\n<p><img decoding=\"async\" src=\"\/wp-content\/uploads\/factory-13.webp\"\/><\/p>\n<p><img decoding=\"async\" src=\"\/wp-content\/uploads\/factory-14.webp\"\/><\/p>\n<h2>FAQ<\/h2>\n<p><b>1.What ovat alumiini suulakepuristus alumiini kehysprofiilit aurinkohuoneeseen? <\/b><\/p>\n<p> N\u00e4m\u00e4 ovat suulakepuristettuja alumiiniprofiileja, jotka on suunniteltu erityisesti aurinkohuoneiden rakenteellisen rungon rakentamiseen ja jotka tarjoavat lujuutta, kest\u00e4vyytt\u00e4 ja tyylik\u00e4st\u00e4 ulkon\u00e4k\u00f6\u00e4.\n<\/p>\n<p><\/p>\n<p><b>2.Mitk\u00e4 ovat alumiinisten kehysprofiilien edut aurinkohuoneissa? <\/b><\/p>\n<p> Alumiiniset kehysprofiilit tarjoavat erinomaisen korroosionkest\u00e4vyyden, kevyen lujuuden, v\u00e4h\u00e4isen huollon ja modernin estetiikan aurinkohuoneen rakentamiseen.\n<\/p>\n<p><\/p>\n<p><b>3.Miksi valita alumiinipursotus aurinkohuoneen kehyst\u00e4miseen? <\/b><\/p>\n<p> Alumiinipursotus mahdollistaa tarkat ja johdonmukaiset profiilin muodot, mik\u00e4 mahdollistaa helpon asennuksen, modulaarisen suunnittelun ja vahvan rakenteellisen suorituskyvyn aurinkohuoneen projekteissa.\n<\/p>\n<p><\/p>\n<p><b>4.Ovatko alumiiniset aurinkohuoneen kehysprofiilit s\u00e4\u00e4nkest\u00e4vi\u00e4? <\/b><\/p>\n<p> Alumiiniprofiilit kest\u00e4v\u00e4t hyvin ruostetta, UV-s\u00e4teit\u00e4, kosteutta ja l\u00e4mp\u00f6tilanvaihteluita, joten ne soveltuvat erinomaisesti ymp\u00e4rivuotiseen ulkok\u00e4ytt\u00f6\u00f6n.\n<\/p>\n<p><\/p>\n<p><b>5.Miss\u00e4 alumiiniprofiileja k\u00e4ytet\u00e4\u00e4n aurinkohuoneissa? <\/b><\/p>\n<p> Niit\u00e4 k\u00e4ytet\u00e4\u00e4n aurinkohuoneen seiniss\u00e4, katoissa, ikkunoissa, liukuovissa ja rakenteellisissa vahvistuksissa, jotka muodostavat kotelon p\u00e4\u00e4kehyksen.\n<\/p>\n<p><\/p>\n<p><b>6.Voiko alumiinisia kehysprofiileja r\u00e4\u00e4t\u00e4l\u00f6id\u00e4 aurinkohuoneisiin? <\/b><\/p>\n<p> Alumiiniprofiileja voidaan ehdottomasti suulakepuristaa eri kokoja, sein\u00e4m\u00e4npaksuuksia ja pintak\u00e4sittelyj\u00e4 varten arkkitehtonisten ja toiminnallisten erityisvaatimusten t\u00e4ytt\u00e4miseksi.\n<\/p>\n<p><\/p>\n<p><b>7.Mit\u00e4 pintak\u00e4sittelyj\u00e4 on saatavana alumiinisille aurinkohuoneen profiileille? <\/b><\/p>\n<p> Yleisi\u00e4 pintak\u00e4sittelyj\u00e4 ovat anodisoitu, pulverimaalattu, maalattu ja puunsuojaus, jotka sopivat muotoilun estetiikkaan ja parantavat s\u00e4\u00e4suojaa.\n<\/p>\n<p><\/p>\n<p><b>8. tukevatko alumiiniset aurinkohuoneen profiilit lasi- tai polykarbonaattipaneeleita? <\/b><\/p>\n<p> Kyll\u00e4, alumiiniset kehysprofiilit on suunniteltu tukemaan turvallisesti lasia, akryyli\u00e4 tai polykarbonaattipaneeleita, joita k\u00e4ytet\u00e4\u00e4n yleisesti aurinkohuoneiden koteloissa.\n<\/p>\n<p><\/p>\n<p><b>9.Ovatko alumiiniprofiilit aurinkohuoneisiin helppoja asentaa? <\/b><\/p>\n<p> Kyll\u00e4, alumiiniset aurinkohuoneen profiilit on suunniteltu modulaariseen kokoonpanoon, jossa on valmiiksi leikattuja pituuksia, liittimi\u00e4 ja kiinnikkeit\u00e4 nopeaa ja tehokasta asennusta varten.\n<\/p>\n<p><\/p>\n<p><b>10.Miten alumiiniset puristekehysprofiilit parantavat aurinkohuoneen suorituskyky\u00e4? <\/b><\/p>\n<p> Ne takaavat rakenteellisen eheyden, pitk\u00e4aikaisen kest\u00e4vyyden, energiatehokkuuden ja puhtaan, modernin ulkon\u00e4\u00f6n laadukkaalle aurinkohuoneen rakentamiselle.\n<\/p>\n<p><\/p>","protected":false},"featured_media":8963,"template":"","categories":[58],"class_list":["post-6214","product","type-product","status-publish","has-post-thumbnail","hentry","category-aluminium-extrusion-profiles"],"meta_box":{"hilight_text_group":{"product_hilight_text":"<li>High-strength aluminum alloy ensures durability and structural integrity<\/li>\r\r\r\r\n<li>Corrosion-resistant surface ideal for outdoor sunroom environments<\/li>\r\r\r\r\n<li>Modular design allows easy customization and flexible assembly<\/li>\r\r\r\r\n<li>Lightweight profiles reduce transportation and installation costs<\/li>\r\r\r\r\n<li>Compatible with most glazing and sunroom panel systems<\/li>\r\r\r\r\n<li>Precision extrusion for tight tolerances and smooth finish<\/li>","product_chanpin_chanpin":"<li><a href=\"https:\/\/sinoextrud.com\/product\/aluminum-extrusion-u-channel-profiles\/\" target=\"_blank\">Aluminum Extrusion U Channel Profiles<\/a><\/li>\r\n<li><a href=\"https:\/\/sinoextrud.com\/product\/aluminum-extrusion-car-truck-aluminum-profile\/\" target=\"_blank\">Aluminum Extrusion Car & Truck Aluminum Profile<\/a><\/li>\r\n<li><a href=\"https:\/\/sinoextrud.com\/product\/aluminum-extrusion-aluminum-fence-panel-profile\/\" target=\"_blank\">Aluminum Extrusion Aluminum Fence Panel Profile<\/a><\/li>\r\n<li><a href=\"https:\/\/sinoextrud.com\/product\/aluminum-extrusion-sunflower-aluminum-profile\/\" target=\"_blank\">Aluminum Extrusion Sunflower Aluminum Profile<\/a><\/li>\r\n<li><a href=\"https:\/\/sinoextrud.com\/product\/aluminum-extrusion-aluminum-framing-profiles-for-sunroom\/\" target=\"_blank\">Aluminum Extrusion Aluminum Framing Profiles For Sunroom<\/a><\/li>\r\n<li><a href=\"https:\/\/sinoextrud.com\/product\/aluminum-extrusion-6063-large-diameter-aluminum-tube\/\" target=\"_blank\">Aluminum Extrusion 6063 Large Diameter Aluminum Tube<\/a><\/li>\r\n<li><a href=\"https:\/\/sinoextrud.com\/product\/aluminium-extrusion-3003-6082-7003-7075-aluminum-profile\/\" target=\"_blank\">Aluminium Extrusion 3003 6082 7003 7075 Aluminum Profile<\/a><\/li>\r\n<li><a href=\"https:\/\/sinoextrud.com\/product\/aluminum-extruded-aluminum-roofing-profiles\/\" target=\"_blank\">Aluminum Extruded Aluminum Roofing Profiles<\/a><\/li>\r\n<li><a href=\"https:\/\/sinoextrud.com\/product\/aluminum-extrusion-l-shaped-angle-aluminum-profile-in-china\/\" target=\"_blank\">Aluminum Extrusion L-shaped Angle Aluminum Profile in China<\/a><\/li>\r\n<li><a href=\"https:\/\/sinoextrud.com\/product\/aluminum-window-frame\/\" target=\"_blank\">Aluminum Window Frame<\/a><\/li>\r\n<li><a href=\"https:\/\/sinoextrud.com\/product\/wood-grain-aluminium-extrusion-profile-for-furnitures-decoration\/\" target=\"_blank\">Wood Grain Aluminium Extrusion Profile for Furnitures Decoration<\/a><\/li>"},"feature_list":[]},"_links":{"self":[{"href":"https:\/\/sinoextrud.com\/fi\/wp-json\/wp\/v2\/product\/6214","targetHints":{"allow":["GET"]}}],"collection":[{"href":"https:\/\/sinoextrud.com\/fi\/wp-json\/wp\/v2\/product"}],"about":[{"href":"https:\/\/sinoextrud.com\/fi\/wp-json\/wp\/v2\/types\/product"}],"wp:featuredmedia":[{"embeddable":true,"href":"https:\/\/sinoextrud.com\/fi\/wp-json\/wp\/v2\/media\/8963"}],"wp:attachment":[{"href":"https:\/\/sinoextrud.com\/fi\/wp-json\/wp\/v2\/media?parent=6214"}],"wp:term":[{"taxonomy":"category","embeddable":true,"href":"https:\/\/sinoextrud.com\/fi\/wp-json\/wp\/v2\/categories?post=6214"}],"curies":[{"name":"wp","href":"https:\/\/api.w.org\/{rel}","templated":true}]}}