{"id":6204,"date":"2025-05-26T02:10:24","date_gmt":"2025-05-26T02:10:24","guid":{"rendered":"https:\/\/sinoextrud.com\/product\/aluminum-extrusion-car-truck-aluminum-profile\/"},"modified":"2025-06-24T03:54:58","modified_gmt":"2025-06-24T03:54:58","slug":"alumiini-suulakepuristus-auton-kuorma-alumiiniprofiili","status":"publish","type":"product","link":"https:\/\/sinoextrud.com\/fi\/product\/aluminum-extrusion-car-truck-aluminum-profile\/","title":{"rendered":"Alumiini suulakepuristus auton &amp; kuorma-auton alumiini profiili"},"content":{"rendered":"<h2>Tuotteiden tiedot<\/h2>\n<table class=\"custom-table\">\n<tr>\n<td class=\"label\">Tuotteen nimi<\/td>\n<td>alumiini suulakepuristus auton ja kuorma-auton alumiiniprofiili<\/td>\n<\/tr>\n<tr>\n<td class=\"label\">Alumiiniseos<\/td>\n<td>3003, 6063, 6061, 6060, 6082, 6005, 6005A ja 7075.<\/td>\n<\/tr>\n<tr>\n<td class=\"label\">Temper<\/td>\n<td>T3-T8<\/td>\n<\/tr>\n<tr>\n<td class=\"label\">Muoto<\/td>\n<td>r\u00e4\u00e4t\u00e4l\u00f6inti<\/td>\n<\/tr>\n<tr>\n<td class=\"label\">Hakemus<\/td>\n<td>akkukotelot, t\u00f6rm\u00e4yksenhallintaj\u00e4rjestelm\u00e4t, rungot, palkit, listat, kattopalkit jne.<\/td>\n<\/tr>\n<tr>\n<td class=\"label\">Pintak\u00e4sittely<\/td>\n<td>viimeistelty, anodisoitu, puukuvioitu, tehopinnoitus, hiekkapuhallus, elektroforeesi, harjaus, kiillotus jne.<\/td>\n<\/tr>\n<tr>\n<td class=\"label\">CNC-syv\u00e4k\u00e4sittely<\/td>\n<td>leikkaaminen, poraaminen, koneistaminen, l\u00e4vist\u00e4minen, taivuttaminen, napauttaminen jne.<\/td>\n<\/tr>\n<tr>\n<td class=\"label\">Sertifikaatit<\/td>\n<td>CE, ISO, SGS, TUV, ROHS<\/td>\n<\/tr>\n<tr>\n<td class=\"label\">N\u00e4ytteet<\/td>\n<td>ilmainen n\u00e4yte. 1-3 p\u00e4iv\u00e4\u00e4 toimitetaan sinulle.<\/td>\n<\/tr>\n<tr>\n<td class=\"label\">MOQ<\/td>\n<td>200 kg kutakin profiilia kohti<\/td>\n<\/tr>\n<tr>\n<td class=\"label\">Toimitusaika<\/td>\n<td>15-25 p\u00e4iv\u00e4\u00e4<\/td>\n<\/tr>\n<tr>\n<td class=\"label\">Maksuehdot<\/td>\n<td>30% talletus ennen tuotantoa ja saldo ennen l\u00e4hetyst\u00e4.<\/td>\n<\/tr>\n<\/table>\n<h2>Tuotantopohjamme<\/h2>\n<h3>Tehtaan panoraama<\/h3>\n<p><img decoding=\"async\" src=\"\/wp-content\/uploads\/factory-01.webp\"\/><\/p>\n<h3>Alumiini Bar Manufacturing Workshop<\/h3>\n<p><img decoding=\"async\" src=\"\/wp-content\/uploads\/factory-02.webp\"\/><\/p>\n<p><img decoding=\"async\" src=\"\/wp-content\/uploads\/factory-03.webp\"\/><\/p>\n<h3>Muotin varastointi Varasto<\/h3>\n<p><img decoding=\"async\" src=\"\/wp-content\/uploads\/factory-04.webp\"\/><\/p>\n<h3>43 Alumiini ekstruusiolinjat (500\u00e2 5500 tonnia)<\/h3>\n<p><img decoding=\"async\" src=\"\/wp-content\/uploads\/factory-05.webp\"\/><\/p>\n<p><img decoding=\"async\" src=\"\/wp-content\/uploads\/factory-06.webp\"\/><\/p>\n<p><img decoding=\"async\" src=\"\/wp-content\/uploads\/factory-07.webp\"\/><\/p>\n<h3>Jauhemaalaus ty\u00f6paja<\/h3>\n<p><img decoding=\"async\" src=\"\/wp-content\/uploads\/factory-09.webp\"\/><\/p>\n<h3>Anodisointi ty\u00f6paja<\/h3>\n<p><img decoding=\"async\" src=\"\/wp-content\/uploads\/factory-10.webp\"\/><\/p>\n<h3>Syv\u00e4k\u00e4sittelyn ty\u00f6paja<\/h3>\n<p><img decoding=\"async\" src=\"\/wp-content\/uploads\/factory-11.webp\"\/><\/p>\n<h3>CNC-tarkkuuskoneistus ty\u00f6paja<\/h3>\n<p><img decoding=\"async\" src=\"\/wp-content\/uploads\/factory-11.5.webp\"\/><\/p>\n<h3>Valmiiden tuotteiden ja vientivarasto<\/h3>\n<p><img decoding=\"async\" src=\"\/wp-content\/uploads\/factory-12.webp\"\/><\/p>\n<p><img decoding=\"async\" src=\"\/wp-content\/uploads\/factory-13.webp\"\/><\/p>\n<p><img decoding=\"async\" src=\"\/wp-content\/uploads\/factory-14.webp\"\/><\/p>\n<h2>FAQ<\/h2>\n<p><p><b>1.Mit\u00e4 ovat alumiinipuristetut auton ja kuorma-auton alumiiniprofiilit? <\/b><\/p>\n<p> N\u00e4m\u00e4 ovat r\u00e4\u00e4t\u00e4l\u00f6ityj\u00e4, puristettuja alumiiniprofiileja, jotka on suunniteltu k\u00e4ytett\u00e4v\u00e4ksi autojen ja kuorma-autojen rakenteissa ja jotka tarjoavat kevytt\u00e4 lujuutta ja korroosionkest\u00e4vyytt\u00e4.<br \/>\n<\/p><br \/>\n<br \/>\n<p><b>2.Mitk\u00e4 ovat alumiiniprofiilien k\u00e4yt\u00f6n edut henkil\u00f6- ja kuorma-autoissa? <\/b><\/p>\n<p> Alumiiniprofiilit v\u00e4hent\u00e4v\u00e4t ajoneuvon painoa, parantavat polttoainetehokkuutta, parantavat korroosionkest\u00e4vyytt\u00e4 ja tarjoavat erinomaisen muovattavuuden autoteollisuuden sovelluksissa.<br \/>\n<\/p><br \/>\n<br \/>\n<p><b>3.Miksi valita alumiinin puristaminen autoteollisuuden profiileihin? <\/b><\/p>\n<p> Alumiinipursotus mahdollistaa tarkan muotoilun, suuren rakenteellisen lujuuden ja suunnittelun joustavuuden, joten se sopii erinomaisesti auton runkoihin, kattokaiteisiin, astinlaudoille ja muuhun.<br \/>\n<\/p><br \/>\n<br \/>\n<p><b>4.Miss\u00e4 alumiiniprofiileja k\u00e4ytet\u00e4\u00e4n ajoneuvoissa? <\/b><\/p>\n<p> Niit\u00e4 k\u00e4ytet\u00e4\u00e4n autojen korissa, kuorma-autojen s\u00e4ngyiss\u00e4, per\u00e4vaunujen rungoissa, s\u00e4hk\u00f6autojen akkukoteloissa, puskureissa, kattotelineiss\u00e4 ja rakenteellisissa vahvikkeissa.<br \/>\n<\/p><br \/>\n<br \/>\n<p><b>5.Soveltuvatko alumiiniprofiilit raskaiden kuorma-autojen sovelluksiin? <\/b><\/p>\n<p> Alumiiniprofiilit tarjoavat erinomaisen kantavuuden ja kest\u00e4vyyden, joten ne soveltuvat kuorma-autoihin, per\u00e4vaunuihin ja hy\u00f6tyajoneuvojen runkoihin.<br \/>\n<\/p><br \/>\n<br \/>\n<p><b>6.Miten alumiiniprofiilit parantavat ajoneuvon suorituskyky\u00e4? <\/b><\/p>\n<p> Alentamalla kokonaispainoa ja s\u00e4ilytt\u00e4m\u00e4ll\u00e4 rakenteellisen lujuuden alumiiniprofiilit parantavat sek\u00e4 henkil\u00f6- ett\u00e4 kuorma-autojen kiihtyvyytt\u00e4, polttoainetaloutta ja k\u00e4sitelt\u00e4vyytt\u00e4.<br \/>\n<\/p><br \/>\n<br \/>\n<p><b>7.Can autoteollisuuden alumiiniprofiilit voidaan r\u00e4\u00e4t\u00e4l\u00f6id\u00e4? <\/b><\/p>\n<p> Autojen ja kuorma-autojen alumiiniprofiilit voidaan ehdottomasti r\u00e4\u00e4t\u00e4l\u00f6id\u00e4 muodoltaan, kooltaan, seostyypilt\u00e4\u00e4n ja pintak\u00e4sittelylt\u00e4\u00e4n OEM-vaatimusten mukaisiksi.<br \/>\n<\/p><br \/>\n<br \/>\n<p><b>8.Are alumiini suulakepuristetut profiilit korroosionkest\u00e4v\u00e4 ajoneuvojen? <\/b><\/p>\n<p> Kyll\u00e4, autoteollisuuden alumiiniprofiilit kest\u00e4v\u00e4t hyvin ruostetta, ja ne voidaan anodisoida tai p\u00e4\u00e4llyst\u00e4\u00e4 kest\u00e4vyyden parantamiseksi kaikissa s\u00e4\u00e4olosuhteissa.<br \/>\n<\/p><br \/>\n<br \/>\n<p><b>9.Mit\u00e4 pintak\u00e4sittelyj\u00e4 on saatavana henkil\u00f6- ja kuorma-autojen alumiiniprofiileihin? <\/b><\/p>\n<p> Saatavana on anodisoituja, pulverimaalattuja, maalattuja tai jyrsittyj\u00e4 pinnoitteita suunnittelusta ja ymp\u00e4rist\u00f6altistusvaatimuksista riippuen.<br \/>\n<\/p><br \/>\n<br \/>\n<p><b>10.Soveltuuko alumiinipursotus s\u00e4hk\u00f6ajoneuvojen (EV) suunnitteluun? <\/b><\/p>\n<p> Alumiiniprofiileja k\u00e4ytet\u00e4\u00e4n laajalti s\u00e4hk\u00f6autoissa akkukoteloissa, koteloissa ja kevyiss\u00e4 rungoissa, jotka edist\u00e4v\u00e4t energiatehokkuutta ja l\u00e4mm\u00f6nhallintaa.<br \/>\n<\/p><br \/><\/p>","protected":false},"featured_media":6203,"template":"","categories":[58],"class_list":["post-6204","product","type-product","status-publish","has-post-thumbnail","hentry","category-aluminium-extrusion-profiles"],"meta_box":{"hilight_text_group":{"product_hilight_text":"<li>High strength-to-weight ratio improves vehicle efficiency and load capacity<\/li>\r\r\n<li>Corrosion-resistant for long-term performance in all weather conditions<\/li>\r\r\n<li>Supports custom profiles for various automotive and truck components<\/li>\r\r\n<li>Enhances structural integrity while reducing overall vehicle weight<\/li>\r\r\n<li>Ideal for frames, panels, roof racks, and trim applications<\/li>","product_chanpin_chanpin":"<li><a href=\"https:\/\/sinoextrud.com\/product\/aluminum-extrusion-blackboard-whiteboard-frame-aluminum-profiles\/\" target=\"_blank\">Aluminum Extrusion Blackboard Whiteboard Frame Aluminum Profiles<\/a><\/li>\r\n<li><a href=\"https:\/\/sinoextrud.com\/product\/aluminium-extrusion-anodized-aluminum-profile\/\" target=\"_blank\">Aluminium Extrusion Anodized Aluminum Profile<\/a><\/li>\r\n<li><a href=\"https:\/\/sinoextrud.com\/product\/aluminium-extrusion-wood-grain-aluminum-profile\/\" target=\"_blank\">Aluminium Extrusion Wood Grain Aluminum Profile<\/a><\/li>\r\n<li><a href=\"https:\/\/sinoextrud.com\/product\/aluminum-extrusion-u-channel-profiles\/\" target=\"_blank\">Aluminum Extrusion U Channel Profiles<\/a><\/li>\r\n<li><a href=\"https:\/\/sinoextrud.com\/product\/aluminum-extrusion-car-truck-aluminum-profile\/\" target=\"_blank\">Aluminum Extrusion Car & Truck Aluminum Profile<\/a><\/li>\r\n<li><a href=\"https:\/\/sinoextrud.com\/product\/aluminum-extrusion-aluminum-fence-panel-profile\/\" target=\"_blank\">Aluminum Extrusion Aluminum Fence Panel Profile<\/a><\/li>\r\n<li><a href=\"https:\/\/sinoextrud.com\/product\/aluminum-extrusion-sunflower-aluminum-profile\/\" target=\"_blank\">Aluminum Extrusion Sunflower Aluminum Profile<\/a><\/li>\r\n<li><a href=\"https:\/\/sinoextrud.com\/product\/aluminum-extrusion-aluminum-framing-profiles-for-sunroom\/\" target=\"_blank\">Aluminum Extrusion Aluminum Framing Profiles For Sunroom<\/a><\/li>\r\n<li><a href=\"https:\/\/sinoextrud.com\/product\/aluminum-extrusion-6063-large-diameter-aluminum-tube\/\" target=\"_blank\">Aluminum Extrusion 6063 Large Diameter Aluminum Tube<\/a><\/li>\r\n<li><a href=\"https:\/\/sinoextrud.com\/product\/metal-extrusion-products\/\" target=\"_blank\">Metal Extrusion Products<\/a><\/li>\r\n<li><a href=\"https:\/\/sinoextrud.com\/product\/aluminum-t-section-extrusions\/\" target=\"_blank\">Aluminum T Section Extrusions<\/a><\/li>"},"feature_list":[]},"_links":{"self":[{"href":"https:\/\/sinoextrud.com\/fi\/wp-json\/wp\/v2\/product\/6204","targetHints":{"allow":["GET"]}}],"collection":[{"href":"https:\/\/sinoextrud.com\/fi\/wp-json\/wp\/v2\/product"}],"about":[{"href":"https:\/\/sinoextrud.com\/fi\/wp-json\/wp\/v2\/types\/product"}],"wp:featuredmedia":[{"embeddable":true,"href":"https:\/\/sinoextrud.com\/fi\/wp-json\/wp\/v2\/media\/6203"}],"wp:attachment":[{"href":"https:\/\/sinoextrud.com\/fi\/wp-json\/wp\/v2\/media?parent=6204"}],"wp:term":[{"taxonomy":"category","embeddable":true,"href":"https:\/\/sinoextrud.com\/fi\/wp-json\/wp\/v2\/categories?post=6204"}],"curies":[{"name":"wp","href":"https:\/\/api.w.org\/{rel}","templated":true}]}}