{"id":6198,"date":"2025-05-26T01:57:46","date_gmt":"2025-05-26T01:57:46","guid":{"rendered":"https:\/\/sinoextrud.com\/product\/aluminium-extrusion-anodized-aluminum-profile\/"},"modified":"2025-06-24T03:54:54","modified_gmt":"2025-06-24T03:54:54","slug":"alumiini-suulakepuristettu-anodisoitu-alumiiniprofiili","status":"publish","type":"product","link":"https:\/\/sinoextrud.com\/fi\/product\/aluminium-extrusion-anodized-aluminum-profile\/","title":{"rendered":"Alumiini suulakepuristus anodisoitu alumiini profiili"},"content":{"rendered":"<h2>Tuotteiden tiedot<\/h2>\n<table class=\"custom-table\">\n<tr>\n<td class=\"label\">Nimi<\/td>\n<td>Alumiini suulakepuristus anodisoitu alumiini profiili<\/td>\n<\/tr>\n<\/table>\n<h2>Tuotantopohjamme<\/h2>\n<h3>Tehtaan panoraama<\/h3>\n<p><img decoding=\"async\" src=\"\/wp-content\/uploads\/factory-01.webp\"\/><\/p>\n<h3>Alumiini Bar Manufacturing Workshop<\/h3>\n<p><img decoding=\"async\" src=\"\/wp-content\/uploads\/factory-02.webp\"\/><\/p>\n<p><img decoding=\"async\" src=\"\/wp-content\/uploads\/factory-03.webp\"\/><\/p>\n<h3>Muotin varastointi Varasto<\/h3>\n<p><img decoding=\"async\" src=\"\/wp-content\/uploads\/factory-04.webp\"\/><\/p>\n<h3>43 Alumiini ekstruusiolinjat (500\u00e2 5500 tonnia)<\/h3>\n<p><img decoding=\"async\" src=\"\/wp-content\/uploads\/factory-05.webp\"\/><\/p>\n<p><img decoding=\"async\" src=\"\/wp-content\/uploads\/factory-06.webp\"\/><\/p>\n<p><img decoding=\"async\" src=\"\/wp-content\/uploads\/factory-07.webp\"\/><\/p>\n<h3>Jauhemaalaus ty\u00f6paja<\/h3>\n<p><img decoding=\"async\" src=\"\/wp-content\/uploads\/factory-09.webp\"\/><\/p>\n<h3>Anodisointi ty\u00f6paja<\/h3>\n<p><img decoding=\"async\" src=\"\/wp-content\/uploads\/factory-10.webp\"\/><\/p>\n<h3>Syv\u00e4k\u00e4sittelyn ty\u00f6paja<\/h3>\n<p><img decoding=\"async\" src=\"\/wp-content\/uploads\/factory-11.webp\"\/><\/p>\n<h3>CNC-tarkkuuskoneistus ty\u00f6paja<\/h3>\n<p><img decoding=\"async\" src=\"\/wp-content\/uploads\/factory-11.5.webp\"\/><\/p>\n<h3>Valmiiden tuotteiden ja vientivarasto<\/h3>\n<p><img decoding=\"async\" src=\"\/wp-content\/uploads\/factory-12.webp\"\/><\/p>\n<p><img decoding=\"async\" src=\"\/wp-content\/uploads\/factory-13.webp\"\/><\/p>\n<p><img decoding=\"async\" src=\"\/wp-content\/uploads\/factory-14.webp\"\/><\/p>\n<h2>FAQ<\/h2>\n<p><p><b>1.Mik\u00e4 on alumiiniprofiili, joka on anodisoitu alumiiniprofiili? <\/b><\/p>\n<p> Se on alumiiniprofiili, joka on valmistettu suulakepuristamalla ja viimeistelty anodisointiprosessilla pinnan kest\u00e4vyyden, korroosionkest\u00e4vyyden ja ulkon\u00e4\u00f6n parantamiseksi.<br \/>\n<\/p><br \/>\n<br \/>\n<p><b>2.Mitk\u00e4 ovat anodisoitujen alumiiniprofiilien edut? <\/b><\/p>\n<p> Anodisoidut alumiiniprofiilit tarjoavat paremman korroosionkest\u00e4vyyden, kulumissuojan, UV-s\u00e4teilyn kest\u00e4vyyden ja koristeellisen viimeistelyn, joka on ihanteellinen arkkitehtoniseen ja teolliseen k\u00e4ytt\u00f6\u00f6n.<br \/>\n<\/p><br \/>\n<br \/>\n<p><b>3.Miksi valita anodisoidut alumiiniprofiilit yli millin viimeistelyn? <\/b><\/p>\n<p> Anodisoidut profiilit ovat kovemman pinnan, paremman korroosiosuojauksen ja houkuttelevamman ulkon\u00e4\u00f6n omaavia kuin k\u00e4sittelem\u00e4t\u00f6n jyrsitty alumiini.<br \/>\n<\/p><br \/>\n<br \/>\n<p><b>4.Miss\u00e4 anodisoituja alumiiniprofiileja k\u00e4ytet\u00e4\u00e4n yleisesti? <\/b><\/p>\n<p> N\u00e4it\u00e4 profiileja k\u00e4ytet\u00e4\u00e4n laajalti ikkunoissa, ovissa, verhoseiniss\u00e4, elektroniikkakoteloissa, huonekalujen kehyksiss\u00e4 ja arkkitehtonisissa koriste-elementeiss\u00e4.<br \/>\n<\/p><br \/>\n<br \/>\n<p><b>5.Parantaako anodisointi alumiiniprofiilien kest\u00e4vyytt\u00e4? <\/b><\/p>\n<p> Kyll\u00e4, anodisointi luo sitke\u00e4n oksidikerroksen, joka suojaa pintaa naarmuilta, korroosiolta ja s\u00e4\u00e4n vaikutuksilta ja pident\u00e4\u00e4 tuotteen k\u00e4ytt\u00f6ik\u00e4\u00e4.<br \/>\n<\/p><br \/>\n<br \/>\n<p><b>6.Can anodisoitu alumiini profiileja voidaan r\u00e4\u00e4t\u00e4l\u00f6id\u00e4? <\/b><\/p>\n<p> Anodisoituja profiileja voidaan r\u00e4\u00e4t\u00e4l\u00f6id\u00e4 koon, muodon, seostyypin ja anodisointiv\u00e4rin osalta siten, ett\u00e4 ne t\u00e4ytt\u00e4v\u00e4t erityiset suunnittelu- ja suorituskykyvaatimukset.<br \/>\n<\/p><br \/>\n<br \/>\n<p><b>7.Ovatko anodisoidut alumiiniprofiilit ymp\u00e4rist\u00f6yst\u00e4v\u00e4llisi\u00e4? <\/b><\/p>\n<p> Kyll\u00e4, anodisointi on myrkyt\u00f6n prosessi ja alumiini on t\u00e4ysin kierr\u00e4tett\u00e4viss\u00e4, joten anodisoidut profiilit ovat kest\u00e4v\u00e4 materiaalivalinta.<br \/>\n<\/p><br \/>\n<br \/>\n<p><b>8.Mit\u00e4 anodisoituja pintak\u00e4sittelyj\u00e4 on saatavana alumiiniprofiileille? <\/b><\/p>\n<p> Pintak\u00e4sittelyt ovat kirkas, pronssi, musta, kulta ja mukautetut v\u00e4rit, jotka ovat saatavana matta- tai kiilt\u00e4v\u00e4pintaisina, riippuen suunnittelun mieltymyksist\u00e4.<br \/>\n<\/p><br \/>\n<br \/>\n<p><b>9. soveltuuko anodisoitu alumiini ulkok\u00e4ytt\u00f6\u00f6n? <\/b><\/p>\n<p> Kyll\u00e4, anodisoidut alumiiniprofiilit soveltuvat erinomaisesti ulkok\u00e4ytt\u00f6\u00f6n, koska ne kest\u00e4v\u00e4t erinomaisesti UV-s\u00e4teily\u00e4 ja kest\u00e4v\u00e4t vaativia olosuhteita.<br \/>\n<\/p><br \/>\n<br \/>\n<p><b>10.Miten anodisointi vaikuttaa alumiiniprofiilien ulkon\u00e4k\u00f6\u00f6n? <\/b><\/p>\n<p> Anodisointi parantaa metallista ulkon\u00e4k\u00f6\u00e4, lis\u00e4\u00e4 v\u00e4rivaihtoehtoja ja luo yhten\u00e4isen, ammattimaisen pinnan, joka parantaa sek\u00e4 esteettisyytt\u00e4 ett\u00e4 br\u00e4ndin tunnettuutta.<br \/>\n<\/p><br \/><\/p>","protected":false},"featured_media":6197,"template":"","categories":[58],"class_list":["post-6198","product","type-product","status-publish","has-post-thumbnail","hentry","category-aluminium-extrusion-profiles"],"meta_box":{"hilight_text_group":{"product_hilight_text":"<li>Anodized finish enhances corrosion and wear resistance<\/li>\r\r\n<li>Attractive surface with matte or glossy options for decorative use<\/li>\r\r\n<li>Improved durability for both indoor and outdoor applications<\/li>\r\r\n<li>Available in various colors and customizable profiles<\/li>\r\r\n<li>Ideal for architectural, industrial, and consumer product applications<\/li>","product_chanpin_chanpin":"<li><a href=\"https:\/\/sinoextrud.com\/product\/aluminum-extrusion-6005-big-size-industrial-aluminum-profile\/\" target=\"_blank\">Aluminum Extrusion 6005 Big Size Industrial Aluminum Profile<\/a><\/li>\r\n<li><a href=\"https:\/\/sinoextrud.com\/product\/aluminum-extrusion-telescopic-tube-octagon-tube\/\" target=\"_blank\">Aluminum Extrusion Telescopic Tube Octagon Tube<\/a><\/li>\r\n<li><a href=\"https:\/\/sinoextrud.com\/product\/aluminum-extrusion-aluminum-roof-rack-profiles\/\" target=\"_blank\">Aluminum Extrusion Aluminum Roof Rack Profiles<\/a><\/li>\r\n<li><a href=\"https:\/\/sinoextrud.com\/product\/aluminum-extrusion-blackboard-whiteboard-frame-aluminum-profiles\/\" target=\"_blank\">Aluminum Extrusion Blackboard Whiteboard Frame Aluminum Profiles<\/a><\/li>\r\n<li><a href=\"https:\/\/sinoextrud.com\/product\/aluminium-extrusion-anodized-aluminum-profile\/\" target=\"_blank\">Aluminium Extrusion Anodized Aluminum Profile<\/a><\/li>\r\n<li><a href=\"https:\/\/sinoextrud.com\/product\/aluminium-extrusion-wood-grain-aluminum-profile\/\" target=\"_blank\">Aluminium Extrusion Wood Grain Aluminum Profile<\/a><\/li>\r\n<li><a href=\"https:\/\/sinoextrud.com\/product\/aluminum-extrusion-u-channel-profiles\/\" target=\"_blank\">Aluminum Extrusion U Channel Profiles<\/a><\/li>\r\n<li><a href=\"https:\/\/sinoextrud.com\/product\/aluminum-extrusion-car-truck-aluminum-profile\/\" target=\"_blank\">Aluminum Extrusion Car & Truck Aluminum Profile<\/a><\/li>\r\n<li><a href=\"https:\/\/sinoextrud.com\/product\/aluminum-extrusion-aluminum-fence-panel-profile\/\" target=\"_blank\">Aluminum Extrusion Aluminum Fence Panel Profile<\/a><\/li>\r\n<li><a href=\"https:\/\/sinoextrud.com\/product\/aluminium-extrusion-6061-6082-7075-aluminum-alloy-profiles\/\" target=\"_blank\">Aluminium Extrusion 6061 6082 7075 Aluminum Alloy Profiles<\/a><\/li>\r\n<li><a href=\"https:\/\/sinoextrud.com\/product\/pyramid-open-cell-ceiling-system\/\" target=\"_blank\">Pyramid Open Cell Ceiling System<\/a><\/li>"},"feature_list":[]},"_links":{"self":[{"href":"https:\/\/sinoextrud.com\/fi\/wp-json\/wp\/v2\/product\/6198","targetHints":{"allow":["GET"]}}],"collection":[{"href":"https:\/\/sinoextrud.com\/fi\/wp-json\/wp\/v2\/product"}],"about":[{"href":"https:\/\/sinoextrud.com\/fi\/wp-json\/wp\/v2\/types\/product"}],"wp:featuredmedia":[{"embeddable":true,"href":"https:\/\/sinoextrud.com\/fi\/wp-json\/wp\/v2\/media\/6197"}],"wp:attachment":[{"href":"https:\/\/sinoextrud.com\/fi\/wp-json\/wp\/v2\/media?parent=6198"}],"wp:term":[{"taxonomy":"category","embeddable":true,"href":"https:\/\/sinoextrud.com\/fi\/wp-json\/wp\/v2\/categories?post=6198"}],"curies":[{"name":"wp","href":"https:\/\/api.w.org\/{rel}","templated":true}]}}