{"id":6192,"date":"2025-05-26T01:37:48","date_gmt":"2025-05-26T01:37:48","guid":{"rendered":"https:\/\/sinoextrud.com\/product\/aluminum-extrusion-telescopic-tube-octagon-tube\/"},"modified":"2025-06-24T03:54:48","modified_gmt":"2025-06-24T03:54:48","slug":"alumiini-suulakepuristus-teleskooppiputki-kahdeksankulmainen-putki","status":"publish","type":"product","link":"https:\/\/sinoextrud.com\/fi\/product\/aluminum-extrusion-telescopic-tube-octagon-tube\/","title":{"rendered":"Alumiini suulakepuristus Teleskooppiputki Octagon Tube"},"content":{"rendered":"<h2>Tuotteiden tiedot<\/h2>\n<table class=\"custom-table\">\n<tr>\n<td class=\"label\">Tuotteen tyyppi<\/td>\n<td>Alumiini suulakepuristus Teleskooppinen putki Octagon Tube, Teleskooppinen alumiini putket, alumiini Octagon Tube<\/td>\n<\/tr>\n<tr>\n<td class=\"label\">Materiaali<\/td>\n<td>Alumiini, alumiiniseos<\/td>\n<\/tr>\n<tr>\n<td class=\"label\">Luokka<\/td>\n<td>6000-sarja<\/td>\n<\/tr>\n<tr>\n<td class=\"label\">Koko<\/td>\n<td>R\u00e4\u00e4t\u00e4l\u00f6ity<\/td>\n<\/tr>\n<tr>\n<td class=\"label\">Muoto<\/td>\n<td>Py\u00f6re\u00e4\/neli\u00f6\/neli\u00f6\/suorakulmainen\/ soikea\/r\u00e4\u00e4t\u00e4l\u00f6ityj\u00e4<\/td>\n<\/tr>\n<tr>\n<td class=\"label\">Viimeistely<\/td>\n<td>Jyrsint\u00e4k\u00e4sittely, anodisointi, jauhemaalaus, kiillotus, galvanointi, hiekkapuhallus, harjaus, puukuviointi jne.<\/td>\n<\/tr>\n<tr>\n<td class=\"label\">Hakemus<\/td>\n<td>1. Ilmailu- ja avaruusteollisuus, 2. Ilmailu- ja avaruusteollisuus,3. L\u00e4\u00e4keteollisuus,4. Rakennusteollisuus,5. Meriteollisuus,6. Meriteollisuus,7. Autoteollisuus<\/td>\n<\/tr>\n<tr>\n<td class=\"label\">Pituus<\/td>\n<td>R\u00e4\u00e4t\u00e4l\u00f6ity vaatimusten mukaan<\/td>\n<\/tr>\n<tr>\n<td class=\"label\">Toimitusaika<\/td>\n<td>15-25 p\u00e4iv\u00e4\u00e4 tai neuvoteltu<\/td>\n<\/tr>\n<tr>\n<td class=\"label\">Syv\u00e4 prosessi<\/td>\n<td>CNC, poraus, jyrsint\u00e4, leikkaus, leimaaminen, hitsaus, taivutus, kokoonpano<\/td>\n<\/tr>\n<tr>\n<td class=\"label\">Suvaitsevaisuus<\/td>\n<td>\u00b10.01mm<\/td>\n<\/tr>\n<tr>\n<td class=\"label\">OEM &amp; ODM<\/td>\n<td>Hyv\u00e4ksytt\u00e4v\u00e4<\/td>\n<\/tr>\n<tr>\n<td class=\"label\">Pakkaus<\/td>\n<td>vakiovientipakkaus tai kuten on sovittu<\/td>\n<\/tr>\n<\/table>\n<h2>Tuotantopohjamme<\/h2>\n<h3>Tehtaan panoraama<\/h3>\n<p><img decoding=\"async\" src=\"\/wp-content\/uploads\/factory-01.webp\"\/><\/p>\n<h3>Alumiini Bar Manufacturing Workshop<\/h3>\n<p><img decoding=\"async\" src=\"\/wp-content\/uploads\/factory-02.webp\"\/><\/p>\n<p><img decoding=\"async\" src=\"\/wp-content\/uploads\/factory-03.webp\"\/><\/p>\n<h3>Muotin varastointi Varasto<\/h3>\n<p><img decoding=\"async\" src=\"\/wp-content\/uploads\/factory-04.webp\"\/><\/p>\n<h3>43 alumiinin ekstruusiolinjat (500-5500 tonnia)<\/h3>\n<p><img decoding=\"async\" src=\"\/wp-content\/uploads\/factory-05.webp\"\/><\/p>\n<p><img decoding=\"async\" src=\"\/wp-content\/uploads\/factory-06.webp\"\/><\/p>\n<p><img decoding=\"async\" src=\"\/wp-content\/uploads\/factory-07.webp\"\/><\/p>\n<h3>Jauhemaalaus ty\u00f6paja<\/h3>\n<p><img decoding=\"async\" src=\"\/wp-content\/uploads\/factory-09.webp\"\/><\/p>\n<h3>Anodisointi ty\u00f6paja<\/h3>\n<p><img decoding=\"async\" src=\"\/wp-content\/uploads\/factory-10.webp\"\/><\/p>\n<h3>Syv\u00e4k\u00e4sittelyn ty\u00f6paja<\/h3>\n<p><img decoding=\"async\" src=\"\/wp-content\/uploads\/factory-11.webp\"\/><\/p>\n<h3>CNC-tarkkuuskoneistus ty\u00f6paja<\/h3>\n<p><img decoding=\"async\" src=\"\/wp-content\/uploads\/factory-11.5.webp\"\/><\/p>\n<h3>Valmiiden tuotteiden ja vientivarasto<\/h3>\n<p><img decoding=\"async\" src=\"\/wp-content\/uploads\/factory-12.webp\"\/><\/p>\n<p><img decoding=\"async\" src=\"\/wp-content\/uploads\/factory-13.webp\"\/><\/p>\n<p><img decoding=\"async\" src=\"\/wp-content\/uploads\/factory-14.webp\"\/><\/p>\n<h2>FAQ<\/h2>\n<p><p><b>1.Mik\u00e4 on alumiinipuristettu teleskooppiputki kahdeksankulmainen putki? <\/b><\/p>\n<p> Se on suulakepuristamalla valmistettu teleskooppinen alumiiniputki, jonka poikkileikkaus on kahdeksankulmainen ja jota k\u00e4ytet\u00e4\u00e4n yleisesti s\u00e4\u00e4dett\u00e4viss\u00e4 rakenteissa, lipputangoissa ja tukij\u00e4rjestelmiss\u00e4.<br \/>\n<\/p><br \/>\n<br \/>\n<p><b>2.Mitk\u00e4 ovat alumiinisten kahdeksankulmaisten teleskooppiputkien edut? <\/b><\/p>\n<p> Alumiiniset kahdeksankulmaiset teleskooppiputket tarjoavat korkean lujuuden, korroosionkest\u00e4vyyden, kevyen rakenteen ja turvallisen lukituksen s\u00e4\u00e4dett\u00e4viin tai pidennett\u00e4viin sovelluksiin.<br \/>\n<\/p><br \/>\n<br \/>\n<p><b>3.Miksi valita kahdeksankulmainen muoto teleskooppisille alumiiniputkille? <\/b><\/p>\n<p> Kahdeksankulmainen muoto tarjoaa py\u00f6reisiin putkiin verrattuna paremman kiertymisen est\u00e4v\u00e4n vakauden ja rakenteellisen lujuuden, mik\u00e4 on ihanteellista sovelluksissa, joissa vaaditaan tarkkaa kohdistusta.<br \/>\n<\/p><br \/>\n<br \/>\n<p><b>4.Miss\u00e4 alumiinisia teleskooppisia kahdeksankulmaisia putkia k\u00e4ytet\u00e4\u00e4n yleisesti? <\/b><\/p>\n<p> N\u00e4it\u00e4 putkia k\u00e4ytet\u00e4\u00e4n teleskooppipylv\u00e4iss\u00e4, antennimastoissa, n\u00e4ytt\u00f6pylv\u00e4iss\u00e4, kannettavissa valaistuslaitteissa ja s\u00e4\u00e4dett\u00e4viss\u00e4 mekaanisissa j\u00e4rjestelmiss\u00e4.<br \/>\n<\/p><br \/>\n<br \/>\n<p><b>5.Onko alumiinipursotus sopiva teleskooppiputkimalleihin? <\/b><\/p>\n<p> Kyll\u00e4, alumiinin suulakepuristaminen mahdollistaa mittojen ja sein\u00e4m\u00e4n paksuuden tarkan hallinnan, mik\u00e4 takaa sujuvan teleskooppitoiminnon ja korkean rakenteellisen eheyden.<br \/>\n<\/p><br \/>\n<br \/>\n<p><b>6.Ovatko teleskooppiset kahdeksankulmaiset alumiiniputket korroosionkest\u00e4vi\u00e4? <\/b><\/p>\n<p> Alumiini on luonnostaan korroosionkest\u00e4v\u00e4\u00e4, ja se voidaan anodisoida kest\u00e4vyyden parantamiseksi ulko- tai meriymp\u00e4rist\u00f6iss\u00e4.<br \/>\n<\/p><br \/>\n<br \/>\n<p><b>7.Can alumiini teleskooppiputket voidaan r\u00e4\u00e4t\u00e4l\u00f6id\u00e4? <\/b><\/p>\n<p> Kyll\u00e4, teleskooppiset kahdeksankulmaiset putket voidaan r\u00e4\u00e4t\u00e4l\u00f6id\u00e4 pituudeltaan, sein\u00e4m\u00e4n paksuudeltaan, pintak\u00e4sittelylt\u00e4\u00e4n ja lukitusmekanismiltaan vastaamaan erityisi\u00e4 teknisi\u00e4 tarpeita.<br \/>\n<\/p><br \/>\n<br \/>\n<p><b>8.Miten teleskooppitoiminto toimii kahdeksankulmaisissa putkissa? <\/b><\/p>\n<p> Pienempi alumiiniputki liukuu sujuvasti suurempaan kahdeksankulmaiseen putkeen minimaalisella pelill\u00e4, ja se kiinnitet\u00e4\u00e4n usein puristimilla tai painonappilukitusj\u00e4rjestelmill\u00e4.<br \/>\n<\/p><br \/>\n<br \/>\n<p><b>9.Mit\u00e4 pintak\u00e4sittelyj\u00e4 on saatavana alumiinisille kahdeksankulmaisille teleskooppiputkille? <\/b><\/p>\n<p> Saatavilla olevat viimeistelyt ovat jyrsitty, anodisoitu ja jauhemaalattu pinta, joka parantaa ulkon\u00e4k\u00f6\u00e4, pitoa ja ymp\u00e4rist\u00f6nkest\u00e4vyytt\u00e4.<br \/>\n<\/p><br \/>\n<br \/>\n<p><b>10.Do alumiini suulakepuristus teleskooppinen kahdeksankulmainen putket tukevat raskaan k\u00e4yt\u00f6n? <\/b><\/p>\n<p> Geometrisen vakauden ja materiaalin lujuuden ansiosta ne soveltuvat erinomaisesti kantaviin, s\u00e4\u00e4dett\u00e4viin sovelluksiin teollisuudessa ja kaupallisissa tiloissa.<br \/>\n<\/p><br \/><\/p>","protected":false},"featured_media":6191,"template":"","categories":[58],"class_list":["post-6192","product","type-product","status-publish","has-post-thumbnail","hentry","category-aluminium-extrusion-profiles"],"meta_box":{"hilight_text_group":{"product_hilight_text":"<li>Telescopic design allows adjustable length for versatile applications<\/li>\r\r\n<li>Octagon shape provides enhanced structural strength and stability<\/li>\r\r\n<li>Lightweight aluminum for easy handling and transport<\/li>\r\r\n<li>Corrosion-resistant surface suitable for indoor and outdoor use<\/li>\r\r\n<li>Ideal for flagpoles, tent frames, and extension mechanisms<\/li>","product_chanpin_chanpin":"<li><a href=\"https:\/\/sinoextrud.com\/product\/aluminium-u-channel\/\" target=\"_blank\">Aluminium U Channel<\/a><\/li>\r\n<li><a href=\"https:\/\/sinoextrud.com\/product\/aluminum-profile-roller-blinds-rails\/\" target=\"_blank\">Aluminum Profile Roller Blinds Rails<\/a><\/li>\r\n<li><a href=\"https:\/\/sinoextrud.com\/product\/aluminum-extrusion-aluminum-cladding-profile-wood-look-grain-aluminum-panels\/\" target=\"_blank\">Aluminum Extrusion Aluminum Cladding Profile Wood Look Grain Aluminum Panels<\/a><\/li>\r\n<li><a href=\"https:\/\/sinoextrud.com\/product\/aluminum-extrusion-6005-big-size-industrial-aluminum-profile\/\" target=\"_blank\">Aluminum Extrusion 6005 Big Size Industrial Aluminum Profile<\/a><\/li>\r\n<li><a href=\"https:\/\/sinoextrud.com\/product\/aluminum-extrusion-telescopic-tube-octagon-tube\/\" target=\"_blank\">Aluminum Extrusion Telescopic Tube Octagon Tube<\/a><\/li>\r\n<li><a href=\"https:\/\/sinoextrud.com\/product\/aluminum-extrusion-aluminum-roof-rack-profiles\/\" target=\"_blank\">Aluminum Extrusion Aluminum Roof Rack Profiles<\/a><\/li>\r\n<li><a href=\"https:\/\/sinoextrud.com\/product\/aluminum-extrusion-blackboard-whiteboard-frame-aluminum-profiles\/\" target=\"_blank\">Aluminum Extrusion Blackboard Whiteboard Frame Aluminum Profiles<\/a><\/li>\r\n<li><a href=\"https:\/\/sinoextrud.com\/product\/aluminium-extrusion-anodized-aluminum-profile\/\" target=\"_blank\">Aluminium Extrusion Anodized Aluminum Profile<\/a><\/li>\r\n<li><a href=\"https:\/\/sinoextrud.com\/product\/aluminium-extrusion-wood-grain-aluminum-profile\/\" target=\"_blank\">Aluminium Extrusion Wood Grain Aluminum Profile<\/a><\/li>\r\n<li><a href=\"https:\/\/sinoextrud.com\/product\/aluminum-corner-extrusion-profiles\/\" target=\"_blank\">Aluminum Corner Extrusion Profiles<\/a><\/li>\r\n<li><a href=\"https:\/\/sinoextrud.com\/product\/extruded-aluminium-track\/\" target=\"_blank\">Extruded Aluminium Track<\/a><\/li>"},"feature_list":[]},"_links":{"self":[{"href":"https:\/\/sinoextrud.com\/fi\/wp-json\/wp\/v2\/product\/6192","targetHints":{"allow":["GET"]}}],"collection":[{"href":"https:\/\/sinoextrud.com\/fi\/wp-json\/wp\/v2\/product"}],"about":[{"href":"https:\/\/sinoextrud.com\/fi\/wp-json\/wp\/v2\/types\/product"}],"wp:featuredmedia":[{"embeddable":true,"href":"https:\/\/sinoextrud.com\/fi\/wp-json\/wp\/v2\/media\/6191"}],"wp:attachment":[{"href":"https:\/\/sinoextrud.com\/fi\/wp-json\/wp\/v2\/media?parent=6192"}],"wp:term":[{"taxonomy":"category","embeddable":true,"href":"https:\/\/sinoextrud.com\/fi\/wp-json\/wp\/v2\/categories?post=6192"}],"curies":[{"name":"wp","href":"https:\/\/api.w.org\/{rel}","templated":true}]}}