{"id":6182,"date":"2025-05-25T15:47:57","date_gmt":"2025-05-25T15:47:57","guid":{"rendered":"https:\/\/sinoextrud.com\/product\/aluminum-profile-roller-blinds-rails\/"},"modified":"2025-06-24T03:54:42","modified_gmt":"2025-06-24T03:54:42","slug":"alumiiniprofiili-rullaverhot-kiskot","status":"publish","type":"product","link":"https:\/\/sinoextrud.com\/fi\/product\/aluminum-profile-roller-blinds-rails\/","title":{"rendered":"Alumiiniprofiili rullaverhot Rails"},"content":{"rendered":"<h2>Tuotteiden tiedot<\/h2>\n<table class=\"custom-table\">\n<tr>\n<td class=\"label\">Tuotteen nimi<\/td>\n<td>Alumiiniprofiili rullaverhot kiskot<\/td>\n<\/tr>\n<tr>\n<td class=\"label\">Tuotevalikoima<\/td>\n<td>alumiiniprofiilit alumiini verho kisko kisko, verho kaide kappaleita, alumiini verho kisko kisko, rullaverho alumiini ohjauskisko, kuljetin ohjauskisko, verhokiskot alumiini, rullaverhot sivukiskot, alumiini verhokisko, liukuovi alumiini ohjauskisko, kiinnike kisko opas kuljetin, jne.<\/td>\n<\/tr>\n<tr>\n<td class=\"label\">Tuotetyypit<\/td>\n<td>alumiini kiskoprofiilit, kiskokuljetin, verhokiskot alumiiniseos, lineaarinen hihnaohjainkisko, liukurulla ripustettu, liukuovikaide jne.<\/td>\n<\/tr>\n<tr>\n<td class=\"label\">Alumiiniseos<\/td>\n<td>1000-sarja, 200-sarja, 3000-sarja, 5000-sarja, 6000-sarja, 7000-sarja.<\/td>\n<\/tr>\n<tr>\n<td class=\"label\">Temper<\/td>\n<td>T3-T8<\/td>\n<\/tr>\n<tr>\n<td class=\"label\">Muoto<\/td>\n<td>r\u00e4\u00e4t\u00e4l\u00f6inti<\/td>\n<\/tr>\n<tr>\n<td class=\"label\">V\u00e4ri<\/td>\n<td>r\u00e4\u00e4t\u00e4l\u00f6inti<\/td>\n<\/tr>\n<tr>\n<td class=\"label\">Pintak\u00e4sittely<\/td>\n<td>viimeistelty, anodisoitu, puukuvioitu, tehopinnoitus, hiekkapuhallus, elektroforeesi, harjaus, kiillotus jne.<\/td>\n<\/tr>\n<tr>\n<td class=\"label\">CNC-syv\u00e4k\u00e4sittely<\/td>\n<td>leikkaaminen, poraaminen, koneistaminen, l\u00e4vist\u00e4minen, taivuttaminen, napauttaminen jne.<\/td>\n<\/tr>\n<tr>\n<td class=\"label\">Sertifikaatit<\/td>\n<td>CE, ISO, SGS, TUV, ROHS<\/td>\n<\/tr>\n<tr>\n<td class=\"label\">N\u00e4ytteet<\/td>\n<td>ilmainen n\u00e4yte. 1-3 p\u00e4iv\u00e4\u00e4 toimitetaan sinulle.<\/td>\n<\/tr>\n<tr>\n<td class=\"label\">MOQ<\/td>\n<td>200 kg kutakin profiilia kohti<\/td>\n<\/tr>\n<tr>\n<td class=\"label\">Toimitusaika<\/td>\n<td>Muotin kehitt\u00e4minen ja n\u00e4ytteen muotoilu kest\u00e4\u00e4 12-15 p\u00e4iv\u00e4\u00e4, sitten tuotannon kesto on 15-25 p\u00e4iv\u00e4\u00e4 ostajan talletuksen vastaanottamisen j\u00e4lkeen.<\/td>\n<\/tr>\n<tr>\n<td class=\"label\">Maksuehdot<\/td>\n<td>30% talletus ennen tuotantoa ja saldo ennen l\u00e4hetyst\u00e4.<\/td>\n<\/tr>\n<\/table>\n<h2>Tuotantopohjamme<\/h2>\n<h3>Tehtaan panoraama<\/h3>\n<p><img decoding=\"async\" src=\"\/wp-content\/uploads\/factory-01.webp\"\/><\/p>\n<h3>Alumiini Bar Manufacturing Workshop<\/h3>\n<p><img decoding=\"async\" src=\"\/wp-content\/uploads\/factory-02.webp\"\/><\/p>\n<p><img decoding=\"async\" src=\"\/wp-content\/uploads\/factory-03.webp\"\/><\/p>\n<h3>Muotin varastointi Varasto<\/h3>\n<p><img decoding=\"async\" src=\"\/wp-content\/uploads\/factory-04.webp\"\/><\/p>\n<h3>43 Alumiini ekstruusiolinjat (500\u00e2 5500 tonnia)<\/h3>\n<p><img decoding=\"async\" src=\"\/wp-content\/uploads\/factory-05.webp\"\/><\/p>\n<p><img decoding=\"async\" src=\"\/wp-content\/uploads\/factory-06.webp\"\/><\/p>\n<p><img decoding=\"async\" src=\"\/wp-content\/uploads\/factory-07.webp\"\/><\/p>\n<h3>Jauhemaalaus ty\u00f6paja<\/h3>\n<p><img decoding=\"async\" src=\"\/wp-content\/uploads\/factory-09.webp\"\/><\/p>\n<h3>Anodisointi ty\u00f6paja<\/h3>\n<p><img decoding=\"async\" src=\"\/wp-content\/uploads\/factory-10.webp\"\/><\/p>\n<h3>Syv\u00e4k\u00e4sittelyn ty\u00f6paja<\/h3>\n<p><img decoding=\"async\" src=\"\/wp-content\/uploads\/factory-11.webp\"\/><\/p>\n<h3>CNC-tarkkuuskoneistus ty\u00f6paja<\/h3>\n<p><img decoding=\"async\" src=\"\/wp-content\/uploads\/factory-11.5.webp\"\/><\/p>\n<h3>Valmiiden tuotteiden ja vientivarasto<\/h3>\n<p><img decoding=\"async\" src=\"\/wp-content\/uploads\/factory-12.webp\"\/><\/p>\n<p><img decoding=\"async\" src=\"\/wp-content\/uploads\/factory-13.webp\"\/><\/p>\n<p><img decoding=\"async\" src=\"\/wp-content\/uploads\/factory-14.webp\"\/><\/p>\n<h2>FAQ<\/h2>\n<p><p><b>1.What ovat alumiiniprofiilin rullaverhot kiskot? <\/b><\/p>\n<p> Alumiiniprofiilirullaverhokiskot ovat suulakepuristettuja alumiinikiskoja, jotka on suunniteltu tukemaan ja ohjaamaan rullaverhoja ikkunoiden varjostusj\u00e4rjestelmiss\u00e4.<br \/>\n<\/p><br \/>\n<br \/>\n<p><b>2.Mitk\u00e4 ovat rullaverhojen alumiinikiskojen k\u00e4yt\u00f6n edut? <\/b><\/p>\n<p> Alumiinikiskot tarjoavat kevytt\u00e4 kest\u00e4vyytt\u00e4, korroosionkest\u00e4vyytt\u00e4, sulavaa toimintaa ja tyylik\u00e4st\u00e4 ulkon\u00e4k\u00f6\u00e4 nykyaikaisiin rullaverhoj\u00e4rjestelmiin.<br \/>\n<\/p><br \/>\n<br \/>\n<p><b>3.Miksi valita alumiiniprofiilikiskot rullaverhoille? <\/b><\/p>\n<p> Alumiiniprofiilikiskot tarjoavat vahvan rakenteellisen tuen, ne on helppo asentaa ja ne s\u00e4ilytt\u00e4v\u00e4t siistin, v\u00e4h\u00e4eleisen ilmeen asuin- ja liiketilojen sis\u00e4tiloissa.<br \/>\n<\/p><br \/>\n<br \/>\n<p><b>4.Soveltuvatko alumiinirullaverhojen kiskot kaikkiin kaihdintyyppeihin? <\/b><\/p>\n<p> Kyll\u00e4, alumiiniprofiilikiskot ovat yhteensopivia manuaalisten ja moottoroitujen rullaverhojen kanssa, ja ne voidaan r\u00e4\u00e4t\u00e4l\u00f6id\u00e4 eri ikkunakokojen ja -mekanismien mukaan.<br \/>\n<\/p><br \/>\n<br \/>\n<p><b>5.Can alumiini rullaverhot kiskot voidaan r\u00e4\u00e4t\u00e4l\u00f6id\u00e4? <\/b><\/p>\n<p> Alumiinirullaverhojen kiskot voidaan suulakepuristaa eri muotoisina, pituisina ja viimeisteltyin\u00e4, jotta ne sopivat erityisiin suunnittelu- ja asennusvaatimuksiin.<br \/>\n<\/p><br \/>\n<br \/>\n<p><b>6.Ovatko alumiiniprofiilikiskot kest\u00e4v\u00e4t ruostetta ja kulumista? <\/b><\/p>\n<p> Kyll\u00e4, alumiiniset rullaverhokiskot kest\u00e4v\u00e4t korroosiota ja soveltuvat erinomaisesti pitk\u00e4aikaiseen k\u00e4ytt\u00f6\u00f6n kosteissa tai auringolle altistuvissa ymp\u00e4rist\u00f6iss\u00e4.<br \/>\n<\/p><br \/>\n<br \/>\n<p><b>7.Parantavatko alumiinikiskot rullaverhojen toimivuutta? <\/b><\/p>\n<p> Kyll\u00e4, tarkkaan suunnitellut alumiinikiskot takaavat tasaisemman vierimisen, pienemm\u00e4n melun ja paremman kohdistuksen, mik\u00e4 takaa tehokkaan varjostussuorituskyvyn.<br \/>\n<\/p><br \/>\n<br \/>\n<p><b>8.Mit\u00e4 pintak\u00e4sittelyj\u00e4 on saatavana alumiinirullaverhojen profiileihin? <\/b><\/p>\n<p> Alumiiniset rullaverhokiskot ovat anodisoituja, pulverimaalattuja tai maalattuja, jotta ne sopivat ikkunankehyksiin ja sisustukseen.<br \/>\n<\/p><br \/>\n<br \/>\n<p><b>9.Kuinka helppoa on asentaa alumiiniprofiilin rullaverhokiskot? <\/b><\/p>\n<p> Alumiinikiskot ovat kevyit\u00e4 ja esivalmistettuja, joten ne on helppo ja nopea asentaa kiinnikkeill\u00e4 tai klipseill\u00e4.<br \/>\n<\/p><br \/>\n<br \/>\n<p><b>10.Miss\u00e4 alumiiniprofiilirullakiskoja k\u00e4ytet\u00e4\u00e4n yleisesti? <\/b><\/p>\n<p> N\u00e4it\u00e4 kiskoja k\u00e4ytet\u00e4\u00e4n kodeissa, toimistoissa, hotelleissa ja liikerakennuksissa ikkunoiden varjostamiseen, yksityisyyden suojaamiseen ja energiatehokkuuteen.<br \/>\n<\/p><br \/><\/p>","protected":false},"featured_media":6181,"template":"","categories":[58],"class_list":["post-6182","product","type-product","status-publish","has-post-thumbnail","hentry","category-aluminium-extrusion-profiles"],"meta_box":{"hilight_text_group":{"product_hilight_text":"<li>Lightweight and durable aluminum ensures smooth blind operation<\/li>\r\r\n<li>Corrosion-resistant surface ideal for indoor and outdoor use<\/li>\r\r\n<li>Supports manual and motorized roller blind systems<\/li>\r\r\n<li>Custom lengths and finishes available for various window sizes<\/li>\r\r\n<li>Sleek design enhances modern interior aesthetics<\/li>","product_chanpin_chanpin":"<li><a href=\"https:\/\/sinoextrud.com\/product\/aluminium-extrusion-wood-grain-outdoor-louver-aluminum-profile\/\" target=\"_blank\">Aluminium Extrusion Wood Grain Outdoor Louver Aluminum Profile<\/a><\/li>\r\n<li><a href=\"https:\/\/sinoextrud.com\/product\/aluminium-extrusion-caravan-awning-aluminum-profile\/\" target=\"_blank\">Aluminium Extrusion Caravan Awning Aluminum Profile<\/a><\/li>\r\n<li><a href=\"https:\/\/sinoextrud.com\/product\/aluminium-extrusion-11-5m-ultra-long-mill-finished-profiles\/\" target=\"_blank\">Aluminium Extrusion 11.5m Ultra-long Mill Finished Profiles<\/a><\/li>\r\n<li><a href=\"https:\/\/sinoextrud.com\/product\/aluminium-u-channel\/\" target=\"_blank\">Aluminium U Channel<\/a><\/li>\r\n<li><a href=\"https:\/\/sinoextrud.com\/product\/aluminum-profile-roller-blinds-rails\/\" target=\"_blank\">Aluminum Profile Roller Blinds Rails<\/a><\/li>\r\n<li><a href=\"https:\/\/sinoextrud.com\/product\/aluminum-extrusion-aluminum-cladding-profile-wood-look-grain-aluminum-panels\/\" target=\"_blank\">Aluminum Extrusion Aluminum Cladding Profile Wood Look Grain Aluminum Panels<\/a><\/li>\r\n<li><a href=\"https:\/\/sinoextrud.com\/product\/aluminum-extrusion-6005-big-size-industrial-aluminum-profile\/\" target=\"_blank\">Aluminum Extrusion 6005 Big Size Industrial Aluminum Profile<\/a><\/li>\r\n<li><a href=\"https:\/\/sinoextrud.com\/product\/aluminum-extrusion-telescopic-tube-octagon-tube\/\" target=\"_blank\">Aluminum Extrusion Telescopic Tube Octagon Tube<\/a><\/li>\r\n<li><a href=\"https:\/\/sinoextrud.com\/product\/aluminum-extrusion-aluminum-roof-rack-profiles\/\" target=\"_blank\">Aluminum Extrusion Aluminum Roof Rack Profiles<\/a><\/li>\r\n<li><a href=\"https:\/\/sinoextrud.com\/product\/aluminum-window\/\" target=\"_blank\">Aluminum Window<\/a><\/li>\r\n<li><a href=\"https:\/\/sinoextrud.com\/product\/sliding-window-aluminum-window-track\/\" target=\"_blank\">Sliding Window Aluminum Window Track<\/a><\/li>"},"feature_list":[]},"_links":{"self":[{"href":"https:\/\/sinoextrud.com\/fi\/wp-json\/wp\/v2\/product\/6182","targetHints":{"allow":["GET"]}}],"collection":[{"href":"https:\/\/sinoextrud.com\/fi\/wp-json\/wp\/v2\/product"}],"about":[{"href":"https:\/\/sinoextrud.com\/fi\/wp-json\/wp\/v2\/types\/product"}],"wp:featuredmedia":[{"embeddable":true,"href":"https:\/\/sinoextrud.com\/fi\/wp-json\/wp\/v2\/media\/6181"}],"wp:attachment":[{"href":"https:\/\/sinoextrud.com\/fi\/wp-json\/wp\/v2\/media?parent=6182"}],"wp:term":[{"taxonomy":"category","embeddable":true,"href":"https:\/\/sinoextrud.com\/fi\/wp-json\/wp\/v2\/categories?post=6182"}],"curies":[{"name":"wp","href":"https:\/\/api.w.org\/{rel}","templated":true}]}}