{"id":6174,"date":"2025-05-25T15:37:36","date_gmt":"2025-05-25T15:37:36","guid":{"rendered":"https:\/\/sinoextrud.com\/product\/aluminium-extrusion-wood-grain-outdoor-louver-aluminum-profile\/"},"modified":"2025-06-24T03:54:35","modified_gmt":"2025-06-24T03:54:35","slug":"alumiini-suulakepuristus-puunjyva-ulkona-saleikko-alumiiniprofiili","status":"publish","type":"product","link":"https:\/\/sinoextrud.com\/fi\/product\/aluminium-extrusion-wood-grain-outdoor-louver-aluminum-profile\/","title":{"rendered":"Alumiini suulakepuristus Wood Grain Outdoor Louver alumiini profiili"},"content":{"rendered":"<h2>Tuotteiden tiedot<\/h2>\n<table class=\"custom-table\">\n<tr>\n<td class=\"label\">Tuotteen nimi<\/td>\n<td>Alumiini suulakepuristus Wood Grain Outdoor Louver alumiini profiili<\/td>\n<\/tr>\n<tr>\n<td class=\"label\">Tuotevalikoima<\/td>\n<td>alumiiniprofiilit alumiini ulkona s\u00e4lekaihtimet, alumiini s\u00e4lekaihtimet ekstrusioita, r\u00e4\u00e4t\u00e4l\u00f6ity alumiini ulkona Louver, puujyv\u00e4 ulkona s\u00e4lekaihtimet sulkimen alumiiniprofiili, jne.<\/td>\n<\/tr>\n<tr>\n<td class=\"label\">Sopivat j\u00e4rjestelm\u00e4t Tyypit<\/td>\n<td>alumiiniseos alumiinisuljin, alumiini s\u00e4lekaihtimet, alumiini Pergola Kiina, ulkona alumiini sulkimen, alumiini s\u00e4lekaihtimet aita, Ametco s\u00e4lekaihtimet aita, s\u00e4lekaihtimet puuaita, s\u00e4lekaihtimet puuaita paneelit, jne.<\/td>\n<\/tr>\n<tr>\n<td class=\"label\">Alumiiniseos<\/td>\n<td>5000-sarja, 6000-sarja, 7000-sarja<\/td>\n<\/tr>\n<tr>\n<td class=\"label\">Temper<\/td>\n<td>T5-T8<\/td>\n<\/tr>\n<tr>\n<td class=\"label\">Muoto<\/td>\n<td>r\u00e4\u00e4t\u00e4l\u00f6inti<\/td>\n<\/tr>\n<tr>\n<td class=\"label\">V\u00e4ri<\/td>\n<td>Puunjyv\u00e4, jauhemaalattu puunjyv\u00e4n siirto<\/td>\n<\/tr>\n<tr>\n<td class=\"label\">Pintak\u00e4sittely<\/td>\n<td>viimeistelty, anodisoitu, puukuvioitu, jauhemaalaus, hiekkapuhallus, elektroforeesi, harjaus, kiillotus jne.<\/td>\n<\/tr>\n<tr>\n<td class=\"label\">CNC-syv\u00e4k\u00e4sittely<\/td>\n<td>leikkaaminen, poraaminen, koneistaminen, l\u00e4vist\u00e4minen, taivuttaminen, napauttaminen jne.<\/td>\n<\/tr>\n<tr>\n<td class=\"label\">Sertifikaatit<\/td>\n<td>CE, ISO, SGS, TUV, ROHS<\/td>\n<\/tr>\n<tr>\n<td class=\"label\">N\u00e4ytteet<\/td>\n<td>ilmainen n\u00e4yte. 1-3 p\u00e4iv\u00e4\u00e4 toimitetaan sinulle.<\/td>\n<\/tr>\n<tr>\n<td class=\"label\">MOQ<\/td>\n<td>200 kg kutakin profiilia kohti<\/td>\n<\/tr>\n<tr>\n<td class=\"label\">Toimitusaika<\/td>\n<td>Muotin kehitt\u00e4minen ja n\u00e4ytteen muotoilu kest\u00e4\u00e4 12-15 p\u00e4iv\u00e4\u00e4, sitten tuotannon kesto on 15-25 p\u00e4iv\u00e4\u00e4 ostajan talletuksen vastaanottamisen j\u00e4lkeen.<\/td>\n<\/tr>\n<tr>\n<td class=\"label\">Maksuehdot<\/td>\n<td>30% talletus ennen tuotantoa ja saldo ennen l\u00e4hetyst\u00e4.<\/td>\n<\/tr>\n<\/table>\n<h2>Tuotantopohjamme<\/h2>\n<h3>Tehtaan panoraama<\/h3>\n<p><img decoding=\"async\" src=\"\/wp-content\/uploads\/factory-01.webp\"\/><\/p>\n<h3>Alumiini Bar Manufacturing Workshop<\/h3>\n<p><img decoding=\"async\" src=\"\/wp-content\/uploads\/factory-02.webp\"\/><\/p>\n<p><img decoding=\"async\" src=\"\/wp-content\/uploads\/factory-03.webp\"\/><\/p>\n<h3>Muotin varastointi Varasto<\/h3>\n<p><img decoding=\"async\" src=\"\/wp-content\/uploads\/factory-04.webp\"\/><\/p>\n<h3>43 Alumiini ekstruusiolinjat (500\u00e2 5500 tonnia)<\/h3>\n<p><img decoding=\"async\" src=\"\/wp-content\/uploads\/factory-05.webp\"\/><\/p>\n<p><img decoding=\"async\" src=\"\/wp-content\/uploads\/factory-06.webp\"\/><\/p>\n<p><img decoding=\"async\" src=\"\/wp-content\/uploads\/factory-07.webp\"\/><\/p>\n<h3>Jauhemaalaus ty\u00f6paja<\/h3>\n<p><img decoding=\"async\" src=\"\/wp-content\/uploads\/factory-09.webp\"\/><\/p>\n<h3>Anodisointi ty\u00f6paja<\/h3>\n<p><img decoding=\"async\" src=\"\/wp-content\/uploads\/factory-10.webp\"\/><\/p>\n<h3>Syv\u00e4k\u00e4sittelyn ty\u00f6paja<\/h3>\n<p><img decoding=\"async\" src=\"\/wp-content\/uploads\/factory-11.webp\"\/><\/p>\n<h3>CNC-tarkkuuskoneistus ty\u00f6paja<\/h3>\n<p><img decoding=\"async\" src=\"\/wp-content\/uploads\/factory-11.5.webp\"\/><\/p>\n<h3>Valmiiden tuotteiden ja vientivarasto<\/h3>\n<p><img decoding=\"async\" src=\"\/wp-content\/uploads\/factory-12.webp\"\/><\/p>\n<p><img decoding=\"async\" src=\"\/wp-content\/uploads\/factory-13.webp\"\/><\/p>\n<p><img decoding=\"async\" src=\"\/wp-content\/uploads\/factory-14.webp\"\/><\/p>\n<h2>FAQ<\/h2>\n<p><p><b>1.Mik\u00e4 on alumiiniprofiili, joka on puristettu puunjyv\u00e4inen ulkok\u00e4ytt\u00f6\u00f6n tarkoitettu alumiiniprofiili? <\/b><\/p>\n<p> Se on suulakepuristettu alumiiniprofiili, jossa on puunv\u00e4rinen viimeistely, joka on suunniteltu ulkok\u00e4ytt\u00f6\u00f6n tarkoitettuihin s\u00e4leikk\u00f6j\u00e4rjestelmiin, joissa yhdistyv\u00e4t puun ulkon\u00e4k\u00f6 ja alumiinin kest\u00e4vyys.<br \/>\n<\/p><br \/>\n<br \/>\n<p><b>2.Mitk\u00e4 ovat puukuvioisten alumiiniprofiilien edut? <\/b><\/p>\n<p> Puurakenteiset alumiiniprofiilit tarjoavat s\u00e4\u00e4nkest\u00e4vyytt\u00e4, v\u00e4h\u00e4ist\u00e4 huoltoa, esteettist\u00e4 ulkon\u00e4k\u00f6\u00e4 ja pitk\u00e4ik\u00e4ist\u00e4 suorituskyky\u00e4 ulkoymp\u00e4rist\u00f6iss\u00e4.<br \/>\n<\/p><br \/>\n<br \/>\n<p><b>3.Miksi valita alumiiniprofiili, jossa on puun jyv\u00e4si\u00e4 s\u00e4lekaihtimia varten? <\/b><\/p>\n<p> Alumiiniprofiili, jossa on puunrakeinen viimeistely, antaa luonnollisen puun ulkon\u00e4\u00f6n ilman v\u00e4\u00e4ntymist\u00e4, lahoamista tai haalistumista ja takaa erinomaisen rakenteellisen eheyden.<br \/>\n<\/p><br \/>\n<br \/>\n<p><b>4.Miss\u00e4 k\u00e4ytet\u00e4\u00e4n puumaisia alumiinisia ulkos\u00e4leikk\u00f6j\u00e4? <\/b><\/p>\n<p> N\u00e4it\u00e4 profiileja k\u00e4ytet\u00e4\u00e4n yleisesti julkisivuissa, aurinkosuojissa, pergoloissa, aidoissa ja yksityisyydensuojissa sek\u00e4 asuin- ett\u00e4 kaupallisissa ulkotiloissa.<br \/>\n<\/p><br \/>\n<br \/>\n<p><b>5.Ovatko alumiiniset puukuvioiset s\u00e4leikk\u00f6profiilit s\u00e4\u00e4nkest\u00e4vi\u00e4? <\/b><\/p>\n<p> Kyll\u00e4, puukuvioiset alumiinis\u00e4leik\u00f6t kest\u00e4v\u00e4t hyvin UV-s\u00e4teit\u00e4, sadetta, kosteutta ja l\u00e4mp\u00f6tilanvaihteluita, joten ne soveltuvat erinomaisesti ulkok\u00e4ytt\u00f6\u00f6n.<br \/>\n<\/p><br \/>\n<br \/>\n<p><b>6.Vaatiiko puukuvioitu alumiiniprofiili huoltoa? <\/b><\/p>\n<p> Ei, ne ovat k\u00e4yt\u00e4nn\u00f6ss\u00e4 huoltovapaita ja vaativat vain satunnaista puhdistusta, toisin kuin aito puu, joka tarvitsee s\u00e4\u00e4nn\u00f6llist\u00e4 tiivist\u00e4mist\u00e4 tai maalausta.<br \/>\n<\/p><br \/>\n<br \/>\n<p><b>7.Can alumiini suulakepuristetut s\u00e4lekaihtimet voidaan r\u00e4\u00e4t\u00e4l\u00f6id\u00e4? <\/b><\/p>\n<p> Ne voidaan ehdottomasti r\u00e4\u00e4t\u00e4l\u00f6id\u00e4 muodoltaan, kooltaan, puun pintak\u00e4sittelylt\u00e4\u00e4n ja v\u00e4rilt\u00e4\u00e4n vastaamaan erityisi\u00e4 arkkitehtonisia ja muotoiluvaatimuksia.<br \/>\n<\/p><br \/>\n<br \/>\n<p><b>8.Onko alumiinisten s\u00e4leikk\u00f6jen puunsuikaleiden viimeistely kest\u00e4v\u00e4? <\/b><\/p>\n<p> Kyll\u00e4, puun jyv\u00e4 levitet\u00e4\u00e4n edistyksellisill\u00e4 pintak\u00e4sittelytekniikoilla, kuten jauhemaalaus- tai l\u00e4mp\u00f6siirtomenetelmill\u00e4, jotka takaavat pitk\u00e4aikaisen tarttuvuuden ja v\u00e4rin pysyvyyden.<br \/>\n<\/p><br \/>\n<br \/>\n<p><b>9.Ovatko puukuvioiset alumiinis\u00e4leik\u00f6t ymp\u00e4rist\u00f6yst\u00e4v\u00e4llisi\u00e4? <\/b><\/p>\n<p> Kyll\u00e4, alumiini on kierr\u00e4tett\u00e4v\u00e4\u00e4, ja puukuvioinen viimeistely v\u00e4hent\u00e4\u00e4 mets\u00e4kadon tarvetta ja tarjoaa kest\u00e4v\u00e4n vaihtoehdon luonnonpuulle.<br \/>\n<\/p><br \/>\n<br \/>\n<p><b>10.Miten puukuvioiset alumiiniset suulakepuristuss\u00e4leik\u00f6t parantavat rakennuksen esteettisyytt\u00e4? <\/b><\/p>\n<p> N\u00e4m\u00e4 s\u00e4lekaihtimet antavat l\u00e4mpim\u00e4n, luonnollisen puun ulkon\u00e4\u00f6n s\u00e4ilytt\u00e4en samalla tarkkuusalumiiniprofiilien selke\u00e4t linjat ja modernin vieh\u00e4tt\u00e4vyyden.<br \/>\n<\/p><br \/><\/p>","protected":false},"featured_media":6173,"template":"","categories":[58],"class_list":["post-6174","product","type-product","status-publish","has-post-thumbnail","hentry","category-aluminium-extrusion-profiles"],"meta_box":{"hilight_text_group":{"product_hilight_text":"<li>Realistic wood grain finish combines aesthetics with durability<\/li>\r\r\n<li>Weather-resistant and corrosion-proof for outdoor use<\/li>\r\r\n<li>Lightweight aluminum structure ensures easy installation<\/li>\r\r\n<li>Low maintenance compared to real wood materials<\/li>\r\r\n<li>Custom profiles and colors available for architectural design needs<\/li>","product_chanpin_chanpin":"<li><a href=\"https:\/\/sinoextrud.com\/product\/extruded-aluminum-heatsink\/\" target=\"_blank\">Extruded Aluminum Heatsink<\/a><\/li>\r\n<li><a href=\"https:\/\/sinoextrud.com\/product\/aluminium-light-box-profile\/\" target=\"_blank\">Aluminium Light Box Profile<\/a><\/li>\r\n<li><a href=\"https:\/\/sinoextrud.com\/product\/aluminum-extrusion-gate-barrier-arm-aluminum-profile\/\" target=\"_blank\">Aluminum Extrusion Gate Barrier Arm Aluminum Profile<\/a><\/li>\r\n<li><a href=\"https:\/\/sinoextrud.com\/product\/aluminum-tube-framing\/\" target=\"_blank\">Aluminum Tube Framing<\/a><\/li>\r\n<li><a href=\"https:\/\/sinoextrud.com\/product\/aluminium-extrusion-wood-grain-outdoor-louver-aluminum-profile\/\" target=\"_blank\">Aluminium Extrusion Wood Grain Outdoor Louver Aluminum Profile<\/a><\/li>\r\n<li><a href=\"https:\/\/sinoextrud.com\/product\/aluminium-extrusion-caravan-awning-aluminum-profile\/\" target=\"_blank\">Aluminium Extrusion Caravan Awning Aluminum Profile<\/a><\/li>\r\n<li><a href=\"https:\/\/sinoextrud.com\/product\/aluminium-extrusion-11-5m-ultra-long-mill-finished-profiles\/\" target=\"_blank\">Aluminium Extrusion 11.5m Ultra-long Mill Finished Profiles<\/a><\/li>\r\n<li><a href=\"https:\/\/sinoextrud.com\/product\/aluminium-u-channel\/\" target=\"_blank\">Aluminium U Channel<\/a><\/li>\r\n<li><a href=\"https:\/\/sinoextrud.com\/product\/aluminum-profile-roller-blinds-rails\/\" target=\"_blank\">Aluminum Profile Roller Blinds Rails<\/a><\/li>\r\n<li><a href=\"https:\/\/sinoextrud.com\/product\/aluminum-curtain-wall-extrusions\/\" target=\"_blank\">Aluminum Curtain Wall Extrusions<\/a><\/li>\r\n<li><a href=\"https:\/\/sinoextrud.com\/product\/t-slot-aluminium-profile-extrusion-bulk-selling-98-pure-aluminum-price\/\" target=\"_blank\">t-slot aluminium profile extrusion bulk selling 98% pure aluminum price<\/a><\/li>"},"feature_list":[]},"_links":{"self":[{"href":"https:\/\/sinoextrud.com\/fi\/wp-json\/wp\/v2\/product\/6174","targetHints":{"allow":["GET"]}}],"collection":[{"href":"https:\/\/sinoextrud.com\/fi\/wp-json\/wp\/v2\/product"}],"about":[{"href":"https:\/\/sinoextrud.com\/fi\/wp-json\/wp\/v2\/types\/product"}],"wp:featuredmedia":[{"embeddable":true,"href":"https:\/\/sinoextrud.com\/fi\/wp-json\/wp\/v2\/media\/6173"}],"wp:attachment":[{"href":"https:\/\/sinoextrud.com\/fi\/wp-json\/wp\/v2\/media?parent=6174"}],"wp:term":[{"taxonomy":"category","embeddable":true,"href":"https:\/\/sinoextrud.com\/fi\/wp-json\/wp\/v2\/categories?post=6174"}],"curies":[{"name":"wp","href":"https:\/\/api.w.org\/{rel}","templated":true}]}}