{"id":6170,"date":"2025-05-25T15:05:39","date_gmt":"2025-05-25T15:05:39","guid":{"rendered":"https:\/\/sinoextrud.com\/product\/aluminum-extrusion-gate-barrier-arm-aluminum-profile\/"},"modified":"2025-06-24T03:54:32","modified_gmt":"2025-06-24T03:54:32","slug":"alumiini-suulakepuristettu-portti-este-varsi-alumiiniprofiili","status":"publish","type":"product","link":"https:\/\/sinoextrud.com\/fi\/product\/aluminum-extrusion-gate-barrier-arm-aluminum-profile\/","title":{"rendered":"Alumiini suulakepuristus Gate Barrier Arm Alumiini Profile"},"content":{"rendered":"<h2>Tuotteiden tiedot<\/h2>\n<table class=\"custom-table\">\n<tr>\n<td class=\"label\">Tuotteen nimi<\/td>\n<td>Alumiini suulakepuristus Gate Barrier Arm Alumiini Profile<\/td>\n<\/tr>\n<tr>\n<td class=\"label\">Tuotevalikoima<\/td>\n<td>alumiini suulakepuristus alumiini este varsi profiili, alumiini putki, alumiini napa, jne.<\/td>\n<\/tr>\n<tr>\n<td class=\"label\">Muoto<\/td>\n<td>pylv\u00e4s, py\u00f6re\u00e4 tai r\u00e4\u00e4t\u00e4l\u00f6inti<\/td>\n<\/tr>\n<tr>\n<td class=\"label\">Koko<\/td>\n<td>r\u00e4\u00e4t\u00e4l\u00f6inti<\/td>\n<\/tr>\n<tr>\n<td class=\"label\">Hakemus<\/td>\n<td>Turvaportit ja -esteet, pys\u00e4k\u00f6inninvalvontaj\u00e4rjestelm\u00e4t, tietullikopit ja moottoriteiden kulunvalvontaj\u00e4rjestelm\u00e4t, tehtaiden sis\u00e4\u00e4n- ja ulosk\u00e4ynnit, rajatarkastuspisteet.<\/td>\n<\/tr>\n<tr>\n<td class=\"label\">Pintak\u00e4sittely<\/td>\n<td>viimeistelty, anodisoitu, puukuvioitu, tehopinnoitus, hiekkapuhallus, elektroforeesi, harjaus, kiillotus jne.<\/td>\n<\/tr>\n<tr>\n<td class=\"label\">CNC-syv\u00e4k\u00e4sittely<\/td>\n<td>leikkaaminen, poraaminen, koneistaminen, l\u00e4vist\u00e4minen, taivuttaminen, kierteitt\u00e4minen jne.<\/td>\n<\/tr>\n<tr>\n<td class=\"label\">Sertifikaatit<\/td>\n<td>CE, ISO, SGS, TUV, ROHS<\/td>\n<\/tr>\n<tr>\n<td class=\"label\">N\u00e4ytteet<\/td>\n<td>ilmainen n\u00e4yte.<\/td>\n<\/tr>\n<tr>\n<td class=\"label\">MOQ<\/td>\n<td>200 kg kutakin profiilia kohti<\/td>\n<\/tr>\n<tr>\n<td class=\"label\">Toimitusaika<\/td>\n<td>Muotin kehitt\u00e4minen ja n\u00e4ytteen muotoilu kest\u00e4\u00e4 12-15 p\u00e4iv\u00e4\u00e4, sitten tuotannon kesto on 15-25 p\u00e4iv\u00e4\u00e4 ostajan talletuksen vastaanottamisen j\u00e4lkeen.<\/td>\n<\/tr>\n<tr>\n<td class=\"label\">Maksuehdot<\/td>\n<td>30% talletus ennen tuotantoa ja saldo ennen l\u00e4hetyst\u00e4.<\/td>\n<\/tr>\n<\/table>\n<h2>Tuotantopohjamme<\/h2>\n<h3>Tehtaan panoraama<\/h3>\n<p><img decoding=\"async\" src=\"\/wp-content\/uploads\/factory-01.webp\"\/><\/p>\n<h3>Alumiini Bar Manufacturing Workshop<\/h3>\n<p><img decoding=\"async\" src=\"\/wp-content\/uploads\/factory-02.webp\"\/><\/p>\n<p><img decoding=\"async\" src=\"\/wp-content\/uploads\/factory-03.webp\"\/><\/p>\n<h3>Muotin varastointi Varasto<\/h3>\n<p><img decoding=\"async\" src=\"\/wp-content\/uploads\/factory-04.webp\"\/><\/p>\n<h3>43 Alumiini ekstruusiolinjat (500\u00e2 5500 tonnia)<\/h3>\n<p><img decoding=\"async\" src=\"\/wp-content\/uploads\/factory-05.webp\"\/><\/p>\n<p><img decoding=\"async\" src=\"\/wp-content\/uploads\/factory-06.webp\"\/><\/p>\n<p><img decoding=\"async\" src=\"\/wp-content\/uploads\/factory-07.webp\"\/><\/p>\n<h3>Jauhemaalaus ty\u00f6paja<\/h3>\n<p><img decoding=\"async\" src=\"\/wp-content\/uploads\/factory-09.webp\"\/><\/p>\n<h3>Anodisointi ty\u00f6paja<\/h3>\n<p><img decoding=\"async\" src=\"\/wp-content\/uploads\/factory-10.webp\"\/><\/p>\n<h3>Syv\u00e4k\u00e4sittelyn ty\u00f6paja<\/h3>\n<p><img decoding=\"async\" src=\"\/wp-content\/uploads\/factory-11.webp\"\/><\/p>\n<h3>CNC-tarkkuuskoneistus ty\u00f6paja<\/h3>\n<p><img decoding=\"async\" src=\"\/wp-content\/uploads\/factory-11.5.webp\"\/><\/p>\n<h3>Valmiiden tuotteiden ja vientivarasto<\/h3>\n<p><img decoding=\"async\" src=\"\/wp-content\/uploads\/factory-12.webp\"\/><\/p>\n<p><img decoding=\"async\" src=\"\/wp-content\/uploads\/factory-13.webp\"\/><\/p>\n<p><img decoding=\"async\" src=\"\/wp-content\/uploads\/factory-14.webp\"\/><\/p>\n<h2>FAQ<\/h2>\n<p><p><b>1.Mik\u00e4 on alumiininen suulakepuristettu portti sulkuvarsi alumiiniprofiili? <\/b><\/p>\n<p> Alumiinipuristettu porttivarsiprofiili on erityisesti suunniteltu alumiinikomponentti, jota k\u00e4ytet\u00e4\u00e4n automaattisissa porttij\u00e4rjestelmiss\u00e4 ajoneuvojen sis\u00e4\u00e4np\u00e4\u00e4sy\u00e4 ohjaavana varrena.<br \/>\n<\/p><br \/>\n<br \/>\n<p><b>2.Mitk\u00e4 ovat alumiiniprofiilien k\u00e4yt\u00f6n edut porttisulkuvarsien valmistuksessa? <\/b><\/p>\n<p> Alumiiniset porttivarsiprofiilit tarjoavat kevytt\u00e4 lujuutta, korroosionkest\u00e4vyytt\u00e4, kest\u00e4vyytt\u00e4 ja asennuksen helppoutta tehokkaita liikenteenohjausj\u00e4rjestelmi\u00e4 varten.<br \/>\n<\/p><br \/>\n<br \/>\n<p><b>3.Miksi valita alumiinipursotus porttipuomille? <\/b><\/p>\n<p> Alumiinipursotus mahdollistaa tarkan muotoilun, korkean lujuus-painosuhteen ja s\u00e4\u00e4nkest\u00e4vyyden, joten se sopii erinomaisesti ulkona k\u00e4ytett\u00e4viin porttisulkuvarsiin.<br \/>\n<\/p><br \/>\n<br \/>\n<p><b>4.Where ovat alumiini suulakepuristettu portti sulkuvarret yleisesti k\u00e4ytetty? <\/b><\/p>\n<p> N\u00e4it\u00e4 profiileja k\u00e4ytet\u00e4\u00e4n laajalti pys\u00e4k\u00f6intij\u00e4rjestelmiss\u00e4, tietullikopeissa, turvaporteissa ja teollisuuden kulunvalvontaj\u00e4rjestelmiss\u00e4 luotettavaan ajoneuvojen hallintaan.<br \/>\n<\/p><br \/>\n<br \/>\n<p><b>5.Ovatko porttisulkuvarren alumiiniprofiilit s\u00e4\u00e4nkest\u00e4vi\u00e4? <\/b><\/p>\n<p> Kyll\u00e4, porttisulkuvarsien alumiiniprofiilit ovat luonnostaan korroosionkest\u00e4vi\u00e4, ja ne voidaan anodisoida tai pulverimaalata parempaa ulkok\u00e4ytt\u00f6\u00e4 varten.<br \/>\n<\/p><br \/>\n<br \/>\n<p><b>6.Can alumiini portti esteen profiileja voidaan r\u00e4\u00e4t\u00e4l\u00f6id\u00e4? <\/b><\/p>\n<p> Alumiinipuristetut porttisulkuvarsiprofiilit voidaan r\u00e4\u00e4t\u00e4l\u00f6id\u00e4 pituuden, poikkileikkauksen, v\u00e4rin ja heijastinnauhojen integroinnin osalta turvallisuuden ja n\u00e4kyvyyden varmistamiseksi.<br \/>\n<\/p><br \/>\n<br \/>\n<p><b>7.How kest\u00e4v\u00e4 ovat alumiini suulakepuristettu portti este aseet? <\/b><\/p>\n<p> Alumiiniset porttivarret ovat eritt\u00e4in kest\u00e4vi\u00e4 ja kest\u00e4v\u00e4t toistuvia liikkeit\u00e4, ymp\u00e4rist\u00f6stressi\u00e4 ja mekaanisia iskuja vilkkaasti liikenn\u00f6idyill\u00e4 alueilla.<br \/>\n<\/p><br \/>\n<br \/>\n<p><b>8.Ovatko porttiesteiden alumiiniprofiilit kevyit\u00e4? <\/b><\/p>\n<p> Alumiiniprofiilit ovat huomattavasti kevyempi\u00e4 kuin ter\u00e4sprofiilit, mik\u00e4 v\u00e4hent\u00e4\u00e4 moottorin rasitusta ja mahdollistaa porttivarren nopeamman ja tasaisemman liikkeen.<br \/>\n<\/p><br \/>\n<br \/>\n<p><b>9.Do alumiini portti sulkuvarret tukevat nopeaa toimintaa? <\/b><\/p>\n<p> Alumiiniprofiilien keveys ja j\u00e4ykkyys tekev\u00e4t niist\u00e4 ihanteellisia nopeasti toimivia automaattisia porttisulkuj\u00e4rjestelmi\u00e4 varten.<br \/>\n<\/p><br \/>\n<br \/>\n<p><b>10.Mit\u00e4 pintak\u00e4sittelyj\u00e4 on saatavana alumiinista suulakepuristetuille porttisulkuvarsille? <\/b><\/p>\n<p> Alumiiniset porttivarret voidaan viimeistell\u00e4 anodisoinnilla, jauhemaalilla tai heijastavalla teipill\u00e4 kest\u00e4vyyden, ulkon\u00e4\u00f6n ja n\u00e4kyvyyden parantamiseksi.<br \/>\n<\/p><br \/><\/p>","protected":false},"featured_media":6169,"template":"","categories":[58],"class_list":["post-6170","product","type-product","status-publish","has-post-thumbnail","hentry","category-aluminium-extrusion-profiles"],"meta_box":{"hilight_text_group":{"product_hilight_text":"<li>High-strength aluminum ensures durability and impact resistance<\/li>\r\r\n<li>Lightweight design for smooth and efficient gate operation<\/li>\r\r\n<li>Corrosion-resistant coating suitable for outdoor environments<\/li>\r\r\n<li>Customizable length and profile for different barrier systems<\/li>\r\r\n<li>Supports reflective strips or LED integration for visibility<\/li>","product_chanpin_chanpin":"<li><a href=\"https:\/\/sinoextrud.com\/product\/anodized-small-aluminum-extrusions\/\" target=\"_blank\">Anodized Small Aluminum Extrusions<\/a><\/li>\r\n<li><a href=\"https:\/\/sinoextrud.com\/product\/t-slot-aluminium-extrusion-profile\/\" target=\"_blank\">T Slot Aluminium Extrusion Profile<\/a><\/li>\r\n<li><a href=\"https:\/\/sinoextrud.com\/product\/extruded-aluminum-heatsink\/\" target=\"_blank\">Extruded Aluminum Heatsink<\/a><\/li>\r\n<li><a href=\"https:\/\/sinoextrud.com\/product\/aluminium-light-box-profile\/\" target=\"_blank\">Aluminium Light Box Profile<\/a><\/li>\r\n<li><a href=\"https:\/\/sinoextrud.com\/product\/aluminum-extrusion-gate-barrier-arm-aluminum-profile\/\" target=\"_blank\">Aluminum Extrusion Gate Barrier Arm Aluminum Profile<\/a><\/li>\r\n<li><a href=\"https:\/\/sinoextrud.com\/product\/aluminum-tube-framing\/\" target=\"_blank\">Aluminum Tube Framing<\/a><\/li>\r\n<li><a href=\"https:\/\/sinoextrud.com\/product\/aluminium-extrusion-wood-grain-outdoor-louver-aluminum-profile\/\" target=\"_blank\">Aluminium Extrusion Wood Grain Outdoor Louver Aluminum Profile<\/a><\/li>\r\n<li><a href=\"https:\/\/sinoextrud.com\/product\/aluminium-extrusion-caravan-awning-aluminum-profile\/\" target=\"_blank\">Aluminium Extrusion Caravan Awning Aluminum Profile<\/a><\/li>\r\n<li><a href=\"https:\/\/sinoextrud.com\/product\/aluminium-extrusion-11-5m-ultra-long-mill-finished-profiles\/\" target=\"_blank\">Aluminium Extrusion 11.5m Ultra-long Mill Finished Profiles<\/a><\/li>\r\n<li><a href=\"https:\/\/sinoextrud.com\/product\/oval-aluminum-tube\/\" target=\"_blank\">Oval Aluminum Tube<\/a><\/li>\r\n<li><a href=\"https:\/\/sinoextrud.com\/product\/t-slot-aluminum-extursion\/\" target=\"_blank\">T-slot Aluminum Extursion<\/a><\/li>"},"feature_list":[]},"_links":{"self":[{"href":"https:\/\/sinoextrud.com\/fi\/wp-json\/wp\/v2\/product\/6170","targetHints":{"allow":["GET"]}}],"collection":[{"href":"https:\/\/sinoextrud.com\/fi\/wp-json\/wp\/v2\/product"}],"about":[{"href":"https:\/\/sinoextrud.com\/fi\/wp-json\/wp\/v2\/types\/product"}],"wp:featuredmedia":[{"embeddable":true,"href":"https:\/\/sinoextrud.com\/fi\/wp-json\/wp\/v2\/media\/6169"}],"wp:attachment":[{"href":"https:\/\/sinoextrud.com\/fi\/wp-json\/wp\/v2\/media?parent=6170"}],"wp:term":[{"taxonomy":"category","embeddable":true,"href":"https:\/\/sinoextrud.com\/fi\/wp-json\/wp\/v2\/categories?post=6170"}],"curies":[{"name":"wp","href":"https:\/\/api.w.org\/{rel}","templated":true}]}}