{"id":6164,"date":"2025-05-25T14:55:13","date_gmt":"2025-05-25T14:55:13","guid":{"rendered":"https:\/\/sinoextrud.com\/product\/t-slot-aluminium-extrusion-profile\/"},"modified":"2025-06-24T03:54:26","modified_gmt":"2025-06-24T03:54:26","slug":"t-aukkoinen-alumiiniprofiili","status":"publish","type":"product","link":"https:\/\/sinoextrud.com\/fi\/product\/t-slot-aluminium-extrusion-profile\/","title":{"rendered":"T-aukko Alumiini ekstruusioprofiili"},"content":{"rendered":"<h2>Tuotteiden tiedot<\/h2>\n<table class=\"custom-table\">\n<tr>\n<td class=\"label\">Tuotteen nimi<\/td>\n<td>t-aukkoinen alumiiniprofiili<\/td>\n<\/tr>\n<tr>\n<td class=\"label\">Tuotevalikoima<\/td>\n<td>alumiiniprofiilit materiaalille 2020 t aukko suulakepuristettu alumiiniprofiili, 45\u00d745 t aukko suulakepuristettu profiilin alumiinituote, 20\u00d720 l aukko t track alumiiniprofiili suulakepuristettu profiili, materiaali t aukko suulakepuristettu alumiiniprofiili 40\u00d740, aukko t aukko suulakepuristettu alumiiniprofiili, t aukko v aukko suulakepuristettu alumiiniprofiili, materiaali 40\u00d780 t aukko suulakepuristettu alumiini profiilin, t t t aukko v aukko suulakepuristettu 3030 alumiini profiilin, t aukko alumiini profiilin suulakepuristus, etc<\/td>\n<\/tr>\n<tr>\n<td class=\"label\">Sopivat j\u00e4rjestelm\u00e4t Tyypit<\/td>\n<td>2020 alumiini suulakepuristettu t-paikka, suulakepuristettu alumiini t-paikka 3030, 2020 aukko alumiiniprofiili, 2020 t-paikka alumiini suulakepuristettu, t-paikka liukus\u00e4\u00e4din, 40\u00d740 alumiiniprofiili, 40\u00d780 alumiini suulakepuristettu, alumiini profiili 40\u00d740, t track v-paikka suulakepuristettu alumiini profiilin, alumiini t-paikka suulakepuristettu, t track 40\u00d760 v-paikka suulakepuristettu alumiini profiilin 4080 t-paikka, jne.<\/td>\n<\/tr>\n<tr>\n<td class=\"label\">Pintak\u00e4sittely<\/td>\n<td>viimeistelty, anodisoitu, puukuvioitu, tehopinnoitus, hiekkapuhallus, elektroforeesi, harjaus, kiillotus jne.<\/td>\n<\/tr>\n<tr>\n<td class=\"label\">CNC-syv\u00e4k\u00e4sittely<\/td>\n<td>leikkaaminen, poraaminen, koneistaminen, l\u00e4vist\u00e4minen, taivuttaminen, napauttaminen jne.<\/td>\n<\/tr>\n<tr>\n<td class=\"label\">Sertifikaatit<\/td>\n<td>CE, ISO, SGS, TUV, ROHS<\/td>\n<\/tr>\n<tr>\n<td class=\"label\">N\u00e4ytteet<\/td>\n<td>ilmainen n\u00e4yte. 1-3 p\u00e4iv\u00e4\u00e4 toimitetaan sinulle.<\/td>\n<\/tr>\n<tr>\n<td class=\"label\">MOQ<\/td>\n<td>200 kg kutakin profiilia kohti<\/td>\n<\/tr>\n<tr>\n<td class=\"label\">Toimitusaika<\/td>\n<td>Muotin kehitt\u00e4minen ja n\u00e4ytteen muotoilu kest\u00e4\u00e4 12-15 p\u00e4iv\u00e4\u00e4, sitten tuotannon kesto on 15-25 p\u00e4iv\u00e4\u00e4 ostajan talletuksen vastaanottamisen j\u00e4lkeen.<\/td>\n<\/tr>\n<tr>\n<td class=\"label\">Maksuehdot<\/td>\n<td>30% talletus ennen tuotantoa ja saldo ennen l\u00e4hetyst\u00e4.<\/td>\n<\/tr>\n<tr>\n<td class=\"label\">L\u00e4hetys<\/td>\n<td>20GP-, 40GP-, 40HQ-kontilla tai irtolastialuksella.<\/td>\n<\/tr>\n<\/table>\n<h2>Tuotantopohjamme<\/h2>\n<h3>Tehtaan panoraama<\/h3>\n<p><img decoding=\"async\" src=\"\/wp-content\/uploads\/factory-01.webp\"\/><\/p>\n<h3>Alumiini Bar Manufacturing Workshop<\/h3>\n<p><img decoding=\"async\" src=\"\/wp-content\/uploads\/factory-02.webp\"\/><\/p>\n<p><img decoding=\"async\" src=\"\/wp-content\/uploads\/factory-03.webp\"\/><\/p>\n<h3>Muotin varastointi Varasto<\/h3>\n<p><img decoding=\"async\" src=\"\/wp-content\/uploads\/factory-04.webp\"\/><\/p>\n<h3>43 alumiinin ekstruusiolinjat (500-5500 tonnia)<\/h3>\n<p><img decoding=\"async\" src=\"\/wp-content\/uploads\/factory-05.webp\"\/><\/p>\n<p><img decoding=\"async\" src=\"\/wp-content\/uploads\/factory-06.webp\"\/><\/p>\n<p><img decoding=\"async\" src=\"\/wp-content\/uploads\/factory-07.webp\"\/><\/p>\n<h3>Jauhemaalaus ty\u00f6paja<\/h3>\n<p><img decoding=\"async\" src=\"\/wp-content\/uploads\/factory-09.webp\"\/><\/p>\n<h3>Anodisointi ty\u00f6paja<\/h3>\n<p><img decoding=\"async\" src=\"\/wp-content\/uploads\/factory-10.webp\"\/><\/p>\n<h3>Syv\u00e4k\u00e4sittelyn ty\u00f6paja<\/h3>\n<p><img decoding=\"async\" src=\"\/wp-content\/uploads\/factory-11.webp\"\/><\/p>\n<h3>CNC-tarkkuuskoneistus ty\u00f6paja<\/h3>\n<p><img decoding=\"async\" src=\"\/wp-content\/uploads\/factory-11.5.webp\"\/><\/p>\n<h3>Valmiiden tuotteiden ja vientivarasto<\/h3>\n<p><img decoding=\"async\" src=\"\/wp-content\/uploads\/factory-12.webp\"\/><\/p>\n<p><img decoding=\"async\" src=\"\/wp-content\/uploads\/factory-13.webp\"\/><\/p>\n<p><img decoding=\"async\" src=\"\/wp-content\/uploads\/factory-14.webp\"\/><\/p>\n<h2>FAQ<\/h2>\n<p><p><b>1.Mik\u00e4 on T-aukkoinen alumiiniprofiili? <\/b><\/p>\n<p> T-aukkoinen alumiiniprofiili on modulaarinen alumiinirunkoj\u00e4rjestelm\u00e4, jossa on T-muotoiset urat, jotka mahdollistavat rakenteiden helpon kokoamisen ilman hitsausta.<br \/>\n<\/p><br \/>\n<br \/>\n<p><b>2.Mitk\u00e4 ovat T-aukkoisten alumiiniprofiilien k\u00e4yt\u00f6n edut? <\/b><\/p>\n<p> T-aukkoiset alumiiniprofiilit tarjoavat monipuolisuutta, uudelleenk\u00e4ytett\u00e4vyytt\u00e4, helppoa kokoonpanoa, korroosionkest\u00e4vyytt\u00e4 ja siistin, ammattimaisen ulkon\u00e4\u00f6n rakennushankkeissa.<br \/>\n<\/p><br \/>\n<br \/>\n<p><b>3.Miksi valita T-aukkoiset alumiiniprofiilit kehyst\u00e4miseen? <\/b><\/p>\n<p> T-aukkoiset alumiiniprofiilit tarjoavat modulaarisen, kevyen ja kest\u00e4v\u00e4n ratkaisun, joka sopii erinomaisesti koneiden runkoihin, ty\u00f6pisteisiin, koteloihin ja automaatioj\u00e4rjestelmiin.<br \/>\n<\/p><br \/>\n<br \/>\n<p><b>4.Miss\u00e4 T-aukkoisia alumiiniprofiileja k\u00e4ytet\u00e4\u00e4n yleisesti? <\/b><\/p>\n<p> T-aukkoisia alumiiniprofiileja k\u00e4ytet\u00e4\u00e4n laajalti teollisuusautomaatiossa, robotiikassa, 3D-tulostuskehyksiss\u00e4, laboratoriolaitteissa ja r\u00e4\u00e4t\u00e4l\u00f6idyiss\u00e4 DIY-rakenteissa.<br \/>\n<\/p><br \/>\n<br \/>\n<p><b>5.Ovatko T-aukkoiset alumiiniprofiilit helppoja koota? <\/b><\/p>\n<p> Kyll\u00e4, T-aukkoiset alumiiniprofiilit on suunniteltu nopeaan, ruuvikytkent\u00e4iseen kokoonpanoon liittimien ja kiinnikkeiden avulla - hitsausta tai erikoisty\u00f6kaluja ei tarvita.<br \/>\n<\/p><br \/>\n<br \/>\n<p><b>6.Voiko T-aukkoisia alumiiniprofiileja k\u00e4ytt\u00e4\u00e4 uudelleen? <\/b><\/p>\n<p> T-aukkoiset alumiiniprofiilit voidaan ehdottomasti purkaa ja muuntaa helposti, mik\u00e4 tekee niist\u00e4 kustannustehokkaan ja kest\u00e4v\u00e4n kehysratkaisun.<br \/>\n<\/p><br \/>\n<br \/>\n<p><b>7.Kuinka vahvoja T-aukkoiset alumiiniprofiilit ovat? <\/b><\/p>\n<p> T-aukkoiset alumiiniprofiilit on suunniteltu korkeaan lujuus-painosuhteeseen, ja ne tarjoavat vankan tuen teollisille ja mekaanisille rakenteille.<br \/>\n<\/p><br \/>\n<br \/>\n<p><b>8.Onko T-aukkoisia alumiiniprofiileja saatavana eri kokoisina? <\/b><\/p>\n<p> Kyll\u00e4, T-aukkoisia alumiiniprofiileja on saatavana eri aukkokokoja (esim. 20 mm, 30 mm, 40 mm) ja profiileja eri kuormitus- ja suunnitteluvaatimusten mukaan.<br \/>\n<\/p><br \/>\n<br \/>\n<p><b>9.Ovatko T-aukkoiset alumiiniprofiilit korroosionkest\u00e4vi\u00e4? <\/b><\/p>\n<p> Kyll\u00e4, T-aukkoiset alumiiniprofiilit ovat luonnostaan korroosionkest\u00e4vi\u00e4 ja usein anodisoituja paremman suojan ja puhtaan pinnan aikaansaamiseksi.<br \/>\n<\/p><br \/>\n<br \/>\n<p><b>10.Mit\u00e4 lis\u00e4varusteita on saatavana T-aukkoisiin alumiiniprofiileihin? <\/b><\/p>\n<p> Saatavilla on laaja valikoima lis\u00e4varusteita, kuten kiinnikkeit\u00e4, liittimi\u00e4, kiinnittimi\u00e4, paneeleita ja py\u00f6ri\u00e4, joilla voidaan laajentaa T-urien alumiinij\u00e4rjestelmien toiminnallisuutta.<br \/>\n<\/p><br \/><\/p>","protected":false},"featured_media":6163,"template":"","categories":[58],"class_list":["post-6164","product","type-product","status-publish","has-post-thumbnail","hentry","category-aluminium-extrusion-profiles"],"meta_box":{"hilight_text_group":{"product_hilight_text":"<li>Modular design allows flexible assembly and reconfiguration<\/li>\r\r\n<li>Strong and lightweight, ideal for machine frames and workstations<\/li>\r\r\n<li>Easy to cut, drill, and connect with standard accessories<\/li>\r\r\n<li>Corrosion-resistant surface for long-term industrial use<\/li>\r\r\n<li>No welding required, enabling quick and clean installation<\/li>","product_chanpin_chanpin":"<li><a href=\"https:\/\/sinoextrud.com\/product\/aluminium-extrusion-6082-5083-aluminum-alloy-profile\/\" target=\"_blank\">Aluminium Extrusion 6082 5083 Aluminum Alloy Profile<\/a><\/li>\r\n<li><a href=\"https:\/\/sinoextrud.com\/product\/aluminium-edge-trim-profiles\/\" target=\"_blank\">Aluminium Edge Trim Profiles<\/a><\/li>\r\n<li><a href=\"https:\/\/sinoextrud.com\/product\/led-plant-growth-light-aluminum-profile\/\" target=\"_blank\">Led Plant Growth Light Aluminum Profile<\/a><\/li>\r\n<li><a href=\"https:\/\/sinoextrud.com\/product\/anodized-small-aluminum-extrusions\/\" target=\"_blank\">Anodized Small Aluminum Extrusions<\/a><\/li>\r\n<li><a href=\"https:\/\/sinoextrud.com\/product\/t-slot-aluminium-extrusion-profile\/\" target=\"_blank\">T Slot Aluminium Extrusion Profile<\/a><\/li>\r\n<li><a href=\"https:\/\/sinoextrud.com\/product\/extruded-aluminum-heatsink\/\" target=\"_blank\">Extruded Aluminum Heatsink<\/a><\/li>\r\n<li><a href=\"https:\/\/sinoextrud.com\/product\/aluminium-light-box-profile\/\" target=\"_blank\">Aluminium Light Box Profile<\/a><\/li>\r\n<li><a href=\"https:\/\/sinoextrud.com\/product\/aluminum-extrusion-gate-barrier-arm-aluminum-profile\/\" target=\"_blank\">Aluminum Extrusion Gate Barrier Arm Aluminum Profile<\/a><\/li>\r\n<li><a href=\"https:\/\/sinoextrud.com\/product\/aluminum-tube-framing\/\" target=\"_blank\">Aluminum Tube Framing<\/a><\/li>\r\n<li><a href=\"https:\/\/sinoextrud.com\/product\/aluminium-profile-for-wardrobe-sliding-door-frame\/\" target=\"_blank\">Aluminium Profile For Wardrobe Sliding Door Frame<\/a><\/li>\r\n<li><a href=\"https:\/\/sinoextrud.com\/product\/brushed-aluminum-profiles\/\" target=\"_blank\">Brushed Aluminum Profiles<\/a><\/li>"},"feature_list":[]},"_links":{"self":[{"href":"https:\/\/sinoextrud.com\/fi\/wp-json\/wp\/v2\/product\/6164","targetHints":{"allow":["GET"]}}],"collection":[{"href":"https:\/\/sinoextrud.com\/fi\/wp-json\/wp\/v2\/product"}],"about":[{"href":"https:\/\/sinoextrud.com\/fi\/wp-json\/wp\/v2\/types\/product"}],"wp:featuredmedia":[{"embeddable":true,"href":"https:\/\/sinoextrud.com\/fi\/wp-json\/wp\/v2\/media\/6163"}],"wp:attachment":[{"href":"https:\/\/sinoextrud.com\/fi\/wp-json\/wp\/v2\/media?parent=6164"}],"wp:term":[{"taxonomy":"category","embeddable":true,"href":"https:\/\/sinoextrud.com\/fi\/wp-json\/wp\/v2\/categories?post=6164"}],"curies":[{"name":"wp","href":"https:\/\/api.w.org\/{rel}","templated":true}]}}