{"id":6162,"date":"2025-05-25T14:52:23","date_gmt":"2025-05-25T14:52:23","guid":{"rendered":"https:\/\/sinoextrud.com\/product\/anodized-small-aluminum-extrusions\/"},"modified":"2025-06-24T03:54:23","modified_gmt":"2025-06-24T03:54:23","slug":"anodisoidut-pienet-alumiiniprofiilit","status":"publish","type":"product","link":"https:\/\/sinoextrud.com\/fi\/product\/anodized-small-aluminum-extrusions\/","title":{"rendered":"Anodisoidut pienet alumiiniprofiilit"},"content":{"rendered":"<h2>Tuotteiden tiedot<\/h2>\n<table class=\"custom-table\">\n<tr>\n<td class=\"label\">Tuotteen nimi<\/td>\n<td>Anodisoidut pienet alumiiniprofiilit<\/td>\n<\/tr>\n<tr>\n<td class=\"label\">Tuotevalikoima<\/td>\n<td>alumiiniprofiilit elektroniikkakuoria, laitetarvikkeita, alumiinituotteita jne. varten.<\/td>\n<\/tr>\n<tr>\n<td class=\"label\">Alumiiniseos<\/td>\n<td>1000-sarja, 200-sarja, 3000-sarja, 5000-sarja, 6000-sarja, 7000-sarja.<\/td>\n<\/tr>\n<tr>\n<td class=\"label\">Temper<\/td>\n<td>T3-T8<\/td>\n<\/tr>\n<tr>\n<td class=\"label\">Muoto<\/td>\n<td>r\u00e4\u00e4t\u00e4l\u00f6inti<\/td>\n<\/tr>\n<tr>\n<td class=\"label\">V\u00e4ri<\/td>\n<td>r\u00e4\u00e4t\u00e4l\u00f6inti<\/td>\n<\/tr>\n<tr>\n<td class=\"label\">Pintak\u00e4sittely<\/td>\n<td>viimeistelty, anodisoitu, puukuvioitu, tehopinnoitus, hiekkapuhallus, elektroforeesi, harjaus, kiillotus jne.<\/td>\n<\/tr>\n<tr>\n<td class=\"label\">CNC-syv\u00e4k\u00e4sittely<\/td>\n<td>leikkaaminen, poraaminen, koneistaminen, l\u00e4vist\u00e4minen, taivuttaminen, napauttaminen jne.<\/td>\n<\/tr>\n<tr>\n<td class=\"label\">Sertifikaatit<\/td>\n<td>CE, ISO, SGS, TUV, ROHS<\/td>\n<\/tr>\n<tr>\n<td class=\"label\">N\u00e4ytteet<\/td>\n<td>ilmainen n\u00e4yte. 1-3 p\u00e4iv\u00e4\u00e4 toimitetaan sinulle.<\/td>\n<\/tr>\n<tr>\n<td class=\"label\">MOQ<\/td>\n<td>200 kg kutakin profiilia kohti<\/td>\n<\/tr>\n<tr>\n<td class=\"label\">Toimitusaika<\/td>\n<td>Muotin kehitt\u00e4minen ja n\u00e4ytteen muotoilu kest\u00e4\u00e4 12-15 p\u00e4iv\u00e4\u00e4, sitten tuotannon kesto on 15-25 p\u00e4iv\u00e4\u00e4 ostajan talletuksen vastaanottamisen j\u00e4lkeen.<\/td>\n<\/tr>\n<tr>\n<td class=\"label\">Maksuehdot<\/td>\n<td>30% talletus ennen tuotantoa ja saldo ennen l\u00e4hetyst\u00e4.<\/td>\n<\/tr>\n<\/table>\n<h2>Tuotantopohjamme<\/h2>\n<h3>Tehtaan panoraama<\/h3>\n<p><img decoding=\"async\" src=\"\/wp-content\/uploads\/factory-01.webp\"\/><\/p>\n<h3>Alumiini Bar Manufacturing Workshop<\/h3>\n<p><img decoding=\"async\" src=\"\/wp-content\/uploads\/factory-02.webp\"\/><\/p>\n<p><img decoding=\"async\" src=\"\/wp-content\/uploads\/factory-03.webp\"\/><\/p>\n<h3>Muotin varastointi Varasto<\/h3>\n<p><img decoding=\"async\" src=\"\/wp-content\/uploads\/factory-04.webp\"\/><\/p>\n<h3>43 Alumiini ekstruusiolinjat (500\u00e2 5500 tonnia)<\/h3>\n<p><img decoding=\"async\" src=\"\/wp-content\/uploads\/factory-05.webp\"\/><\/p>\n<p><img decoding=\"async\" src=\"\/wp-content\/uploads\/factory-06.webp\"\/><\/p>\n<p><img decoding=\"async\" src=\"\/wp-content\/uploads\/factory-07.webp\"\/><\/p>\n<h3>Jauhemaalaus ty\u00f6paja<\/h3>\n<p><img decoding=\"async\" src=\"\/wp-content\/uploads\/factory-09.webp\"\/><\/p>\n<h3>Anodisointi ty\u00f6paja<\/h3>\n<p><img decoding=\"async\" src=\"\/wp-content\/uploads\/factory-10.webp\"\/><\/p>\n<h3>Syv\u00e4k\u00e4sittelyn ty\u00f6paja<\/h3>\n<p><img decoding=\"async\" src=\"\/wp-content\/uploads\/factory-11.webp\"\/><\/p>\n<h3>CNC-tarkkuuskoneistus ty\u00f6paja<\/h3>\n<p><img decoding=\"async\" src=\"\/wp-content\/uploads\/factory-11.5.webp\"\/><\/p>\n<h3>Valmiiden tuotteiden ja vientivarasto<\/h3>\n<p><img decoding=\"async\" src=\"\/wp-content\/uploads\/factory-12.webp\"\/><\/p>\n<p><img decoding=\"async\" src=\"\/wp-content\/uploads\/factory-13.webp\"\/><\/p>\n<p><img decoding=\"async\" src=\"\/wp-content\/uploads\/factory-14.webp\"\/><\/p>\n<h2>FAQ<\/h2>\n<p><p><b>1.Mit\u00e4 ovat anodisoidut pienet alumiinipursotteet? <\/b><\/p>\n<p> Anodisoidut pienet alumiiniprofiilit ovat kompakteja alumiiniprofiileja, jotka on k\u00e4sitelty anodisointiprosessilla pinnan kest\u00e4vyyden, korroosionkest\u00e4vyyden ja ulkon\u00e4\u00f6n parantamiseksi.<br \/>\n<\/p><br \/>\n<br \/>\n<p><b>2.Mitk\u00e4 ovat anodisoitujen pienten alumiinipursotteiden edut? <\/b><\/p>\n<p> Anodisoidut pienet alumiiniprofiilit tarjoavat erinomaisen korroosionkest\u00e4vyyden, paremman pintakovuuden, esteettisen viimeistelyn ja paremman kulumissuojan.<br \/>\n<\/p><br \/>\n<br \/>\n<p><b>3.Miksi valita anodisoitu alumiini pieniin puristuksiin? <\/b><\/p>\n<p> Anodisointi lis\u00e4\u00e4 pienten alumiiniprofiilien pinnan lujuutta ja s\u00e4\u00e4nkest\u00e4vyytt\u00e4, joten ne soveltuvat erinomaisesti koristeellisiin ja toiminnallisiin sovelluksiin.<br \/>\n<\/p><br \/>\n<br \/>\n<p><b>4.Miss\u00e4 anodisoituja pieni\u00e4 alumiiniprofiileja k\u00e4ytet\u00e4\u00e4n yleisesti? <\/b><\/p>\n<p> N\u00e4it\u00e4 profiileja k\u00e4ytet\u00e4\u00e4n elektroniikassa, huonekaluissa, valaisimissa, arkkitehtonisissa koristeissa ja tee-se-itse-projekteissa, joissa tarvitaan kompakteja ja kest\u00e4vi\u00e4 komponentteja.<br \/>\n<\/p><br \/>\n<br \/>\n<p><b>5.Ovatko anodisoidut pienet alumiiniprofiilit korroosionkest\u00e4vi\u00e4? <\/b><\/p>\n<p> Kyll\u00e4, anodisoidut pienet alumiiniprofiilit muodostavat suojaavan oksidikerroksen, joka est\u00e4\u00e4 ruostumista ja korroosiota erityisesti kosteissa tai ulkoilmaolosuhteissa.<br \/>\n<\/p><br \/>\n<br \/>\n<p><b>6.Can anodisoidut pienet alumiinipursotteet voidaan r\u00e4\u00e4t\u00e4l\u00f6id\u00e4? <\/b><\/p>\n<p> Ehdottomasti pienet anodisoidut alumiiniprofiilit voidaan r\u00e4\u00e4t\u00e4l\u00f6id\u00e4 muodoltaan, v\u00e4rilt\u00e4\u00e4n, pituudeltaan ja kiinnitysvaihtoehdoiltaan vastaamaan erityisi\u00e4 suunnittelutarpeita.<br \/>\n<\/p><br \/>\n<br \/>\n<p><b>7. anodisoidut puristeet tarjoavat paremman estetiikan? <\/b><\/p>\n<p> Kyll\u00e4, anodisoidut alumiiniprofiilit tarjoavat tyylikk\u00e4\u00e4n, metallisen viimeistelyn eri v\u00e4reiss\u00e4, mik\u00e4 tekee niist\u00e4 visuaalisesti houkuttelevia n\u00e4kyviin tai koristeellisiin k\u00e4ytt\u00f6tarkoituksiin.<br \/>\n<\/p><br \/>\n<br \/>\n<p><b>8.Are anodisoidut pienet alumiinipursotteet ovat ymp\u00e4rist\u00f6yst\u00e4v\u00e4llisi\u00e4? <\/b><\/p>\n<p> Alumiini on t\u00e4ysin kierr\u00e4tett\u00e4viss\u00e4, ja anodisointiprosessi on myrkyt\u00f6n, joten n\u00e4m\u00e4 profiilit ovat ymp\u00e4rist\u00f6yst\u00e4v\u00e4llinen valinta kest\u00e4v\u00e4\u00e4n suunnitteluun.<br \/>\n<\/p><br \/>\n<br \/>\n<p><b>9.Kuinka kest\u00e4vi\u00e4 ovat anodisoidut pienet alumiiniprofiilit? <\/b><\/p>\n<p> Anodisoidut pienet alumiiniprofiilit ovat eritt\u00e4in kest\u00e4vi\u00e4, kest\u00e4v\u00e4t naarmuja, haalistumista ja korroosiota ja takaavat pitk\u00e4aikaisen suorituskyvyn.<br \/>\n<\/p><br \/>\n<br \/>\n<p><b>10.Ovatko anodisoidut alumiiniprofiilit helppoja ty\u00f6st\u00e4\u00e4 tai leikata? <\/b><\/p>\n<p> Kyll\u00e4, pienet anodisoidut alumiiniprofiilit on helppo leikata, porata ja koota, joten ne sopivat erinomaisesti tarkkuussovelluksiin ja mukautettuihin rakennelmiin.<br \/>\n<\/p><br \/><\/p>","protected":false},"featured_media":6161,"template":"","categories":[58],"class_list":["post-6162","product","type-product","status-publish","has-post-thumbnail","hentry","category-aluminium-extrusion-profiles"],"meta_box":{"hilight_text_group":{"product_hilight_text":"<li>Durable anodized finish enhances corrosion and wear resistance<\/li>\r\r\n<li>Ideal for precision parts in electronics, furniture, and lighting<\/li>\r\r\n<li>Lightweight and strong for compact structural applications<\/li>\r\r\n<li>Available in various colors and finishes for aesthetic appeal<\/li>\r\r\n<li>Supports custom profiles for specialized small components<\/li>","product_chanpin_chanpin":"<li><a href=\"https:\/\/sinoextrud.com\/product\/aluminium-extrusion-motor-body\/\" target=\"_blank\">Aluminium Extrusion Motor Body<\/a><\/li>\r\n<li><a href=\"https:\/\/sinoextrud.com\/product\/aluminium-extrusion-6082-5083-aluminum-alloy-profile\/\" target=\"_blank\">Aluminium Extrusion 6082 5083 Aluminum Alloy Profile<\/a><\/li>\r\n<li><a href=\"https:\/\/sinoextrud.com\/product\/aluminium-edge-trim-profiles\/\" target=\"_blank\">Aluminium Edge Trim Profiles<\/a><\/li>\r\n<li><a href=\"https:\/\/sinoextrud.com\/product\/led-plant-growth-light-aluminum-profile\/\" target=\"_blank\">Led Plant Growth Light Aluminum Profile<\/a><\/li>\r\n<li><a href=\"https:\/\/sinoextrud.com\/product\/anodized-small-aluminum-extrusions\/\" target=\"_blank\">Anodized Small Aluminum Extrusions<\/a><\/li>\r\n<li><a href=\"https:\/\/sinoextrud.com\/product\/t-slot-aluminium-extrusion-profile\/\" target=\"_blank\">T Slot Aluminium Extrusion Profile<\/a><\/li>\r\n<li><a href=\"https:\/\/sinoextrud.com\/product\/extruded-aluminum-heatsink\/\" target=\"_blank\">Extruded Aluminum Heatsink<\/a><\/li>\r\n<li><a href=\"https:\/\/sinoextrud.com\/product\/aluminium-light-box-profile\/\" target=\"_blank\">Aluminium Light Box Profile<\/a><\/li>\r\n<li><a href=\"https:\/\/sinoextrud.com\/product\/aluminum-extrusion-gate-barrier-arm-aluminum-profile\/\" target=\"_blank\">Aluminum Extrusion Gate Barrier Arm Aluminum Profile<\/a><\/li>\r\n<li><a href=\"https:\/\/sinoextrud.com\/product\/t-slot-aluminum-extrusion-profile-for-industrial-assembly-line\/\" target=\"_blank\">T Slot Aluminum Extrusion Profile For Industrial Assembly Line<\/a><\/li>\r\n<li><a href=\"https:\/\/sinoextrud.com\/product\/clip-on-aluminium-profiles\/\" target=\"_blank\">Clip On Aluminium Profiles<\/a><\/li>"},"feature_list":[]},"_links":{"self":[{"href":"https:\/\/sinoextrud.com\/fi\/wp-json\/wp\/v2\/product\/6162","targetHints":{"allow":["GET"]}}],"collection":[{"href":"https:\/\/sinoextrud.com\/fi\/wp-json\/wp\/v2\/product"}],"about":[{"href":"https:\/\/sinoextrud.com\/fi\/wp-json\/wp\/v2\/types\/product"}],"wp:featuredmedia":[{"embeddable":true,"href":"https:\/\/sinoextrud.com\/fi\/wp-json\/wp\/v2\/media\/6161"}],"wp:attachment":[{"href":"https:\/\/sinoextrud.com\/fi\/wp-json\/wp\/v2\/media?parent=6162"}],"wp:term":[{"taxonomy":"category","embeddable":true,"href":"https:\/\/sinoextrud.com\/fi\/wp-json\/wp\/v2\/categories?post=6162"}],"curies":[{"name":"wp","href":"https:\/\/api.w.org\/{rel}","templated":true}]}}