{"id":6158,"date":"2025-05-25T14:46:09","date_gmt":"2025-05-25T14:46:09","guid":{"rendered":"https:\/\/sinoextrud.com\/product\/aluminium-edge-trim-profiles\/"},"modified":"2025-06-24T03:54:20","modified_gmt":"2025-06-24T03:54:20","slug":"alumiiniset-reunalistat","status":"publish","type":"product","link":"https:\/\/sinoextrud.com\/fi\/product\/aluminium-edge-trim-profiles\/","title":{"rendered":"Alumiiniset reunusprofiilit"},"content":{"rendered":"<h2>Tuotteiden tiedot<\/h2>\n<table class=\"custom-table\">\n<tr>\n<td class=\"label\">Tuotteen nimi<\/td>\n<td>alumiiniset reunalistat<\/td>\n<\/tr>\n<tr>\n<td class=\"label\">Tuotevalikoima<\/td>\n<td>alumiiniprofiilit alumiinireunalistoja, alumiinireunaprofiileja, laattareunalistoja, metallireunalistoja, reunalistoja jne. varten.<\/td>\n<\/tr>\n<tr>\n<td class=\"label\">Sopivat j\u00e4rjestelm\u00e4t Tyypit<\/td>\n<td>Eritt\u00e4in pieni alumiiniprofiili, eritt\u00e4in ohut alumiiniprofiili, reunanauhat, kaide, t\u00f6rm\u00e4yksenestoliuska, suojanauha, sisustus alumiiniliuska, jne.<\/td>\n<\/tr>\n<tr>\n<td class=\"label\">Pintak\u00e4sittely<\/td>\n<td>viimeistelty, anodisoitu, puukuvioitu, tehopinnoitus, hiekkapuhallus, elektroforeesi, harjaus, kiillotus jne.<\/td>\n<\/tr>\n<tr>\n<td class=\"label\">CNC-syv\u00e4k\u00e4sittely<\/td>\n<td>leikkaaminen, poraaminen, koneistaminen, l\u00e4vist\u00e4minen, taivuttaminen, napauttaminen jne.<\/td>\n<\/tr>\n<tr>\n<td class=\"label\">Sertifikaatit<\/td>\n<td>CE, ISO, SGS, TUV, ROHS<\/td>\n<\/tr>\n<tr>\n<td class=\"label\">N\u00e4ytteet<\/td>\n<td>ilmainen n\u00e4yte. 1-3 p\u00e4iv\u00e4\u00e4 toimitetaan sinulle.<\/td>\n<\/tr>\n<tr>\n<td class=\"label\">MOQ<\/td>\n<td>200 kg kutakin profiilia kohti<\/td>\n<\/tr>\n<tr>\n<td class=\"label\">Toimitusaika<\/td>\n<td>Muotin kehitt\u00e4minen ja n\u00e4ytteen muotoilu kest\u00e4\u00e4 12-15 p\u00e4iv\u00e4\u00e4, sitten tuotannon kesto on 15-25 p\u00e4iv\u00e4\u00e4 ostajan talletuksen vastaanottamisen j\u00e4lkeen.<\/td>\n<\/tr>\n<tr>\n<td class=\"label\">Maksuehdot<\/td>\n<td>30% talletus ennen tuotantoa ja saldo ennen l\u00e4hetyst\u00e4.<\/td>\n<\/tr>\n<\/table>\n<h2>Tuotantopohjamme<\/h2>\n<h3>Tehtaan panoraama<\/h3>\n<p><img decoding=\"async\" src=\"\/wp-content\/uploads\/factory-01.webp\"\/><\/p>\n<h3>Alumiini Bar Manufacturing Workshop<\/h3>\n<p><img decoding=\"async\" src=\"\/wp-content\/uploads\/factory-02.webp\"\/><\/p>\n<p><img decoding=\"async\" src=\"\/wp-content\/uploads\/factory-03.webp\"\/><\/p>\n<h3>Muotin varastointi Varasto<\/h3>\n<p><img decoding=\"async\" src=\"\/wp-content\/uploads\/factory-04.webp\"\/><\/p>\n<h3>43 Alumiini ekstruusiolinjat (500\u00e2 5500 tonnia)<\/h3>\n<p><img decoding=\"async\" src=\"\/wp-content\/uploads\/factory-05.webp\"\/><\/p>\n<p><img decoding=\"async\" src=\"\/wp-content\/uploads\/factory-06.webp\"\/><\/p>\n<p><img decoding=\"async\" src=\"\/wp-content\/uploads\/factory-07.webp\"\/><\/p>\n<h3>Jauhemaalaus ty\u00f6paja<\/h3>\n<p><img decoding=\"async\" src=\"\/wp-content\/uploads\/factory-09.webp\"\/><\/p>\n<h3>Anodisointi ty\u00f6paja<\/h3>\n<p><img decoding=\"async\" src=\"\/wp-content\/uploads\/factory-10.webp\"\/><\/p>\n<h3>Syv\u00e4k\u00e4sittelyn ty\u00f6paja<\/h3>\n<p><img decoding=\"async\" src=\"\/wp-content\/uploads\/factory-11.webp\"\/><\/p>\n<h3>CNC-tarkkuuskoneistus ty\u00f6paja<\/h3>\n<p><img decoding=\"async\" src=\"\/wp-content\/uploads\/factory-11.5.webp\"\/><\/p>\n<h3>Valmiiden tuotteiden ja vientivarasto<\/h3>\n<p><img decoding=\"async\" src=\"\/wp-content\/uploads\/factory-12.webp\"\/><\/p>\n<p><img decoding=\"async\" src=\"\/wp-content\/uploads\/factory-13.webp\"\/><\/p>\n<p><img decoding=\"async\" src=\"\/wp-content\/uploads\/factory-14.webp\"\/><\/p>\n<h2>FAQ<\/h2>\n<p><p><b>1.Mit\u00e4 ovat alumiiniset reunalistaprofiilit? <\/b><\/p>\n<p> Alumiiniset reunalistat ovat erityisesti suunniteltuja alumiiniprofiileja, joita k\u00e4ytet\u00e4\u00e4n pintojen, kuten laattojen, paneelien tai ty\u00f6tasojen reunojen viimeistelyyn ja suojaamiseen.<br \/>\n<\/p><br \/>\n<br \/>\n<p><b>2.Mitk\u00e4 ovat alumiinisten reunalistojen k\u00e4yt\u00f6n edut? <\/b><\/p>\n<p> Alumiiniset reunalistaprofiilit tarjoavat siistin pinnan, reunasuojauksen, korroosionkest\u00e4vyyden ja paremman kest\u00e4vyyden sek\u00e4 sis\u00e4- ett\u00e4 ulkok\u00e4ytt\u00f6\u00f6n.<br \/>\n<\/p><br \/>\n<br \/>\n<p><b>3.Miksi valita alumiini reunalistaprofiileihin? <\/b><\/p>\n<p> Alumiini on kevytt\u00e4, ruostumatonta, vahvaa ja helposti valmistettavaa, joten se sopii erinomaisesti reunalistojen profiileihin asuin-, liike- ja teollisuusymp\u00e4rist\u00f6iss\u00e4.<br \/>\n<\/p><br \/>\n<br \/>\n<p><b>4.Miss\u00e4 alumiinisia reunalistoja k\u00e4ytet\u00e4\u00e4n yleisesti? <\/b><\/p>\n<p> Alumiinisia reunalistaprofiileja k\u00e4ytet\u00e4\u00e4n laajalti laatoitusasennuksissa, sein\u00e4paneeleissa, huonekaluissa, lattioissa ja koristeellisissa pintareunoissa ammattimaisen ulkon\u00e4\u00f6n aikaansaamiseksi.<br \/>\n<\/p><br \/>\n<br \/>\n<p><b>5.Parantavatko alumiiniset reunalistaprofiilit esteettisyytt\u00e4? <\/b><\/p>\n<p> Kyll\u00e4, alumiiniset reunalistaprofiilit tarjoavat tyylikk\u00e4\u00e4n, modernin reunapinnan, joka lis\u00e4\u00e4 arkkitehtuurin ja sisustuksen visuaalista vetovoimaa ja arvoa.<br \/>\n<\/p><br \/>\n<br \/>\n<p><b>6.Kest\u00e4v\u00e4tk\u00f6 alumiiniset reunalistat korroosiota? <\/b><\/p>\n<p> Alumiiniset reunalistaprofiilit kest\u00e4v\u00e4t korroosiota eritt\u00e4in hyvin, ja ne soveltuvat erinomaisesti k\u00e4ytett\u00e4viksi kosteissa, m\u00e4riss\u00e4 tai ulkotiloissa.<br \/>\n<\/p><br \/>\n<br \/>\n<p><b>7.Voiko alumiinireunaprofiileja r\u00e4\u00e4t\u00e4l\u00f6id\u00e4? <\/b><\/p>\n<p> Kyll\u00e4, alumiinisia reunalistaprofiileja on saatavana eri muotoisina, kokoisina, v\u00e4risin\u00e4 ja viimeisteltyin\u00e4, ja ne voidaan valmistaa mittatilausty\u00f6n\u00e4 vastaamaan erityisi\u00e4 suunnittelutarpeita.<br \/>\n<\/p><br \/>\n<br \/>\n<p><b>8.Ovatko alumiiniset reunalistat helppoja asentaa? <\/b><\/p>\n<p> Kyll\u00e4, alumiiniset reunalistat on suunniteltu niin, ett\u00e4 ne on helppo asentaa liimojen, ruuvien tai snap-fit-j\u00e4rjestelmien avulla, joten ne soveltuvat sek\u00e4 koti- ett\u00e4 ammattik\u00e4ytt\u00f6\u00f6n.<br \/>\n<\/p><br \/>\n<br \/>\n<p><b>9.Mit\u00e4 pintak\u00e4sittelyj\u00e4 alumiinisiin reunalistoihin on saatavana? <\/b><\/p>\n<p> Alumiiniset reunalistat ovat anodisoituja, harjattuja, pulverimaalattuja tai kiillotettuja, jotta ne sopivat erilaisiin tyyleihin ja toiminnallisiin vaatimuksiin.<br \/>\n<\/p><br \/>\n<br \/>\n<p><b>10.Miten alumiiniset reunalistaprofiilit suojaavat pintoja? <\/b><\/p>\n<p> Alumiiniset reunalistaprofiilit suojaavat paljaita reunoja lohkeilulta, kosteudelta ja iskujen aiheuttamilta vaurioilta ja takaavat samalla pinnan pitk\u00e4aikaisen kest\u00e4vyyden ja puhtaat linjat.<br \/>\n<\/p><br \/><\/p>","protected":false},"featured_media":6157,"template":"","categories":[58],"class_list":["post-6158","product","type-product","status-publish","has-post-thumbnail","hentry","category-aluminium-extrusion-profiles"],"meta_box":{"hilight_text_group":{"product_hilight_text":"<li>Provides clean, finished edges for panels and surfaces<\/li>\r\r\n<li>Durable and corrosion-resistant for long-term use<\/li>\r\r\n<li>Easy to install with snap-in or adhesive options<\/li>\r\r\n<li>Available in various shapes and finishes to match design styles<\/li>\r\r\n<li>Protects edges from wear, impact, and moisture<\/li>","product_chanpin_chanpin":"<li><a href=\"https:\/\/sinoextrud.com\/product\/retractable-awning-aluminum-tube\/\" target=\"_blank\">Retractable Awning Aluminum Tube<\/a><\/li>\r\n<li><a href=\"https:\/\/sinoextrud.com\/product\/aluminum-sign-extrusions\/\" target=\"_blank\">Aluminum Sign Extrusions<\/a><\/li>\r\n<li><a href=\"https:\/\/sinoextrud.com\/product\/aluminium-extrusion-motor-body\/\" target=\"_blank\">Aluminium Extrusion Motor Body<\/a><\/li>\r\n<li><a href=\"https:\/\/sinoextrud.com\/product\/aluminium-extrusion-6082-5083-aluminum-alloy-profile\/\" target=\"_blank\">Aluminium Extrusion 6082 5083 Aluminum Alloy Profile<\/a><\/li>\r\n<li><a href=\"https:\/\/sinoextrud.com\/product\/aluminium-edge-trim-profiles\/\" target=\"_blank\">Aluminium Edge Trim Profiles<\/a><\/li>\r\n<li><a href=\"https:\/\/sinoextrud.com\/product\/led-plant-growth-light-aluminum-profile\/\" target=\"_blank\">Led Plant Growth Light Aluminum Profile<\/a><\/li>\r\n<li><a href=\"https:\/\/sinoextrud.com\/product\/anodized-small-aluminum-extrusions\/\" target=\"_blank\">Anodized Small Aluminum Extrusions<\/a><\/li>\r\n<li><a href=\"https:\/\/sinoextrud.com\/product\/t-slot-aluminium-extrusion-profile\/\" target=\"_blank\">T Slot Aluminium Extrusion Profile<\/a><\/li>\r\n<li><a href=\"https:\/\/sinoextrud.com\/product\/extruded-aluminum-heatsink\/\" target=\"_blank\">Extruded Aluminum Heatsink<\/a><\/li>\r\n<li><a href=\"https:\/\/sinoextrud.com\/product\/industrial-aluminum-extrusion\/\" target=\"_blank\">Industrial Aluminum Extrusion<\/a><\/li>\r\n<li><a href=\"https:\/\/sinoextrud.com\/product\/aluminium-profile-cutting\/\" target=\"_blank\">Aluminium Profile Cutting<\/a><\/li>"},"feature_list":[]},"_links":{"self":[{"href":"https:\/\/sinoextrud.com\/fi\/wp-json\/wp\/v2\/product\/6158","targetHints":{"allow":["GET"]}}],"collection":[{"href":"https:\/\/sinoextrud.com\/fi\/wp-json\/wp\/v2\/product"}],"about":[{"href":"https:\/\/sinoextrud.com\/fi\/wp-json\/wp\/v2\/types\/product"}],"wp:featuredmedia":[{"embeddable":true,"href":"https:\/\/sinoextrud.com\/fi\/wp-json\/wp\/v2\/media\/6157"}],"wp:attachment":[{"href":"https:\/\/sinoextrud.com\/fi\/wp-json\/wp\/v2\/media?parent=6158"}],"wp:term":[{"taxonomy":"category","embeddable":true,"href":"https:\/\/sinoextrud.com\/fi\/wp-json\/wp\/v2\/categories?post=6158"}],"curies":[{"name":"wp","href":"https:\/\/api.w.org\/{rel}","templated":true}]}}