{"id":6149,"date":"2025-05-25T12:37:02","date_gmt":"2025-05-25T12:37:02","guid":{"rendered":"https:\/\/sinoextrud.com\/product\/retractable-awning-aluminum-tube\/"},"modified":"2025-06-24T03:54:11","modified_gmt":"2025-06-24T03:54:11","slug":"sisaanvedettava-markiisi-alumiiniputki","status":"publish","type":"product","link":"https:\/\/sinoextrud.com\/fi\/product\/retractable-awning-aluminum-tube\/","title":{"rendered":"Vedett\u00e4v\u00e4 markiisi alumiiniputki"},"content":{"rendered":"<h2>Tuotteiden tiedot<\/h2>\n<table class=\"custom-table\">\n<tr>\n<td class=\"label\">Tuotteen nimi<\/td>\n<td>Vedett\u00e4v\u00e4 markiisi alumiiniputki<\/td>\n<\/tr>\n<tr>\n<td class=\"label\">Tuotevalikoima<\/td>\n<td>alumiiniprofiilit sis\u00e4\u00e4nvedett\u00e4vi\u00e4 s\u00e4hk\u00f6markiiseja varten, markiisit alumiini sis\u00e4\u00e4nvedett\u00e4v\u00e4, markiisit sis\u00e4\u00e4nvedett\u00e4v\u00e4, sis\u00e4\u00e4nvedett\u00e4v\u00e4 putki, auto markiisi sis\u00e4\u00e4nvedett\u00e4v\u00e4, sis\u00e4\u00e4nvedett\u00e4v\u00e4 markiisivarret, sis\u00e4\u00e4nvedett\u00e4v\u00e4 katos, jne.<\/td>\n<\/tr>\n<tr>\n<td class=\"label\">Alumiiniseos<\/td>\n<td>1000-sarja, 200-sarja, 3000-sarja, 5000-sarja, 6000-sarja, 7000-sarja.<\/td>\n<\/tr>\n<tr>\n<td class=\"label\">Temper<\/td>\n<td>T3-T8<\/td>\n<\/tr>\n<tr>\n<td class=\"label\">Muoto<\/td>\n<td>py\u00f6re\u00e4, neli\u00f6, jne.<\/td>\n<\/tr>\n<tr>\n<td class=\"label\">V\u00e4ri<\/td>\n<td>r\u00e4\u00e4t\u00e4l\u00f6inti<\/td>\n<\/tr>\n<tr>\n<td class=\"label\">Pintak\u00e4sittely<\/td>\n<td>viimeistelty, anodisoitu, puukuvioitu, tehopinnoitus, hiekkapuhallus, elektroforeesi, harjaus, kiillotus jne.<\/td>\n<\/tr>\n<tr>\n<td class=\"label\">CNC-syv\u00e4k\u00e4sittely<\/td>\n<td>leikkaaminen, poraaminen, koneistaminen, l\u00e4vist\u00e4minen, taivuttaminen, napauttaminen jne.<\/td>\n<\/tr>\n<tr>\n<td class=\"label\">Sertifikaatit<\/td>\n<td>CE, ISO, SGS, TUV, ROHS<\/td>\n<\/tr>\n<tr>\n<td class=\"label\">N\u00e4ytteet<\/td>\n<td>ilmainen n\u00e4yte. 1-3 p\u00e4iv\u00e4\u00e4 toimitetaan sinulle.<\/td>\n<\/tr>\n<tr>\n<td class=\"label\">MOQ<\/td>\n<td>200 kg kutakin profiilia kohti<\/td>\n<\/tr>\n<tr>\n<td class=\"label\">Toimitusaika<\/td>\n<td>Muotin kehitt\u00e4minen ja n\u00e4ytteen muotoilu kest\u00e4\u00e4 12-15 p\u00e4iv\u00e4\u00e4, sitten tuotannon kesto on 15-25 p\u00e4iv\u00e4\u00e4 ostajan talletuksen vastaanottamisen j\u00e4lkeen.<\/td>\n<\/tr>\n<tr>\n<td class=\"label\">Maksuehdot<\/td>\n<td>30% talletus ennen tuotantoa ja saldo ennen l\u00e4hetyst\u00e4.<\/td>\n<\/tr>\n<\/table>\n<h2>Tuotantopohjamme<\/h2>\n<h3>Tehtaan panoraama<\/h3>\n<p><img decoding=\"async\" src=\"\/wp-content\/uploads\/factory-01.webp\"\/><\/p>\n<h3>Alumiini Bar Manufacturing Workshop<\/h3>\n<p><img decoding=\"async\" src=\"\/wp-content\/uploads\/factory-02.webp\"\/><\/p>\n<p><img decoding=\"async\" src=\"\/wp-content\/uploads\/factory-03.webp\"\/><\/p>\n<h3>Muotin varastointi Varasto<\/h3>\n<p><img decoding=\"async\" src=\"\/wp-content\/uploads\/factory-04.webp\"\/><\/p>\n<h3>43 Alumiini ekstruusiolinjat (500\u00e2 5500 tonnia)<\/h3>\n<p><img decoding=\"async\" src=\"\/wp-content\/uploads\/factory-05.webp\"\/><\/p>\n<p><img decoding=\"async\" src=\"\/wp-content\/uploads\/factory-06.webp\"\/><\/p>\n<p><img decoding=\"async\" src=\"\/wp-content\/uploads\/factory-07.webp\"\/><\/p>\n<h3>Jauhemaalaus ty\u00f6paja<\/h3>\n<p><img decoding=\"async\" src=\"\/wp-content\/uploads\/factory-09.webp\"\/><\/p>\n<h3>Anodisointi ty\u00f6paja<\/h3>\n<p><img decoding=\"async\" src=\"\/wp-content\/uploads\/factory-10.webp\"\/><\/p>\n<h3>Syv\u00e4k\u00e4sittelyn ty\u00f6paja<\/h3>\n<p><img decoding=\"async\" src=\"\/wp-content\/uploads\/factory-11.webp\"\/><\/p>\n<h3>CNC-tarkkuuskoneistus ty\u00f6paja<\/h3>\n<p><img decoding=\"async\" src=\"\/wp-content\/uploads\/factory-11.5.webp\"\/><\/p>\n<h3>Valmiiden tuotteiden ja vientivarasto<\/h3>\n<p><img decoding=\"async\" src=\"\/wp-content\/uploads\/factory-12.webp\"\/><\/p>\n<p><img decoding=\"async\" src=\"\/wp-content\/uploads\/factory-13.webp\"\/><\/p>\n<p><img decoding=\"async\" src=\"\/wp-content\/uploads\/factory-14.webp\"\/><\/p>\n<h2>FAQ<\/h2>\n<p><p><b>1.Mik\u00e4 on sis\u00e4\u00e4nvedett\u00e4v\u00e4 markiisin alumiiniputki? <\/b><\/p>\n<p> Ulosvedett\u00e4v\u00e4 markiisin alumiiniputki on keskeinen rakenneosa, joka tukee ja rullaa kangasta sis\u00e4\u00e4nvedett\u00e4viss\u00e4 markiiseissa ja tarjoaa lujuutta ja korroosionkest\u00e4vyytt\u00e4.<br \/>\n<\/p><br \/>\n<br \/>\n<p><b>2.Mitk\u00e4 ovat alumiiniputkien k\u00e4yt\u00f6n edut sis\u00e4\u00e4nvedett\u00e4viss\u00e4 markiiseissa? <\/b><\/p>\n<p> Alumiiniputket tarjoavat kevytt\u00e4 kest\u00e4vyytt\u00e4, ruostumattomuutta, rakenteellista vakautta ja sulavaa toimintaa, joten ne ovat ihanteellisia sis\u00e4\u00e4nvedett\u00e4viss\u00e4 markiisij\u00e4rjestelmiss\u00e4.<br \/>\n<\/p><br \/>\n<br \/>\n<p><b>3.Miksi valita alumiiniputki sis\u00e4\u00e4nvedett\u00e4v\u00e4\u00e4 markiisia varten? <\/b><\/p>\n<p> Alumiiniputkia suositaan sis\u00e4\u00e4nvedett\u00e4viss\u00e4 markiiseissa niiden erinomaisen lujuus-painosuhteen, s\u00e4\u00e4nkest\u00e4vyyden ja pitk\u00e4aikaisen luotettavuuden vuoksi.<br \/>\n<\/p><br \/>\n<br \/>\n<p><b>4.Ovatko sis\u00e4\u00e4nvedett\u00e4v\u00e4t markiisin alumiiniputket s\u00e4\u00e4nkest\u00e4vi\u00e4? <\/b><\/p>\n<p> Kyll\u00e4, sis\u00e4\u00e4nvedett\u00e4v\u00e4t markiisien alumiiniputket ovat eritt\u00e4in s\u00e4\u00e4nkest\u00e4vi\u00e4 ja kest\u00e4v\u00e4t aurinkoa, sadetta ja tuulta ruostumatta tai huonontumatta ajan my\u00f6t\u00e4.<br \/>\n<\/p><br \/>\n<br \/>\n<p><b>5.Can sis\u00e4\u00e4nvedett\u00e4v\u00e4 markiisi alumiiniputket tukevat suuria j\u00e4nnev\u00e4li\u00e4? <\/b><\/p>\n<p> Ehdottomasti korkealaatuiset alumiiniputket on suunniteltu tukemaan markiisikangasta laajoilla j\u00e4nnev\u00e4leill\u00e4 taipumatta tai roikkumatta, mik\u00e4 takaa vakaan kattavuuden.<br \/>\n<\/p><br \/>\n<br \/>\n<p><b>6.Kuinka kevyit\u00e4 ovat sis\u00e4\u00e4nvedett\u00e4vien markiisien alumiiniputket? <\/b><\/p>\n<p> Alumiiniputket ovat huomattavasti kevyempi\u00e4 kuin ter\u00e4sputket, mik\u00e4 v\u00e4hent\u00e4\u00e4 moottorin kuormitusta, yksinkertaistaa asennusta ja lis\u00e4\u00e4 k\u00e4ytt\u00f6mukavuutta sis\u00e4\u00e4nvedett\u00e4viss\u00e4 j\u00e4rjestelmiss\u00e4.<br \/>\n<\/p><br \/>\n<br \/>\n<p><b>7.Ovatko alumiiniputket muokattavissa eri markiisimalleihin? <\/b><\/p>\n<p> Kyll\u00e4, alumiiniputket voidaan leikata tiettyihin pituuksiin, anodisoida tai jauhemaalata, jotta ne sopivat erilaisiin sis\u00e4\u00e4nvedett\u00e4vien markiisien tyyleihin ja v\u00e4rimalleihin.<br \/>\n<\/p><br \/>\n<br \/>\n<p><b>8.Parantavatko alumiiniputket sis\u00e4\u00e4nvedett\u00e4vien markiisien pitk\u00e4ik\u00e4isyytt\u00e4? <\/b><\/p>\n<p> Kyll\u00e4, alumiiniputkien k\u00e4ytt\u00f6 parantaa sis\u00e4\u00e4nvedett\u00e4vien markiisien kest\u00e4vyytt\u00e4 ja k\u00e4ytt\u00f6ik\u00e4\u00e4 vastustamalla korroosiota ja mekaanista kulumista.<br \/>\n<\/p><br \/>\n<br \/>\n<p><b>9.Miten alumiiniputket asennetaan sis\u00e4\u00e4nvedett\u00e4viin markiiseihin? <\/b><\/p>\n<p> Alumiiniputket asennetaan tyypillisesti markiisin rullamekanismiin ja kiinnitet\u00e4\u00e4n kiinnikkeill\u00e4 ja p\u00e4\u00e4tykappaleilla, mik\u00e4 takaa tasaisen sis\u00e4\u00e4n- ja ulosvedon.<br \/>\n<\/p><br \/>\n<br \/>\n<p><b>10.Miksi alumiini on parempi kuin ter\u00e4s sis\u00e4\u00e4nvedett\u00e4vien markiisiputkien osalta? <\/b><\/p>\n<p> Alumiini on ruostumaton, kevyempi ja helpompi k\u00e4sitell\u00e4 kuin ter\u00e4s, joten se on ylivoimainen materiaali sis\u00e4\u00e4nvedett\u00e4vien markiisien putkille ulkotiloissa.<br \/>\n<\/p><br \/><\/p>","protected":false},"featured_media":6148,"template":"","categories":[58],"class_list":["post-6149","product","type-product","status-publish","has-post-thumbnail","hentry","category-aluminium-extrusion-profiles"],"meta_box":{"hilight_text_group":{"product_hilight_text":"<li>High-strength aluminum ensures durability and wind resistance<\/li>\r\r\n<li>Lightweight for easy installation and smooth retraction<\/li>\r\r\n<li>Corrosion-resistant finish suitable for outdoor environments<\/li>\r\r\n<li>Supports custom lengths and diameters for various awning systems<\/li>\r\r\n<li>Compatible with manual and motorized retractable mechanisms<\/li>","product_chanpin_chanpin":"<li><a href=\"https:\/\/sinoextrud.com\/product\/aluminium-door-extrusions-profiles\/\" target=\"_blank\">Aluminium Door Extrusions Profiles<\/a><\/li>\r\n<li><a href=\"https:\/\/sinoextrud.com\/product\/aluminium-extrusion-profile-handle\/\" target=\"_blank\">Aluminium Extrusion Profile Handle<\/a><\/li>\r\n<li><a href=\"https:\/\/sinoextrud.com\/product\/linear-rail-aluminium-extrusion\/\" target=\"_blank\">Linear Rail Aluminium Extrusion<\/a><\/li>\r\n<li><a href=\"https:\/\/sinoextrud.com\/product\/led-strip-lights-aluminum-profile\/\" target=\"_blank\">Led Strip Lights Aluminum Profile<\/a><\/li>\r\n<li><a href=\"https:\/\/sinoextrud.com\/product\/retractable-awning-aluminum-tube\/\" target=\"_blank\">Retractable Awning Aluminum Tube<\/a><\/li>\r\n<li><a href=\"https:\/\/sinoextrud.com\/product\/aluminum-sign-extrusions\/\" target=\"_blank\">Aluminum Sign Extrusions<\/a><\/li>\r\n<li><a href=\"https:\/\/sinoextrud.com\/product\/aluminium-extrusion-motor-body\/\" target=\"_blank\">Aluminium Extrusion Motor Body<\/a><\/li>\r\n<li><a href=\"https:\/\/sinoextrud.com\/product\/aluminium-extrusion-6082-5083-aluminum-alloy-profile\/\" target=\"_blank\">Aluminium Extrusion 6082 5083 Aluminum Alloy Profile<\/a><\/li>\r\n<li><a href=\"https:\/\/sinoextrud.com\/product\/aluminium-edge-trim-profiles\/\" target=\"_blank\">Aluminium Edge Trim Profiles<\/a><\/li>\r\n<li><a href=\"https:\/\/sinoextrud.com\/product\/aluminum-machining-round-tube-processing-by-aluminum-profile-cad-vs-aluminium-alloy-customized-anodized\/\" target=\"_blank\">aluminum machining round tube processing by aluminum profile cad  vs aluminium alloy Customized Anodized<\/a><\/li>\r\n<li><a href=\"https:\/\/sinoextrud.com\/product\/aluminum-casement-door\/\" target=\"_blank\">Aluminum Casement Door<\/a><\/li>"},"feature_list":[]},"_links":{"self":[{"href":"https:\/\/sinoextrud.com\/fi\/wp-json\/wp\/v2\/product\/6149","targetHints":{"allow":["GET"]}}],"collection":[{"href":"https:\/\/sinoextrud.com\/fi\/wp-json\/wp\/v2\/product"}],"about":[{"href":"https:\/\/sinoextrud.com\/fi\/wp-json\/wp\/v2\/types\/product"}],"wp:featuredmedia":[{"embeddable":true,"href":"https:\/\/sinoextrud.com\/fi\/wp-json\/wp\/v2\/media\/6148"}],"wp:attachment":[{"href":"https:\/\/sinoextrud.com\/fi\/wp-json\/wp\/v2\/media?parent=6149"}],"wp:term":[{"taxonomy":"category","embeddable":true,"href":"https:\/\/sinoextrud.com\/fi\/wp-json\/wp\/v2\/categories?post=6149"}],"curies":[{"name":"wp","href":"https:\/\/api.w.org\/{rel}","templated":true}]}}