{"id":6147,"date":"2025-05-25T12:35:12","date_gmt":"2025-05-25T12:35:12","guid":{"rendered":"https:\/\/sinoextrud.com\/product\/led-strip-lights-aluminum-profile\/"},"modified":"2025-06-24T03:54:08","modified_gmt":"2025-06-24T03:54:08","slug":"led-nauhavalot-alumiiniprofiili","status":"publish","type":"product","link":"https:\/\/sinoextrud.com\/fi\/product\/led-strip-lights-aluminum-profile\/","title":{"rendered":"Led nauhat valot alumiini profiili"},"content":{"rendered":"<h2>Tuotteiden tiedot<\/h2>\n<table class=\"custom-table\">\n<tr>\n<td class=\"label\">Tuotteen nimi<\/td>\n<td>Led nauhat valot alumiini profiili<\/td>\n<\/tr>\n<tr>\n<td class=\"label\">Tuotevalikoima<\/td>\n<td>alumiiniprofiilit led-profiilille, L-muotoinen alumiiniprofiili, alumiiniprofiili ledille, alumiiniprofiili led-nauhoille, 2835 smd led-piirilevy alumiini, alumiininen led, jne.<\/td>\n<\/tr>\n<tr>\n<td class=\"label\">Sopivat j\u00e4rjestelm\u00e4t Tyypit<\/td>\n<td>led nauhat valo, led nauhat valo katto, led valaistus nauhat ulkona, nauhat valaistus iso koko, alumiini led profiilit nauhat valot, alumiini nauhat valo led profiilit, led nauhat valo neli\u00f6, jne.<\/td>\n<\/tr>\n<tr>\n<td class=\"label\">Alumiiniseos<\/td>\n<td>1000-sarja, 200-sarja, 3000-sarja, 5000-sarja, 6000-sarja, 7000-sarja.<\/td>\n<\/tr>\n<tr>\n<td class=\"label\">Temper<\/td>\n<td>T3-T8<\/td>\n<\/tr>\n<tr>\n<td class=\"label\">Muoto<\/td>\n<td>T-muotoinen, I-muotoinen, U-muotoinen, ympyr\u00e4nmuotoinen jne.<\/td>\n<\/tr>\n<tr>\n<td class=\"label\">V\u00e4ri<\/td>\n<td>r\u00e4\u00e4t\u00e4l\u00f6inti<\/td>\n<\/tr>\n<tr>\n<td class=\"label\">Pintak\u00e4sittely<\/td>\n<td>viimeistelty, anodisoitu, puukuvioitu, tehopinnoitus, hiekkapuhallus, elektroforeesi, harjaus, kiillotus jne.<\/td>\n<\/tr>\n<tr>\n<td class=\"label\">CNC-syv\u00e4k\u00e4sittely<\/td>\n<td>leikkaaminen, poraaminen, koneistaminen, l\u00e4vist\u00e4minen, taivuttaminen, napauttaminen jne.<\/td>\n<\/tr>\n<tr>\n<td class=\"label\">Sertifikaatit<\/td>\n<td>CE, ISO, SGS, TUV, ROHS<\/td>\n<\/tr>\n<tr>\n<td class=\"label\">N\u00e4ytteet<\/td>\n<td>ilmainen n\u00e4yte. 1-3 p\u00e4iv\u00e4\u00e4 toimitetaan sinulle.<\/td>\n<\/tr>\n<tr>\n<td class=\"label\">MOQ<\/td>\n<td>200 kg kutakin profiilia kohti<\/td>\n<\/tr>\n<tr>\n<td class=\"label\">Toimitusaika<\/td>\n<td>Muotin kehitt\u00e4minen ja n\u00e4ytteen muotoilu kest\u00e4\u00e4 12-15 p\u00e4iv\u00e4\u00e4, sitten tuotannon kesto on 15-25 p\u00e4iv\u00e4\u00e4 ostajan talletuksen vastaanottamisen j\u00e4lkeen.<\/td>\n<\/tr>\n<tr>\n<td class=\"label\">Maksuehdot<\/td>\n<td>30% talletus ennen tuotantoa ja saldo ennen l\u00e4hetyst\u00e4.<\/td>\n<\/tr>\n<\/table>\n<h2>Tuotantopohjamme<\/h2>\n<h3>Tehtaan panoraama<\/h3>\n<p><img decoding=\"async\" src=\"\/wp-content\/uploads\/factory-01.webp\"\/><\/p>\n<h3>Alumiini Bar Manufacturing Workshop<\/h3>\n<p><img decoding=\"async\" src=\"\/wp-content\/uploads\/factory-02.webp\"\/><\/p>\n<p><img decoding=\"async\" src=\"\/wp-content\/uploads\/factory-03.webp\"\/><\/p>\n<h3>Muotin varastointi Varasto<\/h3>\n<p><img decoding=\"async\" src=\"\/wp-content\/uploads\/factory-04.webp\"\/><\/p>\n<h3>43 Alumiini ekstruusiolinjat (500\u00e2 5500 tonnia)<\/h3>\n<p><img decoding=\"async\" src=\"\/wp-content\/uploads\/factory-05.webp\"\/><\/p>\n<p><img decoding=\"async\" src=\"\/wp-content\/uploads\/factory-06.webp\"\/><\/p>\n<p><img decoding=\"async\" src=\"\/wp-content\/uploads\/factory-07.webp\"\/><\/p>\n<h3>Jauhemaalaus ty\u00f6paja<\/h3>\n<p><img decoding=\"async\" src=\"\/wp-content\/uploads\/factory-09.webp\"\/><\/p>\n<h3>Anodisointi ty\u00f6paja<\/h3>\n<p><img decoding=\"async\" src=\"\/wp-content\/uploads\/factory-10.webp\"\/><\/p>\n<h3>Syv\u00e4k\u00e4sittelyn ty\u00f6paja<\/h3>\n<p><img decoding=\"async\" src=\"\/wp-content\/uploads\/factory-11.webp\"\/><\/p>\n<h3>CNC-tarkkuuskoneistus ty\u00f6paja<\/h3>\n<p><img decoding=\"async\" src=\"\/wp-content\/uploads\/factory-11.5.webp\"\/><\/p>\n<h3>Valmiiden tuotteiden ja vientivarasto<\/h3>\n<p><img decoding=\"async\" src=\"\/wp-content\/uploads\/factory-12.webp\"\/><\/p>\n<p><img decoding=\"async\" src=\"\/wp-content\/uploads\/factory-13.webp\"\/><\/p>\n<p><img decoding=\"async\" src=\"\/wp-content\/uploads\/factory-14.webp\"\/><\/p>\n<h2>FAQ<\/h2>\n<p><p><b>1.Mik\u00e4 on LED-valonauhat alumiiniprofiili? <\/b><\/p>\n<p> LED-nauhavalojen alumiiniprofiili on kotelokanava, joka on suunniteltu pit\u00e4m\u00e4\u00e4n ja suojaamaan LED-nauhavaloja ja joka tarjoaa paremman l\u00e4mm\u00f6ntuottokyvyn ja siistin valaistuksen viimeistelyn.<br \/>\n<\/p><br \/>\n<br \/>\n<p><b>2.Mitk\u00e4 ovat alumiiniprofiilien k\u00e4yt\u00f6n edut LED-valonauhoissa? <\/b><\/p>\n<p> LED-nauhavalojen alumiiniprofiilit tarjoavat paremman l\u00e4mm\u00f6nsiirron, pidemm\u00e4n LEDien k\u00e4ytt\u00f6i\u00e4n, paremman valaistuksen estetiikan ja lis\u00e4suojan p\u00f6ly\u00e4 ja vaurioita vastaan.<br \/>\n<\/p><br \/>\n<br \/>\n<p><b>3.Miksi k\u00e4ytt\u00e4\u00e4 alumiiniprofiilia LED-valonauhojen kanssa? <\/b><\/p>\n<p> Alumiiniprofiilin k\u00e4ytt\u00e4minen LED-valonauhojen kanssa takaa tasaisen valonjakautumisen, v\u00e4hent\u00e4\u00e4 l\u00e4mm\u00f6n kertymist\u00e4 ja antaa ammattimaisen, kiillotetun asennusj\u00e4ljen.<br \/>\n<\/p><br \/>\n<br \/>\n<p><b>4.Are LED alumiiniprofiilit helppo asentaa? <\/b><\/p>\n<p> Kyll\u00e4, LED-valonauhat alumiiniprofiileista on helppo asentaa kiinnitysliikkeill\u00e4, liimalla tai ruuvikiinnitteisill\u00e4 j\u00e4rjestelmill\u00e4 kattoihin, kaappeihin ja seiniin.<br \/>\n<\/p><br \/>\n<br \/>\n<p><b>5.Can LED-valonauhat alumiiniprofiilit voidaan r\u00e4\u00e4t\u00e4l\u00f6id\u00e4? <\/b><\/p>\n<p> Ehdottomasti LED-alumiiniprofiileja on saatavana eri muotoisina, pituisina ja eri peitevaihtoehtoina, ja ne voidaan leikata erityisiin asennusvaatimuksiin sopiviksi.<br \/>\n<\/p><br \/>\n<br \/>\n<p><b>6.Do alumiini profiilit parantaa LED nauhat valon suorituskyky\u00e4? <\/b><\/p>\n<p> Kyll\u00e4, alumiiniprofiilit parantavat LEDien suorituskyky\u00e4 johtamalla tehokkaasti l\u00e4mp\u00f6\u00e4, mik\u00e4 auttaa s\u00e4ilytt\u00e4m\u00e4\u00e4n kirkkauden ja pident\u00e4\u00e4 valon k\u00e4ytt\u00f6ik\u00e4\u00e4.<br \/>\n<\/p><br \/>\n<br \/>\n<p><b>7.Miss\u00e4 LED-valonauhat alumiiniprofiileja voidaan k\u00e4ytt\u00e4\u00e4? <\/b><\/p>\n<p> LED-alumiiniprofiilit sopivat erinomaisesti keitti\u00f6ihin, toimistoihin, v\u00e4hitt\u00e4ismyyntin\u00e4yttelyihin, portaikkoihin ja kaappien alapuoliseen valaistukseen, sill\u00e4 ne tarjoavat tyylikk\u00e4\u00e4n ja suojatun valon integroinnin.<br \/>\n<\/p><br \/>\n<br \/>\n<p><b>8.Mink\u00e4 tyyppisi\u00e4 suojuksia on saatavana LED-alumiiniprofiileihin? <\/b><\/p>\n<p> LED-alumiiniprofiileissa on tyypillisesti kirkkaat, himme\u00e4t tai opaaliset diffuusorit, jotka pehment\u00e4v\u00e4t valotehoa ja poistavat kuumat kohdat tasaisen valaistuksen aikaansaamiseksi.<br \/>\n<\/p><br \/>\n<br \/>\n<p><b>9.Ovatko LED-nauhojen alumiiniprofiilit yhteensopivia kaikkien LED-nauhojen kanssa? <\/b><\/p>\n<p> Useimmat LED-alumiiniprofiilit ovat yhteensopivia standardileveiden LED-nauhojen kanssa, mutta on t\u00e4rke\u00e4\u00e4 tarkistaa kanavan mitat ennen asennusta.<br \/>\n<\/p><br \/>\n<br \/>\n<p><b>10.Miten alumiiniprofiilit parantavat LED-nauhavalaisimien ulkon\u00e4k\u00f6\u00e4? <\/b><\/p>\n<p> Alumiiniprofiilit tarjoavat siistin, modernin viimeistelyn piilottamalla johdot, hajottamalla valon tasaisesti ja luomalla tyylikk\u00e4\u00e4n arkkitehtonisen valaistusvaikutelman.<br \/>\n<\/p><br \/><\/p>","protected":false},"featured_media":6146,"template":"","categories":[58],"class_list":["post-6147","product","type-product","status-publish","has-post-thumbnail","hentry","category-aluminium-extrusion-profiles"],"meta_box":{"hilight_text_group":{"product_hilight_text":"<li>Provides efficient heat dissipation to extend LED lifespan<\/li>\r\r\n<li>Enhances light diffusion for uniform illumination<\/li>\r\r\n<li>Supports surface, recessed, and corner mounting options<\/li>\r\r\n<li>Protects LED strips from dust and physical damage<\/li>\r\r\n<li>Custom lengths and cover types available for versatile applications<\/li>","product_chanpin_chanpin":"<li><a href=\"https:\/\/sinoextrud.com\/product\/large-aluminum-extrusion-2\/\" target=\"_blank\">Large Aluminum Extrusion<\/a><\/li>\r\n<li><a href=\"https:\/\/sinoextrud.com\/product\/aluminium-door-extrusions-profiles\/\" target=\"_blank\">Aluminium Door Extrusions Profiles<\/a><\/li>\r\n<li><a href=\"https:\/\/sinoextrud.com\/product\/aluminium-extrusion-profile-handle\/\" target=\"_blank\">Aluminium Extrusion Profile Handle<\/a><\/li>\r\n<li><a href=\"https:\/\/sinoextrud.com\/product\/linear-rail-aluminium-extrusion\/\" target=\"_blank\">Linear Rail Aluminium Extrusion<\/a><\/li>\r\n<li><a href=\"https:\/\/sinoextrud.com\/product\/led-strip-lights-aluminum-profile\/\" target=\"_blank\">Led Strip Lights Aluminum Profile<\/a><\/li>\r\n<li><a href=\"https:\/\/sinoextrud.com\/product\/retractable-awning-aluminum-tube\/\" target=\"_blank\">Retractable Awning Aluminum Tube<\/a><\/li>\r\n<li><a href=\"https:\/\/sinoextrud.com\/product\/aluminum-sign-extrusions\/\" target=\"_blank\">Aluminum Sign Extrusions<\/a><\/li>\r\n<li><a href=\"https:\/\/sinoextrud.com\/product\/aluminium-extrusion-motor-body\/\" target=\"_blank\">Aluminium Extrusion Motor Body<\/a><\/li>\r\n<li><a href=\"https:\/\/sinoextrud.com\/product\/aluminium-extrusion-6082-5083-aluminum-alloy-profile\/\" target=\"_blank\">Aluminium Extrusion 6082 5083 Aluminum Alloy Profile<\/a><\/li>\r\n<li><a href=\"https:\/\/sinoextrud.com\/product\/aluminum-square-tube-powder-coating-6063-t5-extruded-profiles\/\" target=\"_blank\">aluminum square tube powder coating 6063 t5 extruded profiles<\/a><\/li>\r\n<li><a href=\"https:\/\/sinoextrud.com\/product\/aluminium-edge-trim-profiles\/\" target=\"_blank\">Aluminium Edge Trim Profiles<\/a><\/li>"},"feature_list":[]},"_links":{"self":[{"href":"https:\/\/sinoextrud.com\/fi\/wp-json\/wp\/v2\/product\/6147","targetHints":{"allow":["GET"]}}],"collection":[{"href":"https:\/\/sinoextrud.com\/fi\/wp-json\/wp\/v2\/product"}],"about":[{"href":"https:\/\/sinoextrud.com\/fi\/wp-json\/wp\/v2\/types\/product"}],"wp:featuredmedia":[{"embeddable":true,"href":"https:\/\/sinoextrud.com\/fi\/wp-json\/wp\/v2\/media\/6146"}],"wp:attachment":[{"href":"https:\/\/sinoextrud.com\/fi\/wp-json\/wp\/v2\/media?parent=6147"}],"wp:term":[{"taxonomy":"category","embeddable":true,"href":"https:\/\/sinoextrud.com\/fi\/wp-json\/wp\/v2\/categories?post=6147"}],"curies":[{"name":"wp","href":"https:\/\/api.w.org\/{rel}","templated":true}]}}