{"id":6058,"date":"2025-05-24T03:40:03","date_gmt":"2025-05-24T03:40:03","guid":{"rendered":"https:\/\/sinoextrud.com\/product\/anodized-aluminum\/"},"modified":"2025-06-24T03:53:58","modified_gmt":"2025-06-24T03:53:58","slug":"anodisoitu-alumiini","status":"publish","type":"product","link":"https:\/\/sinoextrud.com\/fi\/product\/anodized-aluminum\/","title":{"rendered":"Anodisoitu alumiini"},"content":{"rendered":"<h2>Tuotteiden tiedot<\/h2>\n<table class=\"custom-table\">\n<tr>\n<td class=\"label\">Tuotteen nimi<\/td>\n<td>Anodisoitu alumiini<\/td>\n<\/tr>\n<tr>\n<td class=\"label\">Materiaali<\/td>\n<td>6000-sarja, kuten 6063-t5<\/td>\n<\/tr>\n<tr>\n<td class=\"label\">Paksuus<\/td>\n<td>Profiilien paksuus: ?1,2 mm; anodisoitu hopea kiinte\u00e4 : 10 mikronia.<\/td>\n<\/tr>\n<tr>\n<td class=\"label\">Pituus<\/td>\n<td>1m -9m per kappale.<\/td>\n<\/tr>\n<tr>\n<td class=\"label\">Muoto<\/td>\n<td>alumiininen ikkunakahva vet\u00e4m\u00e4ll\u00e4, 30 * 28mm<\/td>\n<\/tr>\n<tr>\n<td class=\"label\">Pintak\u00e4sittely<\/td>\n<td>anodisoitu sliver matta<\/td>\n<\/tr>\n<tr>\n<td class=\"label\">V\u00e4ri<\/td>\n<td>sliver<\/td>\n<\/tr>\n<tr>\n<td class=\"label\">Hakemus<\/td>\n<td>alumiini-ikkuna , liukuovi. Decoratino-profiili<\/td>\n<\/tr>\n<tr>\n<td class=\"label\">MOQ<\/td>\n<td>200 kg kutakin tuotetta kohti<\/td>\n<\/tr>\n<\/table>\n<h2>Tuotantopohjamme<\/h2>\n<h3>Tehtaan panoraama<\/h3>\n<p><img decoding=\"async\" src=\"\/wp-content\/uploads\/factory-01.webp\"\/><\/p>\n<h3>Alumiini Bar Manufacturing Workshop<\/h3>\n<p><img decoding=\"async\" src=\"\/wp-content\/uploads\/factory-02.webp\"\/><\/p>\n<\/p>\n<p><img decoding=\"async\" src=\"\/wp-content\/uploads\/factory-03.webp\"\/><\/p>\n<h3>Muotin varastointi Varasto<\/h3>\n<p><img decoding=\"async\" src=\"\/wp-content\/uploads\/factory-04.webp\"\/><\/p>\n<h3>43 alumiinin ekstruusiolinjat (500-5500 tonnia)<\/h3>\n<p><img decoding=\"async\" src=\"\/wp-content\/uploads\/factory-05.webp\"\/><\/p>\n<p><img decoding=\"async\" src=\"\/wp-content\/uploads\/factory-06.webp\"\/><\/p>\n<p><img decoding=\"async\" src=\"\/wp-content\/uploads\/factory-07.webp\"\/><\/p>\n<h3>Jauhemaalaus ty\u00f6paja<\/h3>\n<p><img decoding=\"async\" src=\"\/wp-content\/uploads\/factory-09.webp\"\/><\/p>\n<h3>Anodisointi ty\u00f6paja<\/h3>\n<p><img decoding=\"async\" src=\"\/wp-content\/uploads\/factory-10.webp\"\/><\/p>\n<h3>Syv\u00e4k\u00e4sittelyn ty\u00f6paja<\/h3>\n<p><img decoding=\"async\" src=\"\/wp-content\/uploads\/factory-11.webp\"\/><\/p>\n<h3>CNC-tarkkuuskoneistus ty\u00f6paja<\/h3>\n<p><img decoding=\"async\" src=\"\/wp-content\/uploads\/factory-11.5.webp\"\/><\/p>\n<h3>Valmiiden tuotteiden ja vientivarasto<\/h3>\n<p><img decoding=\"async\" src=\"\/wp-content\/uploads\/factory-12.webp\"\/><\/p>\n<p><img decoding=\"async\" src=\"\/wp-content\/uploads\/factory-13.webp\"\/><\/p>\n<p><img decoding=\"async\" src=\"\/wp-content\/uploads\/factory-14.webp\"\/><\/p>\n<h2>FAQ<\/h2>\n<p><b>1.What on anodisoitu alumiini? <\/b><\/p>\n<p> Anodisoitu alumiini on alumiinia, joka on k\u00e4sitelty s\u00e4hk\u00f6kemiallisella prosessilla kest\u00e4v\u00e4n, korroosionkest\u00e4v\u00e4n ja koristeellisen oksidipintakerroksen luomiseksi.\n<\/p>\n<p><\/p>\n<p><b>2.Mitk\u00e4 ovat anodisoidun alumiinin t\u00e4rkeimm\u00e4t edut? <\/b><\/p>\n<p> Anodisoitu alumiini tarjoaa paremman korroosionkest\u00e4vyyden, suuremman pintakovuuden, UV-suojan, pitk\u00e4kestoisen v\u00e4rin ja tyylikk\u00e4\u00e4n metallisen viimeistelyn.\n<\/p>\n<p><\/p>\n<p><b>3.Miksi valita anodisoitu alumiini yli ei-anodisoitu alumiini? <\/b><\/p>\n<p> Anodisoitu alumiini on kest\u00e4v\u00e4mp\u00e4\u00e4, naarmuuntumattomampaa ja visuaalisesti miellytt\u00e4v\u00e4mp\u00e4\u00e4, joten se sopii erinomaisesti sek\u00e4 toiminnallisiin ett\u00e4 koristeellisiin sovelluksiin.\n<\/p>\n<p><\/p>\n<p><b>4.Is anodisoitu alumiini sopii ulkok\u00e4ytt\u00f6\u00f6n? <\/b><\/p>\n<p> Kyll\u00e4, anodisoitu pinta suojaa UV-s\u00e4teilt\u00e4, kosteudelta ja ymp\u00e4rist\u00f6n aiheuttamalta korroosiolta, joten se sopii erinomaisesti ulko- ja arkkitehtuurisovelluksiin.\n<\/p>\n<p><\/p>\n<p><b>5.Can anodisoitu alumiini on v\u00e4rillinen? <\/b><\/p>\n<p> Anodisointiprosessi mahdollistaa eri v\u00e4rien, kuten mustan, hopean, pronssin, kullan ja samppanjan, yhdist\u00e4misen s\u00e4ilytt\u00e4en samalla metallisen ilmeen.\n<\/p>\n<p><\/p>\n<p><b>6.Mitk\u00e4 teollisuudenalat k\u00e4ytt\u00e4v\u00e4t yleisesti anodisoitua alumiinia? <\/b><\/p>\n<p> Sit\u00e4 k\u00e4ytet\u00e4\u00e4n laajalti rakentamisessa, elektroniikassa, autoteollisuudessa, ilmailu- ja avaruusteollisuudessa, huonekaluissa, opasteissa ja kuluttajatuotteissa sen lujuuden ja visuaalisen houkuttelevuuden vuoksi.\n<\/p>\n<p><\/p>\n<p><b>7.How kest\u00e4v\u00e4 on anodisoitu viimeistely? <\/b><\/p>\n<p> Anodisoitu kerros on eritt\u00e4in kest\u00e4v\u00e4, se ei kuoriudu eik\u00e4 lohkeile, ja se voi kest\u00e4\u00e4 vuosikymmeni\u00e4 normaalissa k\u00e4yt\u00f6ss\u00e4 ja ymp\u00e4rist\u00f6olosuhteissa.\n<\/p>\n<p><\/p>\n<p><b>8.Is anodisoitu alumiini ymp\u00e4rist\u00f6yst\u00e4v\u00e4llinen? <\/b><\/p>\n<p> Kyll\u00e4, alumiini on 100%-kierr\u00e4tett\u00e4v\u00e4\u00e4, ja anodisointiprosessi on myrkyt\u00f6n ja ymp\u00e4rist\u00f6n kannalta turvallinen, joten se on kest\u00e4v\u00e4 materiaalivalinta.\n<\/p>\n<p><\/p>\n<p><b>9.Does anodisoitu alumiini vaatii huoltoa? <\/b><\/p>\n<p> Tarvitaan vain v\u00e4h\u00e4n huoltoa - puhdista vain miedolla saippualla ja vedell\u00e4, jotta sen ulkon\u00e4k\u00f6 ja suorituskyky s\u00e4ilyv\u00e4t.\n<\/p>\n<p><\/p>\n<p><b>10.Can anodisoitu alumiini voidaan r\u00e4\u00e4t\u00e4l\u00f6id\u00e4? <\/b><\/p>\n<p> Kyll\u00e4, se voidaan suulakepuristaa, muotoilla ja anodisoida eri v\u00e4reiss\u00e4 ja pintak\u00e4sittelyiss\u00e4 erityisten suunnittelu- ja toiminnallisten vaatimusten mukaisesti.\n<\/p>\n<p><\/p>","protected":false},"featured_media":6057,"template":"","categories":[57],"class_list":["post-6058","product","type-product","status-publish","has-post-thumbnail","hentry","category-anodized-aluminum-profile"],"meta_box":{"hilight_text_group":{"product_hilight_text":"<li>Enhanced corrosion and wear resistance for long-term durability<\/li>\r\r\n<li>Attractive and uniform surface finish ideal for visible applications<\/li>\r\r\n<li>Available in various colors and textures for design flexibility<\/li>\r\r\n<li>Improved surface hardness suitable for demanding environments<\/li>\r\r\n<li>Low maintenance and environmentally friendly surface treatment<\/li>","product_chanpin_chanpin":"<li><a href=\"https:\/\/sinoextrud.com\/product\/extruded-aluminum-stock\/\" target=\"_blank\">Extruded Aluminum Stock<\/a><\/li>\r\n<li><a href=\"https:\/\/sinoextrud.com\/product\/custom-anodized-aluminium-profiles\/\" target=\"_blank\">Custom Anodized Aluminium Profiles<\/a><\/li>\r\n<li><a href=\"https:\/\/sinoextrud.com\/product\/aluminium-profile-corner-joint\/\" target=\"_blank\">Aluminium Profile Corner Joint<\/a><\/li>\r\n<li><a href=\"https:\/\/sinoextrud.com\/product\/industrial-aluminum-brushed-polish-profile-for-railing-and-showroom-decoration\/\" target=\"_blank\">Industrial Aluminum Brushed Polish Profile For Railing And Showroom Decoration<\/a><\/li>\r\n<li><a href=\"https:\/\/sinoextrud.com\/product\/anodized-aluminum\/\" target=\"_blank\">Anodized Aluminum<\/a><\/li>\r\n<li><a href=\"https:\/\/sinoextrud.com\/product\/large-aluminum-extrusion-2\/\" target=\"_blank\">Large Aluminum Extrusion<\/a><\/li>\r\n<li><a href=\"https:\/\/sinoextrud.com\/product\/aluminium-door-extrusions-profiles\/\" target=\"_blank\">Aluminium Door Extrusions Profiles<\/a><\/li>\r\n<li><a href=\"https:\/\/sinoextrud.com\/product\/aluminium-extrusion-profile-handle\/\" target=\"_blank\">Aluminium Extrusion Profile Handle<\/a><\/li>\r\n<li><a href=\"https:\/\/sinoextrud.com\/product\/linear-rail-aluminium-extrusion\/\" target=\"_blank\">Linear Rail Aluminium Extrusion<\/a><\/li>\r\n<li><a href=\"https:\/\/sinoextrud.com\/product\/aluminum-handrail-profiles\/\" target=\"_blank\">Aluminum Handrail Profiles<\/a><\/li>\r\n<li><a href=\"https:\/\/sinoextrud.com\/product\/round-aluminum-extrusion-profiles\/\" target=\"_blank\">Round Aluminum Extrusion Profiles<\/a><\/li>"},"feature_list":[]},"_links":{"self":[{"href":"https:\/\/sinoextrud.com\/fi\/wp-json\/wp\/v2\/product\/6058","targetHints":{"allow":["GET"]}}],"collection":[{"href":"https:\/\/sinoextrud.com\/fi\/wp-json\/wp\/v2\/product"}],"about":[{"href":"https:\/\/sinoextrud.com\/fi\/wp-json\/wp\/v2\/types\/product"}],"wp:featuredmedia":[{"embeddable":true,"href":"https:\/\/sinoextrud.com\/fi\/wp-json\/wp\/v2\/media\/6057"}],"wp:attachment":[{"href":"https:\/\/sinoextrud.com\/fi\/wp-json\/wp\/v2\/media?parent=6058"}],"wp:term":[{"taxonomy":"category","embeddable":true,"href":"https:\/\/sinoextrud.com\/fi\/wp-json\/wp\/v2\/categories?post=6058"}],"curies":[{"name":"wp","href":"https:\/\/api.w.org\/{rel}","templated":true}]}}