{"id":6056,"date":"2025-05-24T03:29:45","date_gmt":"2025-05-24T03:29:45","guid":{"rendered":"https:\/\/sinoextrud.com\/product\/industrial-aluminum-brushed-polish-profile-for-railing-and-showroom-decoration\/"},"modified":"2025-06-24T03:53:56","modified_gmt":"2025-06-24T03:53:56","slug":"teollinen-alumiini-harjattu-kiillottaa-profiilin-kaiteen-ja-nayttelytilan-sisustus","status":"publish","type":"product","link":"https:\/\/sinoextrud.com\/fi\/product\/industrial-aluminum-brushed-polish-profile-for-railing-and-showroom-decoration\/","title":{"rendered":"Teollinen alumiini harjattu Puolan profiili kaiteen ja n\u00e4yttelytilan koristeluun"},"content":{"rendered":"<h2>Tuotteiden tiedot<\/h2>\n<table class=\"custom-table\">\n<tr>\n<td class=\"label\">Tuotemerkki:<\/td>\n<td>Sinoextrud<\/td>\n<\/tr>\n<tr>\n<td class=\"label\">materiaali:<\/td>\n<td>alumiiniseos<\/td>\n<\/tr>\n<tr>\n<td class=\"label\">Nimitys:<\/td>\n<td>6 tai muu sarja kysynn\u00e4n mukaan<\/td>\n<\/tr>\n<tr>\n<td class=\"label\">pituus<\/td>\n<td>R\u00e4\u00e4t\u00e4l\u00f6ity<\/td>\n<\/tr>\n<tr>\n<td class=\"label\">paksuus<\/td>\n<td>R\u00e4\u00e4t\u00e4l\u00f6ity<\/td>\n<\/tr>\n<tr>\n<td class=\"label\">Kuvaus<\/td>\n<td>alumiiniprofiili, alumiini puristaminen, alumiiniputki, baari, alumiiniseos, alumiinituotteet, alumiini ovet ja ikkunat, rakennusmateriaali<\/td>\n<\/tr>\n<tr>\n<td class=\"label\">Pintak\u00e4sittely<\/td>\n<td>myllyn viimeistely (ilman k\u00e4sittely\u00e4), kiillotettu, anodisointi, tehopinnoitus, puunjyv\u00e4maalaus, hiekkapuhallus, elektroforeesi jne.<\/td>\n<\/tr>\n<tr>\n<td class=\"label\">Mitta<\/td>\n<td>valinnainen<\/td>\n<\/tr>\n<tr>\n<td class=\"label\">Pakkaus<\/td>\n<td>Voimapaperi, kartonkilaatikko, suojavaahto, l\u00e4mp\u00f6sidottu muovikalvo, poly-pussi jne. kysynn\u00e4n mukaan.<\/td>\n<\/tr>\n<tr>\n<td class=\"label\">Todistukset<\/td>\n<td>ISO 9001.CE, SGS,<\/td>\n<\/tr>\n<tr>\n<td class=\"label\">V\u00e4ri<\/td>\n<td>Hopea, musta, hopea, pronssi, samppanja, puunjyv\u00e4 ja niin edelleen.<\/td>\n<\/tr>\n<tr>\n<td class=\"label\">Muoto<\/td>\n<td>Saatavana erilaisia muotoja, parametreja ja v\u00e4rej\u00e4<\/td>\n<\/tr>\n<tr>\n<td class=\"label\">Usuage<\/td>\n<td>ikkunat, ovet, sein\u00e4t, huonekalut, arkkitehtuuri-, koriste-, siviili-, teollisuus- ja tietotekniikka-alan tuotteet jne..,<\/td>\n<\/tr>\n<tr>\n<td class=\"label\">Toimituksen tiedot<\/td>\n<td>10-20 p\u00e4iv\u00e4\u00e4 \/ riippuu m\u00e4\u00e4r\u00e4st\u00e4 ja piirustuksista<\/td>\n<\/tr>\n<tr>\n<td class=\"label\">Laatu<\/td>\n<td>Laatu on kansainv\u00e4lisen standardin mukainen.<\/td>\n<\/tr>\n<tr>\n<td class=\"label\">Suunnittelu<\/td>\n<td>OEM tai ODM on saatavana, pls l\u00e4het\u00e4 meille piirustuksesi<\/td>\n<\/tr>\n<tr>\n<td class=\"label\">Ominaisuus<\/td>\n<td>Korkea korroosionkest\u00e4vyys, s\u00e4\u00e4nkest\u00e4vyys, l\u00e4mm\u00f6nkest\u00e4vyys, alkalinkest\u00e4vyys.<\/td>\n<\/tr>\n<\/table>\n<h2>Tuotantopohjamme<\/h2>\n<h3>Tehtaan panoraama<\/h3>\n<p><img decoding=\"async\" src=\"\/wp-content\/uploads\/factory-01.webp\"\/><\/p>\n<h3>Alumiini Bar Manufacturing Workshop<\/h3>\n<p><img decoding=\"async\" src=\"\/wp-content\/uploads\/factory-02.webp\"\/><\/p>\n<\/p>\n<p><img decoding=\"async\" src=\"\/wp-content\/uploads\/factory-03.webp\"\/><\/p>\n<h3>Muotin varastointi Varasto<\/h3>\n<p><img decoding=\"async\" src=\"\/wp-content\/uploads\/factory-04.webp\"\/><\/p>\n<h3>43 alumiinin ekstruusiolinjat (500-5500 tonnia)<\/h3>\n<p><img decoding=\"async\" src=\"\/wp-content\/uploads\/factory-05.webp\"\/><\/p>\n<p><img decoding=\"async\" src=\"\/wp-content\/uploads\/factory-06.webp\"\/><\/p>\n<p><img decoding=\"async\" src=\"\/wp-content\/uploads\/factory-07.webp\"\/><\/p>\n<h3>Jauhemaalaus ty\u00f6paja<\/h3>\n<p><img decoding=\"async\" src=\"\/wp-content\/uploads\/factory-09.webp\"\/><\/p>\n<h3>Anodisointi ty\u00f6paja<\/h3>\n<p><img decoding=\"async\" src=\"\/wp-content\/uploads\/factory-10.webp\"\/><\/p>\n<h3>Syv\u00e4k\u00e4sittelyn ty\u00f6paja<\/h3>\n<p><img decoding=\"async\" src=\"\/wp-content\/uploads\/factory-11.webp\"\/><\/p>\n<h3>CNC-tarkkuuskoneistus ty\u00f6paja<\/h3>\n<p><img decoding=\"async\" src=\"\/wp-content\/uploads\/factory-11.5.webp\"\/><\/p>\n<h3>Valmiiden tuotteiden ja vientivarasto<\/h3>\n<p><img decoding=\"async\" src=\"\/wp-content\/uploads\/factory-12.webp\"\/><\/p>\n<p><img decoding=\"async\" src=\"\/wp-content\/uploads\/factory-13.webp\"\/><\/p>\n<p><img decoding=\"async\" src=\"\/wp-content\/uploads\/factory-14.webp\"\/><\/p>\n<h2>FAQ<\/h2>\n<p><b>1.Mik\u00e4 on Industrial alumiini harjattu Puolan profiili kaiteen ja n\u00e4yttelytilan koristeluun? <\/b><\/p>\n<p> Se on alumiinipuristetta, jossa on harjattu ja kiillotettu pintak\u00e4sittely, ja se on suunniteltu k\u00e4ytett\u00e4v\u00e4ksi kaidej\u00e4rjestelmiss\u00e4 ja n\u00e4yttelytilojen sisustuksessa tyylikk\u00e4\u00e4n ja modernin ulkon\u00e4\u00f6n aikaansaamiseksi.\n<\/p>\n<p><\/p>\n<p><b>2.What ovat edut Industrial alumiini harjattu Puolan profiilit? <\/b><\/p>\n<p> N\u00e4m\u00e4 profiilit tarjoavat korkealuokkaista estetiikkaa, erinomaista korroosionkest\u00e4vyytt\u00e4, helppoa huoltoa ja kest\u00e4v\u00e4\u00e4 suorituskyky\u00e4 sek\u00e4 rakenne- ett\u00e4 koristesovelluksiin.\n<\/p>\n<p><\/p>\n<p><b>3.Miksi valita harjattu kiillotus alumiiniprofiileille? <\/b><\/p>\n<p> Harjattu kiillotus antaa hienostuneen, mattapintaisen metallisen ulkon\u00e4\u00f6n, joka peitt\u00e4\u00e4 sormenj\u00e4ljet ja naarmut, ja on ihanteellinen paljon k\u00e4ytetyille ja visuaalisesti n\u00e4kyville alueille, kuten n\u00e4yttelytiloihin ja kaiteisiin.\n<\/p>\n<p><\/p>\n<p><b>4.Onko harjattu kiillotettu alumiiniprofiili sopiva sis\u00e4- ja ulkok\u00e4ytt\u00f6\u00f6n? <\/b><\/p>\n<p> Kyll\u00e4, harjattu ja kiillotettu pinta, usein yhdistettyn\u00e4 anodisointiin, tekee siit\u00e4 kosteutta ja UV-s\u00e4teily\u00e4 kest\u00e4v\u00e4n, ja se kest\u00e4\u00e4 pitk\u00e4aikaista sis\u00e4- tai ulkok\u00e4ytt\u00f6\u00e4.\n<\/p>\n<p><\/p>\n<p><b>5.Mit\u00e4 sovelluksia k\u00e4ytt\u00e4\u00e4 Industrial alumiini harjattu Puolan profiilit? <\/b><\/p>\n<p> N\u00e4it\u00e4 profiileja k\u00e4ytet\u00e4\u00e4n yleisesti portaiden kaiteissa, parvekekaiteissa, myym\u00e4l\u00e4kalusteissa, n\u00e4yttelytilojen n\u00e4ytteiss\u00e4, v\u00e4liseiniss\u00e4 ja arkkitehtonisissa somisteissa.\n<\/p>\n<p><\/p>\n<p><b>6.Voiko n\u00e4it\u00e4 profiileja r\u00e4\u00e4t\u00e4l\u00f6id\u00e4 kooltaan ja muodoltaan? <\/b><\/p>\n<p> Niit\u00e4 voidaan ehdottomasti valmistaa eri pituuksina, poikkileikkauksina ja pintak\u00e4sittelyn\u00e4 erityisten suunnittelu- ja asennusvaatimusten mukaisesti.\n<\/p>\n<p><\/p>\n<p><b>7.Miten harjattu kiillotettu alumiini parantaa n\u00e4yttelytilojen suunnittelua? <\/b><\/p>\n<p> Se tuo sis\u00e4tiloihin modernin ja hienostuneen tunnelman, heijastaa valoa houkuttelevasti ja luo siistin, ammattimaisen ilmeen, joka parantaa tuotteiden esittely\u00e4.\n<\/p>\n<p><\/p>\n<p><b>8.Are Industrial harjattu Puolan alumiini profiilit helppo yll\u00e4pit\u00e4\u00e4? <\/b><\/p>\n<p> Kyll\u00e4, sile\u00e4 pinta kest\u00e4\u00e4 likaa ja vaatii vain satunnaista puhdistusta pehme\u00e4ll\u00e4 liinalla ja miedolla pesuaineella pysy\u00e4kseen koskemattomana.\n<\/p>\n<p><\/p>\n<p><b>9.Is harjattu kiillotettu alumiini ymp\u00e4rist\u00f6yst\u00e4v\u00e4llinen? <\/b><\/p>\n<p> Kyll\u00e4, alumiini on 100%-kierr\u00e4tett\u00e4v\u00e4\u00e4, ja viimeistelyprosessi on yleens\u00e4 v\u00e4h\u00e4p\u00e4\u00e4st\u00f6inen, mik\u00e4 tekee siit\u00e4 kest\u00e4v\u00e4n valinnan nykyaikaiseen rakentamiseen ja suunnitteluun.\n<\/p>\n<p><\/p>\n<p><b>10.Kuinka kest\u00e4v\u00e4 on harjattu kiillotettu alumiiniprofiili kaiteiden k\u00e4ytt\u00f6\u00f6n? <\/b><\/p>\n<p> Eritt\u00e4in kest\u00e4v\u00e4t - harjatut ja kiillotetut alumiiniprofiilit kest\u00e4v\u00e4t kulutusta, korroosiota ja muodonmuutoksia, mik\u00e4 takaa pitk\u00e4aikaisen rakenteellisen ja visuaalisen suorituskyvyn.\n<\/p>\n<p><\/p>","protected":false},"featured_media":6055,"template":"","categories":[57],"class_list":["post-6056","product","type-product","status-publish","has-post-thumbnail","hentry","category-anodized-aluminum-profile"],"meta_box":{"hilight_text_group":{"product_hilight_text":"<li>Brushed polish finish offers a sleek, high-end aesthetic for modern spaces<\/li>\r\r\n<li>Durable aluminum construction ensures long-lasting performance and corrosion resistance<\/li>\r\r\n<li>Ideal for railings, showroom displays, and interior architectural accents<\/li>\r\r\n<li>Easy to fabricate and install, saving time and labor costs<\/li>\r\r\n<li>Customizable sizes and finishes to meet specific design and branding needs<\/li>","product_chanpin_chanpin":"<li><a href=\"https:\/\/sinoextrud.com\/product\/sandblasted-aluminum-profile\/\" target=\"_blank\">Sandblasted Aluminum Profile<\/a><\/li>\r\n<li><a href=\"https:\/\/sinoextrud.com\/product\/extruded-aluminum-stock\/\" target=\"_blank\">Extruded Aluminum Stock<\/a><\/li>\r\n<li><a href=\"https:\/\/sinoextrud.com\/product\/custom-anodized-aluminium-profiles\/\" target=\"_blank\">Custom Anodized Aluminium Profiles<\/a><\/li>\r\n<li><a href=\"https:\/\/sinoextrud.com\/product\/aluminium-profile-corner-joint\/\" target=\"_blank\">Aluminium Profile Corner Joint<\/a><\/li>\r\n<li><a href=\"https:\/\/sinoextrud.com\/product\/industrial-aluminum-brushed-polish-profile-for-railing-and-showroom-decoration\/\" target=\"_blank\">Industrial Aluminum Brushed Polish Profile For Railing And Showroom Decoration<\/a><\/li>\r\n<li><a href=\"https:\/\/sinoextrud.com\/product\/anodized-aluminum\/\" target=\"_blank\">Anodized Aluminum<\/a><\/li>\r\n<li><a href=\"https:\/\/sinoextrud.com\/product\/large-aluminum-extrusion-2\/\" target=\"_blank\">Large Aluminum Extrusion<\/a><\/li>\r\n<li><a href=\"https:\/\/sinoextrud.com\/product\/aluminium-door-extrusions-profiles\/\" target=\"_blank\">Aluminium Door Extrusions Profiles<\/a><\/li>\r\n<li><a href=\"https:\/\/sinoextrud.com\/product\/aluminium-extrusion-profile-handle\/\" target=\"_blank\">Aluminium Extrusion Profile Handle<\/a><\/li>\r\n<li><a href=\"https:\/\/sinoextrud.com\/product\/cnc-machining-aluminium-profile-connectors\/\" target=\"_blank\">CNC Machining Aluminium Profile Connectors<\/a><\/li>\r\n<li><a href=\"https:\/\/sinoextrud.com\/product\/oem-precision-cnc-machining-for-aluminum-parts\/\" target=\"_blank\">OEM Precision CNC Machining For Aluminum Parts<\/a><\/li>"},"feature_list":[]},"_links":{"self":[{"href":"https:\/\/sinoextrud.com\/fi\/wp-json\/wp\/v2\/product\/6056","targetHints":{"allow":["GET"]}}],"collection":[{"href":"https:\/\/sinoextrud.com\/fi\/wp-json\/wp\/v2\/product"}],"about":[{"href":"https:\/\/sinoextrud.com\/fi\/wp-json\/wp\/v2\/types\/product"}],"wp:featuredmedia":[{"embeddable":true,"href":"https:\/\/sinoextrud.com\/fi\/wp-json\/wp\/v2\/media\/6055"}],"wp:attachment":[{"href":"https:\/\/sinoextrud.com\/fi\/wp-json\/wp\/v2\/media?parent=6056"}],"wp:term":[{"taxonomy":"category","embeddable":true,"href":"https:\/\/sinoextrud.com\/fi\/wp-json\/wp\/v2\/categories?post=6056"}],"curies":[{"name":"wp","href":"https:\/\/api.w.org\/{rel}","templated":true}]}}