{"id":6052,"date":"2025-05-24T03:21:24","date_gmt":"2025-05-24T03:21:24","guid":{"rendered":"https:\/\/sinoextrud.com\/product\/custom-anodized-aluminium-profiles\/"},"modified":"2025-06-24T03:53:51","modified_gmt":"2025-06-24T03:53:51","slug":"raataloidyt-anodisoidut-alumiiniprofiilit","status":"publish","type":"product","link":"https:\/\/sinoextrud.com\/fi\/product\/custom-anodized-aluminium-profiles\/","title":{"rendered":"Mukautetut anodisoidut alumiiniprofiilit"},"content":{"rendered":"<h2>Tuotteiden tiedot<\/h2>\n<table class=\"custom-table\">\n<tr>\n<td class=\"label\">V\u00e4ri<\/td>\n<td>kirkas, luonnollinen, kulta, hopea, vaaleanpunainen,?valkoinen, musta, sininen, tumma, ruskea, harmaa, vihre\u00e4, samppanja, moniv\u00e4rinen.<\/td>\n<\/tr>\n<tr>\n<td class=\"label\">kirkkaus<\/td>\n<td>matta, kiilt\u00e4v\u00e4<\/td>\n<\/tr>\n<tr>\n<td class=\"label\">metallinen vaikutus<\/td>\n<td>messinki, kupari<\/td>\n<\/tr>\n<tr>\n<td class=\"label\">Pintak\u00e4sittely<\/td>\n<td>kiillotusanodisoitu, harjattu anodisoitu, satiinianodisoitu, anodisoitu jauhemaalattu jne.<\/td>\n<\/tr>\n<tr>\n<td class=\"label\">Alumiiniseos materiaali<\/td>\n<td>7075, 5052, 6063, 6061, jne. (Voit mukauttaa mit\u00e4 haluat)<\/td>\n<\/tr>\n<tr>\n<td class=\"label\">Sovellukset<\/td>\n<td>raita, jalkalistat, ikkunanpuitteet, kehys, putki, kulma, kulmavahvikkeet, leivontatarvikkeet, lohko, litte\u00e4 tanko, keitti\u00f6tarvikkeet, julkisivu, katto jne.<\/td>\n<\/tr>\n<\/table>\n<h2>Tuotantopohjamme<\/h2>\n<h3>Tehtaan panoraama<\/h3>\n<p><img decoding=\"async\" src=\"\/wp-content\/uploads\/factory-01.webp\"\/><\/p>\n<h3>Alumiini Bar Manufacturing Workshop<\/h3>\n<p><img decoding=\"async\" src=\"\/wp-content\/uploads\/factory-02.webp\"\/><\/p>\n<p><img decoding=\"async\" src=\"\/wp-content\/uploads\/factory-03.webp\"\/><\/p>\n<h3>Muotin varastointi Varasto<\/h3>\n<p><img decoding=\"async\" src=\"\/wp-content\/uploads\/factory-04.webp\"\/><\/p>\n<h3>43 alumiinin ekstruusiolinjat (500-5500 tonnia)<\/h3>\n<p><img decoding=\"async\" src=\"\/wp-content\/uploads\/factory-05.webp\"\/><\/p>\n<p><img decoding=\"async\" src=\"\/wp-content\/uploads\/factory-06.webp\"\/><\/p>\n<p><img decoding=\"async\" src=\"\/wp-content\/uploads\/factory-07.webp\"\/><\/p>\n<h3>Jauhemaalaus ty\u00f6paja<\/h3>\n<p><img decoding=\"async\" src=\"\/wp-content\/uploads\/factory-09.webp\"\/><\/p>\n<h3>Anodisointi ty\u00f6paja<\/h3>\n<p><img decoding=\"async\" src=\"\/wp-content\/uploads\/factory-10.webp\"\/><\/p>\n<h3>Syv\u00e4k\u00e4sittelyn ty\u00f6paja<\/h3>\n<p><img decoding=\"async\" src=\"\/wp-content\/uploads\/factory-11.webp\"\/><\/p>\n<h3>CNC-tarkkuuskoneistus ty\u00f6paja<\/h3>\n<p><img decoding=\"async\" src=\"\/wp-content\/uploads\/factory-11.5.webp\"\/><\/p>\n<h3>Valmiiden tuotteiden ja vientivarasto<\/h3>\n<p><img decoding=\"async\" src=\"\/wp-content\/uploads\/factory-12.webp\"\/><\/p>\n<p><img decoding=\"async\" src=\"\/wp-content\/uploads\/factory-13.webp\"\/><\/p>\n<p><img decoding=\"async\" src=\"\/wp-content\/uploads\/factory-14.webp\"\/><\/p>\n<h2>FAQ<\/h2>\n<p><p><b>1.Mit\u00e4 ovat mukautetut anodisoidut alumiiniprofiilit? <\/b><\/p>\n<p> R\u00e4\u00e4t\u00e4l\u00f6idyt anodisoidut alumiiniprofiilit ovat alumiiniprofiileja, jotka on r\u00e4\u00e4t\u00e4l\u00f6ity muodon, koon ja viimeistelyn mukaan ja sitten anodisoitu pinnan kest\u00e4vyyden, korroosionkest\u00e4vyyden ja ulkon\u00e4\u00f6n parantamiseksi.<br \/>\n<\/p><br \/>\n<br \/>\n<p><b>2.Mitk\u00e4 ovat mukautettujen anodisoitujen alumiiniprofiilien edut? <\/b><\/p>\n<p> N\u00e4m\u00e4 profiilit tarjoavat tarkan r\u00e4\u00e4t\u00e4l\u00f6innin, pitk\u00e4aikaisen anodisoidun suojan, esteettisen joustavuuden sek\u00e4 paremman kulumis- ja korroosionkest\u00e4vyyden.<br \/>\n<\/p><br \/>\n<br \/>\n<p><b>3.Miksi valita anodisointi r\u00e4\u00e4t\u00e4l\u00f6ityihin alumiiniprofiileihin? <\/b><\/p>\n<p> Anodisointi vahvistaa pintaa, parantaa UV-s\u00e4teily\u00e4 ja korroosionkest\u00e4vyytt\u00e4 ja mahdollistaa erilaisia v\u00e4ri- ja kuviointivaihtoehtoja alumiinin eheytt\u00e4 vaarantamatta.<br \/>\n<\/p><br \/>\n<br \/>\n<p><b>4.Can Custom anodisoidut alumiiniprofiilit voidaan k\u00e4ytt\u00e4\u00e4 ulkona? <\/b><\/p>\n<p> Kyll\u00e4, anodisoitu pinnoite tekee niist\u00e4 eritt\u00e4in s\u00e4\u00e4nkest\u00e4vi\u00e4, mik\u00e4 tekee niist\u00e4 ihanteellisia ulkorakenteisiin, julkisivuihin ja arkkitehtonisiin sovelluksiin.<br \/>\n<\/p><br \/>\n<br \/>\n<p><b>5.Mit\u00e4 pintak\u00e4sittelyj\u00e4 on saatavana r\u00e4\u00e4t\u00e4l\u00f6ityihin anodisoituihin alumiiniprofiileihin? <\/b><\/p>\n<p> Saatavilla on matta-, satiini-, harja- ja kiilt\u00e4v\u00e4pintaisia pintoja sek\u00e4 anodisoituja v\u00e4rivaihtoehtoja, kuten hopea, musta, pronssi, kulta ja samppanja.<br \/>\n<\/p><br \/>\n<br \/>\n<p><b>6.Ovatko mukautetut anodisoidut alumiiniprofiilit ymp\u00e4rist\u00f6yst\u00e4v\u00e4llisi\u00e4? <\/b><\/p>\n<p> Alumiini on t\u00e4ysin kierr\u00e4tett\u00e4viss\u00e4, ja anodisointi on myrkyt\u00f6n ja ymp\u00e4rist\u00f6yst\u00e4v\u00e4llinen prosessi, joten n\u00e4m\u00e4 profiilit ovat kest\u00e4v\u00e4 suunnitteluratkaisu.<br \/>\n<\/p><br \/>\n<br \/>\n<p><b>7.Mitk\u00e4 teollisuudenalat k\u00e4ytt\u00e4v\u00e4t mukautettuja anodisoituja alumiiniprofiileja? <\/b><\/p>\n<p> Niit\u00e4 k\u00e4ytet\u00e4\u00e4n laajalti rakentamisessa, autoteollisuudessa, ilmailu- ja avaruusalalla, sisustuksessa, elektroniikassa ja huonekaluissa rakenteellisiin ja koristeellisiin tarkoituksiin.<br \/>\n<\/p><br \/>\n<br \/>\n<p><b>8.Kuinka kauan alumiiniprofiilien anodisoitu pinta kest\u00e4\u00e4? <\/b><\/p>\n<p> Anodisoitu kerros on eritt\u00e4in kest\u00e4v\u00e4 ja suojaa vuosikymmeni\u00e4 ilman, ett\u00e4 se kuoriutuu, haalistuu tai sy\u00f6pyy normaaliolosuhteissa.<br \/>\n<\/p><br \/>\n<br \/>\n<p><b>9.Can Custom anodisoidut alumiiniprofiilit voidaan tuottaa pieniss\u00e4 eriss\u00e4? <\/b><\/p>\n<p> Kyll\u00e4, valmistajat voivat tehd\u00e4 sek\u00e4 suuria ett\u00e4 pieni\u00e4 tilauksia, joten ne soveltuvat prototyyppeihin ja erikoisprojekteihin.<br \/>\n<\/p><br \/>\n<br \/>\n<p><b>10.Onko Custom Anodized Aluminium Profiles helppo asentaa? <\/b><\/p>\n<p> N\u00e4m\u00e4 profiilit ovat ehdottomasti kevyit\u00e4, helppoja ty\u00f6st\u00e4\u00e4 ja ne voidaan asentaa tai koota tavallisilla laitteilla ja liittimill\u00e4.<br \/>\n<\/p><br \/><\/p>","protected":false},"featured_media":6051,"template":"","categories":[57],"class_list":["post-6052","product","type-product","status-publish","has-post-thumbnail","hentry","category-anodized-aluminum-profile"],"meta_box":{"hilight_text_group":{"product_hilight_text":"<li>Custom profiles tailored to specific dimensions, shapes, and applications<\/li>\r\r\n<li>Anodized surface offers excellent corrosion, wear, and UV resistance<\/li>\r\r\n<li>Available in a variety of colors and finishes to match design requirements<\/li>\r\r\n<li>Durable, low-maintenance solution ideal for architectural and industrial use<\/li>\r\r\n<li>Improved surface hardness and aesthetic appeal for high-end projects<\/li>","product_chanpin_chanpin":"<li><a href=\"https:\/\/sinoextrud.com\/product\/extruded-aluminium-profile-with-sand-blasted-treatment\/\" target=\"_blank\">Extruded Aluminium Profile With Sand Blasted Treatment<\/a><\/li>\r\n<li><a href=\"https:\/\/sinoextrud.com\/product\/anodized-aluminum-trim-molding\/\" target=\"_blank\">Anodized Aluminum Trim Molding<\/a><\/li>\r\n<li><a href=\"https:\/\/sinoextrud.com\/product\/sandblasted-aluminum-profile\/\" target=\"_blank\">Sandblasted Aluminum Profile<\/a><\/li>\r\n<li><a href=\"https:\/\/sinoextrud.com\/product\/extruded-aluminum-stock\/\" target=\"_blank\">Extruded Aluminum Stock<\/a><\/li>\r\n<li><a href=\"https:\/\/sinoextrud.com\/product\/custom-anodized-aluminium-profiles\/\" target=\"_blank\">Custom Anodized Aluminium Profiles<\/a><\/li>\r\n<li><a href=\"https:\/\/sinoextrud.com\/product\/aluminium-profile-corner-joint\/\" target=\"_blank\">Aluminium Profile Corner Joint<\/a><\/li>\r\n<li><a href=\"https:\/\/sinoextrud.com\/product\/industrial-aluminum-brushed-polish-profile-for-railing-and-showroom-decoration\/\" target=\"_blank\">Industrial Aluminum Brushed Polish Profile For Railing And Showroom Decoration<\/a><\/li>\r\n<li><a href=\"https:\/\/sinoextrud.com\/product\/anodized-aluminum\/\" target=\"_blank\">Anodized Aluminum<\/a><\/li>\r\n<li><a href=\"https:\/\/sinoextrud.com\/product\/large-aluminum-extrusion-2\/\" target=\"_blank\">Large Aluminum Extrusion<\/a><\/li>\r\n<li><a href=\"https:\/\/sinoextrud.com\/product\/picture-frame-extrusions\/\" target=\"_blank\">Picture Frame Extrusions<\/a><\/li>\r\n<li><a href=\"https:\/\/sinoextrud.com\/product\/aluminum-extrusion-profile-rolling-shutter\/\" target=\"_blank\">Aluminum Extrusion Profile Rolling Shutter<\/a><\/li>"},"feature_list":[]},"_links":{"self":[{"href":"https:\/\/sinoextrud.com\/fi\/wp-json\/wp\/v2\/product\/6052","targetHints":{"allow":["GET"]}}],"collection":[{"href":"https:\/\/sinoextrud.com\/fi\/wp-json\/wp\/v2\/product"}],"about":[{"href":"https:\/\/sinoextrud.com\/fi\/wp-json\/wp\/v2\/types\/product"}],"wp:featuredmedia":[{"embeddable":true,"href":"https:\/\/sinoextrud.com\/fi\/wp-json\/wp\/v2\/media\/6051"}],"wp:attachment":[{"href":"https:\/\/sinoextrud.com\/fi\/wp-json\/wp\/v2\/media?parent=6052"}],"wp:term":[{"taxonomy":"category","embeddable":true,"href":"https:\/\/sinoextrud.com\/fi\/wp-json\/wp\/v2\/categories?post=6052"}],"curies":[{"name":"wp","href":"https:\/\/api.w.org\/{rel}","templated":true}]}}