{"id":6046,"date":"2025-05-24T03:13:01","date_gmt":"2025-05-24T03:13:01","guid":{"rendered":"https:\/\/sinoextrud.com\/product\/anodized-aluminum-trim-molding\/"},"modified":"2025-06-24T03:53:44","modified_gmt":"2025-06-24T03:53:44","slug":"anodisoitu-alumiini-leikata-listat","status":"publish","type":"product","link":"https:\/\/sinoextrud.com\/fi\/product\/anodized-aluminum-trim-molding\/","title":{"rendered":"Anodisoitu alumiini Trim Molding"},"content":{"rendered":"<h2>Tuotteiden tiedot<\/h2>\n<table class=\"custom-table\">\n<tr>\n<td class=\"label\">Tuotteen nimi<\/td>\n<td>Anodisoitu alumiini Trim Molding<\/td>\n<\/tr>\n<tr>\n<td class=\"label\">Materiaali<\/td>\n<td>6063,6061,6463,6082<\/td>\n<\/tr>\n<tr>\n<td class=\"label\">Muoto<\/td>\n<td>R\u00e4\u00e4t\u00e4l\u00f6ityn\u00e4<\/td>\n<\/tr>\n<tr>\n<td class=\"label\">Koko<\/td>\n<td>R\u00e4\u00e4t\u00e4l\u00f6ityn\u00e4<\/td>\n<\/tr>\n<tr>\n<td class=\"label\">V\u00e4ri<\/td>\n<td>Kaikki v\u00e4rit saatavilla<\/td>\n<\/tr>\n<tr>\n<td class=\"label\">Pituus<\/td>\n<td>1-9M, muu pituus neuvoteltavissa<\/td>\n<\/tr>\n<tr>\n<td class=\"label\">Tyypillinen Applycation<\/td>\n<td>Teollinen, arkkitehtoninen, sisustus<\/td>\n<\/tr>\n<tr>\n<td class=\"label\">MOQ<\/td>\n<td>200KG kullekin tuotteelle\/v\u00e4rille<\/td>\n<\/tr>\n<tr>\n<td class=\"label\">CNC-prosessi<\/td>\n<td>CNC-jyrsint\u00e4, l\u00e4vistys, poraus, napauttaminen, taivutus<\/td>\n<\/tr>\n<tr>\n<td class=\"label\">Pintak\u00e4sittely<\/td>\n<td>Puuv\u00e4ri, anodisoitu, jauhemaalaus, elektroforeesi, PVDF-pinnoite, harjattu jne.<\/td>\n<\/tr>\n<tr>\n<td class=\"label\">Sertifikaatit<\/td>\n<td>ISO9001, ISO4001, CQM, SGS, CE, BV, SONCAP\/GB, ISO, JIS, AS, NZS, QUALICOAT<\/td>\n<\/tr>\n<tr>\n<td class=\"label\">L\u00e4pimenoaika<\/td>\n<td>Die-open ja n\u00e4ytteen vahvistus12-15 p\u00e4iv\u00e4\u00e4<\/td>\n<\/tr>\n<tr>\n<td class=\"label\"><\/td>\n<td>Massatuotanto 25-30 p\u00e4iv\u00e4\u00e4<\/td>\n<\/tr>\n<tr>\n<td class=\"label\">Toimitusaika<\/td>\n<td> Foshan\/Guangzhou\/Shenzhen<\/td>\n<\/tr>\n<\/table>\n<h2>Tuotantopohjamme<\/h2>\n<h3>Tehtaan panoraama<\/h3>\n<p><img decoding=\"async\" src=\"\/wp-content\/uploads\/factory-01.webp\"\/><\/p>\n<h3>Alumiini Bar Manufacturing Workshop<\/h3>\n<p><img decoding=\"async\" src=\"\/wp-content\/uploads\/factory-02.webp\"\/><\/p>\n<\/p>\n<p><img decoding=\"async\" src=\"\/wp-content\/uploads\/factory-03.webp\"\/><\/p>\n<h3>Muotin varastointi Varasto<\/h3>\n<p><img decoding=\"async\" src=\"\/wp-content\/uploads\/factory-04.webp\"\/><\/p>\n<h3>43 alumiinin ekstruusiolinjat (500-5500 tonnia)<\/h3>\n<p><img decoding=\"async\" src=\"\/wp-content\/uploads\/factory-05.webp\"\/><\/p>\n<p><img decoding=\"async\" src=\"\/wp-content\/uploads\/factory-06.webp\"\/><\/p>\n<p><img decoding=\"async\" src=\"\/wp-content\/uploads\/factory-07.webp\"\/><\/p>\n<h3>Jauhemaalaus ty\u00f6paja<\/h3>\n<p><img decoding=\"async\" src=\"\/wp-content\/uploads\/factory-09.webp\"\/><\/p>\n<h3>Anodisointi ty\u00f6paja<\/h3>\n<p><img decoding=\"async\" src=\"\/wp-content\/uploads\/factory-10.webp\"\/><\/p>\n<h3>Syv\u00e4k\u00e4sittelyn ty\u00f6paja<\/h3>\n<p><img decoding=\"async\" src=\"\/wp-content\/uploads\/factory-11.webp\"\/><\/p>\n<h3>CNC-tarkkuuskoneistus ty\u00f6paja<\/h3>\n<p><img decoding=\"async\" src=\"\/wp-content\/uploads\/factory-11.5.webp\"\/><\/p>\n<h3>Valmiiden tuotteiden ja vientivarasto<\/h3>\n<p><img decoding=\"async\" src=\"\/wp-content\/uploads\/factory-12.webp\"\/><\/p>\n<p><img decoding=\"async\" src=\"\/wp-content\/uploads\/factory-13.webp\"\/><\/p>\n<p><img decoding=\"async\" src=\"\/wp-content\/uploads\/factory-14.webp\"\/><\/p>\n<h2>FAQ<\/h2>\n<p><b>1.Mik\u00e4 on anodisoitu alumiini Trim Molding? <\/b><\/p>\n<p> Anodisoitu alumiini Trim Molding on koristeellinen ja suojaava alumiini nauhat anodisoitu viimeistely, k\u00e4ytet\u00e4\u00e4n reunan, korkki, tai siirtyminen pintojen v\u00e4lill\u00e4 rakentamisessa ja suunnittelussa.\n<\/p>\n<p><\/p>\n<p><b>2.Mitk\u00e4 ovat anodisoidun alumiinin trim Moldingin edut? <\/b><\/p>\n<p> Se tarjoaa erinomaisen korroosionkest\u00e4vyyden, parannetun pinnan kest\u00e4vyyden, tyylikk\u00e4\u00e4n metallisen ulkon\u00e4\u00f6n ja pitk\u00e4kestoisen v\u00e4rin, joka ei haalistu tai kuoriudu.\n<\/p>\n<p><\/p>\n<p><b>3.Miksi valita anodisoidut listat maalattujen tai muovisten vaihtoehtojen sijaan? <\/b><\/p>\n<p> Anodisoitu alumiini on kest\u00e4v\u00e4mp\u00e4\u00e4, UV-s\u00e4teily\u00e4 ja naarmuja kest\u00e4v\u00e4\u00e4 ja s\u00e4ilytt\u00e4\u00e4 pintak\u00e4sittelyns\u00e4 paremmin kuin maali- tai muovivaihtoehdot.\n<\/p>\n<p><\/p>\n<p><b>4.Can anodisoitu alumiini Trim Molding voidaan k\u00e4ytt\u00e4\u00e4 sis\u00e4ll\u00e4 ja ulkona? <\/b><\/p>\n<p> Kyll\u00e4, anodisoitu pinnoite suojaa s\u00e4\u00e4lt\u00e4, UV-altistumiselta ja kosteudelta, joten se soveltuu sek\u00e4 sis\u00e4- ett\u00e4 ulkok\u00e4ytt\u00f6\u00f6n.\n<\/p>\n<p><\/p>\n<p><b>5.What p\u00e4\u00e4ttyy ovat saatavilla anodisoitu alumiini Trim Molding? <\/b><\/p>\n<p> Saatavana on satiini-, harjattu, matta- ja kiilt\u00e4v\u00e4pintaisia pinnoitteita useissa eri v\u00e4reiss\u00e4, kuten hopea, musta, kulta, pronssi ja samppanja.\n<\/p>\n<p><\/p>\n<p><b>6.Is anodisoitu alumiini Trim Molding helppo asentaa? <\/b><\/p>\n<p> Ehdottomasti, se on kevyt, ja se voidaan leikata, porata ja kiinnitt\u00e4\u00e4 helposti liimalla tai kiinnittimill\u00e4, mik\u00e4 on ihanteellista DIY- ja ammattik\u00e4ytt\u00f6\u00f6n.\n<\/p>\n<p><\/p>\n<p><b>7.What sovellukset k\u00e4ytt\u00e4v\u00e4t anodisoitu alumiini Trim Molding? <\/b><\/p>\n<p> Sit\u00e4 k\u00e4ytet\u00e4\u00e4n laajalti keitti\u00f6iss\u00e4, kylpyhuoneissa, huonekaluissa, sein\u00e4paneeleissa, laattojen siirtym\u00e4kohdissa, v\u00e4hitt\u00e4ismyyntin\u00e4yttelyiss\u00e4 ja arkkitehtonisissa yksityiskohdissa.\n<\/p>\n<p><\/p>\n<p><b>8.Parantaako anodisointi alumiinin k\u00e4ytt\u00f6ik\u00e4\u00e4? <\/b><\/p>\n<p> Kyll\u00e4, anodisoitu kerros pident\u00e4\u00e4 tuotteen k\u00e4ytt\u00f6ik\u00e4\u00e4 merkitt\u00e4v\u00e4sti, sill\u00e4 se muodostaa kovan, suojaavan pinnan, joka kest\u00e4\u00e4 kulutusta ja korroosiota.\n<\/p>\n<p><\/p>\n<p><b>9.Is anodisoitu alumiini Trim Molding muokattavissa? <\/b><\/p>\n<p> Kyll\u00e4, sit\u00e4 voidaan valmistaa eri muodoissa, koossa, paksuudessa ja anodisoidussa v\u00e4riss\u00e4 erityisten muotoilu- ja toiminnallisten tarpeiden mukaan.\n<\/p>\n<p><\/p>\n<p><b>10.Is anodisoitu alumiini Trim Molding ymp\u00e4rist\u00f6yst\u00e4v\u00e4llinen? <\/b><\/p>\n<p> Alumiini on t\u00e4ysin kierr\u00e4tett\u00e4viss\u00e4, ja anodisointiprosessi on myrkyt\u00f6n, joten se on kest\u00e4v\u00e4 valinta ymp\u00e4rist\u00f6tietoisiin projekteihin.\n<\/p>\n<p><\/p>","protected":false},"featured_media":6045,"template":"","categories":[57],"class_list":["post-6046","product","type-product","status-publish","has-post-thumbnail","hentry","category-anodized-aluminum-profile"],"meta_box":{"hilight_text_group":{"product_hilight_text":"<li>Durable anodized finish provides corrosion and scratch resistance<\/li>\r\r\n<li>Clean, modern appearance enhances architectural and interior designs<\/li>\r\r\n<li>Lightweight and easy to install with standard tools and adhesives<\/li>\r\r\n<li>Available in various profiles, lengths, and colors for design flexibility<\/li>\r\r\n<li>Ideal for edge protection, panel transitions, and decorative detailing<\/li>","product_chanpin_chanpin":"<li><a href=\"https:\/\/sinoextrud.com\/product\/anodized-mill-finish-auminium-extrusion-angle\/\" target=\"_blank\">Anodized Mill Finish Auminium Extrusion Angle<\/a><\/li>\r\n<li><a href=\"https:\/\/sinoextrud.com\/product\/anodised-aluminium-extrusions\/\" target=\"_blank\">Anodised Aluminium Extrusions<\/a><\/li>\r\n<li><a href=\"https:\/\/sinoextrud.com\/product\/anodized-extruded-aluminum-edging-for-plywood\/\" target=\"_blank\">Anodized Extruded Aluminum Edging For Plywood<\/a><\/li>\r\n<li><a href=\"https:\/\/sinoextrud.com\/product\/extruded-aluminium-profile-with-sand-blasted-treatment\/\" target=\"_blank\">Extruded Aluminium Profile With Sand Blasted Treatment<\/a><\/li>\r\n<li><a href=\"https:\/\/sinoextrud.com\/product\/anodized-aluminum-trim-molding\/\" target=\"_blank\">Anodized Aluminum Trim Molding<\/a><\/li>\r\n<li><a href=\"https:\/\/sinoextrud.com\/product\/sandblasted-aluminum-profile\/\" target=\"_blank\">Sandblasted Aluminum Profile<\/a><\/li>\r\n<li><a href=\"https:\/\/sinoextrud.com\/product\/extruded-aluminum-stock\/\" target=\"_blank\">Extruded Aluminum Stock<\/a><\/li>\r\n<li><a href=\"https:\/\/sinoextrud.com\/product\/custom-anodized-aluminium-profiles\/\" target=\"_blank\">Custom Anodized Aluminium Profiles<\/a><\/li>\r\n<li><a href=\"https:\/\/sinoextrud.com\/product\/aluminium-profile-corner-joint\/\" target=\"_blank\">Aluminium Profile Corner Joint<\/a><\/li>\r\n<li><a href=\"https:\/\/sinoextrud.com\/product\/aluminum-irrigation-pipe-for-sale\/\" target=\"_blank\">Aluminum Irrigation Pipe For Sale<\/a><\/li>\r\n<li><a href=\"https:\/\/sinoextrud.com\/product\/aluminium-lipped-channel-extrusions\/\" target=\"_blank\">Aluminium Lipped Channel Extrusions<\/a><\/li>"},"feature_list":[]},"_links":{"self":[{"href":"https:\/\/sinoextrud.com\/fi\/wp-json\/wp\/v2\/product\/6046","targetHints":{"allow":["GET"]}}],"collection":[{"href":"https:\/\/sinoextrud.com\/fi\/wp-json\/wp\/v2\/product"}],"about":[{"href":"https:\/\/sinoextrud.com\/fi\/wp-json\/wp\/v2\/types\/product"}],"wp:featuredmedia":[{"embeddable":true,"href":"https:\/\/sinoextrud.com\/fi\/wp-json\/wp\/v2\/media\/6045"}],"wp:attachment":[{"href":"https:\/\/sinoextrud.com\/fi\/wp-json\/wp\/v2\/media?parent=6046"}],"wp:term":[{"taxonomy":"category","embeddable":true,"href":"https:\/\/sinoextrud.com\/fi\/wp-json\/wp\/v2\/categories?post=6046"}],"curies":[{"name":"wp","href":"https:\/\/api.w.org\/{rel}","templated":true}]}}