{"id":6044,"date":"2025-05-24T03:09:21","date_gmt":"2025-05-24T03:09:21","guid":{"rendered":"https:\/\/sinoextrud.com\/product\/extruded-aluminium-profile-with-sand-blasted-treatment\/"},"modified":"2025-06-24T03:53:41","modified_gmt":"2025-06-24T03:53:41","slug":"puristettu-alumiiniprofiili-hiekkapuhalletulla-kasittelylla","status":"publish","type":"product","link":"https:\/\/sinoextrud.com\/fi\/product\/extruded-aluminium-profile-with-sand-blasted-treatment\/","title":{"rendered":"Suulakepuristettu alumiiniprofiili hiekkapuhalletulla k\u00e4sittelyll\u00e4"},"content":{"rendered":"<h2>Tuotteiden tiedot<\/h2>\n<table class=\"custom-table\">\n<tr>\n<td class=\"label\">Kohde:<\/td>\n<td> Suulakepuristettu alumiininen hiekkapuhallettu profiili<\/td>\n<\/tr>\n<tr>\n<td class=\"label\">Temperamentti:<\/td>\n<td> T3-T8<\/td>\n<\/tr>\n<tr>\n<td class=\"label\">Seos:<\/td>\n<td> Metalliseos<\/td>\n<\/tr>\n<tr>\n<td class=\"label\">Luokka:<\/td>\n<td> 6000-sarja<\/td>\n<\/tr>\n<tr>\n<td class=\"label\">Koko:<\/td>\n<td> Custom<\/td>\n<\/tr>\n<tr>\n<td class=\"label\">Lis\u00e4palvelu:<\/td>\n<td> OEM<\/td>\n<\/tr>\n<tr>\n<td class=\"label\">Laadunvalvonta:<\/td>\n<td> 100% Tarkastus ennen l\u00e4hetyst\u00e4<\/td>\n<\/tr>\n<\/table>\n<h2>Tuotantopohjamme<\/h2>\n<h3>Tehtaan panoraama<\/h3>\n<p><img decoding=\"async\" src=\"\/wp-content\/uploads\/factory-01.webp\"\/><\/p>\n<h3>Alumiini Bar Manufacturing Workshop<\/h3>\n<p><img decoding=\"async\" src=\"\/wp-content\/uploads\/factory-02.webp\"\/><\/p>\n<p><img decoding=\"async\" src=\"\/wp-content\/uploads\/factory-03.webp\"\/><\/p>\n<h3>Muotin varastointi Varasto<\/h3>\n<p><img decoding=\"async\" src=\"\/wp-content\/uploads\/factory-04.webp\"\/><\/p>\n<h3>43 alumiinin ekstruusiolinjat (500-5500 tonnia)<\/h3>\n<p><img decoding=\"async\" src=\"\/wp-content\/uploads\/factory-05.webp\"\/><\/p>\n<p><img decoding=\"async\" src=\"\/wp-content\/uploads\/factory-06.webp\"\/><\/p>\n<p><img decoding=\"async\" src=\"\/wp-content\/uploads\/factory-07.webp\"\/><\/p>\n<h3>Jauhemaalaus ty\u00f6paja<\/h3>\n<p><img decoding=\"async\" src=\"\/wp-content\/uploads\/factory-09.webp\"\/><\/p>\n<h3>Anodisointi ty\u00f6paja<\/h3>\n<p><img decoding=\"async\" src=\"\/wp-content\/uploads\/factory-10.webp\"\/><\/p>\n<h3>Syv\u00e4k\u00e4sittelyn ty\u00f6paja<\/h3>\n<p><img decoding=\"async\" src=\"\/wp-content\/uploads\/factory-11.webp\"\/><\/p>\n<h3>CNC-tarkkuuskoneistus ty\u00f6paja<\/h3>\n<p><img decoding=\"async\" src=\"\/wp-content\/uploads\/factory-11.5.webp\"\/><\/p>\n<h3>Valmiiden tuotteiden ja vientivarasto<\/h3>\n<p><img decoding=\"async\" src=\"\/wp-content\/uploads\/factory-12.webp\"\/><\/p>\n<p><img decoding=\"async\" src=\"\/wp-content\/uploads\/factory-13.webp\"\/><\/p>\n<p><img decoding=\"async\" src=\"\/wp-content\/uploads\/factory-14.webp\"\/><\/p>\n<h2>FAQ<\/h2>\n<p><p><b>1.Mik\u00e4 on hiekkapuhallettu alumiiniprofiili? <\/b><\/p>\n<p> Se on suulakepuristamalla valmistettu alumiiniprofiili, joka viimeistell\u00e4\u00e4n hiekkapuhaltamalla sile\u00e4n, mattapintaisen ja tasaisen pintarakenteen aikaansaamiseksi.<br \/>\n<\/p><br \/>\n<br \/>\n<p><b>2.Mitk\u00e4 ovat hiekkapuhallettujen puristettujen alumiiniprofiilien edut? <\/b><\/p>\n<p> N\u00e4m\u00e4 profiilit parantavat pinnan tasaisuutta, v\u00e4hent\u00e4v\u00e4t mekaanisia raitoja, lis\u00e4\u00e4v\u00e4t esteettisyytt\u00e4 ja ovat erinomaisia esik\u00e4sittelyaineita anodisointia tai pinnoitusta varten.<br \/>\n<\/p><br \/>\n<br \/>\n<p><b>3.Miksi valita hiekkapuhallusk\u00e4sittely alumiiniprofiileille? <\/b><\/p>\n<p> Hiekkapuhallus poistaa pinnan virheet, parantaa maalien tarttuvuutta ja antaa modernin mattapintaisen ulkon\u00e4\u00f6n, joka on ihanteellinen arkkitehtonisiin ja koristeellisiin sovelluksiin.<br \/>\n<\/p><br \/>\n<br \/>\n<p><b>4.Soveltuuko hiekkapuhallettu alumiini anodisointiin? <\/b><\/p>\n<p> Kyll\u00e4, hiekkapuhalletut pinnat soveltuvat erinomaisesti anodisointiin, sill\u00e4 k\u00e4sittely lis\u00e4\u00e4 pinta-alaa ja parantaa pinnoitteen tarttuvuutta ja tasaisuutta.<br \/>\n<\/p><br \/>\n<br \/>\n<p><b>5.Miss\u00e4 hiekkapuhallettuja alumiiniprofiileja k\u00e4ytet\u00e4\u00e4n yleisesti? <\/b><\/p>\n<p> Niit\u00e4 k\u00e4ytet\u00e4\u00e4n arkkitehtonisissa julkisivuissa, sisustuksessa, kulutuselektroniikassa, autojen verhoilussa ja korkealuokkaisissa huonekaluissa.<br \/>\n<\/p><br \/>\n<br \/>\n<p><b>6.Vaikuttaako hiekkapuhallus alumiiniprofiilin lujuuteen? <\/b><\/p>\n<p> Ei, hiekkapuhallus vaikuttaa vain pintaan eik\u00e4 heikenn\u00e4 alumiiniprofiilin rakenteellista lujuutta tai eheytt\u00e4.<br \/>\n<\/p><br \/>\n<br \/>\n<p><b>7.Voiko hiekkapuhallettuja puristettuja alumiiniprofiileja r\u00e4\u00e4t\u00e4l\u00f6id\u00e4? <\/b><\/p>\n<p> Niit\u00e4 voidaan ehdottomasti valmistaa eri muotoisina, kokoisina ja monista eri seoksista, ja ne voidaan yhdist\u00e4\u00e4 anodisoituihin tai pulverimaalattuihin pinnoitteisiin.<br \/>\n<\/p><br \/>\n<br \/>\n<p><b>8.Soveltuvatko hiekkapuhalletut alumiiniprofiilit ulkok\u00e4ytt\u00f6\u00f6n? <\/b><\/p>\n<p> Kyll\u00e4, varsinkin kun ne yhdistet\u00e4\u00e4n anodisointiin tai pulverimaalausmenetelm\u00e4\u00e4n, ne tarjoavat erinomaisen korroosionkest\u00e4vyyden ja s\u00e4\u00e4nkest\u00e4vyyden.<br \/>\n<\/p><br \/>\n<br \/>\n<p><b>9.Mit\u00e4 esteettisi\u00e4 etuja hiekkapuhallettu alumiini tarjoaa? <\/b><\/p>\n<p> Se tarjoaa hienostuneen, heijastamattoman mattapinnan, joka peitt\u00e4\u00e4 sormenj\u00e4ljet ja pintavirheet, joten se on ihanteellinen n\u00e4kyville komponenteille.<br \/>\n<\/p><br \/>\n<br \/>\n<p><b>10.Onko hiekkapuhallettu alumiini ymp\u00e4rist\u00f6yst\u00e4v\u00e4llinen vaihtoehto? <\/b><\/p>\n<p> Kyll\u00e4, alumiini on kierr\u00e4tett\u00e4v\u00e4\u00e4, ja hiekkapuhallus on kuiva, kemikaaliton pintak\u00e4sittely, joten se on ymp\u00e4rist\u00f6n kannalta vastuullinen valinta.<br \/>\n<\/p><br \/><\/p>","protected":false},"featured_media":6043,"template":"","categories":[57],"class_list":["post-6044","product","type-product","status-publish","has-post-thumbnail","hentry","category-anodized-aluminum-profile"],"meta_box":{"hilight_text_group":{"product_hilight_text":"<li>Sand blasted finish delivers a uniform matte texture ideal for high-end applications<\/li>\r\r\n<li>Enhanced surface adhesion for anodizing, painting, or powder coating<\/li>\r\r\n<li>Removes surface imperfections for a clean and refined appearance<\/li>\r\r\n<li>Improved corrosion resistance when combined with anodized treatment<\/li>\r\r\n<li>Customizable profiles and finishes to suit architectural and industrial needs<\/li>","product_chanpin_chanpin":"<li><a href=\"https:\/\/sinoextrud.com\/product\/anodized-aluminium-extrusion-profile-for-frame-construction-system\/\" target=\"_blank\">Anodized aluminium extrusion profile for frame construction system<\/a><\/li>\r\n<li><a href=\"https:\/\/sinoextrud.com\/product\/anodized-mill-finish-auminium-extrusion-angle\/\" target=\"_blank\">Anodized Mill Finish Auminium Extrusion Angle<\/a><\/li>\r\n<li><a href=\"https:\/\/sinoextrud.com\/product\/anodised-aluminium-extrusions\/\" target=\"_blank\">Anodised Aluminium Extrusions<\/a><\/li>\r\n<li><a href=\"https:\/\/sinoextrud.com\/product\/anodized-extruded-aluminum-edging-for-plywood\/\" target=\"_blank\">Anodized Extruded Aluminum Edging For Plywood<\/a><\/li>\r\n<li><a href=\"https:\/\/sinoextrud.com\/product\/extruded-aluminium-profile-with-sand-blasted-treatment\/\" target=\"_blank\">Extruded Aluminium Profile With Sand Blasted Treatment<\/a><\/li>\r\n<li><a href=\"https:\/\/sinoextrud.com\/product\/anodized-aluminum-trim-molding\/\" target=\"_blank\">Anodized Aluminum Trim Molding<\/a><\/li>\r\n<li><a href=\"https:\/\/sinoextrud.com\/product\/sandblasted-aluminum-profile\/\" target=\"_blank\">Sandblasted Aluminum Profile<\/a><\/li>\r\n<li><a href=\"https:\/\/sinoextrud.com\/product\/extruded-aluminum-stock\/\" target=\"_blank\">Extruded Aluminum Stock<\/a><\/li>\r\n<li><a href=\"https:\/\/sinoextrud.com\/product\/custom-anodized-aluminium-profiles\/\" target=\"_blank\">Custom Anodized Aluminium Profiles<\/a><\/li>\r\n<li><a href=\"https:\/\/sinoextrud.com\/product\/aluminum-price-per-pound\/\" target=\"_blank\">Aluminum Price Per Pound<\/a><\/li>\r\n<li><a href=\"https:\/\/sinoextrud.com\/product\/aluminium-extrusion-table\/\" target=\"_blank\">Aluminium Extrusion Table<\/a><\/li>"},"feature_list":[]},"_links":{"self":[{"href":"https:\/\/sinoextrud.com\/fi\/wp-json\/wp\/v2\/product\/6044","targetHints":{"allow":["GET"]}}],"collection":[{"href":"https:\/\/sinoextrud.com\/fi\/wp-json\/wp\/v2\/product"}],"about":[{"href":"https:\/\/sinoextrud.com\/fi\/wp-json\/wp\/v2\/types\/product"}],"wp:featuredmedia":[{"embeddable":true,"href":"https:\/\/sinoextrud.com\/fi\/wp-json\/wp\/v2\/media\/6043"}],"wp:attachment":[{"href":"https:\/\/sinoextrud.com\/fi\/wp-json\/wp\/v2\/media?parent=6044"}],"wp:term":[{"taxonomy":"category","embeddable":true,"href":"https:\/\/sinoextrud.com\/fi\/wp-json\/wp\/v2\/categories?post=6044"}],"curies":[{"name":"wp","href":"https:\/\/api.w.org\/{rel}","templated":true}]}}