{"id":6040,"date":"2025-05-24T02:54:27","date_gmt":"2025-05-24T02:54:27","guid":{"rendered":"https:\/\/sinoextrud.com\/product\/anodised-aluminium-extrusions\/"},"modified":"2025-06-24T03:53:38","modified_gmt":"2025-06-24T03:53:38","slug":"anodisoidut-alumiiniprofiilit-2","status":"publish","type":"product","link":"https:\/\/sinoextrud.com\/fi\/product\/anodised-aluminium-extrusions\/","title":{"rendered":"Anodisoidut alumiiniprofiilit"},"content":{"rendered":"<h2>Tuotteiden tiedot<\/h2>\n<table class=\"custom-table\">\n<tr>\n<td class=\"label\">Seosaine: <\/td>\n<td>6063<\/td>\n<\/tr>\n<tr>\n<td class=\"label\">Tekniset tiedot: <\/td>\n<td>Valmistettu asiakkaiden suunnittelemana<\/td>\n<\/tr>\n<tr>\n<td class=\"label\">Palvelut: <\/td>\n<td>Jyrsint\u00e4, poraus, kierteitys, niittaus, kokoonpano jne.<\/td>\n<\/tr>\n<tr>\n<td class=\"label\">Todistukset: <\/td>\n<td>ISO RoHS SGS<\/td>\n<\/tr>\n<tr>\n<td class=\"label\">Tyyppi: <\/td>\n<td>anodisoidut alumiiniprofiilit<\/td>\n<\/tr>\n<tr>\n<td class=\"label\">Luokka: <\/td>\n<td>6000-sarja<\/td>\n<\/tr>\n<tr>\n<td class=\"label\">Pintak\u00e4sittely: <\/td>\n<td>Anodisoitu liuska<\/td>\n<\/tr>\n<tr>\n<td class=\"label\">Pituus: <\/td>\n<td>Se voi leikata asiakkaiden erityistarpeiden mukaan<\/td>\n<\/tr>\n<tr>\n<td class=\"label\">Tavaramerkki: <\/td>\n<td>Sinoextrud<\/td>\n<\/tr>\n<tr>\n<td class=\"label\">HS-koodi: <\/td>\n<td>76042990<\/td>\n<\/tr>\n<\/table>\n<h2>Tuotantopohjamme<\/h2>\n<h3>Tehtaan panoraama<\/h3>\n<p><img decoding=\"async\" src=\"\/wp-content\/uploads\/factory-01.webp\"\/><\/p>\n<h3>Alumiini Bar Manufacturing Workshop<\/h3>\n<p><img decoding=\"async\" src=\"\/wp-content\/uploads\/factory-02.webp\"\/><\/p>\n<\/p>\n<p><img decoding=\"async\" src=\"\/wp-content\/uploads\/factory-03.webp\"\/><\/p>\n<h3>Muotin varastointi Varasto<\/h3>\n<p><img decoding=\"async\" src=\"\/wp-content\/uploads\/factory-04.webp\"\/><\/p>\n<h3>43 alumiinin ekstruusiolinjat (500-5500 tonnia)<\/h3>\n<p><img decoding=\"async\" src=\"\/wp-content\/uploads\/factory-05.webp\"\/><\/p>\n<p><img decoding=\"async\" src=\"\/wp-content\/uploads\/factory-06.webp\"\/><\/p>\n<p><img decoding=\"async\" src=\"\/wp-content\/uploads\/factory-07.webp\"\/><\/p>\n<h3>Jauhemaalaus ty\u00f6paja<\/h3>\n<p><img decoding=\"async\" src=\"\/wp-content\/uploads\/factory-09.webp\"\/><\/p>\n<h3>Anodisointi ty\u00f6paja<\/h3>\n<p><img decoding=\"async\" src=\"\/wp-content\/uploads\/factory-10.webp\"\/><\/p>\n<h3>Syv\u00e4k\u00e4sittelyn ty\u00f6paja<\/h3>\n<p><img decoding=\"async\" src=\"\/wp-content\/uploads\/factory-11.webp\"\/><\/p>\n<h3>CNC-tarkkuuskoneistus ty\u00f6paja<\/h3>\n<p><img decoding=\"async\" src=\"\/wp-content\/uploads\/factory-11.5.webp\"\/><\/p>\n<h3>Valmiiden tuotteiden ja vientivarasto<\/h3>\n<p><img decoding=\"async\" src=\"\/wp-content\/uploads\/factory-12.webp\"\/><\/p>\n<p><img decoding=\"async\" src=\"\/wp-content\/uploads\/factory-13.webp\"\/><\/p>\n<p><img decoding=\"async\" src=\"\/wp-content\/uploads\/factory-14.webp\"\/><\/p>\n<h2>FAQ<\/h2>\n<p><b>1.What ovat anodisoidut alumiinipursotteet? <\/b><\/p>\n<p> Anodisoidut alumiiniprofiilit ovat alumiiniprofiileja, joille on tehty s\u00e4hk\u00f6kemiallinen anodisointiprosessi pinnan kest\u00e4vyyden, korroosionkest\u00e4vyyden ja esteettisyyden parantamiseksi.\n<\/p>\n<p><\/p>\n<p><b>2.Mitk\u00e4 ovat anodisoitujen alumiiniprofiilien t\u00e4rkeimm\u00e4t edut? <\/b><\/p>\n<p> N\u00e4m\u00e4 puristeet tarjoavat erinomaisen korroosionkest\u00e4vyyden, suuremman pintakovuuden, UV-suojan ja tyylikk\u00e4\u00e4n, modernin viimeistelyn, joka sopii monenlaisiin sovelluksiin.\n<\/p>\n<p><\/p>\n<p><b>3.Miksi valita alumiinipursotteiden anodisointi? <\/b><\/p>\n<p> Anodisointi muodostaa suojaavan oksidikerroksen, joka est\u00e4\u00e4 hapettumista, parantaa kulutuskest\u00e4vyytt\u00e4 ja mahdollistaa v\u00e4rin mukauttamisen vaikuttamatta metallin ominaisuuksiin.\n<\/p>\n<p><\/p>\n<p><b>4.Soveltuvatko anodisoidut alumiiniprofiilit ulkok\u00e4ytt\u00f6\u00f6n? <\/b><\/p>\n<p> Kyll\u00e4, anodisoitu kerros on eritt\u00e4in s\u00e4\u00e4nkest\u00e4v\u00e4, joten n\u00e4m\u00e4 profiilit soveltuvat erinomaisesti arkkitehtonisiin, rakenteellisiin ja koristeellisiin ulkosovelluksiin.\n<\/p>\n<p><\/p>\n<p><b>5.Miss\u00e4 sovelluksissa k\u00e4ytet\u00e4\u00e4n yleisesti anodisoituja alumiiniprofiileja? <\/b><\/p>\n<p> Niit\u00e4 k\u00e4ytet\u00e4\u00e4n laajalti rakentamisessa, autoteollisuudessa, ilmailu- ja avaruusteollisuudessa, huonekaluissa, elektroniikassa ja opasteissa sek\u00e4 rakenteellisiin ett\u00e4 koristeellisiin tarkoituksiin.\n<\/p>\n<p><\/p>\n<p><b>6.Can anodisoidut alumiiniprofiilit voidaan r\u00e4\u00e4t\u00e4l\u00f6id\u00e4? <\/b><\/p>\n<p> Ne voidaan ehdottomasti r\u00e4\u00e4t\u00e4l\u00f6id\u00e4 muodoltaan, kooltaan, v\u00e4rilt\u00e4\u00e4n ja pintak\u00e4sittelylt\u00e4\u00e4n vastaamaan erityisi\u00e4 projekti- tai br\u00e4ndivaatimuksia.\n<\/p>\n<p><\/p>\n<p><b>7.Tarvitsevatko anodisoidut alumiiniprofiilit huoltoa? <\/b><\/p>\n<p> Huoltoa tarvitaan hyvin v\u00e4h\u00e4n - vain rutiinipuhdistus hankaamattomilla aineilla, jotta niiden ulkon\u00e4k\u00f6 ja suorituskyky s\u00e4ilyv\u00e4t.\n<\/p>\n<p><\/p>\n<p><b>8.Ovatko anodisoidut alumiiniprofiilit ymp\u00e4rist\u00f6yst\u00e4v\u00e4llisi\u00e4? <\/b><\/p>\n<p> Alumiini on t\u00e4ysin kierr\u00e4tett\u00e4viss\u00e4, ja anodisointiprosessi on myrkyt\u00f6n, mik\u00e4 tukee kest\u00e4v\u00e4\u00e4 valmistusta ja ekologista kest\u00e4vyytt\u00e4.\n<\/p>\n<p><\/p>","protected":false},"featured_media":6039,"template":"","categories":[57],"class_list":["post-6040","product","type-product","status-publish","has-post-thumbnail","hentry","category-anodized-aluminum-profile"],"meta_box":{"hilight_text_group":{"product_hilight_text":"<li>Durable anodised coating enhances corrosion and wear resistance<\/li>\r\r\n<li>Attractive matte or glossy finish suitable for architectural and industrial use<\/li>\r\r\n<li>Improved surface hardness for long-lasting performance<\/li>\r\r\n<li>Customizable profiles and finishes to meet diverse project needs<\/li>\r\r\n<li>Low maintenance and environmentally friendly surface treatment<\/li>","product_chanpin_chanpin":"<li><a href=\"https:\/\/sinoextrud.com\/product\/anodized-extruded-aluminium-glazing-profiles\/\" target=\"_blank\">Anodized Extruded Aluminium Glazing Profiles<\/a><\/li>\r\n<li><a href=\"https:\/\/sinoextrud.com\/product\/anodized-champagne-aluminium-color-matte-anodized-sand-blasting-6063-alloy-extrusion-profiles\/\" target=\"_blank\">Anodized Champagne aluminium color matte anodized sand blasting 6063 alloy extrusion profiles<\/a><\/li>\r\n<li><a href=\"https:\/\/sinoextrud.com\/product\/anodized-aluminium-extrusion-profile-for-frame-construction-system\/\" target=\"_blank\">Anodized aluminium extrusion profile for frame construction system<\/a><\/li>\r\n<li><a href=\"https:\/\/sinoextrud.com\/product\/anodized-mill-finish-auminium-extrusion-angle\/\" target=\"_blank\">Anodized Mill Finish Auminium Extrusion Angle<\/a><\/li>\r\n<li><a href=\"https:\/\/sinoextrud.com\/product\/anodised-aluminium-extrusions\/\" target=\"_blank\">Anodised Aluminium Extrusions<\/a><\/li>\r\n<li><a href=\"https:\/\/sinoextrud.com\/product\/anodized-extruded-aluminum-edging-for-plywood\/\" target=\"_blank\">Anodized Extruded Aluminum Edging For Plywood<\/a><\/li>\r\n<li><a href=\"https:\/\/sinoextrud.com\/product\/extruded-aluminium-profile-with-sand-blasted-treatment\/\" target=\"_blank\">Extruded Aluminium Profile With Sand Blasted Treatment<\/a><\/li>\r\n<li><a href=\"https:\/\/sinoextrud.com\/product\/anodized-aluminum-trim-molding\/\" target=\"_blank\">Anodized Aluminum Trim Molding<\/a><\/li>\r\n<li><a href=\"https:\/\/sinoextrud.com\/product\/sandblasted-aluminum-profile\/\" target=\"_blank\">Sandblasted Aluminum Profile<\/a><\/li>\r\n<li><a href=\"https:\/\/sinoextrud.com\/product\/aluminum-anodized-surface-profile\/\" target=\"_blank\">Aluminum Anodized Surface Profile<\/a><\/li>\r\n<li><a href=\"https:\/\/sinoextrud.com\/product\/aluminium-mosquito-net-windows-and-door\/\" target=\"_blank\">Aluminium Mosquito Net Windows And Door<\/a><\/li>"},"feature_list":[]},"_links":{"self":[{"href":"https:\/\/sinoextrud.com\/fi\/wp-json\/wp\/v2\/product\/6040","targetHints":{"allow":["GET"]}}],"collection":[{"href":"https:\/\/sinoextrud.com\/fi\/wp-json\/wp\/v2\/product"}],"about":[{"href":"https:\/\/sinoextrud.com\/fi\/wp-json\/wp\/v2\/types\/product"}],"wp:featuredmedia":[{"embeddable":true,"href":"https:\/\/sinoextrud.com\/fi\/wp-json\/wp\/v2\/media\/6039"}],"wp:attachment":[{"href":"https:\/\/sinoextrud.com\/fi\/wp-json\/wp\/v2\/media?parent=6040"}],"wp:term":[{"taxonomy":"category","embeddable":true,"href":"https:\/\/sinoextrud.com\/fi\/wp-json\/wp\/v2\/categories?post=6040"}],"curies":[{"name":"wp","href":"https:\/\/api.w.org\/{rel}","templated":true}]}}