{"id":6031,"date":"2025-05-24T02:37:47","date_gmt":"2025-05-24T02:37:47","guid":{"rendered":"https:\/\/sinoextrud.com\/product\/anodized-champagne-aluminium-color-matte-anodized-sand-blasting-6063-alloy-extrusion-profiles\/"},"modified":"2025-06-24T03:53:32","modified_gmt":"2025-06-24T03:53:32","slug":"anodisoitu-samppanjaa-alumiini-vari-matta-anodisoitu-hiekkapuhallus-6063-metalliseos-suulakepuristus-profiilit","status":"publish","type":"product","link":"https:\/\/sinoextrud.com\/fi\/product\/anodized-champagne-aluminium-color-matte-anodized-sand-blasting-6063-alloy-extrusion-profiles\/","title":{"rendered":"Anodisoitu Champagne alumiini v\u00e4ri matta anodisoitu hiekkapuhallus 6063 metalliseos suulakepuristus profiilit"},"content":{"rendered":"<h2>Tuotteiden tiedot<\/h2>\n<table class=\"custom-table\">\n<tr>\n<td class=\"label\">Tuotemerkki:<\/td>\n<td>Anodisoitu Champagne alumiini v\u00e4ri matta anodisoitu hiekkapuhallus 6063 metalliseos suulakepuristus profiilit<\/td>\n<\/tr>\n<tr>\n<td class=\"label\">Materiaali:<\/td>\n<td>Seos-6063-T5<\/td>\n<\/tr>\n<tr>\n<td class=\"label\">Pintak\u00e4sittely:<\/td>\n<td>anodisoitu alumiini, jauhemaalaus,<\/td>\n<\/tr>\n<tr>\n<td class=\"label\">V\u00e4rivaihtoehto:<\/td>\n<td>Hopea, Champage, pronssi, kultainen, musta, hiekkapinnoite, matta hopea tai r\u00e4\u00e4t\u00e4l\u00f6ityj\u00e4<\/td>\n<\/tr>\n<tr>\n<td class=\"label\">Elokuvan standardi:<\/td>\n<td>Anodisoitu: 7-23micron<\/td>\n<\/tr>\n<tr>\n<td class=\"label\">MOQ:<\/td>\n<td>200KGS<\/td>\n<\/tr>\n<tr>\n<td class=\"label\">Toimitusaika:<\/td>\n<td>15-30 p\u00e4iv\u00e4\u00e4<\/td>\n<\/tr>\n<tr>\n<td class=\"label\">Pituus:<\/td>\n<td>5.8-6M tai r\u00e4\u00e4t\u00e4l\u00f6ity<\/td>\n<\/tr>\n<\/table>\n<h2>Tuotantopohjamme<\/h2>\n<h3>Tehtaan panoraama<\/h3>\n<p><img decoding=\"async\" src=\"\/wp-content\/uploads\/factory-01.webp\"\/><\/p>\n<h3>Alumiini Bar Manufacturing Workshop<\/h3>\n<p><img decoding=\"async\" src=\"\/wp-content\/uploads\/factory-02.webp\"\/><\/p>\n<\/p>\n<p><img decoding=\"async\" src=\"\/wp-content\/uploads\/factory-03.webp\"\/><\/p>\n<h3>Muotin varastointi Varasto<\/h3>\n<p><img decoding=\"async\" src=\"\/wp-content\/uploads\/factory-04.webp\"\/><\/p>\n<h3>43 Alumiini ekstruusiolinjat (500\u00e2 5500 tonnia)<\/h3>\n<p><img decoding=\"async\" src=\"\/wp-content\/uploads\/factory-05.webp\"\/><\/p>\n<p><img decoding=\"async\" src=\"\/wp-content\/uploads\/factory-06.webp\"\/><\/p>\n<p><img decoding=\"async\" src=\"\/wp-content\/uploads\/factory-07.webp\"\/><\/p>\n<h3>Jauhemaalaus ty\u00f6paja<\/h3>\n<p><img decoding=\"async\" src=\"\/wp-content\/uploads\/factory-09.webp\"\/><\/p>\n<h3>Anodisointi ty\u00f6paja<\/h3>\n<p><img decoding=\"async\" src=\"\/wp-content\/uploads\/factory-10.webp\"\/><\/p>\n<h3>Syv\u00e4k\u00e4sittelyn ty\u00f6paja<\/h3>\n<p><img decoding=\"async\" src=\"\/wp-content\/uploads\/factory-11.webp\"\/><\/p>\n<h3>CNC-tarkkuuskoneistus ty\u00f6paja<\/h3>\n<p><img decoding=\"async\" src=\"\/wp-content\/uploads\/factory-11.5.webp\"\/><\/p>\n<h3>Valmiiden tuotteiden ja vientivarasto<\/h3>\n<p><img decoding=\"async\" src=\"\/wp-content\/uploads\/factory-12.webp\"\/><\/p>\n<p><img decoding=\"async\" src=\"\/wp-content\/uploads\/factory-13.webp\"\/><\/p>\n<p><img decoding=\"async\" src=\"\/wp-content\/uploads\/factory-14.webp\"\/><\/p>\n<h2>FAQ<\/h2>\n<p><b>1.Mit\u00e4 ovat anodisoidut Champagne Aluminium Color Matte Anodized Sand Blasting 6063 Alloy Extrusion Profiles? <\/b><\/p>\n<p> N\u00e4m\u00e4 ovat 6063-alumiiniprofiileja, jotka on viimeistelty hiekkapuhalluksella ja matta-anodisoinnilla samppanjanv\u00e4riseksi, mik\u00e4 tarjoaa ensiluokkaisen ulkon\u00e4\u00f6n ja parannetun pinnan kest\u00e4vyyden.\n<\/p>\n<p><\/p>\n<p><b>2.Mitk\u00e4 ovat Champagne anodisoidun alumiinin 6063-profiilien t\u00e4rkeimm\u00e4t ominaisuudet? <\/b><\/p>\n<p> Niiss\u00e4 on tyylik\u00e4s mattapintainen samppanjanv\u00e4rinen viimeistely, erinomainen korroosionkest\u00e4vyys, tasainen pintarakenne ja ne soveltuvat erinomaisesti koriste- ja rakennek\u00e4ytt\u00f6\u00f6n.\n<\/p>\n<p><\/p>\n<p><b>3.Miksi valita 6063 metalliseos anodisoituja suulakepuristusprofiileja varten? <\/b><\/p>\n<p> 6063-alumiiniseos tarjoaa erinomaisen suulakepuristettavuuden, pintak\u00e4sittelyn laadun ja soveltuu erinomaisesti anodisointiprosesseihin, erityisesti arkkitehtonisiin sovelluksiin.\n<\/p>\n<p><\/p>\n<p><b>4.Mitk\u00e4 ovat hiekkapuhalluksen edut ennen alumiiniprofiilien anodisointia? <\/b><\/p>\n<p> Hiekkapuhallus poistaa mekaaniset viivat ja ep\u00e4t\u00e4ydellisyydet ja takaa tasaisen, yhten\u00e4isen mattapinnan, joka on ihanteellinen korkealaatuisille anodisoiduille pinnoille.\n<\/p>\n<p><\/p>\n<p><b>5.Miss\u00e4 anodisoituja samppanja-alumiiniprofiileja k\u00e4ytet\u00e4\u00e4n yleisesti? <\/b><\/p>\n<p> N\u00e4it\u00e4 profiileja k\u00e4ytet\u00e4\u00e4n sisustuksessa, huonekaluissa, arkkitehtuurissa, korkealuokkaisissa n\u00e4ytt\u00f6j\u00e4rjestelmiss\u00e4 ja koristeellisissa kehystyksiss\u00e4.\n<\/p>\n<p><\/p>\n<p><b>6.Onko samppanjaan anodisoitu viimeistely kest\u00e4v\u00e4 ulkok\u00e4ytt\u00f6\u00f6n? <\/b><\/p>\n<p> Kyll\u00e4, anodisoitu kerros kest\u00e4\u00e4 hyvin UV-s\u00e4teily\u00e4 ja s\u00e4\u00e4t\u00e4, joten se soveltuu sek\u00e4 sis\u00e4- ett\u00e4 ulkotiloihin.\n<\/p>\n<p><\/p>\n<p><b>7.Can anodisoitu Champagne Alumiiniprofiilit voidaan r\u00e4\u00e4t\u00e4l\u00f6id\u00e4? <\/b><\/p>\n<p> Ne voidaan ehdottomasti r\u00e4\u00e4t\u00e4l\u00f6id\u00e4 muodon, koon, sein\u00e4m\u00e4n paksuuden ja anodisoidun v\u00e4rin osalta vastaamaan projektin erityisvaatimuksia.\n<\/p>\n<p><\/p>\n<p><b>8.Ovatko matta-anodisoidut alumiiniprofiilit helppohoitoisia? <\/b><\/p>\n<p> Kyll\u00e4, matta anodisoitu pinta kest\u00e4\u00e4 sormenj\u00e4lki\u00e4, likaa ja korroosiota, ja se vaatii vain kevytt\u00e4 puhdistusta.\n<\/p>\n<p><\/p>\n<p><b>9.Onko anodisoitu samppanja-alumiini ymp\u00e4rist\u00f6yst\u00e4v\u00e4llist\u00e4? <\/b><\/p>\n<p> Kyll\u00e4, alumiini on kierr\u00e4tett\u00e4v\u00e4\u00e4, ja anodisointiprosessi on ymp\u00e4rist\u00f6n kannalta turvallinen ja myrkyt\u00f6n, mik\u00e4 edist\u00e4\u00e4 kest\u00e4v\u00e4\u00e4 suunnittelua.\n<\/p>\n<p><\/p>\n<p><b>10.Miten samppanjav\u00e4ri parantaa tuotteen esteettisyytt\u00e4? <\/b><\/p>\n<p> Samppanjanv\u00e4rinen viimeistely antaa modernin, tyylikk\u00e4\u00e4n ilmeen ja tarjoaa ylellisen, mutta hienovaraisen metallisen s\u00e4vyn, joka sopii erinomaisesti hienostuneisiin muotoilusovelluksiin.\n<\/p>\n<p><\/p>","protected":false},"featured_media":6030,"template":"","categories":[57],"class_list":["post-6031","product","type-product","status-publish","has-post-thumbnail","hentry","category-anodized-aluminum-profile"],"meta_box":{"hilight_text_group":{"product_hilight_text":"<li>Elegant champagne matte finish achieved through anodizing and sandblasting<\/li>\r\r\n<li>6063 alloy ensures excellent surface quality, corrosion resistance, and formability<\/li>\r\r\n<li>Premium aesthetic suitable for high-end architectural and interior applications<\/li>\r\r\n<li>Durable, low-maintenance surface resistant to fading, scratching, and wear<\/li>\r\r\n<li>Customizable dimensions and profiles to meet diverse project specifications<\/li>","product_chanpin_chanpin":"<li><a href=\"https:\/\/sinoextrud.com\/product\/powder-coating-decorative-aluminum-railing\/\" target=\"_blank\">Powder Coating Decorative Aluminum Railing<\/a><\/li>\r\n<li><a href=\"https:\/\/sinoextrud.com\/product\/wood-grain-customize-aluminium-extrusion-rail\/\" target=\"_blank\">Wood Grain Customize Aluminium Extrusion Rail<\/a><\/li>\r\n<li><a href=\"https:\/\/sinoextrud.com\/product\/sandblasted-mechanical-streak-removed-aluminium-profiles\/\" target=\"_blank\">Sandblasted Mechanical streak removed aluminium profiles<\/a><\/li>\r\n<li><a href=\"https:\/\/sinoextrud.com\/product\/anodized-extruded-aluminium-glazing-profiles\/\" target=\"_blank\">Anodized Extruded Aluminium Glazing Profiles<\/a><\/li>\r\n<li><a href=\"https:\/\/sinoextrud.com\/product\/anodized-champagne-aluminium-color-matte-anodized-sand-blasting-6063-alloy-extrusion-profiles\/\" target=\"_blank\">Anodized Champagne aluminium color matte anodized sand blasting 6063 alloy extrusion profiles<\/a><\/li>\r\n<li><a href=\"https:\/\/sinoextrud.com\/product\/anodized-aluminium-extrusion-profile-for-frame-construction-system\/\" target=\"_blank\">Anodized aluminium extrusion profile for frame construction system<\/a><\/li>\r\n<li><a href=\"https:\/\/sinoextrud.com\/product\/anodized-mill-finish-auminium-extrusion-angle\/\" target=\"_blank\">Anodized Mill Finish Auminium Extrusion Angle<\/a><\/li>\r\n<li><a href=\"https:\/\/sinoextrud.com\/product\/anodised-aluminium-extrusions\/\" target=\"_blank\">Anodised Aluminium Extrusions<\/a><\/li>\r\n<li><a href=\"https:\/\/sinoextrud.com\/product\/anodized-extruded-aluminum-edging-for-plywood\/\" target=\"_blank\">Anodized Extruded Aluminum Edging For Plywood<\/a><\/li>\r\n<li><a href=\"https:\/\/sinoextrud.com\/product\/66-mm-aluminum-glass-railing-for-balcony-led-strip-u-channel-stair-railings\/\" target=\"_blank\">6+6 MM Aluminum Glass Railing For Balcony LED Strip U Channel Stair Railings<\/a><\/li>\r\n<li><a href=\"https:\/\/sinoextrud.com\/product\/aluminum-extruded-products\/\" target=\"_blank\">Aluminum Extruded Products<\/a><\/li>"},"feature_list":[]},"_links":{"self":[{"href":"https:\/\/sinoextrud.com\/fi\/wp-json\/wp\/v2\/product\/6031","targetHints":{"allow":["GET"]}}],"collection":[{"href":"https:\/\/sinoextrud.com\/fi\/wp-json\/wp\/v2\/product"}],"about":[{"href":"https:\/\/sinoextrud.com\/fi\/wp-json\/wp\/v2\/types\/product"}],"wp:featuredmedia":[{"embeddable":true,"href":"https:\/\/sinoextrud.com\/fi\/wp-json\/wp\/v2\/media\/6030"}],"wp:attachment":[{"href":"https:\/\/sinoextrud.com\/fi\/wp-json\/wp\/v2\/media?parent=6031"}],"wp:term":[{"taxonomy":"category","embeddable":true,"href":"https:\/\/sinoextrud.com\/fi\/wp-json\/wp\/v2\/categories?post=6031"}],"curies":[{"name":"wp","href":"https:\/\/api.w.org\/{rel}","templated":true}]}}