{"id":6015,"date":"2025-05-24T01:39:59","date_gmt":"2025-05-24T01:39:59","guid":{"rendered":"https:\/\/sinoextrud.com\/?post_type=product&#038;p=6015"},"modified":"2025-06-24T03:53:16","modified_gmt":"2025-06-24T03:53:16","slug":"alumiini-kulma-kanava-kirkas-kiillotettu-peili","status":"publish","type":"product","link":"https:\/\/sinoextrud.com\/fi\/product\/aluminum-angle-channel-bright-polished-mirror\/","title":{"rendered":"Alumiini kulma kanava kirkas kiillotettu peili"},"content":{"rendered":"<h2>Tuotteiden tiedot<\/h2>\n<table class=\"custom-table\">\n<tr>\n<td class=\"label\">Pintak\u00e4sittely<\/td>\n<td>Anodisointi, kiillotus, pyydett\u00e4ess\u00e4 jauhemaalaus<\/td>\n<\/tr>\n<tr>\n<td class=\"label\">Materiaali ja l\u00e4mp\u00f6tila<\/td>\n<td>Seos 6063-T5,6061-T6<\/td>\n<\/tr>\n<tr>\n<td class=\"label\">Pituus<\/td>\n<td>R\u00e4\u00e4t\u00e4l\u00f6ity<\/td>\n<\/tr>\n<tr>\n<td class=\"label\">V\u00e4ri<\/td>\n<td>Sliver, pronssi, samppanja, tai pyydett\u00e4ess\u00e4<\/td>\n<\/tr>\n<tr>\n<td class=\"label\">Paksuus<\/td>\n<td>R\u00e4\u00e4t\u00e4l\u00f6ity<\/td>\n<\/tr>\n<tr>\n<td class=\"label\">Luokka<\/td>\n<td>6000-sarja<\/td>\n<\/tr>\n<tr>\n<td class=\"label\">Hakemus<\/td>\n<td>Arkkitehtoninen alumiini, yleinen teollisuusalumiini, rakentaminen alumiini<\/td>\n<\/tr>\n<tr>\n<td class=\"label\">Tyyppi<\/td>\n<td>6063<\/td>\n<\/tr>\n<tr>\n<td class=\"label\">Pinnan viimeistely<\/td>\n<td>Anodisoitu alumiini<\/td>\n<\/tr>\n<tr>\n<td class=\"label\">Seos tai ei<\/td>\n<td>Onko seos<\/td>\n<\/tr>\n<tr>\n<td class=\"label\">Temper<\/td>\n<td>T3-T8<\/td>\n<\/tr>\n<tr>\n<td class=\"label\">Muoto<\/td>\n<td>Muut<\/td>\n<\/tr>\n<\/table>\n<h2>Tuotantopohjamme<\/h2>\n<h3>Tehtaan panoraama<\/h3>\n<p><img decoding=\"async\" src=\"\/wp-content\/uploads\/factory-01.webp\"\/><\/p>\n<h3>Alumiini Bar Manufacturing Workshop<\/h3>\n<p><img decoding=\"async\" src=\"\/wp-content\/uploads\/factory-02.webp\"\/><\/p>\n<\/p>\n<p><img decoding=\"async\" src=\"\/wp-content\/uploads\/factory-03.webp\"\/><\/p>\n<h3>Muotin varastointi Varasto<\/h3>\n<p><img decoding=\"async\" src=\"\/wp-content\/uploads\/factory-04.webp\"\/><\/p>\n<h3>43 Alumiini ekstruusiolinjat (500\u00e2 5500 tonnia)<\/h3>\n<p><img decoding=\"async\" src=\"\/wp-content\/uploads\/factory-05.webp\"\/><\/p>\n<p><img decoding=\"async\" src=\"\/wp-content\/uploads\/factory-06.webp\"\/><\/p>\n<p><img decoding=\"async\" src=\"\/wp-content\/uploads\/factory-07.webp\"\/><\/p>\n<h3>Jauhemaalaus ty\u00f6paja<\/h3>\n<p><img decoding=\"async\" src=\"\/wp-content\/uploads\/factory-09.webp\"\/><\/p>\n<h3>Anodisointi ty\u00f6paja<\/h3>\n<p><img decoding=\"async\" src=\"\/wp-content\/uploads\/factory-10.webp\"\/><\/p>\n<h3>Syv\u00e4k\u00e4sittelyn ty\u00f6paja<\/h3>\n<p><img decoding=\"async\" src=\"\/wp-content\/uploads\/factory-11.webp\"\/><\/p>\n<h3>CNC-tarkkuuskoneistus ty\u00f6paja<\/h3>\n<p><img decoding=\"async\" src=\"\/wp-content\/uploads\/factory-11.5.webp\"\/><\/p>\n<h3>Valmiiden tuotteiden ja vientivarasto<\/h3>\n<p><img decoding=\"async\" src=\"\/wp-content\/uploads\/factory-12.webp\"\/><\/p>\n<p><img decoding=\"async\" src=\"\/wp-content\/uploads\/factory-13.webp\"\/><\/p>\n<p><img decoding=\"async\" src=\"\/wp-content\/uploads\/factory-14.webp\"\/><\/p>\n<h2>FAQ<\/h2>\n<p><b>1.Mik\u00e4 on alumiini Angle Channel Bright kiillotettu peili? <\/b><\/p>\n<p> Alumiinikulmakanava Bright Polished Mirror on L-muotoinen alumiiniprofiili, jossa on eritt\u00e4in heijastava, peilim\u00e4inen kiillotettu pinta, jota k\u00e4ytet\u00e4\u00e4n koriste- ja rakennesovelluksiin.\n<\/p>\n<p><\/p>\n<p><b>2.What ovat edut Bright kiillotettu peili alumiini kulma kanavat? <\/b><\/p>\n<p> N\u00e4m\u00e4 profiilit tarjoavat tyylikk\u00e4\u00e4n ulkon\u00e4\u00f6n, korroosionkest\u00e4vyyden ja kevyen lujuuden, ja ne soveltuvat erinomaisesti sek\u00e4 sis\u00e4- ett\u00e4 ulkosuunnitteluun.\n<\/p>\n<p><\/p>\n<p><b>3.Miksi valita peilipinta alumiinikulmakanaviin? <\/b><\/p>\n<p> Peilipinta lis\u00e4\u00e4 visuaalista houkuttelevuutta, heijastaa valoa ja kirkastaa tiloja sek\u00e4 antaa arkkitehtuuri- ja n\u00e4yttelyhankkeille korkealaatuisen ja modernin ilmeen.\n<\/p>\n<p><\/p>\n<p><b>4.What teollisuudenaloilla k\u00e4ytt\u00e4\u00e4 alumiini Angle Channel Bright kiillotettu peili profiileja? <\/b><\/p>\n<p> Yleisi\u00e4 teollisuudenaloja ovat sisustussuunnittelu, huonekalut, v\u00e4hitt\u00e4ismyyntin\u00e4yttelyt, opasteet ja arkkitehtoniset yksityiskohdat.\n<\/p>\n<p><\/p>\n<p><b>5.Is Bright kiillotettu peili alumiini korroosionkest\u00e4v\u00e4? <\/b><\/p>\n<p> Kyll\u00e4, kiillotettu alumiinipinta on luonnostaan korroosionkest\u00e4v\u00e4, ja se voidaan suojata anodisoinnilla tai kirkkaalla pinnoitteella.\n<\/p>\n<p><\/p>\n<p><b>6.Can alumiini Angle Channel Bright kiillotettu peili voidaan r\u00e4\u00e4t\u00e4l\u00f6id\u00e4? <\/b><\/p>\n<p> N\u00e4m\u00e4 profiilit voidaan ehdottomasti leikata mittojen mukaan ja valmistaa eri mitoissa projektin erityistarpeiden mukaan.\n<\/p>\n<p><\/p>\n<p><b>7.Soveltuvatko peilikiillotetut alumiinikanavat ulkok\u00e4ytt\u00f6\u00f6n? <\/b><\/p>\n<p> Kyll\u00e4, oikein pinnoitettuna ne ovat riitt\u00e4v\u00e4n kest\u00e4vi\u00e4 ulkok\u00e4ytt\u00f6\u00f6n ja s\u00e4ilytt\u00e4v\u00e4t heijastavan pintansa my\u00f6s vaikeissa olosuhteissa.\n<\/p>\n<p><\/p>\n<p><b>8.How helppo on asentaa alumiini Angle Channel Bright kiillotettu peili profiileja? <\/b><\/p>\n<p> N\u00e4m\u00e4 kevyet profiilit on helppo leikata, porata ja asentaa, joten asennus on nopeaa ja tehokasta.\n<\/p>\n<p><\/p>\n<p><b>9.Tarvitsevatko peilikiillotetut alumiinikanavat huoltoa? <\/b><\/p>\n<p> Hoito on minimaalista; vain s\u00e4\u00e4nn\u00f6llinen puhdistus hankaamattomalla liinalla s\u00e4ilytt\u00e4\u00e4 kiillon ja est\u00e4\u00e4 tylsistymisen.\n<\/p>\n<p><\/p>\n<p><b>10.Are alumiini Angle Channel Bright kiillotettu peili profiilit ymp\u00e4rist\u00f6yst\u00e4v\u00e4llisi\u00e4? <\/b><\/p>\n<p> Kyll\u00e4, alumiini on t\u00e4ysin kierr\u00e4tett\u00e4v\u00e4\u00e4, ja kiillotusprosessi lis\u00e4\u00e4 kest\u00e4vyytt\u00e4 kest\u00e4vyydest\u00e4 tinkim\u00e4tt\u00e4.\n<\/p>\n<p><\/p>","protected":false},"featured_media":6014,"template":"","categories":[57],"class_list":["post-6015","product","type-product","status-publish","has-post-thumbnail","hentry","category-anodized-aluminum-profile"],"meta_box":{"hilight_text_group":{"product_hilight_text":"<li>Bright polished mirror finish offers a high-end, reflective appearance<\/li>\r\r\n<li>Ideal for decorative, architectural, and interior design applications<\/li>\r\r\n<li>Corrosion-resistant aluminum suitable for both indoor and outdoor use<\/li>\r\r\n<li>Lightweight yet strong for easy handling and structural support<\/li>\r\r\n<li>Available in angle and channel shapes for versatile installation options<\/li>","product_chanpin_chanpin":"<li><a href=\"https:\/\/sinoextrud.com\/product\/anodized-extruded-aluminum\/\" target=\"_blank\">Anodized Extruded Aluminum<\/a><\/li>\r\n<li><a href=\"https:\/\/sinoextrud.com\/product\/factory-offer-aluminum-handrail-extrusions\/\" target=\"_blank\">Factory Offer Aluminum Handrail Extrusions<\/a><\/li>\r\n<li><a href=\"https:\/\/sinoextrud.com\/product\/customize-6063-z-section-aluminium-extrusion\/\" target=\"_blank\">Customize 6063 Z Section Aluminium Extrusion<\/a><\/li>\r\n<li><a href=\"https:\/\/sinoextrud.com\/product\/anodized-aluminium-profiles\/\" target=\"_blank\">Anodized Aluminium Profiles<\/a><\/li>\r\n<li><a href=\"https:\/\/sinoextrud.com\/product\/aluminum-angle-channel-bright-polished-mirror\/\" target=\"_blank\">Aluminum Angle Channel Bright Polished Mirror<\/a><\/li>\r\n<li><a href=\"https:\/\/sinoextrud.com\/product\/aluminum-anodized-surface-profile\/\" target=\"_blank\">Aluminum Anodized Surface Profile<\/a><\/li>\r\n<li><a href=\"https:\/\/sinoextrud.com\/product\/anodized-aluminum-manufacturer-supply-anodized-aluminium-extrusion-tube-6063\/\" target=\"_blank\">anodized aluminum Manufacturer Supply anodized Aluminium Extrusion Tube 6063<\/a><\/li>\r\n<li><a href=\"https:\/\/sinoextrud.com\/product\/powder-coating-decorative-aluminum-railing\/\" target=\"_blank\">Powder Coating Decorative Aluminum Railing<\/a><\/li>\r\n<li><a href=\"https:\/\/sinoextrud.com\/product\/wood-grain-customize-aluminium-extrusion-rail\/\" target=\"_blank\">Wood Grain Customize Aluminium Extrusion Rail<\/a><\/li>\r\n<li><a href=\"https:\/\/sinoextrud.com\/product\/aluminium-solar-profile\/\" target=\"_blank\">Aluminium Solar Profile<\/a><\/li>\r\n<li><a href=\"https:\/\/sinoextrud.com\/product\/t-shaped-aluminum-extrusion\/\" target=\"_blank\">T Shaped Aluminum Extrusion<\/a><\/li>"},"feature_list":[]},"_links":{"self":[{"href":"https:\/\/sinoextrud.com\/fi\/wp-json\/wp\/v2\/product\/6015","targetHints":{"allow":["GET"]}}],"collection":[{"href":"https:\/\/sinoextrud.com\/fi\/wp-json\/wp\/v2\/product"}],"about":[{"href":"https:\/\/sinoextrud.com\/fi\/wp-json\/wp\/v2\/types\/product"}],"wp:featuredmedia":[{"embeddable":true,"href":"https:\/\/sinoextrud.com\/fi\/wp-json\/wp\/v2\/media\/6014"}],"wp:attachment":[{"href":"https:\/\/sinoextrud.com\/fi\/wp-json\/wp\/v2\/media?parent=6015"}],"wp:term":[{"taxonomy":"category","embeddable":true,"href":"https:\/\/sinoextrud.com\/fi\/wp-json\/wp\/v2\/categories?post=6015"}],"curies":[{"name":"wp","href":"https:\/\/api.w.org\/{rel}","templated":true}]}}