{"id":6005,"date":"2025-05-23T16:36:41","date_gmt":"2025-05-23T16:36:41","guid":{"rendered":"https:\/\/sinoextrud.com\/?post_type=product&#038;p=6005"},"modified":"2025-06-24T03:53:11","modified_gmt":"2025-06-24T03:53:11","slug":"tehtaan-tarjous-alumiini-kaideprofiilit","status":"publish","type":"product","link":"https:\/\/sinoextrud.com\/fi\/product\/factory-offer-aluminum-handrail-extrusions\/","title":{"rendered":"Tehtaan tarjous Alumiini kaide ekstruusiot"},"content":{"rendered":"<h2>Tuotteiden tiedot<\/h2>\n<table class=\"custom-table\">\n<tr>\n<td class=\"label\">Luokka:<\/td>\n<td>6063 -t5<\/td>\n<\/tr>\n<tr>\n<td class=\"label\">Tekniikka:<\/td>\n<td>Tehtaan tarjous Alumiini kaide ekstruusiot<\/td>\n<\/tr>\n<tr>\n<td class=\"label\">Temperamentti:<\/td>\n<td>T3 - T8<\/td>\n<\/tr>\n<tr>\n<td class=\"label\">Koneistuspalvelut:<\/td>\n<td>Poraus, kierteitys, niittaus, kokoonpano jne.<\/td>\n<\/tr>\n<tr>\n<td class=\"label\">Tavaramerkki:<\/td>\n<td>Zhonglian Pailian Zhongchang Zhongchang<\/td>\n<\/tr>\n<tr>\n<td class=\"label\">Tyyppi:<\/td>\n<td>Tehtaan tarjous Alumiini kaide ekstruusiot<\/td>\n<\/tr>\n<tr>\n<td class=\"label\">Muoto:<\/td>\n<td>Valmistettu asiakkaiden suunnittelemana<\/td>\n<\/tr>\n<tr>\n<td class=\"label\">Pintak\u00e4sittely:<\/td>\n<td>Mill Finish Anodisoitu Harjattu<\/td>\n<\/tr>\n<tr>\n<td class=\"label\">Pituus:<\/td>\n<td>3m - 6m per pituus<\/td>\n<\/tr>\n<\/table>\n<h2>Tuotantopohjamme<\/h2>\n<h3>Tehtaan panoraama<\/h3>\n<p><img decoding=\"async\" src=\"\/wp-content\/uploads\/factory-01.webp\"\/><\/p>\n<h3>Alumiini Bar Manufacturing Workshop<\/h3>\n<p><img decoding=\"async\" src=\"\/wp-content\/uploads\/factory-02.webp\"\/><\/p>\n<\/p>\n<p><img decoding=\"async\" src=\"\/wp-content\/uploads\/factory-03.webp\"\/><\/p>\n<h3>Muotin varastointi Varasto<\/h3>\n<p><img decoding=\"async\" src=\"\/wp-content\/uploads\/factory-04.webp\"\/><\/p>\n<h3>43 Alumiini ekstruusiolinjat (500\u00e2 5500 tonnia)<\/h3>\n<p><img decoding=\"async\" src=\"\/wp-content\/uploads\/factory-05.webp\"\/><\/p>\n<p><img decoding=\"async\" src=\"\/wp-content\/uploads\/factory-06.webp\"\/><\/p>\n<p><img decoding=\"async\" src=\"\/wp-content\/uploads\/factory-07.webp\"\/><\/p>\n<h3>Jauhemaalaus ty\u00f6paja<\/h3>\n<p><img decoding=\"async\" src=\"\/wp-content\/uploads\/factory-09.webp\"\/><\/p>\n<h3>Anodisointi ty\u00f6paja<\/h3>\n<p><img decoding=\"async\" src=\"\/wp-content\/uploads\/factory-10.webp\"\/><\/p>\n<h3>Syv\u00e4k\u00e4sittelyn ty\u00f6paja<\/h3>\n<p><img decoding=\"async\" src=\"\/wp-content\/uploads\/factory-11.webp\"\/><\/p>\n<h3>CNC-tarkkuuskoneistus ty\u00f6paja<\/h3>\n<p><img decoding=\"async\" src=\"\/wp-content\/uploads\/factory-11.5.webp\"\/><\/p>\n<h3>Valmiiden tuotteiden ja vientivarasto<\/h3>\n<p><img decoding=\"async\" src=\"\/wp-content\/uploads\/factory-12.webp\"\/><\/p>\n<p><img decoding=\"async\" src=\"\/wp-content\/uploads\/factory-13.webp\"\/><\/p>\n<p><img decoding=\"async\" src=\"\/wp-content\/uploads\/factory-14.webp\"\/><\/p>\n<h2>FAQ<\/h2>\n<p><b>1.What ovat Factory tarjous alumiini kaideprofiilit? <\/b><\/p>\n<p> Tehtaan tarjous Alumiini kaideprofiilit ovat alumiiniprofiileja, jotka on suunniteltu erityisesti kaidej\u00e4rjestelmiin, jotka toimitetaan suoraan valmistajilta kustannustehokkaita ja laadukkaita ratkaisuja varten.\n<\/p>\n<p><\/p>\n<p><b>2.Mitk\u00e4 ovat alumiinisen kaiteen ekstrusion edut tehtaan toimittajilta? <\/b><\/p>\n<p> Tehtaan toimittamat alumiiniset kaidepuristeet tarjoavat kilpailukykyisen hinnoittelun, tasaisen laadun, nopeat toimitusajat ja r\u00e4\u00e4t\u00e4l\u00f6intimahdollisuudet.\n<\/p>\n<p><\/p>\n<p><b>3.Miksi valita alumiini kaideprofiilit yli ter\u00e4ksen tai puun? <\/b><\/p>\n<p> Alumiiniset kaideprofiilit ovat kevyit\u00e4, korroosionkest\u00e4vi\u00e4, v\u00e4h\u00e4n huoltoa vaativia ja kest\u00e4vi\u00e4, joten ne soveltuvat erinomaisesti sis\u00e4- ja ulkok\u00e4ytt\u00f6\u00f6n.\n<\/p>\n<p><\/p>\n<p><b>4.Can Factory tarjous alumiini kaide ekstruusiot voidaan r\u00e4\u00e4t\u00e4l\u00f6id\u00e4? <\/b><\/p>\n<p> Kyll\u00e4, tehdastoimittajat voivat r\u00e4\u00e4t\u00e4l\u00f6id\u00e4 muotoja, kokoja, viimeistelyj\u00e4 ja asennusj\u00e4rjestelmi\u00e4 vastaamaan erityisi\u00e4 projekti- ja suunnitteluvaatimuksia.\n<\/p>\n<p><\/p>\n<p><b>5.Are alumiini kaideprofiilit soveltuvat ulkok\u00e4ytt\u00f6\u00f6n? <\/b><\/p>\n<p> Alumiinin luonnollinen korroosionkest\u00e4vyys ja valinnaiset anodisoidut tai jauhemaalatut pinnoitteet tekev\u00e4t niist\u00e4 t\u00e4ydellisi\u00e4 ulkoymp\u00e4rist\u00f6ihin.\n<\/p>\n<p><\/p>\n<p><b>6.What toimialat k\u00e4ytt\u00e4v\u00e4t Factory Offer Alumiini kaideprofiilit? <\/b><\/p>\n<p> Rakennusalalla, arkkitehtuurissa, liikenteess\u00e4 ja julkisessa infrastruktuurissa k\u00e4ytet\u00e4\u00e4n usein alumiinikaiteita turvallisuuden ja esteettisyyden vuoksi.\n<\/p>\n<p><\/p>\n<p><b>7.Do alumiini kaideprofiilit t\u00e4ytt\u00e4v\u00e4t turvallisuusstandardit? <\/b><\/p>\n<p> Kyll\u00e4, tehtaalla valmistetut alumiiniset kaideprofiilit on suunniteltu t\u00e4ytt\u00e4m\u00e4\u00e4n rakennuss\u00e4\u00e4nn\u00f6kset ja turvallisuusm\u00e4\u00e4r\u00e4ykset rakenteellisen eheyden ja suorituskyvyn osalta.\n<\/p>\n<p><\/p>\n<p><b>8.What pintak\u00e4sittelyt ovat saatavilla alumiini kaideprofiilit? <\/b><\/p>\n<p> Yleisi\u00e4 pintak\u00e4sittelyj\u00e4 ovat anodisointi, jauhemaalaus ja harjattu alumiini, jotka tarjoavat sek\u00e4 suojaa ett\u00e4 koristeellisuutta.\n<\/p>\n<p><\/p>\n<p><b>9.Kuinka helppoa on asentaa alumiiniset kaideprofiilit? <\/b><\/p>\n<p> N\u00e4m\u00e4 profiilit on suunniteltu nopeaan ja helppoon asennukseen tavallisilla kiinnikkeill\u00e4 ja liittimill\u00e4, mik\u00e4 v\u00e4hent\u00e4\u00e4 ty\u00f6aikaa ja kustannuksia.\n<\/p>\n<p><\/p>\n<p><b>10.Are Factory tarjous alumiini kaide ekstrudit ymp\u00e4rist\u00f6yst\u00e4v\u00e4llisi\u00e4? <\/b><\/p>\n<p> Kyll\u00e4, alumiini on 100%-kierr\u00e4tett\u00e4v\u00e4\u00e4, ja suoraan tehtaalta tapahtuva tuotanto v\u00e4hent\u00e4\u00e4 j\u00e4tett\u00e4 ja tukee kest\u00e4vi\u00e4 rakennusk\u00e4yt\u00e4nt\u00f6j\u00e4.\n<\/p>\n<p><\/p>","protected":false},"featured_media":6004,"template":"","categories":[57],"class_list":["post-6005","product","type-product","status-publish","has-post-thumbnail","hentry","category-anodized-aluminum-profile"],"meta_box":{"hilight_text_group":{"product_hilight_text":"<li>Factory-direct pricing ensures cost efficiency for bulk orders<\/li>\r\r\n<li>Lightweight and corrosion-resistant aluminum ideal for indoor and outdoor use<\/li>\r\r\n<li>Customizable shapes, lengths, and finishes to match project requirements<\/li>\r\r\n<li>Easy to install with standard brackets and fittings<\/li>\r\r\n<li>Meets safety and durability standards for commercial and industrial applications<\/li>","product_chanpin_chanpin":"<li><a href=\"https:\/\/sinoextrud.com\/product\/industrial-aluminum-profiles\/\" target=\"_blank\">Industrial Aluminum Profiles<\/a><\/li>\r\n<li><a href=\"https:\/\/sinoextrud.com\/product\/aluminum-extruded-profile\/\" target=\"_blank\">Aluminum Extruded Profile<\/a><\/li>\r\n<li><a href=\"https:\/\/sinoextrud.com\/product\/aluminium-corner-extrusion\/\" target=\"_blank\">Aluminium Corner Extrusion<\/a><\/li>\r\n<li><a href=\"https:\/\/sinoextrud.com\/product\/anodized-extruded-aluminum\/\" target=\"_blank\">Anodized Extruded Aluminum<\/a><\/li>\r\n<li><a href=\"https:\/\/sinoextrud.com\/product\/factory-offer-aluminum-handrail-extrusions\/\" target=\"_blank\">Factory Offer Aluminum Handrail Extrusions<\/a><\/li>\r\n<li><a href=\"https:\/\/sinoextrud.com\/product\/customize-6063-z-section-aluminium-extrusion\/\" target=\"_blank\">Customize 6063 Z Section Aluminium Extrusion<\/a><\/li>\r\n<li><a href=\"https:\/\/sinoextrud.com\/product\/anodized-aluminium-profiles\/\" target=\"_blank\">Anodized Aluminium Profiles<\/a><\/li>\r\n<li><a href=\"https:\/\/sinoextrud.com\/product\/aluminum-angle-channel-bright-polished-mirror\/\" target=\"_blank\">Aluminum Angle Channel Bright Polished Mirror<\/a><\/li>\r\n<li><a href=\"https:\/\/sinoextrud.com\/product\/aluminum-anodized-surface-profile\/\" target=\"_blank\">Aluminum Anodized Surface Profile<\/a><\/li>\r\n<li><a href=\"https:\/\/sinoextrud.com\/product\/aluminium-fence\/\" target=\"_blank\">Aluminium Fence<\/a><\/li>\r\n<li><a href=\"https:\/\/sinoextrud.com\/product\/retractable-awning-aluminum-tube\/\" target=\"_blank\">Retractable Awning Aluminum Tube<\/a><\/li>"},"feature_list":[]},"_links":{"self":[{"href":"https:\/\/sinoextrud.com\/fi\/wp-json\/wp\/v2\/product\/6005","targetHints":{"allow":["GET"]}}],"collection":[{"href":"https:\/\/sinoextrud.com\/fi\/wp-json\/wp\/v2\/product"}],"about":[{"href":"https:\/\/sinoextrud.com\/fi\/wp-json\/wp\/v2\/types\/product"}],"wp:featuredmedia":[{"embeddable":true,"href":"https:\/\/sinoextrud.com\/fi\/wp-json\/wp\/v2\/media\/6004"}],"wp:attachment":[{"href":"https:\/\/sinoextrud.com\/fi\/wp-json\/wp\/v2\/media?parent=6005"}],"wp:term":[{"taxonomy":"category","embeddable":true,"href":"https:\/\/sinoextrud.com\/fi\/wp-json\/wp\/v2\/categories?post=6005"}],"curies":[{"name":"wp","href":"https:\/\/api.w.org\/{rel}","templated":true}]}}