{"id":5998,"date":"2025-05-23T16:20:26","date_gmt":"2025-05-23T16:20:26","guid":{"rendered":"https:\/\/sinoextrud.com\/?post_type=product&#038;p=5998"},"modified":"2025-06-24T03:53:05","modified_gmt":"2025-06-24T03:53:05","slug":"alumiininen-kulmapuristusprofiili","status":"publish","type":"product","link":"https:\/\/sinoextrud.com\/fi\/product\/aluminium-corner-extrusion\/","title":{"rendered":"Alumiininen kulmapuristus"},"content":{"rendered":"<h2>Tuotteiden tiedot<\/h2>\n<table class=\"custom-table\">\n<tr>\n<td class=\"label\">Nimi:<\/td>\n<td>Alumiini suulakepuristettu profiili, alumiini kulma suulakepuristus<\/td>\n<\/tr>\n<tr>\n<td class=\"label\">Materiaali:<\/td>\n<td>Alumiiniseos.<\/td>\n<\/tr>\n<tr>\n<td class=\"label\">Luokka:<\/td>\n<td>6000-sarja.<\/td>\n<\/tr>\n<tr>\n<td class=\"label\">Temperamentti:<\/td>\n<td>T5-T8.<\/td>\n<\/tr>\n<tr>\n<td class=\"label\">Pintak\u00e4sittely:<\/td>\n<td>Mill viimeistely, anodisointi, jauhemaalattu, hiekkapuhallus, kataforeesi jne.<\/td>\n<\/tr>\n<tr>\n<td class=\"label\">Todistus:<\/td>\n<td>ISO 9001:2008, ROHS, CE, IQNET.<\/td>\n<\/tr>\n<tr>\n<td class=\"label\">V\u00e4ri:<\/td>\n<td>cusomized<\/td>\n<\/tr>\n<tr>\n<td class=\"label\">Koko:<\/td>\n<td>Sama kuin piirustukset. r\u00e4\u00e4t\u00e4l\u00f6ityj\u00e4<\/td>\n<\/tr>\n<\/table>\n<h2>Tuotantopohjamme<\/h2>\n<h3>Tehtaan panoraama<\/h3>\n<p><img decoding=\"async\" src=\"\/wp-content\/uploads\/factory-01.webp\"\/><\/p>\n<h3>Alumiini Bar Manufacturing Workshop<\/h3>\n<p><img decoding=\"async\" src=\"\/wp-content\/uploads\/factory-02.webp\"\/><\/p>\n<\/p>\n<p><img decoding=\"async\" src=\"\/wp-content\/uploads\/factory-03.webp\"\/><\/p>\n<h3>Muotin varastointi Varasto<\/h3>\n<p><img decoding=\"async\" src=\"\/wp-content\/uploads\/factory-04.webp\"\/><\/p>\n<h3>43 Alumiini ekstruusiolinjat (500\u00e2 5500 tonnia)<\/h3>\n<p><img decoding=\"async\" src=\"\/wp-content\/uploads\/factory-05.webp\"\/><\/p>\n<p><img decoding=\"async\" src=\"\/wp-content\/uploads\/factory-06.webp\"\/><\/p>\n<p><img decoding=\"async\" src=\"\/wp-content\/uploads\/factory-07.webp\"\/><\/p>\n<h3>Jauhemaalaus ty\u00f6paja<\/h3>\n<p><img decoding=\"async\" src=\"\/wp-content\/uploads\/factory-09.webp\"\/><\/p>\n<h3>Anodisointi ty\u00f6paja<\/h3>\n<p><img decoding=\"async\" src=\"\/wp-content\/uploads\/factory-10.webp\"\/><\/p>\n<h3>Syv\u00e4k\u00e4sittelyn ty\u00f6paja<\/h3>\n<p><img decoding=\"async\" src=\"\/wp-content\/uploads\/factory-11.webp\"\/><\/p>\n<h3>CNC-tarkkuuskoneistus ty\u00f6paja<\/h3>\n<p><img decoding=\"async\" src=\"\/wp-content\/uploads\/factory-11.5.webp\"\/><\/p>\n<h3>Valmiiden tuotteiden ja vientivarasto<\/h3>\n<p><img decoding=\"async\" src=\"\/wp-content\/uploads\/factory-12.webp\"\/><\/p>\n<p><img decoding=\"async\" src=\"\/wp-content\/uploads\/factory-13.webp\"\/><\/p>\n<p><img decoding=\"async\" src=\"\/wp-content\/uploads\/factory-14.webp\"\/><\/p>\n<h2>FAQ<\/h2>\n<p><b>1.Mik\u00e4 on alumiininen kulmapuristekappale? <\/b><\/p>\n<p> Alumiinikulmapuristusprofiili on suorakulmainen alumiiniprofiili, jota k\u00e4ytet\u00e4\u00e4n reunojen liitt\u00e4miseen, suojaamiseen tai viimeistelyyn rakentamisessa, huonekaluissa ja kehysj\u00e4rjestelmiss\u00e4.\n<\/p>\n<p><\/p>\n<p><b>2.Mitk\u00e4 ovat alumiinin kulmaekstruusion t\u00e4rkeimm\u00e4t edut? <\/b><\/p>\n<p> Alumiiniset kulmapuristeet tarjoavat korroosionkest\u00e4vyytt\u00e4, kevytt\u00e4 lujuutta ja puhdasta estetiikkaa, joten ne sopivat erinomaisesti sek\u00e4 toiminnallisiin ett\u00e4 koristeellisiin sovelluksiin.\n<\/p>\n<p><\/p>\n<p><b>3.Miss\u00e4 alumiinisia kulmapuristeita k\u00e4ytet\u00e4\u00e4n yleisesti? <\/b><\/p>\n<p> Niit\u00e4 k\u00e4ytet\u00e4\u00e4n laajalti rakentamisessa, sisustussuunnittelussa, alumiinikehysj\u00e4rjestelmiss\u00e4, kaapistoissa ja n\u00e4ytt\u00f6rakenteissa kulmien suojaamiseen ja kohdistamiseen.\n<\/p>\n<p><\/p>\n<p><b>4.Ovatko alumiiniset kulmapuristeet muokattavissa? <\/b><\/p>\n<p> Kyll\u00e4, ne voidaan suulakepuristaa eri kokoisina, kulmikkaina, paksuisina ja pintak\u00e4sittelyn\u00e4 erityisten suunnittelu- ja sovellusvaatimusten mukaisesti.\n<\/p>\n<p><\/p>\n<p><b>5.Miksi valita alumiininen kulmapuristus muovin tai ter\u00e4ksen sijaan? <\/b><\/p>\n<p> Alumiiniset kulmapuristeet ovat kest\u00e4v\u00e4mpi\u00e4 kuin muovi ja kevyempi\u00e4 ja korroosionkest\u00e4v\u00e4mpi\u00e4 kuin ter\u00e4s, mik\u00e4 takaa pitk\u00e4aikaisen luotettavuuden.\n<\/p>\n<p><\/p>\n<p><b>6.Voiko alumiiniset kulmapursotteet anodisoida tai pinnoittaa? <\/b><\/p>\n<p> Ehdottomasti ne tukevat viimeistelyj\u00e4, kuten anodisointia, jauhemaalausta tai maalausta ulkon\u00e4\u00f6n ja suojan parantamiseksi.\n<\/p>\n<p><\/p>\n<p><b>7.Parantavatko alumiiniset kulmapuristeet rakenteellista eheytt\u00e4? <\/b><\/p>\n<p> Kyll\u00e4, ne vahvistavat kulmia, lis\u00e4\u00e4v\u00e4t runkojen lujuutta ja auttavat jakamaan kuormat tasaisesti rakenteellisissa kokoonpanoissa.\n<\/p>\n<p><\/p>\n<p><b>8.Ovatko alumiiniset kulmapuristeet helppoja asentaa? <\/b><\/p>\n<p> Kyll\u00e4, niiden rakenne mahdollistaa yksinkertaisen asennuksen ruuveilla, liimoilla tai kiinnikkeill\u00e4, mik\u00e4 v\u00e4hent\u00e4\u00e4 ty\u00f6aikaa ja monimutkaisuutta.\n<\/p>\n<p><\/p>\n<p><b>9.Soveltuuko alumiininen kulmaprofiili ulkok\u00e4ytt\u00f6\u00f6n? <\/b><\/p>\n<p> Kyll\u00e4, sen luonnollinen korroosionkest\u00e4vyys ja valinnaiset suojapinnoitteet tekev\u00e4t siit\u00e4 ihanteellisen ulkok\u00e4ytt\u00f6\u00f6n ja kosteisiin ymp\u00e4rist\u00f6ihin.\n<\/p>\n<p><\/p>\n<p><b>10.Ovatko alumiiniset kulmapursotteet ymp\u00e4rist\u00f6yst\u00e4v\u00e4llisi\u00e4? <\/b><\/p>\n<p> Alumiini on t\u00e4ysin kierr\u00e4tett\u00e4viss\u00e4 ja sen tuotanto on energiatehokasta, joten alumiiniprofiilit ovat kest\u00e4v\u00e4 rakennusmateriaali.\n<\/p>\n<p><\/p>","protected":false},"featured_media":5996,"template":"","categories":[57],"class_list":["post-5998","product","type-product","status-publish","has-post-thumbnail","hentry","category-anodized-aluminum-profile"],"meta_box":{"hilight_text_group":{"product_hilight_text":"<li>Provides strong and clean corner joints for frames and structures<\/li>\r\r\n<li>Precision-extruded for consistent fit and alignment<\/li>\r\r\n<li>Lightweight yet durable, ideal for industrial and architectural applications<\/li>\r\r\n<li>Corrosion-resistant surface for indoor and outdoor use<\/li>\r\r\n<li>Available in standard and custom angles to meet various design needs<\/li>","product_chanpin_chanpin":"<li><a href=\"https:\/\/sinoextrud.com\/product\/aluminium-profile-systems\/\" target=\"_blank\">Aluminium Profile Systems<\/a><\/li>\r\n<li><a href=\"https:\/\/sinoextrud.com\/product\/aluminium-extrusion-profile-section\/\" target=\"_blank\">Aluminium Extrusion Profile Section(Great Wall panel aluminum profile)<\/a><\/li>\r\n<li><a href=\"https:\/\/sinoextrud.com\/product\/industrial-aluminum-profiles\/\" target=\"_blank\">Industrial Aluminum Profiles<\/a><\/li>\r\n<li><a href=\"https:\/\/sinoextrud.com\/product\/aluminum-extruded-profile\/\" target=\"_blank\">Aluminum Extruded Profile<\/a><\/li>\r\n<li><a href=\"https:\/\/sinoextrud.com\/product\/aluminium-corner-extrusion\/\" target=\"_blank\">Aluminium Corner Extrusion<\/a><\/li>\r\n<li><a href=\"https:\/\/sinoextrud.com\/product\/anodized-extruded-aluminum\/\" target=\"_blank\">Anodized Extruded Aluminum<\/a><\/li>\r\n<li><a href=\"https:\/\/sinoextrud.com\/product\/factory-offer-aluminum-handrail-extrusions\/\" target=\"_blank\">Factory Offer Aluminum Handrail Extrusions<\/a><\/li>\r\n<li><a href=\"https:\/\/sinoextrud.com\/product\/customize-6063-z-section-aluminium-extrusion\/\" target=\"_blank\">Customize 6063 Z Section Aluminium Extrusion<\/a><\/li>\r\n<li><a href=\"https:\/\/sinoextrud.com\/product\/anodized-aluminium-profiles\/\" target=\"_blank\">Anodized Aluminium Profiles<\/a><\/li>\r\n<li><a href=\"https:\/\/sinoextrud.com\/product\/extrusion-aluminum-profile-for-powder-coating-window-and-door-alloy-6063\/\" target=\"_blank\">Extrusion Aluminum Profile For Powder Coating Window and Door Alloy 6063<\/a><\/li>\r\n<li><a href=\"https:\/\/sinoextrud.com\/product\/extruded-aluminum-for-outdoor-light-heat-sink\/\" target=\"_blank\">Extruded Aluminum For Outdoor Light Heat Sink<\/a><\/li>"},"feature_list":[]},"_links":{"self":[{"href":"https:\/\/sinoextrud.com\/fi\/wp-json\/wp\/v2\/product\/5998","targetHints":{"allow":["GET"]}}],"collection":[{"href":"https:\/\/sinoextrud.com\/fi\/wp-json\/wp\/v2\/product"}],"about":[{"href":"https:\/\/sinoextrud.com\/fi\/wp-json\/wp\/v2\/types\/product"}],"wp:featuredmedia":[{"embeddable":true,"href":"https:\/\/sinoextrud.com\/fi\/wp-json\/wp\/v2\/media\/5996"}],"wp:attachment":[{"href":"https:\/\/sinoextrud.com\/fi\/wp-json\/wp\/v2\/media?parent=5998"}],"wp:term":[{"taxonomy":"category","embeddable":true,"href":"https:\/\/sinoextrud.com\/fi\/wp-json\/wp\/v2\/categories?post=5998"}],"curies":[{"name":"wp","href":"https:\/\/api.w.org\/{rel}","templated":true}]}}