{"id":5991,"date":"2025-05-23T15:32:45","date_gmt":"2025-05-23T15:32:45","guid":{"rendered":"https:\/\/sinoextrud.com\/?post_type=product&#038;p=5991"},"modified":"2025-06-24T03:52:57","modified_gmt":"2025-06-24T03:52:57","slug":"alumiiniprofiilijarjestelmat","status":"publish","type":"product","link":"https:\/\/sinoextrud.com\/fi\/product\/aluminium-profile-systems\/","title":{"rendered":"Alumiiniprofiilij\u00e4rjestelm\u00e4t"},"content":{"rendered":"<h2>Tuotteiden tiedot<\/h2>\n<table class=\"custom-table\">\n<tr>\n<td class=\"label\">Tuotteen nimi<\/td>\n<td>alumiiniprofiilij\u00e4rjestelm\u00e4t<\/td>\n<\/tr>\n<tr>\n<td class=\"label\">Tuotevalikoima<\/td>\n<td>alumiiniputket\/-putket, alumiiniset lasikaidej\u00e4rjestelm\u00e4t, alumiiniset T-aukkoj\u00e4rjestelm\u00e4t, alumiiniset kattoj\u00e4rjestelm\u00e4t, alumiiniset ovi- ja ikkunaj\u00e4rjestelm\u00e4t jne.<\/td>\n<\/tr>\n<tr>\n<td class=\"label\">Sopivat j\u00e4rjestelm\u00e4t Tyypit<\/td>\n<td>Teollisuusalumiiniprofiili, rakennusalumiiniprofiili jne.<\/td>\n<\/tr>\n<tr>\n<td class=\"label\">Temper<\/td>\n<td>T3-T8<\/td>\n<\/tr>\n<tr>\n<td class=\"label\">Muoto<\/td>\n<td>mittatilausty\u00f6n\u00e4<\/td>\n<\/tr>\n<tr>\n<td class=\"label\">V\u00e4ri<\/td>\n<td>mittatilausty\u00f6n\u00e4<\/td>\n<\/tr>\n<tr>\n<td class=\"label\">Pintak\u00e4sittely<\/td>\n<td>viimeistelty, anodisoitu, voimapinnoite, hiekkapuhallus, elektroforeesi, harjaus, kiillotus jne.<\/td>\n<\/tr>\n<tr>\n<td class=\"label\">CNC-syv\u00e4k\u00e4sittely<\/td>\n<td>leikkaaminen, poraaminen, koneistaminen, l\u00e4vist\u00e4minen, taivuttaminen, napauttaminen jne.<\/td>\n<\/tr>\n<tr>\n<td class=\"label\">Sertifikaatit<\/td>\n<td>CE, ISO, SGS, TUV, ROHS<\/td>\n<\/tr>\n<tr>\n<td class=\"label\">N\u00e4ytteet<\/td>\n<td>ilmainen n\u00e4yte. 1-3 p\u00e4iv\u00e4\u00e4 toimitetaan sinulle.<\/td>\n<\/tr>\n<tr>\n<td class=\"label\">MOQ<\/td>\n<td>200 kg kutakin profiilia kohti<\/td>\n<\/tr>\n<tr>\n<td class=\"label\">Toimitusaika<\/td>\n<td>Muotin kehitt\u00e4minen ja n\u00e4ytteen muotoilu kest\u00e4\u00e4 12-15 p\u00e4iv\u00e4\u00e4, ja tuotannon kesto on 15-25 p\u00e4iv\u00e4\u00e4 ostajan talletuksen vastaanottamisen j\u00e4lkeen.<\/td>\n<\/tr>\n<tr>\n<td class=\"label\">Maksuehdot<\/td>\n<td>30% talletus, 70% saldo ennen toimitusta<\/td>\n<\/tr>\n<\/table>\n<h2>Tuotantopohjamme<\/h2>\n<h3>Tehtaan panoraama<\/h3>\n<p><img decoding=\"async\" src=\"\/wp-content\/uploads\/factory-01.webp\"\/><\/p>\n<h3>Alumiini Bar Manufacturing Workshop<\/h3>\n<p><img decoding=\"async\" src=\"\/wp-content\/uploads\/factory-02.webp\"\/><\/p>\n<\/p>\n<p><img decoding=\"async\" src=\"\/wp-content\/uploads\/factory-03.webp\"\/><\/p>\n<h3>Muotin varastointi Varasto<\/h3>\n<p><img decoding=\"async\" src=\"\/wp-content\/uploads\/factory-04.webp\"\/><\/p>\n<h3>43 Alumiini ekstruusiolinjat (500\u00e2 5500 tonnia)<\/h3>\n<p><img decoding=\"async\" src=\"\/wp-content\/uploads\/factory-05.webp\"\/><\/p>\n<p><img decoding=\"async\" src=\"\/wp-content\/uploads\/factory-06.webp\"\/><\/p>\n<p><img decoding=\"async\" src=\"\/wp-content\/uploads\/factory-07.webp\"\/><\/p>\n<h3>Jauhemaalaus ty\u00f6paja<\/h3>\n<p><img decoding=\"async\" src=\"\/wp-content\/uploads\/factory-09.webp\"\/><\/p>\n<h3>Anodisointi ty\u00f6paja<\/h3>\n<p><img decoding=\"async\" src=\"\/wp-content\/uploads\/factory-10.webp\"\/><\/p>\n<h3>Syv\u00e4k\u00e4sittelyn ty\u00f6paja<\/h3>\n<p><img decoding=\"async\" src=\"\/wp-content\/uploads\/factory-11.webp\"\/><\/p>\n<h3>CNC-tarkkuuskoneistus ty\u00f6paja<\/h3>\n<p><img decoding=\"async\" src=\"\/wp-content\/uploads\/factory-11.5.webp\"\/><\/p>\n<h3>Valmiiden tuotteiden ja vientivarasto<\/h3>\n<p><img decoding=\"async\" src=\"\/wp-content\/uploads\/factory-12.webp\"\/><\/p>\n<p><img decoding=\"async\" src=\"\/wp-content\/uploads\/factory-13.webp\"\/><\/p>\n<p><img decoding=\"async\" src=\"\/wp-content\/uploads\/factory-14.webp\"\/><\/p>\n<h2>FAQ<\/h2>\n<p><b>1.What ovat alumiiniprofiilij\u00e4rjestelm\u00e4t? <\/b><\/p>\n<p> Alumiiniprofiilij\u00e4rjestelm\u00e4t ovat alumiiniprofiileista valmistettuja modulaarisia rakennuskomponentteja, joita k\u00e4ytet\u00e4\u00e4n erilaisissa sovelluksissa, kuten kehikoissa, koteloissa, kuljettimissa ja ty\u00f6pisteiss\u00e4.\n<\/p>\n<p><\/p>\n<p><b>2.Mitk\u00e4 ovat alumiiniprofiilij\u00e4rjestelmien edut? <\/b><\/p>\n<p> Alumiiniprofiilij\u00e4rjestelm\u00e4t tarjoavat joustavuutta, kevytt\u00e4 lujuutta, korroosionkest\u00e4vyytt\u00e4 ja helppoa kokoonpanoa, joten ne soveltuvat erinomaisesti teolliseen ja kaupalliseen k\u00e4ytt\u00f6\u00f6n.\n<\/p>\n<p><\/p>\n<p><b>3.Kuinka muokattavia alumiiniprofiilij\u00e4rjestelm\u00e4t ovat? <\/b><\/p>\n<p> Alumiiniprofiilij\u00e4rjestelmi\u00e4 voidaan helposti leikata, liitt\u00e4\u00e4 ja muokata, mik\u00e4 mahdollistaa r\u00e4\u00e4t\u00e4l\u00f6idyt mallit, jotka on r\u00e4\u00e4t\u00e4l\u00f6ity projektin erityistarpeisiin.\n<\/p>\n<p><\/p>\n<p><b>4.Miksi valita alumiiniprofiilij\u00e4rjestelm\u00e4t perinteisten ter\u00e4srakenteiden sijaan? <\/b><\/p>\n<p> Alumiiniprofiilij\u00e4rjestelm\u00e4t ovat kevyempi\u00e4, helpompia asentaa ja vaativat v\u00e4hemm\u00e4n huoltoa kuin ter\u00e4s, mik\u00e4 v\u00e4hent\u00e4\u00e4 projektin kokonaiskustannuksia ja -vaivaa.\n<\/p>\n<p><\/p>\n<p><b>5.Soveltuvatko alumiiniprofiilij\u00e4rjestelm\u00e4t raskaisiin sovelluksiin? <\/b><\/p>\n<p> Kyll\u00e4, korkealaatuiset alumiiniprofiilit on suunniteltu kest\u00e4m\u00e4\u00e4n raskaita kuormia ja s\u00e4ilytt\u00e4m\u00e4\u00e4n samalla rakenteellinen eheys ja suorituskyky.\n<\/p>\n<p><\/p>\n<p><b>6.Tukevatko alumiiniprofiilij\u00e4rjestelm\u00e4t ymp\u00e4rist\u00f6yst\u00e4v\u00e4llist\u00e4 rakentamista? <\/b><\/p>\n<p> Alumiini on ehdottomasti 100%-kierr\u00e4tett\u00e4viss\u00e4, ja sen pitk\u00e4 k\u00e4ytt\u00f6ik\u00e4 v\u00e4hent\u00e4\u00e4 j\u00e4tett\u00e4, mik\u00e4 tekee alumiiniprofiilij\u00e4rjestelmist\u00e4 kest\u00e4v\u00e4n rakennusratkaisun.\n<\/p>\n<p><\/p>\n<p><b>7.Mitk\u00e4 teollisuudenalat k\u00e4ytt\u00e4v\u00e4t alumiiniprofiilij\u00e4rjestelmi\u00e4? <\/b><\/p>\n<p> Alumiiniprofiilij\u00e4rjestelm\u00e4t ovat monipuolisia ja tehokkaita rakenteita, joita k\u00e4ytet\u00e4\u00e4n esimerkiksi valmistuksessa, automaatiossa, elektroniikassa, logistiikassa ja puhdastiloissa.\n<\/p>\n<p><\/p>\n<p><b>8.Miten alumiiniprofiilij\u00e4rjestelm\u00e4t parantavat tuotannon tehokkuutta? <\/b><\/p>\n<p> Niiden modulaarinen rakenne mahdollistaa nopeat s\u00e4\u00e4d\u00f6t ja laajennukset, mik\u00e4 minimoi seisokkiajan ja optimoi ty\u00f6nkulun teollisessa ymp\u00e4rist\u00f6ss\u00e4.\n<\/p>\n<p><\/p>\n<p><b>9.Voiko alumiiniprofiilij\u00e4rjestelm\u00e4t integroitua automaatiolaitteisiin? <\/b><\/p>\n<p> Kyll\u00e4, n\u00e4m\u00e4 j\u00e4rjestelm\u00e4t on suunniteltu yhteensopiviksi antureiden, toimilaitteiden ja muiden automaatiokomponenttien kanssa saumattoman integroinnin varmistamiseksi.\n<\/p>\n<p><\/p>\n<p><b>10.Mit\u00e4 huoltoa alumiiniprofiilij\u00e4rjestelm\u00e4t vaativat? <\/b><\/p>\n<p> Alumiiniprofiilij\u00e4rjestelm\u00e4t vaativat vain v\u00e4h\u00e4n huoltoa korroosionkest\u00e4vien pintojensa ja vankan rakenteensa ansiosta.\n<\/p>\n<p><\/p>","protected":false},"featured_media":5990,"template":"","categories":[55],"class_list":["post-5991","product","type-product","status-publish","has-post-thumbnail","hentry","category-extruded-aluminum-profiles"],"meta_box":{"hilight_text_group":{"product_hilight_text":"<li>Flexible profile systems adaptable to various industrial applications and layouts<\/li>\r\r\n<li>Quick and tool-free assembly reduces installation time and labor costs<\/li>\r\r\n<li>High load-bearing capacity suitable for frames, workstations, enclosures, and conveyors<\/li>\r\r\n<li>Standardized connectors and accessories ensure seamless integration<\/li>\r\r\n<li>Low maintenance with corrosion-resistant anodized surfaces<\/li>","product_chanpin_chanpin":"<li><a href=\"https:\/\/sinoextrud.com\/product\/extruded-aluminum-flat-bar-6061-7075\/\" target=\"_blank\">Extruded Aluminum Flat Bar 6061 7075<\/a><\/li>\r\n<li><a href=\"https:\/\/sinoextrud.com\/product\/extruded-aluminum-tubing-shapes-supplier\/\" target=\"_blank\">Extruded Aluminum Tubing Shapes Supplier<\/a><\/li>\r\n<li><a href=\"https:\/\/sinoextrud.com\/product\/aluminium-profile-bed-frame\/\" target=\"_blank\">Aluminium Profile Bed Frame<\/a><\/li>\r\n<li><a href=\"https:\/\/sinoextrud.com\/product\/aluminum-extrusion-industry-modular-components-profile\/\" target=\"_blank\">Aluminum Extrusion Industry Modular Components Profile<\/a><\/li>\r\n<li><a href=\"https:\/\/sinoextrud.com\/product\/aluminium-profile-systems\/\" target=\"_blank\">Aluminium Profile Systems<\/a><\/li>\r\n<li><a href=\"https:\/\/sinoextrud.com\/product\/aluminium-extrusion-profile-section\/\" target=\"_blank\">Aluminium Extrusion Profile Section(Great Wall panel aluminum profile)<\/a><\/li>\r\n<li><a href=\"https:\/\/sinoextrud.com\/product\/industrial-aluminum-profiles\/\" target=\"_blank\">Industrial Aluminum Profiles<\/a><\/li>\r\n<li><a href=\"https:\/\/sinoextrud.com\/product\/aluminum-extruded-profile\/\" target=\"_blank\">Aluminum Extruded Profile<\/a><\/li>\r\n<li><a href=\"https:\/\/sinoextrud.com\/product\/aluminium-corner-extrusion\/\" target=\"_blank\">Aluminium Corner Extrusion<\/a><\/li>\r\n<li><a href=\"https:\/\/sinoextrud.com\/product\/modular-aluminum-framing-system\/\" target=\"_blank\">Modular Aluminum Framing System<\/a><\/li>\r\n<li><a href=\"https:\/\/sinoextrud.com\/product\/aluminium-frame\/\" target=\"_blank\">Aluminium Frame<\/a><\/li>"},"feature_list":[]},"_links":{"self":[{"href":"https:\/\/sinoextrud.com\/fi\/wp-json\/wp\/v2\/product\/5991","targetHints":{"allow":["GET"]}}],"collection":[{"href":"https:\/\/sinoextrud.com\/fi\/wp-json\/wp\/v2\/product"}],"about":[{"href":"https:\/\/sinoextrud.com\/fi\/wp-json\/wp\/v2\/types\/product"}],"wp:featuredmedia":[{"embeddable":true,"href":"https:\/\/sinoextrud.com\/fi\/wp-json\/wp\/v2\/media\/5990"}],"wp:attachment":[{"href":"https:\/\/sinoextrud.com\/fi\/wp-json\/wp\/v2\/media?parent=5991"}],"wp:term":[{"taxonomy":"category","embeddable":true,"href":"https:\/\/sinoextrud.com\/fi\/wp-json\/wp\/v2\/categories?post=5991"}],"curies":[{"name":"wp","href":"https:\/\/api.w.org\/{rel}","templated":true}]}}