{"id":5987,"date":"2025-05-23T15:26:39","date_gmt":"2025-05-23T15:26:39","guid":{"rendered":"https:\/\/sinoextrud.com\/?post_type=product&#038;p=5987"},"modified":"2025-06-24T03:52:53","modified_gmt":"2025-06-24T03:52:53","slug":"alumiiniprofiilinen-sangyn-runko","status":"publish","type":"product","link":"https:\/\/sinoextrud.com\/fi\/product\/aluminium-profile-bed-frame\/","title":{"rendered":"Alumiiniprofiilinen s\u00e4ngyn runko"},"content":{"rendered":"<h2>Tuotteiden tiedot<\/h2>\n<table class=\"custom-table\">\n<tr>\n<td class=\"label\">Tuotteen nimi<\/td>\n<td>Alumiiniprofiilinen s\u00e4ngyn runko,alumiininen kelluva s\u00e4ngyn runko<\/td>\n<\/tr>\n<tr>\n<td class=\"label\">Tuotevalikoima<\/td>\n<td>alumiiniprofiilit s\u00e4ngyn runko metalli, runko s\u00e4nky, metalli runko s\u00e4nky, metalli runko s\u00e4nky, metalli runko sohva s\u00e4nky, s\u00e4ngyn metalli runko, matala profiili s\u00e4ngyn runko, alumiini s\u00e4ngyn runko, s\u00e4ngyn jalat s\u00e4ngyn runko, s\u00e4ngyn jalat s\u00e4ngyn runko<\/td>\n<\/tr>\n<tr>\n<td class=\"label\">Sopivat j\u00e4rjestelm\u00e4t Tyypit<\/td>\n<td>metalli alustan s\u00e4ngyn runko, kelluva s\u00e4ngyn runko, metalli runko kerross\u00e4nky, metalli s\u00e4ngyn runko kuningas, kokoontaitettava metalli sohva s\u00e4ngyn runko, metalli s\u00e4ngyn runko king size, metalli s\u00e4ngyn runko king size, metalli s\u00e4ngyn runko pehme\u00e4 p\u00e4\u00e4, metalli s\u00e4ngyn runko kaksinkertainen koko, jne.<\/td>\n<\/tr>\n<tr>\n<td class=\"label\">Pintak\u00e4sittely<\/td>\n<td>viimeistelty, anodisoitu, puukuvioitu, tehopinnoitus, hiekkapuhallus, elektroforeesi, harjaus, kiillotus jne.<\/td>\n<\/tr>\n<tr>\n<td class=\"label\">CNC-syv\u00e4k\u00e4sittely<\/td>\n<td>leikkaaminen, poraaminen, koneistaminen, l\u00e4vist\u00e4minen, taivuttaminen, napauttaminen jne.<\/td>\n<\/tr>\n<tr>\n<td class=\"label\">Sertifikaatit<\/td>\n<td>CE, ISO, SGS, TUV, ROHS<\/td>\n<\/tr>\n<tr>\n<td class=\"label\">N\u00e4ytteet<\/td>\n<td>ilmainen n\u00e4yte. 1-3 p\u00e4iv\u00e4\u00e4 toimitetaan sinulle.<\/td>\n<\/tr>\n<tr>\n<td class=\"label\">MOQ<\/td>\n<td>200 kg kutakin profiilia kohti<\/td>\n<\/tr>\n<tr>\n<td class=\"label\">Toimitusaika<\/td>\n<td>Muotin kehitt\u00e4minen ja n\u00e4ytteen muotoilu kest\u00e4\u00e4 12-15 p\u00e4iv\u00e4\u00e4, sitten tuotannon kesto on 15-25 p\u00e4iv\u00e4\u00e4 ostajan talletuksen vastaanottamisen j\u00e4lkeen.<\/td>\n<\/tr>\n<tr>\n<td class=\"label\">Maksuehdot<\/td>\n<td>30% talletus ennen tuotantoa ja saldo ennen l\u00e4hetyst\u00e4.<\/td>\n<\/tr>\n<tr>\n<td class=\"label\">Toiminto<\/td>\n<td>Monik\u00e4ytt\u00f6inen, kiinnike, irrotettava<\/td>\n<\/tr>\n<\/table>\n<h2>Tuotantopohjamme<\/h2>\n<h3>Tehtaan panoraama<\/h3>\n<p><img decoding=\"async\" src=\"\/wp-content\/uploads\/factory-01.webp\"\/><\/p>\n<h3>Alumiini Bar Manufacturing Workshop<\/h3>\n<p><img decoding=\"async\" src=\"\/wp-content\/uploads\/factory-02.webp\"\/><\/p>\n<\/p>\n<p><img decoding=\"async\" src=\"\/wp-content\/uploads\/factory-03.webp\"\/><\/p>\n<h3>Muotin varastointi Varasto<\/h3>\n<p><img decoding=\"async\" src=\"\/wp-content\/uploads\/factory-04.webp\"\/><\/p>\n<h3>43 Alumiini ekstruusiolinjat (500\u00e2 5500 tonnia)<\/h3>\n<p><img decoding=\"async\" src=\"\/wp-content\/uploads\/factory-05.webp\"\/><\/p>\n<p><img decoding=\"async\" src=\"\/wp-content\/uploads\/factory-06.webp\"\/><\/p>\n<p><img decoding=\"async\" src=\"\/wp-content\/uploads\/factory-07.webp\"\/><\/p>\n<h3>Jauhemaalaus ty\u00f6paja<\/h3>\n<p><img decoding=\"async\" src=\"\/wp-content\/uploads\/factory-09.webp\"\/><\/p>\n<h3>Anodisointi ty\u00f6paja<\/h3>\n<p><img decoding=\"async\" src=\"\/wp-content\/uploads\/factory-10.webp\"\/><\/p>\n<h3>Syv\u00e4k\u00e4sittelyn ty\u00f6paja<\/h3>\n<p><img decoding=\"async\" src=\"\/wp-content\/uploads\/factory-11.webp\"\/><\/p>\n<h3>CNC-tarkkuuskoneistus ty\u00f6paja<\/h3>\n<p><img decoding=\"async\" src=\"\/wp-content\/uploads\/factory-11.5.webp\"\/><\/p>\n<h3>Valmiiden tuotteiden ja vientivarasto<\/h3>\n<p><img decoding=\"async\" src=\"\/wp-content\/uploads\/factory-12.webp\"\/><\/p>\n<p><img decoding=\"async\" src=\"\/wp-content\/uploads\/factory-13.webp\"\/><\/p>\n<p><img decoding=\"async\" src=\"\/wp-content\/uploads\/factory-14.webp\"\/><\/p>\n<h2>FAQ<\/h2>\n<p><b>1.Mik\u00e4 on alumiiniprofiilis\u00e4ngyn runko? <\/b><\/p>\n<p> Alumiiniprofiilis\u00e4ngyn runko on modulaarisista alumiiniprofiileista rakennettu s\u00e4ngyn rakenne, joka tarjoaa lujuutta, vakautta ja modernia muotoilua asuin- tai kaupalliseen k\u00e4ytt\u00f6\u00f6n.\n<\/p>\n<p><\/p>\n<p><b>2.Mitk\u00e4 ovat alumiiniprofiilisen s\u00e4ngynrungon edut? <\/b><\/p>\n<p> Alumiiniprofiiliset s\u00e4ngynrungot ovat kevyit\u00e4, ruostumattomia, kest\u00e4vi\u00e4 ja helppoja koota, joten ne sopivat erinomaisesti pitk\u00e4aikaiseen, v\u00e4h\u00e4n huoltoa vaativaan k\u00e4ytt\u00f6\u00f6n.\n<\/p>\n<p><\/p>\n<p><b>3.Kuinka vahva alumiiniprofiilinen s\u00e4ngynrunko on? <\/b><\/p>\n<p> Korkealuokkaisista alumiiniprofiileista valmistetut s\u00e4ngynrungot tarjoavat erinomaisen kantavuuden ja rakenteellisen eheyden.\n<\/p>\n<p><\/p>\n<p><b>4.Onko alumiiniprofiilis\u00e4ngyn runko helppo koota? <\/b><\/p>\n<p> Kyll\u00e4, modulaarinen rakenne ja valmiiksi leikatut alumiiniprofiilit mahdollistavat nopean, ty\u00f6kaluyst\u00e4v\u00e4llisen kokoonpanon pienell\u00e4 vaivalla.\n<\/p>\n<p><\/p>\n<p><b>5.Can Alumiiniprofiili s\u00e4ngyn kehykset voidaan r\u00e4\u00e4t\u00e4l\u00f6id\u00e4? <\/b><\/p>\n<p> Ne voidaan ehdottomasti r\u00e4\u00e4t\u00e4l\u00f6id\u00e4 kooltaan, korkeudeltaan ja tyylilt\u00e4\u00e4n tietyn sisustuksen tai henkil\u00f6kohtaisten mieltymysten mukaisiksi.\n<\/p>\n<p><\/p>\n<p><b>6.Onko alumiiniprofiilis\u00e4ngyn runko ymp\u00e4rist\u00f6yst\u00e4v\u00e4llinen? <\/b><\/p>\n<p> Kyll\u00e4, alumiini on 100% kierr\u00e4tett\u00e4v\u00e4\u00e4 ja pitk\u00e4ik\u00e4ist\u00e4, mik\u00e4 tekee n\u00e4ist\u00e4 s\u00e4ngynrungoista kest\u00e4v\u00e4n ja ymp\u00e4rist\u00f6tietoisen valinnan.\n<\/p>\n<p><\/p>\n<p><b>7. ruostuuko alumiiniprofiilis\u00e4ngyn runko ajan my\u00f6t\u00e4? <\/b><\/p>\n<p> Ei, alumiini on luonnostaan korroosionkest\u00e4v\u00e4\u00e4, joten s\u00e4ngyn runko pysyy ruostumattomana my\u00f6s kosteissa ymp\u00e4rist\u00f6iss\u00e4.\n<\/p>\n<p><\/p>\n<p><b>8.Miten alumiiniprofiilinen s\u00e4ngynrunko vertautuu puuhun tai ter\u00e4kseen? <\/b><\/p>\n<p> Alumiiniprofiiliset s\u00e4ngynrungot ovat puuhun tai ter\u00e4kseen verrattuna kevyempi\u00e4, kest\u00e4v\u00e4t paremmin kulutusta ja kosteutta ja ovat helpommin siirrett\u00e4viss\u00e4 tai muunneltavissa.\n<\/p>\n<p><\/p>\n<p><b>9.Soveltuvatko alumiiniprofiilis\u00e4ngyn kehykset kaupalliseen k\u00e4ytt\u00f6\u00f6n? <\/b><\/p>\n<p> Kyll\u00e4, niiden vankka rakenne ja tyylik\u00e4s ulkon\u00e4k\u00f6 tekev\u00e4t niist\u00e4 ihanteellisia hotelleihin, asuntoloihin ja terveydenhuoltoymp\u00e4rist\u00f6ihin.\n<\/p>\n<p><\/p>\n<p><b>10.Mit\u00e4 tyylej\u00e4 on saatavana alumiiniprofiilis\u00e4ngyn kehyksiin? <\/b><\/p>\n<p> Alumiiniprofiilis\u00e4ngyn kehykset voidaan suunnitella minimalistisiksi, moderneiksi, teollisiksi tai yksil\u00f6llisiksi, jotta ne sopivat monenlaiseen estetiikkaan.\n<\/p>\n<p><\/p>","protected":false},"featured_media":5986,"template":"","categories":[55],"class_list":["post-5987","product","type-product","status-publish","has-post-thumbnail","hentry","category-extruded-aluminum-profiles"],"meta_box":{"hilight_text_group":{"product_hilight_text":"<li>Durable aluminum construction ensures long lifespan with minimal maintenance<\/li>\r\r\n<li>Lightweight design for easy transport and installation<\/li>\r\r\n<li>Modular structure allows quick assembly and customization<\/li>\r\r\n<li>Corrosion-resistant finish suitable for medical, dormitory, and industrial use<\/li>\r\r\n<li>Supports heavy loads while maintaining structural stability<\/li>","product_chanpin_chanpin":"<li><a href=\"https:\/\/sinoextrud.com\/product\/aluminum-extrusion-7003-7005-7020\/\" target=\"_blank\">Aluminum Extrusion 7003 7005 7020 High Hardness Anodized Aluminum Profile<\/a><\/li>\r\n<li><a href=\"https:\/\/sinoextrud.com\/product\/aluminum-extrusion-flood-control-barrier-aluminum-profile\/\" target=\"_blank\">Aluminum Extrusion Flood Control Barrier Aluminum Profile<\/a><\/li>\r\n<li><a href=\"https:\/\/sinoextrud.com\/product\/extruded-aluminum-flat-bar-6061-7075\/\" target=\"_blank\">Extruded Aluminum Flat Bar 6061 7075<\/a><\/li>\r\n<li><a href=\"https:\/\/sinoextrud.com\/product\/extruded-aluminum-tubing-shapes-supplier\/\" target=\"_blank\">Extruded Aluminum Tubing Shapes Supplier<\/a><\/li>\r\n<li><a href=\"https:\/\/sinoextrud.com\/product\/aluminium-profile-bed-frame\/\" target=\"_blank\">Aluminium Profile Bed Frame<\/a><\/li>\r\n<li><a href=\"https:\/\/sinoextrud.com\/product\/aluminum-extrusion-industry-modular-components-profile\/\" target=\"_blank\">Aluminum Extrusion Industry Modular Components Profile<\/a><\/li>\r\n<li><a href=\"https:\/\/sinoextrud.com\/product\/aluminium-profile-systems\/\" target=\"_blank\">Aluminium Profile Systems<\/a><\/li>\r\n<li><a href=\"https:\/\/sinoextrud.com\/product\/aluminium-extrusion-profile-section\/\" target=\"_blank\">Aluminium Extrusion Profile Section(Great Wall panel aluminum profile)<\/a><\/li>\r\n<li><a href=\"https:\/\/sinoextrud.com\/product\/industrial-aluminum-profiles\/\" target=\"_blank\">Industrial Aluminum Profiles<\/a><\/li>\r\n<li><a href=\"https:\/\/sinoextrud.com\/product\/decoration-aluminium\/\" target=\"_blank\">Decoration aluminium<\/a><\/li>\r\n<li><a href=\"https:\/\/sinoextrud.com\/product\/anodized-matt-and-various-color-extruded-construction-aluminium-profile\/\" target=\"_blank\">Anodized Matt And Various Color Extruded Construction Aluminium Profile<\/a><\/li>"},"feature_list":[]},"_links":{"self":[{"href":"https:\/\/sinoextrud.com\/fi\/wp-json\/wp\/v2\/product\/5987","targetHints":{"allow":["GET"]}}],"collection":[{"href":"https:\/\/sinoextrud.com\/fi\/wp-json\/wp\/v2\/product"}],"about":[{"href":"https:\/\/sinoextrud.com\/fi\/wp-json\/wp\/v2\/types\/product"}],"wp:featuredmedia":[{"embeddable":true,"href":"https:\/\/sinoextrud.com\/fi\/wp-json\/wp\/v2\/media\/5986"}],"wp:attachment":[{"href":"https:\/\/sinoextrud.com\/fi\/wp-json\/wp\/v2\/media?parent=5987"}],"wp:term":[{"taxonomy":"category","embeddable":true,"href":"https:\/\/sinoextrud.com\/fi\/wp-json\/wp\/v2\/categories?post=5987"}],"curies":[{"name":"wp","href":"https:\/\/api.w.org\/{rel}","templated":true}]}}