{"id":5981,"date":"2025-05-23T15:13:02","date_gmt":"2025-05-23T15:13:02","guid":{"rendered":"https:\/\/sinoextrud.com\/?post_type=product&#038;p=5981"},"modified":"2025-06-24T03:52:46","modified_gmt":"2025-06-24T03:52:46","slug":"alumiini-suulakepuristetut-tulva-valvonta-este-alumiiniprofiili","status":"publish","type":"product","link":"https:\/\/sinoextrud.com\/fi\/product\/aluminum-extrusion-flood-control-barrier-aluminum-profile\/","title":{"rendered":"Alumiini suulakepuristamalla tulva valvonta este alumiini profiili"},"content":{"rendered":"<h2>Tuotteiden tiedot<\/h2>\n<table class=\"custom-table\">\n<tr>\n<td class=\"label\">Tuotteen nimi<\/td>\n<td>Alumiini suulakepuristamalla tulva valvonta este alumiini profiili<\/td>\n<\/tr>\n<tr>\n<td class=\"label\">Alumiiniseos<\/td>\n<td>5000-sarja, 6000-sarja, 7000-sarja<\/td>\n<\/tr>\n<tr>\n<td class=\"label\">Temper<\/td>\n<td>T3-T8<\/td>\n<\/tr>\n<tr>\n<td class=\"label\">Muoto<\/td>\n<td>r\u00e4\u00e4t\u00e4l\u00f6inti<\/td>\n<\/tr>\n<tr>\n<td class=\"label\">Tuotevalikoima<\/td>\n<td>alumiiniprofiilit alumiini tulva valvonta este, alumiiniprofiili tulva valvontaj\u00e4rjestelm\u00e4, tulvasuojaus alumiiniprofiileilla, tulva valvonta esteet tehty alumiiniprofiileilla, suulakepuristettu alumiini tulva esteet, tulvasuojaus alumiinilla suulakepuristetut profiilit, alumiini tulva valvonta portit, suulakepuristettu alumiini tulva sein\u00e4t, jne.<\/td>\n<\/tr>\n<tr>\n<td class=\"label\">Pintak\u00e4sittely<\/td>\n<td>viimeistelty, anodisoitu, puukuvioitu, tehopinnoitus, hiekkapuhallus, elektroforeesi, harjaus, kiillotus jne.<\/td>\n<\/tr>\n<tr>\n<td class=\"label\">CNC-syv\u00e4k\u00e4sittely<\/td>\n<td>leikkaaminen, poraaminen, koneistaminen, l\u00e4vist\u00e4minen, taivuttaminen, napauttaminen jne.<\/td>\n<\/tr>\n<tr>\n<td class=\"label\">Sertifikaatit<\/td>\n<td>CE, ISO, SGS, TUV, ROHS<\/td>\n<\/tr>\n<tr>\n<td class=\"label\">N\u00e4ytteet<\/td>\n<td>ilmainen n\u00e4yte. 1-3 p\u00e4iv\u00e4\u00e4 toimitetaan sinulle.<\/td>\n<\/tr>\n<tr>\n<td class=\"label\">MOQ<\/td>\n<td>200 kg kutakin profiilia kohti<\/td>\n<\/tr>\n<tr>\n<td class=\"label\">Toimitusaika<\/td>\n<td>Muotin kehitt\u00e4minen ja n\u00e4ytteen muotoilu kest\u00e4\u00e4 12-15 p\u00e4iv\u00e4\u00e4, sitten tuotannon kesto on 15-25 p\u00e4iv\u00e4\u00e4 ostajan talletuksen vastaanottamisen j\u00e4lkeen.<\/td>\n<\/tr>\n<tr>\n<td class=\"label\">Maksuehdot<\/td>\n<td>30% talletus ennen tuotantoa ja saldo ennen l\u00e4hetyst\u00e4.<\/td>\n<\/tr>\n<\/table>\n<h2>Tuotantopohjamme<\/h2>\n<h3>Tehtaan panoraama<\/h3>\n<p><img decoding=\"async\" src=\"\/wp-content\/uploads\/factory-01.webp\"\/><\/p>\n<h3>Alumiini Bar Manufacturing Workshop<\/h3>\n<p><img decoding=\"async\" src=\"\/wp-content\/uploads\/factory-02.webp\"\/><\/p>\n<\/p>\n<p><img decoding=\"async\" src=\"\/wp-content\/uploads\/factory-03.webp\"\/><\/p>\n<h3>Muotin varastointi Varasto<\/h3>\n<p><img decoding=\"async\" src=\"\/wp-content\/uploads\/factory-04.webp\"\/><\/p>\n<h3>43 Alumiini ekstruusiolinjat (500\u00e2 5500 tonnia)<\/h3>\n<p><img decoding=\"async\" src=\"\/wp-content\/uploads\/factory-05.webp\"\/><\/p>\n<p><img decoding=\"async\" src=\"\/wp-content\/uploads\/factory-06.webp\"\/><\/p>\n<p><img decoding=\"async\" src=\"\/wp-content\/uploads\/factory-07.webp\"\/><\/p>\n<h3>Jauhemaalaus ty\u00f6paja<\/h3>\n<p><img decoding=\"async\" src=\"\/wp-content\/uploads\/factory-09.webp\"\/><\/p>\n<h3>Anodisointi ty\u00f6paja<\/h3>\n<p><img decoding=\"async\" src=\"\/wp-content\/uploads\/factory-10.webp\"\/><\/p>\n<h3>Syv\u00e4k\u00e4sittelyn ty\u00f6paja<\/h3>\n<p><img decoding=\"async\" src=\"\/wp-content\/uploads\/factory-11.webp\"\/><\/p>\n<h3>CNC-tarkkuuskoneistus ty\u00f6paja<\/h3>\n<p><img decoding=\"async\" src=\"\/wp-content\/uploads\/factory-11.5.webp\"\/><\/p>\n<h3>Valmiiden tuotteiden ja vientivarasto<\/h3>\n<p><img decoding=\"async\" src=\"\/wp-content\/uploads\/factory-12.webp\"\/><\/p>\n<p><img decoding=\"async\" src=\"\/wp-content\/uploads\/factory-13.webp\"\/><\/p>\n<p><img decoding=\"async\" src=\"\/wp-content\/uploads\/factory-14.webp\"\/><\/p>\n<h2>FAQ<\/h2>\n<p><b>1.Mik\u00e4 on alumiini suulakepuristus Flood Control Barrier alumiini profiili? <\/b><\/p>\n<p> Alumiiniprofiili on erityisesti suunniteltu alumiininen rakenneosa, jota k\u00e4ytet\u00e4\u00e4n tulvasuojeluj\u00e4rjestelmiss\u00e4 est\u00e4m\u00e4\u00e4n tai ohjaamaan vett\u00e4 tehokkaasti.\n<\/p>\n<p><\/p>\n<p><b>2.Mitk\u00e4 ovat alumiiniprofiilin k\u00e4yt\u00f6n edut tulvaesteiss\u00e4? <\/b><\/p>\n<p> Alumiinipuristettu alumiini tarjoaa suuren lujuuden, korroosionkest\u00e4vyyden ja kevyet ominaisuudet, joten se on ihanteellinen tulvasulkusovelluksiin.\n<\/p>\n<p><\/p>\n<p><b>3.How kest\u00e4v\u00e4 on alumiini suulakepuristamalla Flood Control Barrier Aluminum Profile? <\/b><\/p>\n<p> Alumiiniprofiili on eritt\u00e4in kest\u00e4v\u00e4, ruostumaton ja kest\u00e4\u00e4 kovia s\u00e4\u00e4olosuhteita ja veden painetta ajan my\u00f6t\u00e4.\n<\/p>\n<p><\/p>\n<p><b>4.Onko alumiiniextruusiotulvien hallinnan esteen alumiiniprofiili helppo asentaa? <\/b><\/p>\n<p> Alumiiniprofiilien mukautetun suunnittelun ja keveyden ansiosta asennus on nopeaa ja vaatii vain v\u00e4h\u00e4n ty\u00f6t\u00e4.\n<\/p>\n<p><\/p>\n<p><b>5.Can alumiini suulakepuristamalla tulva valvonta esteet r\u00e4\u00e4t\u00e4l\u00f6ityj\u00e4? <\/b><\/p>\n<p> N\u00e4m\u00e4 alumiiniprofiilit voidaan ehdottomasti r\u00e4\u00e4t\u00e4l\u00f6id\u00e4 muodoltaan, kooltaan ja viimeistelylt\u00e4\u00e4n vastaamaan erityisi\u00e4 tulvasuojeluvaatimuksia ja esteettisi\u00e4 mieltymyksi\u00e4.\n<\/p>\n<p><\/p>\n<p><b>6.Miksi valita tulvasuojaesteisiin alumiini ter\u00e4ksen sijaan? <\/b><\/p>\n<p> Alumiini on tulvantorjuntaesteiss\u00e4 ter\u00e4st\u00e4 suositeltavampi vaihtoehto keveytens\u00e4, korroosionkest\u00e4vyytens\u00e4 ja v\u00e4h\u00e4isemm\u00e4n huoltotarpeensa vuoksi.\n<\/p>\n<p><\/p>\n<p><b>7.Are alumiini suulakepuristus Flood Control Barrier alumiini profiilit ymp\u00e4rist\u00f6yst\u00e4v\u00e4llisi\u00e4? <\/b><\/p>\n<p> Kyll\u00e4, alumiini on 100% kierr\u00e4tett\u00e4v\u00e4\u00e4 ja energiatehokasta tuotannossa, mik\u00e4 tekee n\u00e4ist\u00e4 profiileista ymp\u00e4rist\u00f6yst\u00e4v\u00e4llisen tulvasuojeluratkaisun.\n<\/p>\n<p><\/p>\n<p><b>8.What teollisuudenaloilla yleisesti k\u00e4ytt\u00e4\u00e4 alumiini suulakepuristus Flood Control Barrier alumiini profiilit? <\/b><\/p>\n<p> N\u00e4it\u00e4 alumiiniprofiileja k\u00e4ytet\u00e4\u00e4n laajalti kunnallisessa infrastruktuurissa, asuinkiinteist\u00f6iss\u00e4, liikerakennuksissa ja teollisuuden tulvasuojaj\u00e4rjestelmiss\u00e4.\n<\/p>\n<p><\/p>\n<p><b>9.How eiv\u00e4t alumiini suulakepuristamalla tulvantorjunta este alumiini profiilit parantaa tulvaturvallisuutta? <\/b><\/p>\n<p> Ne tarjoavat luotettavan, vahvan ja nopeasti k\u00e4ytt\u00f6\u00f6notettavan suojan tulvia vastaan, v\u00e4hent\u00e4v\u00e4t vesivahinkoja ja suojaavat ihmishenki\u00e4 ja omaisuutta.\n<\/p>\n<p><\/p>\n<p><b>10.Ovatko alumiiniset suulakepuristetut tulvantorjuntaesteet turvallisuusstandardien mukaisia? <\/b><\/p>\n<p> Kyll\u00e4, useimmat alumiini suulakepuristamalla tulvasuojaus Barrier alumiini profiilit valmistetaan vastaamaan kansainv\u00e4lisi\u00e4 turvallisuus- ja tulvankest\u00e4vyysstandardeja.\n<\/p>\n<p><\/p>","protected":false},"featured_media":5980,"template":"","categories":[55],"class_list":["post-5981","product","type-product","status-publish","has-post-thumbnail","hentry","category-extruded-aluminum-profiles"],"meta_box":{"hilight_text_group":{"product_hilight_text":"<li>High-strength aluminum profiles ensure reliable flood protection.<\/li>\r\r\n<li>Corrosion-resistant materials for long-term outdoor use.<\/li>\r\r\n<li>Lightweight design enables quick transport and installation.<\/li>\r\r\n<li>Customizable dimensions and finishes to meet project needs.<\/li>\r\r\n<li>Low maintenance cost, ideal for large-scale infrastructure projects.<\/li>\r\r\n<li>Modular system allows flexible deployment in various environments.<\/li>","product_chanpin_chanpin":"<li><a href=\"https:\/\/sinoextrud.com\/product\/aluminium-extrud-6061-6082-7075-aluminum-alloy-profiles\/\" target=\"_blank\">Aluminum Extrusion 2024 7001 7003 Aluminum Profile<\/a><\/li>\r\n<li><a href=\"https:\/\/sinoextrud.com\/product\/aluminum-extrusion-6101b-conductive-rail-aluminum-profile\/\" target=\"_blank\">Aluminum Extrusion 6101B Conductive Rail Aluminum Profile<\/a><\/li>\r\n<li><a href=\"https:\/\/sinoextrud.com\/product\/aluminum-extrusion-aluminum-rolling-shutters-profile\/\" target=\"_blank\">Aluminum Extrusion Aluminum Rolling Shutters Profile<\/a><\/li>\r\n<li><a href=\"https:\/\/sinoextrud.com\/product\/aluminum-extrusion-7003-7005-7020\/\" target=\"_blank\">Aluminum Extrusion 7003 7005 7020 High Hardness Anodized Aluminum Profile<\/a><\/li>\r\n<li><a href=\"https:\/\/sinoextrud.com\/product\/aluminum-extrusion-flood-control-barrier-aluminum-profile\/\" target=\"_blank\">Aluminum Extrusion Flood Control Barrier Aluminum Profile<\/a><\/li>\r\n<li><a href=\"https:\/\/sinoextrud.com\/product\/extruded-aluminum-flat-bar-6061-7075\/\" target=\"_blank\">Extruded Aluminum Flat Bar 6061 7075<\/a><\/li>\r\n<li><a href=\"https:\/\/sinoextrud.com\/product\/extruded-aluminum-tubing-shapes-supplier\/\" target=\"_blank\">Extruded Aluminum Tubing Shapes Supplier<\/a><\/li>\r\n<li><a href=\"https:\/\/sinoextrud.com\/product\/aluminium-profile-bed-frame\/\" target=\"_blank\">Aluminium Profile Bed Frame<\/a><\/li>\r\n<li><a href=\"https:\/\/sinoextrud.com\/product\/aluminum-extrusion-industry-modular-components-profile\/\" target=\"_blank\">Aluminum Extrusion Industry Modular Components Profile<\/a><\/li>\r\n<li><a href=\"https:\/\/sinoextrud.com\/product\/aluminum-shutter\/\" target=\"_blank\">Aluminum Shutter<\/a><\/li>\r\n<li><a href=\"https:\/\/sinoextrud.com\/product\/soundproofed-watertigh\/\" target=\"_blank\">Soundproofed Watertight Wind resistant occulting frame powder coated Facade Cladding and Glass wall aluminium profile<\/a><\/li>"},"feature_list":[]},"_links":{"self":[{"href":"https:\/\/sinoextrud.com\/fi\/wp-json\/wp\/v2\/product\/5981","targetHints":{"allow":["GET"]}}],"collection":[{"href":"https:\/\/sinoextrud.com\/fi\/wp-json\/wp\/v2\/product"}],"about":[{"href":"https:\/\/sinoextrud.com\/fi\/wp-json\/wp\/v2\/types\/product"}],"wp:featuredmedia":[{"embeddable":true,"href":"https:\/\/sinoextrud.com\/fi\/wp-json\/wp\/v2\/media\/5980"}],"wp:attachment":[{"href":"https:\/\/sinoextrud.com\/fi\/wp-json\/wp\/v2\/media?parent=5981"}],"wp:term":[{"taxonomy":"category","embeddable":true,"href":"https:\/\/sinoextrud.com\/fi\/wp-json\/wp\/v2\/categories?post=5981"}],"curies":[{"name":"wp","href":"https:\/\/api.w.org\/{rel}","templated":true}]}}