{"id":5893,"date":"2025-05-22T16:01:46","date_gmt":"2025-05-22T16:01:46","guid":{"rendered":"https:\/\/sinoextrud.com\/?post_type=product&#038;p=5893"},"modified":"2025-06-24T03:52:41","modified_gmt":"2025-06-24T03:52:41","slug":"alumiini-suulakepuristus-alumiini-rullaluukut-profiili","status":"publish","type":"product","link":"https:\/\/sinoextrud.com\/fi\/product\/aluminum-extrusion-aluminum-rolling-shutters-profile\/","title":{"rendered":"Alumiini suulakepuristus alumiini Rolling Shutters Profile"},"content":{"rendered":"<h2>Tuotteiden tiedot<\/h2>\n<table class=\"custom-table\">\n<tr>\n<td class=\"label\">Tuotteen nimi<\/td>\n<td>Alumiini suulakepuristus alumiini Rolling Shutters Profile<\/td>\n<\/tr>\n<tr>\n<td class=\"label\">Materiaali<\/td>\n<td>6061, 6063 alumiiniseos<\/td>\n<\/tr>\n<tr>\n<td class=\"label\">Tuotevalikoima<\/td>\n<td>Alumiinipuristetut alumiiniset rullaluukut, rullaluukkujen profiilit, turvaluukut, ikkunaluukut, oviluukut, ulkoluukut, sis\u00e4tilaluukut, kaupalliset luukut, asuinluukut jne.<\/td>\n<\/tr>\n<tr>\n<td class=\"label\">Muoto<\/td>\n<td>Litte\u00e4, kaareva, C-muotoinen, Z-muotoinen, L-muotoinen tai r\u00e4\u00e4t\u00e4l\u00f6ityn\u00e4<\/td>\n<\/tr>\n<tr>\n<td class=\"label\">Hakemus<\/td>\n<td>Asuinrakennukset, liikerakennukset, teollisuusrakennukset, sairaalat, koulut, hotellit jne.<\/td>\n<\/tr>\n<tr>\n<td class=\"label\">Takuu<\/td>\n<td>Pinnan v\u00e4ri voi olla vakaa 10 ~ 20 vuotta sis\u00e4k\u00e4yt\u00f6ss\u00e4<\/td>\n<\/tr>\n<tr>\n<td class=\"label\">Pintak\u00e4sittely<\/td>\n<td>viimeistelty, anodisoitu, puukuvioitu, tehopinnoitus, hiekkapuhallus, elektroforeesi, harjaus, kiillotus jne.<\/td>\n<\/tr>\n<tr>\n<td class=\"label\">CNC-syv\u00e4k\u00e4sittely<\/td>\n<td>leikkaaminen, poraaminen, koneistaminen, l\u00e4vist\u00e4minen, taivuttaminen, kierteitt\u00e4minen jne.<\/td>\n<\/tr>\n<tr>\n<td class=\"label\">Sertifikaatit<\/td>\n<td>CE, ISO, SGS, TUV, ROHS<\/td>\n<\/tr>\n<tr>\n<td class=\"label\">N\u00e4ytteet<\/td>\n<td>ilmainen n\u00e4yte. 1-3 p\u00e4iv\u00e4\u00e4 toimitetaan sinulle.<\/td>\n<\/tr>\n<tr>\n<td class=\"label\">MOQ<\/td>\n<td>200 kg kutakin profiilia kohti<\/td>\n<\/tr>\n<tr>\n<td class=\"label\">Toimitusaika<\/td>\n<td>Muotin kehitt\u00e4minen ja n\u00e4ytteen muotoilu kest\u00e4\u00e4 12-15 p\u00e4iv\u00e4\u00e4, sitten tuotannon kesto on 15-25 p\u00e4iv\u00e4\u00e4 ostajan talletuksen vastaanottamisen j\u00e4lkeen.<\/td>\n<\/tr>\n<tr>\n<td class=\"label\">Maksuehdot<\/td>\n<td>30% talletus ennen tuotantoa ja saldo ennen l\u00e4hetyst\u00e4.<\/td>\n<\/tr>\n<\/table>\n<h2>Tuotantopohjamme<\/h2>\n<h3>Tehtaan panoraama<\/h3>\n<p><img decoding=\"async\" src=\"\/wp-content\/uploads\/factory-01.webp\"\/><\/p>\n<h3>Alumiini Bar Manufacturing Workshop<\/h3>\n<p><img decoding=\"async\" src=\"\/wp-content\/uploads\/factory-02.webp\"\/><\/p>\n<\/p>\n<p><img decoding=\"async\" src=\"\/wp-content\/uploads\/factory-03.webp\"\/><\/p>\n<h3>Muotin varastointi Varasto<\/h3>\n<p><img decoding=\"async\" src=\"\/wp-content\/uploads\/factory-04.webp\"\/><\/p>\n<h3>43 Alumiini ekstruusiolinjat (500\u00e2 5500 tonnia)<\/h3>\n<p><img decoding=\"async\" src=\"\/wp-content\/uploads\/factory-05.webp\"\/><\/p>\n<p><img decoding=\"async\" src=\"\/wp-content\/uploads\/factory-06.webp\"\/><\/p>\n<p><img decoding=\"async\" src=\"\/wp-content\/uploads\/factory-07.webp\"\/><\/p>\n<h3>Jauhemaalaus ty\u00f6paja<\/h3>\n<p><img decoding=\"async\" src=\"\/wp-content\/uploads\/factory-09.webp\"\/><\/p>\n<h3>Anodisointi ty\u00f6paja<\/h3>\n<p><img decoding=\"async\" src=\"\/wp-content\/uploads\/factory-10.webp\"\/><\/p>\n<h3>Syv\u00e4k\u00e4sittelyn ty\u00f6paja<\/h3>\n<p><img decoding=\"async\" src=\"\/wp-content\/uploads\/factory-11.webp\"\/><\/p>\n<h3>CNC-tarkkuuskoneistus ty\u00f6paja<\/h3>\n<p><img decoding=\"async\" src=\"\/wp-content\/uploads\/factory-11.5.webp\"\/><\/p>\n<h3>Valmiiden tuotteiden ja vientivarasto<\/h3>\n<p><img decoding=\"async\" src=\"\/wp-content\/uploads\/factory-12.webp\"\/><\/p>\n<p><img decoding=\"async\" src=\"\/wp-content\/uploads\/factory-13.webp\"\/><\/p>\n<p><img decoding=\"async\" src=\"\/wp-content\/uploads\/factory-14.webp\"\/><\/p>\n<h2>FAQ<\/h2>\n<p><b>1.Q: Mik\u00e4 on alumiini ekstruusiolaite alumiini Rolling Shutters Profile? <\/b><\/p>\n<p> V: Alumiiniprofiili on r\u00e4\u00e4t\u00e4l\u00f6ity alumiinikomponentti, joka on suunniteltu erityisesti k\u00e4ytett\u00e4v\u00e4ksi rullaverhoj\u00e4rjestelmiss\u00e4 ja joka tarjoaa lujuutta, kest\u00e4vyytt\u00e4 ja kevytt\u00e4 suorituskyky\u00e4.\n<\/p>\n<p><\/p>\n<p><b>2.Q: Mitk\u00e4 ovat alumiinisten rullaverhojen profiilien t\u00e4rkeimm\u00e4t edut? <\/b><\/p>\n<p> V: Alumiiniset rullaverhousprofiilit tarjoavat erinomaisen korroosionkest\u00e4vyyden, kevyen lujuuden ja parannetun l\u00e4mm\u00f6neristyksen, joten ne ovat ihanteellisia asuin- ja kaupallisiin turvallisuussovelluksiin.\n<\/p>\n<p><\/p>\n<p><b>3.Q: Miten alumiinin puristaminen parantaa sulkimen suorituskyky\u00e4? <\/b><\/p>\n<p> V: Alumiinin suulakepuristus mahdollistaa tarkat, mukautetut profiilit, jotka parantavat rullaverhojen rakenteellista eheytt\u00e4 ja toiminnan tehokkuutta ja takaavat pitk\u00e4aikaisen ja sujuvan toiminnan.\n<\/p>\n<p><\/p>\n<p><b>4.Q: Ovatko suulakepuristetut alumiiniprofiilit s\u00e4\u00e4nkest\u00e4vi\u00e4? <\/b><\/p>\n<p> V: Kyll\u00e4, suulakepuristetut alumiiniprofiilit ovat eritt\u00e4in s\u00e4\u00e4nkest\u00e4vi\u00e4 ja suojaavat sateelta, tuulelta ja UV-s\u00e4teilylt\u00e4, mik\u00e4 lis\u00e4\u00e4 niiden pitk\u00e4ik\u00e4isyytt\u00e4 ja luotettavuutta.\n<\/p>\n<p><\/p>\n<p><b>5.Q: Miksi valita alumiini ter\u00e4ksen sijaan rullaluukut? <\/b><\/p>\n<p> V: Alumiini on suositeltavampi kuin ter\u00e4s rullaluukuissa korroosionkest\u00e4vyyden, kevyemm\u00e4n painon ja r\u00e4\u00e4t\u00e4l\u00f6innin helppouden vuoksi, sill\u00e4 se on helppo r\u00e4\u00e4t\u00e4l\u00f6id\u00e4 suulakepuristamalla, mik\u00e4 yksinkertaistaa asennusta ja v\u00e4hent\u00e4\u00e4 huoltoa.\n<\/p>\n<p><\/p>\n<p><b>6.Q: Voiko alumiiniextruusiosuojalevyjen profiileja r\u00e4\u00e4t\u00e4l\u00f6id\u00e4? <\/b><\/p>\n<p> V: Ehdottomasti, Alumiiniextruusion Shutters Profiles voidaan t\u00e4ysin r\u00e4\u00e4t\u00e4l\u00f6id\u00e4 muodon, paksuuden ja pintak\u00e4sittelyn osalta vastaamaan erityisi\u00e4 arkkitehtonisia ja toiminnallisia vaatimuksia.\n<\/p>\n<p><\/p>\n<p><b>7.Q: Mit\u00e4 pintak\u00e4sittelyj\u00e4 on saatavana alumiinisille rullaverhousprofiileille? <\/b><\/p>\n<p> V: Alumiinisten rullaverhousprofiilien yleisi\u00e4 pintak\u00e4sittelyj\u00e4 ovat jauhemaalaus, anodisointi ja PVDF-pinnoite, jotka tarjoavat paremman estetiikan ja suojan.\n<\/p>\n<p><\/p>\n<p><b>8.Q: Kuinka energiatehokkaita ovat alumiiniset suulakepuristetut ikkunaluukut? <\/b><\/p>\n<p> V: Alumiiniset suulakepuristetut ikkunaluukut ovat energiatehokkaita, koska ne auttavat v\u00e4hent\u00e4m\u00e4\u00e4n l\u00e4mm\u00f6nsiirtoa ja parantavat eristyst\u00e4, mik\u00e4 v\u00e4hent\u00e4\u00e4 rakennusten energiankulutusta.\n<\/p>\n<p><\/p>\n<p><b>9.Q: Soveltuvatko alumiiniprofiilit turvaluukkuihin? <\/b><\/p>\n<p> V: Kyll\u00e4, alumiiniprofiilit ovat ihanteellisia turvaluukkuja varten, koska ne ovat vahvoja, j\u00e4ykki\u00e4 ja kest\u00e4v\u00e4t voimakkaita iskuja ja ymp\u00e4rist\u00f6stressi\u00e4.\n<\/p>\n<p><\/p>\n<p><b>10.Q: Mitk\u00e4 teollisuudenalat k\u00e4ytt\u00e4v\u00e4t yleisesti alumiinisia rullaverhousprofiileja? <\/b><\/p>\n<p> V: Alumiinisia rullaverhousprofiileja k\u00e4ytet\u00e4\u00e4n laajalti asuin-, liike-, teollisuus- ja v\u00e4hitt\u00e4iskaupan aloilla turvallisiin, tehokkaisiin ja esteettisesti miellytt\u00e4viin ovi- ja ikkunaratkaisuihin.\n<\/p>\n<p><\/p>","protected":false},"featured_media":5892,"template":"","categories":[55],"class_list":["post-5893","product","type-product","status-publish","has-post-thumbnail","hentry","category-extruded-aluminum-profiles"],"meta_box":{"hilight_text_group":{"product_hilight_text":"<li>High-strength aluminum extrusion ensures long-lasting structural integrity<\/li>\r\r\n<li>Customizable profiles to meet specific industrial or architectural needs<\/li>\r\r\n<li>Corrosion-resistant surface finishes reduce maintenance costs<\/li>\r\r\n<li>Lightweight design lowers transportation and installation expenses<\/li>\r\r\n<li>Enhanced thermal and acoustic insulation improves energy efficiency<\/li>\r\r\n<li>Reliable performance in harsh weather conditions for outdoor applications<\/li>\r\r\n<li>Supports large-scale production with consistent quality control<\/li>","product_chanpin_chanpin":"<li><a href=\"https:\/\/sinoextrud.com\/product\/aluminum-extrusion-electroplated-shower-room-aluminum-profile\/\" target=\"_blank\">Aluminum Extrusion Electroplated Shower Room Aluminum Profile<\/a><\/li>\r\n<li><a href=\"https:\/\/sinoextrud.com\/product\/aluminum-extrusion-hard-anodizing-aluminum-profiles\/\" target=\"_blank\">Aluminum Extrusion Hard Anodizing Aluminum Profiles<\/a><\/li>\r\n<li><a href=\"https:\/\/sinoextrud.com\/product\/aluminium-extrud-6061-6082-7075-aluminum-alloy-profiles\/\" target=\"_blank\">Aluminum Extrusion 2024 7001 7003 Aluminum Profile<\/a><\/li>\r\n<li><a href=\"https:\/\/sinoextrud.com\/product\/aluminum-extrusion-6101b-conductive-rail-aluminum-profile\/\" target=\"_blank\">Aluminum Extrusion 6101B Conductive Rail Aluminum Profile<\/a><\/li>\r\n<li><a href=\"https:\/\/sinoextrud.com\/product\/aluminum-extrusion-aluminum-rolling-shutters-profile\/\" target=\"_blank\">Aluminum Extrusion Aluminum Rolling Shutters Profile<\/a><\/li>\r\n<li><a href=\"https:\/\/sinoextrud.com\/product\/aluminum-extrusion-7003-7005-7020\/\" target=\"_blank\">Aluminum Extrusion 7003 7005 7020 High Hardness Anodized Aluminum Profile<\/a><\/li>\r\n<li><a href=\"https:\/\/sinoextrud.com\/product\/aluminum-extrusion-flood-control-barrier-aluminum-profile\/\" target=\"_blank\">Aluminum Extrusion Flood Control Barrier Aluminum Profile<\/a><\/li>\r\n<li><a href=\"https:\/\/sinoextrud.com\/product\/extruded-aluminum-flat-bar-6061-7075\/\" target=\"_blank\">Extruded Aluminum Flat Bar 6061 7075<\/a><\/li>\r\n<li><a href=\"https:\/\/sinoextrud.com\/product\/extruded-aluminum-tubing-shapes-supplier\/\" target=\"_blank\">Extruded Aluminum Tubing Shapes Supplier<\/a><\/li>\r\n<li><a href=\"https:\/\/sinoextrud.com\/product\/aluminum-enclosure-housing-and-shell\/\" target=\"_blank\">Aluminum Enclosure Housing And Shell<\/a><\/li>\r\n<li><a href=\"https:\/\/sinoextrud.com\/product\/powder-coating-aluminium-roller-shutter-profile\/\" target=\"_blank\">Powder Coating Aluminium Roller shutter Profile<\/a><\/li>"},"feature_list":[]},"_links":{"self":[{"href":"https:\/\/sinoextrud.com\/fi\/wp-json\/wp\/v2\/product\/5893","targetHints":{"allow":["GET"]}}],"collection":[{"href":"https:\/\/sinoextrud.com\/fi\/wp-json\/wp\/v2\/product"}],"about":[{"href":"https:\/\/sinoextrud.com\/fi\/wp-json\/wp\/v2\/types\/product"}],"wp:featuredmedia":[{"embeddable":true,"href":"https:\/\/sinoextrud.com\/fi\/wp-json\/wp\/v2\/media\/5892"}],"wp:attachment":[{"href":"https:\/\/sinoextrud.com\/fi\/wp-json\/wp\/v2\/media?parent=5893"}],"wp:term":[{"taxonomy":"category","embeddable":true,"href":"https:\/\/sinoextrud.com\/fi\/wp-json\/wp\/v2\/categories?post=5893"}],"curies":[{"name":"wp","href":"https:\/\/api.w.org\/{rel}","templated":true}]}}