{"id":5836,"date":"2025-05-21T15:42:58","date_gmt":"2025-05-21T15:42:58","guid":{"rendered":"https:\/\/sinoextrud.com\/?post_type=product&#038;p=5836"},"modified":"2025-06-24T03:52:39","modified_gmt":"2025-06-24T03:52:39","slug":"alumiiniprofiili-6101b-johtava-kisko-alumiiniprofiili","status":"publish","type":"product","link":"https:\/\/sinoextrud.com\/fi\/product\/aluminum-extrusion-6101b-conductive-rail-aluminum-profile\/","title":{"rendered":"Alumiini ekstruusio 6101B johtava Rail alumiini profiili"},"content":{"rendered":"<h2>Tuotteiden tiedot<\/h2>\n<table class=\"custom-table\">\n<tr>\n<td class=\"label\">Tuotteen nimi<\/td>\n<td>Alumiini ekstruusio 6101B johtava Rail alumiini profiili<\/td>\n<\/tr>\n<tr>\n<td class=\"label\">Alumiiniseos<\/td>\n<td>6000-sarjan, 6101B alumiiniseos<\/td>\n<\/tr>\n<tr>\n<td class=\"label\">Temper<\/td>\n<td>T3-T8<\/td>\n<\/tr>\n<tr>\n<td class=\"label\">Ominaisuus<\/td>\n<td>Vahva s\u00e4hk\u00f6njohtavuus ja korroosionkest\u00e4vyys<\/td>\n<\/tr>\n<tr>\n<td class=\"label\">Hakemus<\/td>\n<td>Siirtojohdot, kaapelit, s\u00e4hk\u00f6johtimet, s\u00e4hk\u00f6laitteet, energiatekniikka jne.<\/td>\n<\/tr>\n<tr>\n<td class=\"label\">Pintak\u00e4sittely<\/td>\n<td>viimeistelty, anodisoitu, puukuvioitu, tehopinnoitus, hiekkapuhallus, elektroforeesi, harjaus, kiillotus jne.<\/td>\n<\/tr>\n<tr>\n<td class=\"label\">CNC-syv\u00e4k\u00e4sittely<\/td>\n<td>leikkaaminen, poraaminen, koneistaminen, l\u00e4vist\u00e4minen, taivuttaminen, napauttaminen jne.<\/td>\n<\/tr>\n<tr>\n<td class=\"label\">Sertifikaatit<\/td>\n<td>CE, ISO, SGS, TUV, ROHS<\/td>\n<\/tr>\n<tr>\n<td class=\"label\">N\u00e4ytteet<\/td>\n<td>ilmainen n\u00e4yte. 1-3 p\u00e4iv\u00e4\u00e4 toimitetaan sinulle.<\/td>\n<\/tr>\n<tr>\n<td class=\"label\">MOQ<\/td>\n<td>500 kg kutakin profiilia kohti<\/td>\n<\/tr>\n<tr>\n<td class=\"label\">Toimitusaika<\/td>\n<td>Muotin kehitt\u00e4minen ja n\u00e4ytteen muotoilu kest\u00e4\u00e4 12-15 p\u00e4iv\u00e4\u00e4, sitten tuotannon kesto on 15-25 p\u00e4iv\u00e4\u00e4 ostajan talletuksen vastaanottamisen j\u00e4lkeen.<\/td>\n<\/tr>\n<tr>\n<td class=\"label\">Maksuehdot<\/td>\n<td>30% talletus ennen tuotantoa ja saldo ennen l\u00e4hetyst\u00e4.<\/td>\n<\/tr>\n<\/table>\n<h2>Tuotantopohjamme<\/h2>\n<h3>Tehtaan panoraama<\/h3>\n<p><img decoding=\"async\" src=\"\/wp-content\/uploads\/factory-01.webp\"\/><\/p>\n<h3>Alumiini Bar Manufacturing Workshop<\/h3>\n<p><img decoding=\"async\" src=\"\/wp-content\/uploads\/factory-02.webp\"\/><\/p>\n<\/p>\n<p><img decoding=\"async\" src=\"\/wp-content\/uploads\/factory-03.webp\"\/><\/p>\n<h3>Muotin varastointi Varasto<\/h3>\n<p><img decoding=\"async\" src=\"\/wp-content\/uploads\/factory-04.webp\"\/><\/p>\n<h3>43 Alumiini ekstruusiolinjat (500\u00e2 5500 tonnia)<\/h3>\n<p><img decoding=\"async\" src=\"\/wp-content\/uploads\/factory-05.webp\"\/><\/p>\n<p><img decoding=\"async\" src=\"\/wp-content\/uploads\/factory-06.webp\"\/><\/p>\n<p><img decoding=\"async\" src=\"\/wp-content\/uploads\/factory-07.webp\"\/><\/p>\n<h3>Jauhemaalaus ty\u00f6paja<\/h3>\n<p><img decoding=\"async\" src=\"\/wp-content\/uploads\/factory-09.webp\"\/><\/p>\n<h3>Anodisointi ty\u00f6paja<\/h3>\n<p><img decoding=\"async\" src=\"\/wp-content\/uploads\/factory-10.webp\"\/><\/p>\n<h3>Syv\u00e4k\u00e4sittelyn ty\u00f6paja<\/h3>\n<p><img decoding=\"async\" src=\"\/wp-content\/uploads\/factory-11.webp\"\/><\/p>\n<h3>CNC-tarkkuuskoneistus ty\u00f6paja<\/h3>\n<p><img decoding=\"async\" src=\"\/wp-content\/uploads\/factory-11.5.webp\"\/><\/p>\n<h3>Valmiiden tuotteiden ja vientivarasto<\/h3>\n<p><img decoding=\"async\" src=\"\/wp-content\/uploads\/factory-12.webp\"\/><\/p>\n<p><img decoding=\"async\" src=\"\/wp-content\/uploads\/factory-13.webp\"\/><\/p>\n<p><img decoding=\"async\" src=\"\/wp-content\/uploads\/factory-14.webp\"\/><\/p>\n<h2>FAQ<\/h2>\n<p><b>1.Mik\u00e4 on alumiini ekstruusio 6101B johtava Rail alumiini profiili?<\/b><\/p>\n<p>Aluminum Extrusion 6101B Conductive Rail Aluminum Profile on eritt\u00e4in johtava alumiiniseos profiili suunniteltu s\u00e4hk\u00f6kiskojen, maadoitusj\u00e4rjestelm\u00e4t, ja johtava sovelluksia.\n<\/p>\n<p><\/p>\n<p><b>2.Mitk\u00e4 ovat 6101B-alumiiniprofiilien t\u00e4rkeimm\u00e4t edut?<\/b><\/p>\n<p>6101B-alumiiniprofiilit tarjoavat erinomaisen s\u00e4hk\u00f6njohtavuuden, korkean lujuus-painosuhteen ja erinomaisen korroosionkest\u00e4vyyden, joten ne ovat ihanteellisia johtaviin kiskoj\u00e4rjestelmiin.\n<\/p>\n<p><\/p>\n<p><b>3.Onko 6101B-alumiini sopiva s\u00e4hk\u00f6k\u00e4ytt\u00f6\u00f6n?<\/b><\/p>\n<p>Kyll\u00e4, 6101B-alumiini on suunniteltu erityisesti s\u00e4hk\u00f6sovelluksiin sen korkean s\u00e4hk\u00f6njohtavuuden ja l\u00e4mp\u00f6kyvyn ansiosta.\n<\/p>\n<p><\/p>\n<p><b>4.How 6101B verrataan muihin alumiiniseoksiin?<\/b><\/p>\n<p>6101B tarjoaa paremman s\u00e4hk\u00f6njohtavuuden kuin tavalliset rakenteelliset alumiiniseokset, kuten 6061, s\u00e4ilytt\u00e4en samalla hyv\u00e4n mekaanisen lujuuden ja muovattavuuden.\n<\/p>\n<p><\/p>\n<p><b>5.Mill\u00e4 teollisuudenaloilla k\u00e4ytet\u00e4\u00e4n 6101B:n johtavia kiskoprofiileja?<\/b><\/p>\n<p>6101B-johtokiskon alumiiniprofiileja k\u00e4ytet\u00e4\u00e4n laajalti s\u00e4hk\u00f6njakelussa, s\u00e4hk\u00f6ajoneuvoissa, uusiutuvan energian j\u00e4rjestelmiss\u00e4 ja s\u00e4hk\u00f6koteloissa.\n<\/p>\n<p><\/p>\n<p><b>6.Can 6101B alumiini suulakepuristus voidaan r\u00e4\u00e4t\u00e4l\u00f6id\u00e4?<\/b><\/p>\n<p>Kyll\u00e4, 6101B:n johtavat alumiiniprofiilit voidaan r\u00e4\u00e4t\u00e4l\u00f6id\u00e4 pituuden, poikkileikkauksen, pintak\u00e4sittelyn ja valmistuksen osalta projektin erityistarpeiden mukaan.\n<\/p>\n<p><\/p>\n<p><b>7.Mit\u00e4 pintak\u00e4sittelyj\u00e4 6101B-alumiiniprofiileille on saatavilla?<\/b><\/p>\n<p>Yleisi\u00e4 pintak\u00e4sittelyj\u00e4 ovat anodisointi, jauhemaalaus ja johtava pinnoitus kest\u00e4vyyden, johtavuuden ja korroosionkest\u00e4vyyden parantamiseksi.\n<\/p>\n<p><\/p>\n<p><b>8.Is 6101B alumiini suulakepuristus korroosionkest\u00e4v\u00e4?<\/b><\/p>\n<p>Kyll\u00e4, 6101B-alumiinilla on erinomainen korroosionkest\u00e4vyys erityisesti ulko- ja teollisuusymp\u00e4rist\u00f6iss\u00e4, mik\u00e4 pident\u00e4\u00e4 johtavien kiskoj\u00e4rjestelmien k\u00e4ytt\u00f6ik\u00e4\u00e4.\n<\/p>\n<p><\/p>\n<p><b>9.Why valita alumiini yli kupari johtava kiskot?<\/b><\/p>\n<p>Alumiini, erityisesti seos 6101B, on kuparia kustannustehokkaampi ja kevyempi, mutta tarjoaa silti korkean s\u00e4hk\u00f6njohtavuuden monissa sovelluksissa.\n<\/p>\n<p><\/p>\n<p><b>10.Where ostaa 6101B johtava kisko alumiiniprofiilit?<\/b><\/p>\n<p>6101B-johtokykyisi\u00e4 alumiiniprofiileja on saatavana erikoistuneilta alumiinipuristemateriaalien valmistajilta ja jakelijoilta, jotka ovat keskittyneet s\u00e4hk\u00f6k\u00e4ytt\u00f6\u00f6n soveltuviin materiaaleihin.\n<\/p>\n<p><\/p>","protected":false},"featured_media":5835,"template":"","categories":[55],"class_list":["post-5836","product","type-product","status-publish","has-post-thumbnail","hentry","category-extruded-aluminum-profiles"],"meta_box":{"hilight_text_group":{"product_hilight_text":"<ul>\r\r\n  <li>High conductivity ideal for busbar and electrical systems<\/li>\r\r\n  <li>Made from 6101B aluminum alloy for optimal strength and conductivity<\/li>\r\r\n  <li>Customizable lengths and cross-sections to meet diverse project needs<\/li>\r\r\n  <li>Various surface treatments available for enhanced corrosion resistance<\/li>\r\r\n  <li>Strong compatibility with a wide range of industrial and power applications<\/li>\r\r\n<\/ul>","product_chanpin_chanpin":"<li><a href=\"https:\/\/sinoextrud.com\/product\/aluminum-extrusion-linear-led-lighting-aluminum-profile\/\" target=\"_blank\">Aluminum Extrusion Linear LED Lighting Aluminum Profile<\/a><\/li>\r\n<li><a href=\"https:\/\/sinoextrud.com\/product\/aluminum-extrusion-electroplated-shower-room-aluminum-profile\/\" target=\"_blank\">Aluminum Extrusion Electroplated Shower Room Aluminum Profile<\/a><\/li>\r\n<li><a href=\"https:\/\/sinoextrud.com\/product\/aluminum-extrusion-hard-anodizing-aluminum-profiles\/\" target=\"_blank\">Aluminum Extrusion Hard Anodizing Aluminum Profiles<\/a><\/li>\r\n<li><a href=\"https:\/\/sinoextrud.com\/product\/aluminium-extrud-6061-6082-7075-aluminum-alloy-profiles\/\" target=\"_blank\">Aluminum Extrusion 2024 7001 7003 Aluminum Profile<\/a><\/li>\r\n<li><a href=\"https:\/\/sinoextrud.com\/product\/aluminum-extrusion-6101b-conductive-rail-aluminum-profile\/\" target=\"_blank\">Aluminum Extrusion 6101B Conductive Rail Aluminum Profile<\/a><\/li>\r\n<li><a href=\"https:\/\/sinoextrud.com\/product\/aluminum-extrusion-aluminum-rolling-shutters-profile\/\" target=\"_blank\">Aluminum Extrusion Aluminum Rolling Shutters Profile<\/a><\/li>\r\n<li><a href=\"https:\/\/sinoextrud.com\/product\/aluminum-extrusion-7003-7005-7020\/\" target=\"_blank\">Aluminum Extrusion 7003 7005 7020 High Hardness Anodized Aluminum Profile<\/a><\/li>\r\n<li><a href=\"https:\/\/sinoextrud.com\/product\/aluminum-extrusion-flood-control-barrier-aluminum-profile\/\" target=\"_blank\">Aluminum Extrusion Flood Control Barrier Aluminum Profile<\/a><\/li>\r\n<li><a href=\"https:\/\/sinoextrud.com\/product\/extruded-aluminum-flat-bar-6061-7075\/\" target=\"_blank\">Extruded Aluminum Flat Bar 6061 7075<\/a><\/li>\r\n<li><a href=\"https:\/\/sinoextrud.com\/product\/6063-aluminum-pipe-fire-hydrant-aluminum-profile\/\" target=\"_blank\">6063 Aluminum Pipe Fire Hydrant Aluminum Profile<\/a><\/li>\r\n<li><a href=\"https:\/\/sinoextrud.com\/product\/cnc-machining-aluminum-profiles\/\" target=\"_blank\">CNC Machining Aluminum Profiles<\/a><\/li>"},"feature_list":[]},"_links":{"self":[{"href":"https:\/\/sinoextrud.com\/fi\/wp-json\/wp\/v2\/product\/5836","targetHints":{"allow":["GET"]}}],"collection":[{"href":"https:\/\/sinoextrud.com\/fi\/wp-json\/wp\/v2\/product"}],"about":[{"href":"https:\/\/sinoextrud.com\/fi\/wp-json\/wp\/v2\/types\/product"}],"wp:featuredmedia":[{"embeddable":true,"href":"https:\/\/sinoextrud.com\/fi\/wp-json\/wp\/v2\/media\/5835"}],"wp:attachment":[{"href":"https:\/\/sinoextrud.com\/fi\/wp-json\/wp\/v2\/media?parent=5836"}],"wp:term":[{"taxonomy":"category","embeddable":true,"href":"https:\/\/sinoextrud.com\/fi\/wp-json\/wp\/v2\/categories?post=5836"}],"curies":[{"name":"wp","href":"https:\/\/api.w.org\/{rel}","templated":true}]}}